{"id":634,"date":"2025-04-13T08:18:35","date_gmt":"2025-04-13T08:18:35","guid":{"rendered":"https:\/\/red-lighttherapy.com\/?post_type=product&#038;p=634"},"modified":"2025-04-13T08:47:17","modified_gmt":"2025-04-13T08:47:17","slug":"luxury-foldable-shopping-paper-bags-for-apparel-cosmetic","status":"publish","type":"product","link":"https:\/\/red-lighttherapy.com\/tr\/luxury-foldable-shopping-paper-bags-for-apparel-cosmetic\/","title":{"rendered":"Giyim Kozmetik \u0130\u00e7in L\u00fcks Katlanabilir Al\u0131\u015fveri\u015f Ka\u011f\u0131t Torbalar\u0131"},"content":{"rendered":"<h2 id=\"1-shopping-paper-bags-\">1.\u00a0<strong>Al\u0131\u015fveri\u015f Ka\u011f\u0131t Torbalar\u0131<\/strong><\/h2>\n<p>\u00dcst d\u00fczey perakende senaryolar\u0131 i\u00e7in tasarlanan al\u0131\u015fveri\u015f ka\u011f\u0131t torbalar\u0131, FSC sertifikal\u0131 \u00e7evre dostu kal\u0131nla\u015ft\u0131r\u0131lm\u0131\u015f ka\u011f\u0131ttan (a\u011f\u0131rl\u0131k 200-450g) yap\u0131lm\u0131\u015ft\u0131r ve dikd\u00f6rtgen, alt\u0131gen veya \u00f6zel \u015fekilli yap\u0131larda \u00f6zelle\u015ftirilebilir, giyim, kozmetik ve di\u011fer mallar\u0131n marka imaj\u0131n\u0131n sergilenmesi i\u00e7in uygundur. Ka\u011f\u0131t torban\u0131n y\u00fczeyi marka logosu s\u0131cak damgalama, kabartma ve di\u011fer i\u015flemlerle entegre edilebilir ve yerle\u015fik sahtecili\u011fe kar\u015f\u0131 kodlama teknolojisini destekler.<\/p>\n<h2 id=\"2-foldable-and-flat-shipping-\">2.\u00a0<strong>Katlanabilir ve d\u00fcz nakliye<\/strong><\/h2>\n<p>Boru \u015feklinde bir katlama yap\u0131s\u0131 tasar\u0131m\u0131n\u0131 benimseyen, katlamadan sonraki kal\u0131nl\u0131k sadece 1-2 mm'dir, binlerce par\u00e7a istifleme ambalaj\u0131n\u0131 destekler ve nakliye maliyetlerini 70%'den daha fazla azalt\u0131r. Anahtar tasar\u0131mlar \u015funlar\u0131 i\u00e7erir:<\/p>\n<h2 id=\"3-hot-stamping-process-\">3. Alt\u0131n h<strong>ot damgalama folyo s\u00fcreci<\/strong><\/h2>\n<p>\u00dc\u00e7 boyutlu bir kabartma efekti elde etmek i\u00e7in \u22640,1 mm y\u00fcksek hassasiyetli kal\u0131p ile birlikte Alman Kurz alt\u0131n s\u0131cak damgalama folyosunu benimser. Teknolojik yenilikler \u015funlar\u0131 i\u00e7erir:<\/p>\n<ul>\n<li><strong>\u00c7ift renkli kaplama teknolojisi<\/strong>: g\u00f6rsel katmanlamay\u0131 geli\u015ftirmek i\u00e7in ayna alt\u0131n + buzlu alt\u0131n katmanl\u0131 s\u0131cak damgalama;<\/li>\n<li><strong>Mikro oyma sahtecili\u011fe kar\u015f\u0131<\/strong>: g\u00f6m\u00fcl\u00fc mikro marka kodu;<\/li>\n<li><strong>\u00c7evre sertifikas\u0131<\/strong>Su bazl\u0131 yap\u0131\u015ft\u0131r\u0131c\u0131lar kullan\u0131larak ve AB REACH standartlar\u0131na uygun olarak SGS a\u011f\u0131r metal migrasyon testinden ge\u00e7erek.<\/li>\n<\/ul>\n<h2 id=\"4-ribbon-handle-\">4.\u00a0<strong>Kurdele sap\u0131<\/strong><\/h2>\n<p>Sap, y\u00fcksek yo\u011funluklu dokuma polyester veya pamuk ve keten kar\u0131\u015f\u0131ml\u0131 malzemeden yap\u0131lm\u0131\u015ft\u0131r, geni\u015flik 8-15 mm'ye kadar \u00f6zelle\u015ftirilebilir ve y\u00fck ta\u015f\u0131ma kapasitesi 8 kg'a kadard\u0131r. Yenilik\u00e7i s\u00fcre\u00e7ler \u015funlar\u0131 i\u00e7erir:<\/p>\n<ul>\n<li><strong>G\u00f6m\u00fcl\u00fc s\u0131cak presleme fiksasyonu<\/strong>: Sanlipu katlanabilir ekran mente\u015fesinin hassas yap\u0131s\u0131 gibi geleneksel delme i\u015fleminin kolay y\u0131rt\u0131lmas\u0131 sorununu \u00f6nler;<\/li>\n<li><strong>\u00c7ok i\u015flevli tasar\u0131m<\/strong>: l\u00fcks hediye kutusu sahneleri i\u00e7in uygun, ucunda entegre marka etiketleri, p\u00fcsk\u00fcller veya manyetik tutturucular. \u00d6rne\u011fin, giyim markalar\u0131 kavrama konforunu art\u0131rmak i\u00e7in genellikle geni\u015fletilmi\u015f \u015feritler kullan\u0131r.<\/li>\n<\/ul>\n<h2 id=\"5-highly-customized-service-\">5.\u00a0<strong>Son derece \u00f6zelle\u015ftirilmi\u015f hizmet<\/strong><\/h2>\n<p>Tam ba\u011flant\u0131l\u0131 esnek \u00f6zelle\u015ftirme \u00e7\u00f6z\u00fcmleri sa\u011flay\u0131n:<\/p>\n<ul>\n<li><strong>\u0130\u015flevsel adaptasyon<\/strong>: Giysi \u00e7antalar\u0131 dahili ask\u0131 kancalar\u0131na sahiptir ve kozmetik kutular\u0131 ba\u011f\u0131ms\u0131z astar yuvalar\u0131 ile tasarlanm\u0131\u015ft\u0131r;<\/li>\n<li><strong>S\u00fcre\u00e7 kombinasyonu<\/strong>: Disney ortak markal\u0131 ka\u011f\u0131t torbalar\u0131n AB y\u00fczey tasar\u0131m\u0131 gibi Pantone spot renkli bask\u0131 + yerel UV + lazer oyuk gibi 12 i\u015flemi destekler;<\/li>\n<li><strong>H\u0131zl\u0131 yan\u0131t<\/strong>: 72 saatlik prova d\u00f6ng\u00fcs\u00fc, 500 adet minimum sipari\u015fi destekleme, pop-up ma\u011fazalar\u0131n s\u0131n\u0131rl\u0131 say\u0131da \u00fcretim ihtiya\u00e7lar\u0131na uyum sa\u011flama.<\/li>\n<\/ul>\n<h2 id=\"6-surface-lamination-\">6.\u00a0<strong>Y\u00fczey laminasyonu<\/strong><\/h2>\n<p>\u00dc\u00e7l\u00fc performans iyile\u015ftirmesi elde etmek i\u00e7in su bazl\u0131 mat veya parlak laminasyon teknolojisini benimseyin:<\/p>\n<ul>\n<li><strong>Koruyucu<\/strong>: IPX4 seviyesinde s\u0131\u00e7ramaya dayan\u0131kl\u0131 y\u00fczey, -20 \u2103 ila 50 \u2103 s\u0131cakl\u0131k fark\u0131na dayan\u0131kl\u0131;<\/li>\n<li><strong>Dokunmatik optimizasyonu<\/strong>: Deri benzeri mat kaplama, 5000 Martindale a\u015f\u0131nma testini ge\u00e7ti;<\/li>\n<li><strong>\u00c7evre dostu uyumluluk<\/strong>: Laminasyon malzemesi geri d\u00f6n\u00fc\u015ft\u00fcr\u00fclebilir ve par\u00e7alanabilir olup, \u00c7in'in \"Plastik K\u0131s\u0131tlama Emri\" gerekliliklerini kar\u015f\u0131lamaktad\u0131r.<\/li>\n<\/ul>\n<h2 id=\"7-pink-main-color-design-\">7.\u00a0<strong>Pembe ana renk tasar\u0131m\u0131<\/strong><\/h2>\n<p>Renk psikolojisi taraf\u0131ndan kad\u0131n t\u00fcketicilerin 73% sat\u0131n alma iste\u011fini artt\u0131rd\u0131\u011f\u0131 do\u011frulanm\u0131\u015f olan Pantone 13-2805 TCX bale pembesi se\u00e7ilmi\u015ftir. Renk \u015femas\u0131 \u015funlar\u0131 i\u00e7erir:<\/p>\n<ul>\n<li><strong>Ayn\u0131 renk e\u015fle\u015fmesi<\/strong>: Hafif ve l\u00fcks bir atmosfer yaratmak i\u00e7in \u015fampanya alt\u0131n s\u0131cak damgalama + inci beyaz\u0131 kurdele;<\/li>\n<li><strong>Kontrast renk \u015femas\u0131<\/strong>: Puslu mavi\/mint ye\u015fili kulplar, Z ku\u015fa\u011f\u0131 trend markalar\u0131 i\u00e7in uygundur. \u00d6rne\u011fin, Chanel 2025 \u0130lkbahar ve Yaz serisinde buz pembesi saten ve g\u00fcm\u00fc\u015f s\u00fcslemeli kontrast tasar\u0131m kullan\u0131lm\u0131\u015ft\u0131r.<\/li>\n<\/ul>\n<h2 id=\"8-advantages-of-chinese-source-manufacturers-\">8.\u00a0<strong>\u00c7inli kaynak \u00fcreticilerinin avantajlar\u0131<\/strong><\/h2>\n<p>Nanwang Technology ve Mingdai Paper Products gibi lider \u015firketler var:<\/p>\n<ul>\n<li><strong>Kapasite garantisi<\/strong>: 12 tam otomatik \u00fcretim hatt\u0131, \u00fcretim kapasitesi 20 milyon par\u00e7ay\u0131 a\u015farsa;<\/li>\n<li><strong>Uyumluluk sertifikas\u0131<\/strong>: Avrupa ve Amerikan marka eri\u015fim standartlar\u0131na uygun olarak ISO 14001 ve Sedex sosyal sorumluluk sertifikas\u0131na sahiptir;<\/li>\n<li><strong>Teknik engeller<\/strong>: Ba\u011f\u0131ms\u0131z olarak geli\u015ftirilen ultra b\u00fcy\u00fck formatl\u0131 torba yap\u0131m teknolojisi, Kore giyim ka\u011f\u0131t torba pazar pay\u0131n\u0131n 30%'sini tekeline alm\u0131\u015ft\u0131r.<\/li>\n<\/ul>","protected":false},"excerpt":{"rendered":"<p>Ambalaj ka\u011f\u0131t torbam\u0131z nakliye maliyetlerini azaltmak i\u00e7in katlanabilir ve sevkiyat i\u00e7in d\u00fcz bir \u015fekilde yerle\u015ftirilebilir. A\u00e7\u0131ld\u0131ktan sonra de\u011fi\u015fmeden kalmas\u0131n\u0131 sa\u011flamak i\u00e7in \u00f6n indentasyon hatlar\u0131 ile optimize edilmi\u015ftir ve y\u00fczeydeki s\u0131cak damgalama i\u015flemi g\u00f6rsel katmanlamay\u0131 geli\u015ftirir.<\/p>","protected":false},"featured_media":638,"template":"","meta":{"_kad_post_transparent":"default","_kad_post_title":"","_kad_post_layout":"default","_kad_post_sidebar_id":"","_kad_post_content_style":"default","_kad_post_vertical_padding":"default","_kad_post_feature":"","_kad_post_feature_position":"","_kad_post_header":false,"_kad_post_footer":false,"_kad_post_classname":""},"product_brand":[],"product_cat":[15,28,30,17],"product_tag":[220,218,219],"class_list":{"0":"post-634","1":"product","2":"type-product","3":"status-publish","4":"has-post-thumbnail","6":"product_cat-red-light-therapy","7":"product_cat-customize","8":"product_cat-dropshipping","9":"product_cat-services","10":"product_tag-luxury-apparel-cosmetic-paper-bags","11":"product_tag-shopping-paper-bags-for-apparel","12":"product_tag-shopping-paper-bags-for-cosmetic","14":"first","15":"instock","16":"shipping-taxable","17":"product-type-simple","18":"entry","19":"content-bg","20":"loop-entry"},"_links":{"self":[{"href":"https:\/\/red-lighttherapy.com\/tr\/wp-json\/wp\/v2\/product\/634","targetHints":{"allow":["GET"]}}],"collection":[{"href":"https:\/\/red-lighttherapy.com\/tr\/wp-json\/wp\/v2\/product"}],"about":[{"href":"https:\/\/red-lighttherapy.com\/tr\/wp-json\/wp\/v2\/types\/product"}],"wp:featuredmedia":[{"embeddable":true,"href":"https:\/\/red-lighttherapy.com\/tr\/wp-json\/wp\/v2\/media\/638"}],"wp:attachment":[{"href":"https:\/\/red-lighttherapy.com\/tr\/wp-json\/wp\/v2\/media?parent=634"}],"wp:term":[{"taxonomy":"product_brand","embeddable":true,"href":"https:\/\/red-lighttherapy.com\/tr\/wp-json\/wp\/v2\/product_brand?post=634"},{"taxonomy":"product_cat","embeddable":true,"href":"https:\/\/red-lighttherapy.com\/tr\/wp-json\/wp\/v2\/product_cat?post=634"},{"taxonomy":"product_tag","embeddable":true,"href":"https:\/\/red-lighttherapy.com\/tr\/wp-json\/wp\/v2\/product_tag?post=634"}],"curies":[{"name":"wp","href":"https:\/\/api.w.org\/{rel}","templated":true}]}}