{"id":628,"date":"2025-04-13T07:49:49","date_gmt":"2025-04-13T07:49:49","guid":{"rendered":"https:\/\/red-lighttherapy.com\/?post_type=product&#038;p=628"},"modified":"2025-04-13T08:18:26","modified_gmt":"2025-04-13T08:18:26","slug":"custom-printed-vape-pen-cartridge-packaging-box-manufacturer","status":"publish","type":"product","link":"https:\/\/red-lighttherapy.com\/tr\/custom-printed-vape-pen-cartridge-packaging-box-manufacturer\/","title":{"rendered":"\u00d6zel Bask\u0131l\u0131 Vape Kalem Kartu\u015fu Ambalaj Kutusu \u00dcreticisi"},"content":{"rendered":"<h2 id=\"16-years-of-craftsmanship-to-create-a-child-resistant-child-resistant-e-cigarette-pen-ink-cartridge-packaging-solution\">\u00d6zel Bask\u0131l\u0131 Vape Kalem Kartu\u015fu Ambalaj Kutusu \u00dcreticisi Ambalaj \u00c7\u00f6z\u00fcm\u00fc<\/h2>\n<h2><strong>1. \u00c7ocuklara Dayan\u0131kl\u0131 <\/strong><strong>Tasar\u0131m<\/strong><\/h2>\n<p>Yenilik\u00e7i bir toka yap\u0131s\u0131 tasar\u0131m\u0131 benimseyen kutunun a\u00e7\u0131lmas\u0131 i\u00e7in belirli bir kuvvet ve a\u00e7\u0131 gerekir, bu da \u00e7ocuklar\u0131n yanl\u0131\u015fl\u0131kla dokunma riskini etkili bir \u015fekilde \u00f6nler. Ambalaj kutusunun yan taraf\u0131ndaki oval delik, yaln\u0131zca yeti\u015fkinlerin rahat eri\u015fim ihtiya\u00e7lar\u0131n\u0131 kar\u015f\u0131lamakla kalmay\u0131p ayn\u0131 zamanda fiziksel bariyer tasar\u0131m\u0131 yoluyla uluslararas\u0131 \u00e7ocuk g\u00fcvenli\u011fi ambalaj standartlar\u0131n\u0131 da kar\u015f\u0131layan \u00e7ekilebilir kutu tipi ile birle\u015ftirilmi\u015ftir.<\/p>\n<h2 id=\"-2-drawer-paper-boxes-design-\"><strong>2. \u00c7ekmeceli Ka\u011f\u0131t Kutular\u0131 Tasar\u0131m\u0131<\/strong><\/h2>\n<p>\u00c7ekmeceli ka\u011f\u0131t kutusu tipi, sorunsuz a\u00e7ma ve kapama deneyimine odaklanm\u0131\u015ft\u0131r. Siyah uzun \u015ferit a\u00e7\u0131kl\u0131\u011f\u0131, hem g\u00f6rsel g\u00fczelli\u011fe hem de pratik i\u015flevlere sahip olan gradyan arka plan rengiyle e\u015fle\u015ftirilmi\u015ftir. Kutu g\u00f6vde yap\u0131s\u0131 sa\u011flamd\u0131r, gev\u015feklik olmadan tekrar tekrar a\u00e7\u0131l\u0131p kapat\u0131labilir ve e-sigara kalemi m\u00fcrekkep kartu\u015flar\u0131n\u0131n y\u00fcksek frekansl\u0131 kullan\u0131m\u0131na m\u00fckemmel \u015fekilde uyarlanm\u0131\u015ft\u0131r.<\/p>\n<h2 id=\"-3-premium-art-paper-\"><strong>3. Premium Sanat Ka\u011f\u0131d\u0131<\/strong><\/h2>\n<p>Y\u00fczeyde mat \/ parlak film, a\u015f\u0131nmaya dayan\u0131kl\u0131 ve bas\u0131nca dayan\u0131kl\u0131 ve y\u00fcksek bask\u0131 rengi olu\u015fturma \u00f6zelli\u011fine sahip 300g veya daha fazla ku\u015fe ka\u011f\u0131t se\u00e7ilmi\u015ftir. Malzeme \u00e7evre dostu ve toksik de\u011fildir ve ROHS sertifikas\u0131 ge\u00e7mi\u015ftir, uzun s\u00fcreli depolama s\u0131ras\u0131nda solmamas\u0131n\u0131 veya deforme olmamas\u0131n\u0131 sa\u011flar, \u00fcr\u00fcn\u00fcn \u00fcst d\u00fczey dokusunu geli\u015ftirir.<\/p>\n<h2 id=\"-4-360-customizable-printing-\"><strong>4. 360\u00b0 \u00d6zelle\u015ftirilebilir Bask\u0131<\/strong><\/h2>\n<p>Kutu y\u00fczeyine, yan\u0131na ve alt\u0131na \u00e7ok y\u00f6nl\u00fc bask\u0131y\u0131 destekler ve \"MET\u0130N\" ve \"LOGO\" kelimelerini serbest\u00e7e de\u011fi\u015ftirebilir, tek renkli ila tam renkli gradyan efektleriyle uyumludur. Marka logolar\u0131, uyar\u0131lar veya karikat\u00fcr desenleri olsun, ambalaj ve marka aras\u0131nda y\u00fcksek derecede g\u00f6rsel birlik sa\u011flamak i\u00e7in do\u011fru bir \u015fekilde geri y\u00fcklenebilirler.<\/p>\n<h2 id=\"-5-tailored-foam-insert-\"><strong>5. \u00d6zel K\u00f6p\u00fck Ekleme<\/strong><\/h2>\n<p>Kartu\u015fun \/ kalemin boyutuna, \u015fekline ve d\u00fczenlemesine g\u00f6re EVA \/ PEP astar \u00f6zelle\u015ftirme hizmetleri sunuyoruz. Astar\u0131n kal\u0131p kesim hassasiyeti \u00b10,5 mm'dir, bu da \u015fok ve \u00e7arp\u0131\u015fmay\u0131 \u00f6nlemek i\u00e7in \u00fcr\u00fcn\u00fc etkili bir \u015fekilde sabitlerken, alan kullan\u0131m\u0131n\u0131 optimize eder ve nakliye kay\u0131p oran\u0131n\u0131 azalt\u0131r.<\/p>\n<h2 id=\"-6-cartoon-ip-empowerment-marketing-cartoon-visual-impact-\"><strong>6. \u00c7izgi Film IP G\u00fc\u00e7lendirme Pazarlamas\u0131 (\u00c7izgi Film G\u00f6rsel Etkisi)<\/strong><\/h2>\n<p>Pembe ve mor gradyan, kahverengi ve so\u011fuk ve di\u011fer renk \u015femalar\u0131n\u0131 kapsayan sevimli hayvanlar, modaya uygun ill\u00fcstrasyonlar vb. gibi orijinal veya yetkili karikat\u00fcr desen tasar\u0131m\u0131. Canl\u0131 g\u00f6rseller gen\u00e7 t\u00fcketici gruplar\u0131na do\u011frudan ula\u015farak markalar\u0131n rakip \u00fcr\u00fcnler aras\u0131nda h\u0131zla haf\u0131za noktalar\u0131 olu\u015fturmas\u0131na yard\u0131mc\u0131 olur.<\/p>\n<p><em>##\u00a0<\/em>7. 16 y\u0131ll\u0131k kaynak fabrika onay\u0131 (OEM\/ODM Uzman\u0131)** \u00c7in'in e-sigara ambalaj\u0131 alan\u0131nda lider \u00fcreticisi, d\u00fcnya \u00e7ap\u0131nda 300'den fazla markaya hizmet veriyor ve toplamda 50 milyondan fazla \u00f6zelle\u015ftirilmi\u015f ambalaj kutusu teslim ediyor. Tasar\u0131m provas\u0131ndan seri \u00fcretim kalite denetimine kadar, 48 saatlik yan\u0131t ve 7-15 g\u00fcnl\u00fck ultra h\u0131zl\u0131 teslimat sa\u011flamak i\u00e7in kendine ait fabrikalar\u0131n t\u00fcm zinciri kontrol edilir.<\/p>","protected":false},"excerpt":{"rendered":"<p>Bu \u00e7ocuk korumal\u0131 \u00e7ekmece ka\u011f\u0131t kutusu, y\u00fcksek kaliteli ku\u015fe ka\u011f\u0131ttan yap\u0131lm\u0131\u015ft\u0131r ve y\u00fcksek renk sunumu ve \u00e7evre korumas\u0131 dikkate al\u0131narak lamine edilmi\u015ftir. Tam sahne bask\u0131 \u00f6zelle\u015ftirmesini destekler ve \u015fok ve bas\u0131nc\u0131 \u00f6nlemek i\u00e7in hassas astar kal\u0131p kesimi ile donat\u0131lm\u0131\u015ft\u0131r. Yap\u0131sal yenilik ve malzeme optimizasyonu sayesinde, g\u00fcvenlik korumas\u0131, g\u00f6rsel \u00e7ekicilik ve nakliye verimlili\u011fi aras\u0131nda \u00fc\u00e7l\u00fc bir denge sa\u011flar.<\/p>","protected":false},"featured_media":631,"template":"","meta":{"_kad_post_transparent":"default","_kad_post_title":"","_kad_post_layout":"default","_kad_post_sidebar_id":"","_kad_post_content_style":"default","_kad_post_vertical_padding":"default","_kad_post_feature":"","_kad_post_feature_position":"","_kad_post_header":false,"_kad_post_footer":false,"_kad_post_classname":""},"product_brand":[],"product_cat":[15,40,17],"product_tag":[216,217,215],"class_list":{"0":"post-628","1":"product","2":"type-product","3":"status-publish","4":"has-post-thumbnail","6":"product_cat-red-light-therapy","7":"product_cat-red-light-therapy-panel","8":"product_cat-services","9":"product_tag-cartridge-packaging-manufacturer","10":"product_tag-custom-vape-packaging","11":"product_tag-vape-pen-cartridge-packaging","13":"first","14":"instock","15":"shipping-taxable","16":"product-type-simple","17":"entry","18":"content-bg","19":"loop-entry"},"_links":{"self":[{"href":"https:\/\/red-lighttherapy.com\/tr\/wp-json\/wp\/v2\/product\/628","targetHints":{"allow":["GET"]}}],"collection":[{"href":"https:\/\/red-lighttherapy.com\/tr\/wp-json\/wp\/v2\/product"}],"about":[{"href":"https:\/\/red-lighttherapy.com\/tr\/wp-json\/wp\/v2\/types\/product"}],"wp:featuredmedia":[{"embeddable":true,"href":"https:\/\/red-lighttherapy.com\/tr\/wp-json\/wp\/v2\/media\/631"}],"wp:attachment":[{"href":"https:\/\/red-lighttherapy.com\/tr\/wp-json\/wp\/v2\/media?parent=628"}],"wp:term":[{"taxonomy":"product_brand","embeddable":true,"href":"https:\/\/red-lighttherapy.com\/tr\/wp-json\/wp\/v2\/product_brand?post=628"},{"taxonomy":"product_cat","embeddable":true,"href":"https:\/\/red-lighttherapy.com\/tr\/wp-json\/wp\/v2\/product_cat?post=628"},{"taxonomy":"product_tag","embeddable":true,"href":"https:\/\/red-lighttherapy.com\/tr\/wp-json\/wp\/v2\/product_tag?post=628"}],"curies":[{"name":"wp","href":"https:\/\/api.w.org\/{rel}","templated":true}]}}