{"id":610,"date":"2025-04-13T07:04:49","date_gmt":"2025-04-13T07:04:49","guid":{"rendered":"https:\/\/red-lighttherapy.com\/?post_type=product&#038;p=610"},"modified":"2025-04-13T07:17:38","modified_gmt":"2025-04-13T07:17:38","slug":"custom-scarves-apparel-t-shirt-paper-tube-packaging-wholesale","status":"publish","type":"product","link":"https:\/\/red-lighttherapy.com\/tr\/custom-scarves-apparel-t-shirt-paper-tube-packaging-wholesale\/","title":{"rendered":"\u00d6zel E\u015farplar Giyim T-Shirt Ka\u011f\u0131t T\u00fcp Ambalaj Toptan Sat\u0131\u015f"},"content":{"rendered":"<h2 id=\"customized-scarf-clothing-t-shirt-paper-tube-packaging-product-description\">\u00d6zelle\u015ftirilmi\u015f e\u015farp giyim T-shirt ka\u011f\u0131t t\u00fcp ambalaj \u00fcr\u00fcn a\u00e7\u0131klamas\u0131<\/h2>\n<h2 id=\"1-fresh-visual-experience-\">1.\u00a0<strong>Taze g\u00f6rsel deneyim<\/strong><\/h2>\n<ul>\n<li>Kutu g\u00f6vdesi, anne ve bebek \u00fcr\u00fcnlerinin saf ve nazik konumuyla m\u00fckemmel bir \u015fekilde e\u015fle\u015fen sessiz ve \u015feffaf bir g\u00f6rsel etki sunan a\u00e7\u0131k mavi bir tasar\u0131ma sahiptir. Y\u00fczey yo\u011fun karikat\u00fcr desenleriyle (yavru kediler, ay\u0131lar, bulutlar, y\u0131ld\u0131zlar vb.) kapl\u0131d\u0131r ve hassas doku, \u00e7ocuksu e\u011flenceyi ve s\u0131cak bir atmosferi aktaran y\u00fcksek hassasiyetli bask\u0131 teknolojisi ile elde edilmi\u015ftir.<\/li>\n<li><strong>Pencere tasar\u0131m\u0131<\/strong>: Kutu g\u00f6vdesi k\u0131smen \u015feffaf bir pencereye sahiptir, b\u00f6ylece t\u00fcketiciler i\u00e7 e\u015farplar\u0131n, ti\u015f\u00f6rtlerin ve di\u011fer \u00fcr\u00fcnlerin malzemesini ve ayr\u0131nt\u0131lar\u0131n\u0131 do\u011frudan g\u00f6zlemleyebilir ve sat\u0131n alma g\u00fcvenini ve etkile\u015fimli deneyimi art\u0131rabilir.<\/li>\n<\/ul>\n<h2 id=\"2-environmentally-friendly-materials-and-high-quality-printing-\">2.\u00a0<strong>\u00c7evre dostu malzemeler ve y\u00fcksek kaliteli bask\u0131<\/strong><\/h2>\n<ul>\n<li>Kullanma\u00a0<strong>FSC sertifikal\u0131 \u00e7evre dostu ku\u015fe ka\u011f\u0131t<\/strong>Y\u00fczey p\u00fcr\u00fczs\u00fcz ve d\u00fczd\u00fcr, m\u00fcrekkep emilimi e\u015fittir ve renk \u00fcretim derecesi 95%'den fazlad\u0131r, bu da desenin parlak ve kal\u0131c\u0131 olmas\u0131n\u0131 sa\u011flar.<\/li>\n<li>Materyal kontrolden ge\u00e7ti\u00a0<strong>ISO kalite y\u00f6netim sistemi sertifikas\u0131<\/strong>Anne ve bebek \u00fcr\u00fcnlerinin g\u00fcvenlik standartlar\u0131n\u0131 kar\u015f\u0131lar, toksik de\u011fildir ve zarars\u0131zd\u0131r, geri d\u00f6n\u00fc\u015ft\u00fcr\u00fclebilir ve bozunabilir, markan\u0131n \"ye\u015fil + kalite\" ikili etiketi olu\u015fturmas\u0131na yard\u0131mc\u0131 olur.<\/li>\n<\/ul>\n<h2 id=\"3-flexible-customization-solution-\">3.\u00a0<strong>Esnek \u00d6zelle\u015ftirme \u00c7\u00f6z\u00fcm\u00fc<\/strong><\/h2>\n<ul>\n<li><strong>Kutu Tipi ve Boyutu<\/strong>: E\u015farp, ti\u015f\u00f6rt ve bebek k\u0131yafetleri gibi farkl\u0131 \u00fcr\u00fcn formlar\u0131na uygun, S ile XXL aras\u0131nda de\u011fi\u015fen boyutlarda silindirik kutular ve kare kutular gibi \u00e7e\u015fitli kutu t\u00fcrlerinin \u00f6zelle\u015ftirilmesini destekler.<\/li>\n<li><strong>Bask\u0131 ve El Sanatlar\u0131<\/strong>: Marka LOGO'su, IP ortak markalama ve tatil temalar\u0131 gibi \u00e7e\u015fitli ihtiya\u00e7lar\u0131 kar\u015f\u0131lamak i\u00e7in \u00f6zelle\u015ftirilebilir s\u0131cak damgalama, UV kabartma, yerel vernik ve di\u011fer i\u015flemler.<\/li>\n<\/ul>\n<h2 id=\"4-direct-supply-from-chinese-source-factory-\">4.\u00a0<strong>\u00c7in Kaynakl\u0131 Fabrikadan Do\u011frudan Tedarik<\/strong><\/h2>\n<ul>\n<li>Toplu sipari\u015flerin teslimat d\u00f6ng\u00fcs\u00fcn\u00fcn 30% k\u0131salt\u0131lmas\u0131n\u0131 ve maliyetin 20% azalt\u0131lmas\u0131n\u0131 sa\u011flamak i\u00e7in tam otomatik ekipman ve ak\u0131ll\u0131 depolama sistemleri kullan\u0131larak kendi fabrikam\u0131zda \u00fcretilmi\u015ftir.<\/li>\n<li>Tasar\u0131m provas\u0131ndan lojistik da\u011f\u0131t\u0131ma kadar tek elden hizmet sa\u011flay\u0131n, arac\u0131 ba\u011flant\u0131s\u0131n\u0131 azalt\u0131n ve ileti\u015fim verimlili\u011fini ve maliyet kontrol\u00fcn\u00fc iyile\u015ftirin.<\/li>\n<\/ul>\n<h2 id=\"-certification-and-brand-empowerment-\"><strong>5. Sertifikasyon ve Marka G\u00fc\u00e7lendirme<\/strong><\/h2>\n<ol>\n<li><strong>\u00c7ift Sertifika Onay\u0131<\/strong><\/li>\n<li><strong>FSC Orman Sertifikasyonu<\/strong>: Ambalaj malzemelerinin s\u00fcrd\u00fcr\u00fclebilir \u015fekilde y\u00f6netilen ormanlardan elde edildi\u011finden emin olun ve \u00e7evresel sorumluluk kavram\u0131n\u0131 aktar\u0131n.<\/li>\n<li><strong>ISO 9001 kalite sertifikas\u0131<\/strong>: Hammadde tedarikinden \u00fcretime kadar t\u00fcm s\u00fcrecin standartla\u015ft\u0131r\u0131lmas\u0131, \u00fcr\u00fcn dayan\u0131kl\u0131l\u0131\u011f\u0131n\u0131 ve tutarl\u0131l\u0131\u011f\u0131n\u0131 sa\u011flar.<\/li>\n<\/ol>\n<h2 id=\"-application-scenarios-and-customer-value-\"><strong>Uygulama senaryolar\u0131 ve m\u00fc\u015fteri de\u011feri<\/strong><\/h2>\n<ul>\n<li><strong>Anne ve bebek giyim markas\u0131<\/strong>: \u00c7izgi film \u00f6\u011feleri ve a\u00e7\u0131k mavi tonlar\u0131 bebek \u00fcr\u00fcnlerinin tonuna uygundur ve pencere tasar\u0131m\u0131 \u00fcr\u00fcn\u00fcn yumu\u015fak ve cilt dostu \u00f6zelliklerinin sergilenmesini kolayla\u015ft\u0131r\u0131r.<\/li>\n<li><strong>Moda giyim markas\u0131<\/strong>: \u00d6zelle\u015ftirilmi\u015f kutu tipi ve bask\u0131 s\u00fcreci, tatil s\u0131n\u0131rl\u0131 say\u0131da ve ortak markal\u0131 IP ambalaj\u0131 gibi marka tan\u0131n\u0131rl\u0131\u011f\u0131n\u0131 art\u0131rabilir.<\/li>\n<li><strong>Hediyeler ve s\u0131n\u0131r \u00f6tesi e-ticaret<\/strong>: \u00c7evre dostu malzemeler ve \u00e7ift sertifikal\u0131 etiketler, Avrupa ve Amerika Birle\u015fik Devletleri'nde pazara eri\u015fim gereksinimlerini kar\u015f\u0131layarak markalar\u0131n deniza\u015f\u0131r\u0131 \u00fclkelere a\u00e7\u0131lmas\u0131na yard\u0131mc\u0131 olur.<\/li>\n<\/ul>","protected":false},"excerpt":{"rendered":"<p>Bu ka\u011f\u0131t t\u00fcp ambalaj, taze ve sakin bir g\u00f6rsel etkiye sahip olan ve h\u0131zl\u0131 bir \u015fekilde hafif ve \u015feffaf bir atmosfer yaratabilen ana renk olarak a\u00e7\u0131k mavi kullan\u0131r. Kutunun y\u00fczeyi yo\u011fun \u00e7izgi film desenleriyle (yavru kediler, ay\u0131lar, bulutlar, y\u0131ld\u0131zlar, \u00e7i\u00e7ekler vb. gibi) kapl\u0131d\u0131r. Stil, anne ve \u00e7ocuk \u00fcr\u00fcnlerinin konumland\u0131r\u0131lmas\u0131na uygun olarak taze ve sevimlidir.<\/p>","protected":false},"featured_media":612,"template":"","meta":{"_kad_post_transparent":"default","_kad_post_title":"","_kad_post_layout":"default","_kad_post_sidebar_id":"","_kad_post_content_style":"default","_kad_post_vertical_padding":"default","_kad_post_feature":"","_kad_post_feature_position":"","_kad_post_header":false,"_kad_post_footer":false,"_kad_post_classname":""},"product_brand":[],"product_cat":[15,30,17],"product_tag":[210,209,208],"class_list":{"0":"post-610","1":"product","2":"type-product","3":"status-publish","4":"has-post-thumbnail","6":"product_cat-red-light-therapy","7":"product_cat-dropshipping","8":"product_cat-services","9":"product_tag-apparel-paper-tube-wholesale","10":"product_tag-apparel-t-shirt-paper-tube","11":"product_tag-custom-scarves-packaging","13":"first","14":"instock","15":"shipping-taxable","16":"product-type-simple","17":"entry","18":"content-bg","19":"loop-entry"},"_links":{"self":[{"href":"https:\/\/red-lighttherapy.com\/tr\/wp-json\/wp\/v2\/product\/610","targetHints":{"allow":["GET"]}}],"collection":[{"href":"https:\/\/red-lighttherapy.com\/tr\/wp-json\/wp\/v2\/product"}],"about":[{"href":"https:\/\/red-lighttherapy.com\/tr\/wp-json\/wp\/v2\/types\/product"}],"wp:featuredmedia":[{"embeddable":true,"href":"https:\/\/red-lighttherapy.com\/tr\/wp-json\/wp\/v2\/media\/612"}],"wp:attachment":[{"href":"https:\/\/red-lighttherapy.com\/tr\/wp-json\/wp\/v2\/media?parent=610"}],"wp:term":[{"taxonomy":"product_brand","embeddable":true,"href":"https:\/\/red-lighttherapy.com\/tr\/wp-json\/wp\/v2\/product_brand?post=610"},{"taxonomy":"product_cat","embeddable":true,"href":"https:\/\/red-lighttherapy.com\/tr\/wp-json\/wp\/v2\/product_cat?post=610"},{"taxonomy":"product_tag","embeddable":true,"href":"https:\/\/red-lighttherapy.com\/tr\/wp-json\/wp\/v2\/product_tag?post=610"}],"curies":[{"name":"wp","href":"https:\/\/api.w.org\/{rel}","templated":true}]}}