{"id":596,"date":"2025-04-12T12:06:18","date_gmt":"2025-04-12T12:06:18","guid":{"rendered":"https:\/\/red-lighttherapy.com\/?post_type=product&#038;p=596"},"modified":"2025-04-12T14:02:15","modified_gmt":"2025-04-12T14:02:15","slug":"paper-tube-packaging-cosmetic-perfume-packaging-wholesale","status":"publish","type":"product","link":"https:\/\/red-lighttherapy.com\/tr\/paper-tube-packaging-cosmetic-perfume-packaging-wholesale\/","title":{"rendered":"Ka\u011f\u0131t T\u00fcp Ambalaj Kozmetik Parf\u00fcm Ambalaj\u0131 Toptan Sat\u0131\u015f"},"content":{"rendered":"<h2 id=\"paper-tube-packaging-cosmetics-and-perfume-packaging-wholesale-product-description\">Ka\u011f\u0131t t\u00fcp ambalaj kozmetik ve parf\u00fcm ambalaj\u0131 toptan \u00fcr\u00fcn a\u00e7\u0131klamas\u0131<\/h2>\n<h2 id=\"1-design-concept-the-perfect-fusion-of-simplicity-and-luxury-\">1.\u00a0<strong>Tasar\u0131m konsepti: sadelik ve l\u00fcks\u00fcn m\u00fckemmel birle\u015fimi<\/strong><\/h2>\n<p>Silindirik ka\u011f\u0131t kutu ambalaj\u0131m\u0131z p\u00fcr\u00fczs\u00fcz \u00e7izgilere dayan\u0131r ve ergonomik bir alt\u0131n oran tasar\u0131m\u0131n\u0131 benimser. A\u00e7\u0131lmas\u0131 ve kapat\u0131lmas\u0131 kolayd\u0131r ve yakalamas\u0131 rahatt\u0131r. Parf\u00fcm ve \u00fcst d\u00fczey kozmetikler gibi m\u00fckemmel \u00fcr\u00fcnler i\u00e7in uygundur. Genel boyut, verimsiz dekorasyonu serbest b\u0131rak\u0131r ve formda minimal estetik al\u0131r. Ana siyah renk, sadece markan\u0131n sade ve \u00f6l\u00e7\u00fcl\u00fc do\u011fas\u0131n\u0131 ortaya \u00e7\u0131karmakla kalmayan, ayn\u0131 zamanda pazar\u0131n konumuna m\u00fckemmel bir \u015fekilde uyan metal parlakl\u0131\u011f\u0131 ile muhte\u015fem bir doku tan\u0131mlayan s\u0131cak damgalama teknolojisi ile dekore edilmi\u015ftir.<\/p>\n<h2 id=\"2-core-technology-environmentally-friendly-materials-and-high-end-hot-stamping-technology-\">2.\u00a0<strong>Temel teknoloji: \u00e7evre dostu malzemeler ve \u00fcst d\u00fczey s\u0131cak damgalama teknolojisi<\/strong><\/h2>\n<ol>\n<li><strong>\u00c7evre dostu ku\u015fe ka\u011f\u0131t i\u00e7eri\u011fi<\/strong>: Kutu g\u00f6vdesi, hem y\u00fcksek sertli\u011fe hem de ya\u011flamaya sahip olan, ambalaj\u0131n bas\u0131nca dayan\u0131kl\u0131 ve neme dayan\u0131kl\u0131 olmas\u0131n\u0131 sa\u011flayan ve malzemeleri nakliye ekstr\u00fczyonundan veya \u00e7evresel nemden etkili bir \u015fekilde koruyan \u00e7evreye duyarl\u0131 kal\u0131n ka\u011f\u0131ttan (250-400 g) olu\u015fur. Ka\u011f\u0131t, g\u0131da s\u0131n\u0131f\u0131 g\u00fcvenlik sertifikas\u0131n\u0131 ge\u00e7mi\u015ftir, toksik de\u011fildir ve kokusuzdur ve uluslararas\u0131 ye\u015fil ambalaj standartlar\u0131n\u0131 kar\u015f\u0131lar.<\/li>\n<li><strong>M\u00fcrekkepsiz s\u0131cak damgalama i\u015flemi<\/strong>: Y\u00fcksek s\u0131cakl\u0131ktaki silikon kal\u0131plar arac\u0131l\u0131\u011f\u0131yla metal folyo, m\u00fcrekkepsiz \u00fc\u00e7 boyutlu s\u0131cak damgalama g\u00f6r\u00fcnt\u00fcleri ve metinleri sunmak i\u00e7in do\u011fru bir \u015fekilde damgalan\u0131r. Bu i\u015flem son derece \u00e7evre dostudur ve metalin rengi uzun \u00f6m\u00fcrl\u00fcd\u00fcr ve solmaz. \u00d6zellikle marka logosunu vurgulamas\u0131 gereken kozmetik ve parf\u00fcm gibi \u00fcst d\u00fczey \u00fcr\u00fcnler i\u00e7in uygundur. S\u0131cak damgalama deseni, ambalaj\u0131n tan\u0131n\u0131rl\u0131\u011f\u0131n\u0131 ve sergileme etkisini art\u0131rmak i\u00e7in LOGO, desen veya soyut sanat \u00e7izgisi olarak \u00f6zelle\u015ftirilebilir.<\/li>\n<\/ol>\n<h2 id=\"iii-customized-service-accurately-match-market-demand-\">3. <strong>\u00d6zelle\u015ftirilmi\u015f hizmet: Pazar talebini do\u011fru \u015fekilde kar\u015f\u0131lay\u0131n<\/strong><\/h2>\n<ol>\n<li><strong>\u0130\u00e7 astar s\u0131f\u0131r hareket tasar\u0131m\u0131<\/strong>: \"S\u0131f\u0131r yer de\u011fi\u015ftirme\" sabitleme etkisi elde etmek i\u00e7in \u00fcr\u00fcn\u00fcn \u015fekline g\u00f6re uyarlanm\u0131\u015f EVA, inci pamuk, flok bezi ve di\u011fer astar malzemeleri aras\u0131ndan se\u00e7im yap\u0131n. \u00d6rne\u011fin, parf\u00fcm \u015fi\u015feleri sallanmay\u0131 \u00f6nlemek i\u00e7in konturlu s\u00fcnger i\u00e7 destek kullanabilir; k\u0131r\u0131lgan kozmetikler, koruma ve kutudan \u00e7\u0131karma rit\u00fcelini dikkate almak i\u00e7in flok tampon tabakas\u0131 ile e\u015fle\u015ftirilebilir.<\/li>\n<li><strong>B\u00f6lgesel pazar adaptasyonu<\/strong>: M\u00fc\u015fteri pazar\u0131n\u0131n k\u00fclt\u00fcrel tercihlerine ve t\u00fcketim al\u0131\u015fkanl\u0131klar\u0131na g\u00f6re ambalaj detaylar\u0131n\u0131n esnek bir \u015fekilde ayarlanmas\u0131. \u00d6rne\u011fin:<\/li>\n<li><strong>Avrupa ve Amerika pazarlar\u0131<\/strong>: minimalist s\u0131cak damgalama \u00e7izgilerini ve mat siyah\u0131 tercih ederim;<\/li>\n<li><strong>Asya pazarlar\u0131<\/strong>Karma\u015f\u0131k s\u0131cak damgalama desenlerini ve parlak malzemeleri tercih edin. Marka yerelle\u015ftirme stratejisine yard\u0131mc\u0131 olmak i\u00e7in boyuttan, desenden i\u015f\u00e7ili\u011fe kadar tam s\u00fcre\u00e7 \u00f6zelle\u015ftirmeyi destekleyin.<\/li>\n<\/ol>\n<h2 id=\"iv-source-factory-advantages-quality-and-cost-\">4. <strong>Kaynak fabrika avantajlar\u0131: kalite ve maliyet<\/strong><\/h2>\n<p>\u00c7in'deki en iyi \u00fc\u00e7 ka\u011f\u0131t ambalaj kaynak fabrikas\u0131ndan biri olarak, a\u015fa\u011f\u0131daki temel kaynaklar\u0131 entegre ediyoruz:<\/p>\n<ul>\n<li><strong>\u00d6l\u00e7ekli \u00fcretim<\/strong>: 50.000 metrekarelik kendi kendine \u00e7al\u0131\u015fan fabrikalar, g\u00fcnl\u00fck 10.000 par\u00e7adan fazla \u00fcretim kapasitesi ve h\u0131zland\u0131r\u0131lm\u0131\u015f sipari\u015flerin 48 saatte teslimat\u0131 i\u00e7in destek;<\/li>\n<li><strong>Maliyet avantaj\u0131<\/strong>: Arac\u0131lar\u0131n fiyat fark\u0131n\u0131 ortadan kald\u0131ran kaplamal\u0131 ka\u011f\u0131t s\u0131cak damgalama ambalaj\u0131n\u0131n birim fiyat\u0131, piyasa ortalama fiyat\u0131ndan 20%-30% daha d\u00fc\u015f\u00fckt\u00fcr;<\/li>\n<li><strong>Kalite g\u00fcvencesi<\/strong>: ISO standartla\u015ft\u0131r\u0131lm\u0131\u015f s\u00fcre\u00e7 kontrol\u00fc sayesinde, m\u00fc\u015fterilerin yerinde fabrika denetimleri yapmalar\u0131n\u0131 desteklemek i\u00e7in \u00fccretsiz numune teslimat hizmeti verilmektedir.<\/li>\n<\/ul>\n<h2 id=\"5-application-scenarios-and-case-studies-\">5.\u00a0<strong>Uygulama senaryolar\u0131 ve vaka \u00e7al\u0131\u015fmalar\u0131<\/strong><\/h2>\n<ul>\n<li><strong>Parf\u00fcm serisi<\/strong>: 30ml silindirik kutu (5cm \u00e7ap \u00d7 12cm y\u00fckseklik), kadife astarl\u0131 ve alt\u0131n damgal\u0131 marka LOGOSU;<\/li>\n<li><strong>\u00dcst d\u00fczey cilt bak\u0131m seti<\/strong>: \u00dcst katmanda \u00f6z ve alt katmanda yedek paketler bulunan \u00e7ift katmanl\u0131 ka\u011f\u0131t kutusu ve a\u00e7\u0131l\u0131p kapanabilen manyetik kapak tasar\u0131m\u0131;<\/li>\n<li><strong>Tatil hediye kutusu<\/strong>Alt\u0131n damgal\u0131 kabartma teknolojisine sahip kalp \u015feklinde kutu, hediyenin de\u011ferini art\u0131rmak i\u00e7in i\u00e7inde \u00f6zelle\u015ftirilmi\u015f tebrik kartlar\u0131 ve kurdeleler.<\/li>\n<\/ul>\n<h2 id=\"6-cooperation-process-\">6.\u00a0<strong>\u0130\u015fbirli\u011fi s\u00fcreci<\/strong><\/h2>\n<ol>\n<li><strong>Talep ileti\u015fimi<\/strong>: \u00dcr\u00fcn boyutu, tasar\u0131m tasla\u011f\u0131 veya numune sa\u011flay\u0131n;<\/li>\n<li><strong>Prova onay\u0131<\/strong>: Fiziksel numune kutusunu 3-5 i\u015f g\u00fcn\u00fc i\u00e7inde g\u00f6nderin;<\/li>\n<li><strong>Seri \u00fcretim<\/strong>: S\u00f6zle\u015fme imzaland\u0131ktan 7-10 g\u00fcn sonra teslimat tamamlan\u0131r;<\/li>\n<li><strong>Sat\u0131\u015f sonras\u0131 destek<\/strong>: Depolama ve de\u011fi\u015ftirme gibi katma de\u011ferli hizmetler sa\u011flay\u0131n.<\/li>\n<\/ol>","protected":false},"excerpt":{"rendered":"<p>D\u00fczg\u00fcn hatlara sahip ka\u011f\u0131t t\u00fcp ambalaj elle tutmaya ve a\u00e7maya uygundur. A\u00e7\u0131lmas\u0131 ve kapat\u0131lmas\u0131 kolayd\u0131r. Tasar\u0131m sade ve zariftir. Alt\u0131n s\u0131cak damgalama folyo i\u015flemi m\u00fcrekkep bask\u0131s\u0131 gerektirmez. Kozmetik ve parf\u00fcm ambalaj kutular\u0131 gibi \u00fcst d\u00fczey markalara bask\u0131 yapmak i\u00e7in \u00e7ok uygundur.<\/p>","protected":false},"featured_media":597,"template":"","meta":{"_kad_post_transparent":"default","_kad_post_title":"","_kad_post_layout":"default","_kad_post_sidebar_id":"","_kad_post_content_style":"default","_kad_post_vertical_padding":"default","_kad_post_feature":"","_kad_post_feature_position":"","_kad_post_header":false,"_kad_post_footer":false,"_kad_post_classname":""},"product_brand":[],"product_cat":[15,28,17],"product_tag":[202,203,204],"class_list":{"0":"post-596","1":"product","2":"type-product","3":"status-publish","4":"has-post-thumbnail","6":"product_cat-red-light-therapy","7":"product_cat-customize","8":"product_cat-services","9":"product_tag-cosmetic-paper-tube","10":"product_tag-perfume-packaging-wholesale","11":"product_tag-perfume-paper-tube","13":"first","14":"instock","15":"shipping-taxable","16":"product-type-simple","17":"entry","18":"content-bg","19":"loop-entry"},"_links":{"self":[{"href":"https:\/\/red-lighttherapy.com\/tr\/wp-json\/wp\/v2\/product\/596","targetHints":{"allow":["GET"]}}],"collection":[{"href":"https:\/\/red-lighttherapy.com\/tr\/wp-json\/wp\/v2\/product"}],"about":[{"href":"https:\/\/red-lighttherapy.com\/tr\/wp-json\/wp\/v2\/types\/product"}],"wp:featuredmedia":[{"embeddable":true,"href":"https:\/\/red-lighttherapy.com\/tr\/wp-json\/wp\/v2\/media\/597"}],"wp:attachment":[{"href":"https:\/\/red-lighttherapy.com\/tr\/wp-json\/wp\/v2\/media?parent=596"}],"wp:term":[{"taxonomy":"product_brand","embeddable":true,"href":"https:\/\/red-lighttherapy.com\/tr\/wp-json\/wp\/v2\/product_brand?post=596"},{"taxonomy":"product_cat","embeddable":true,"href":"https:\/\/red-lighttherapy.com\/tr\/wp-json\/wp\/v2\/product_cat?post=596"},{"taxonomy":"product_tag","embeddable":true,"href":"https:\/\/red-lighttherapy.com\/tr\/wp-json\/wp\/v2\/product_tag?post=596"}],"curies":[{"name":"wp","href":"https:\/\/api.w.org\/{rel}","templated":true}]}}