{"id":589,"date":"2025-04-12T11:23:53","date_gmt":"2025-04-12T11:23:53","guid":{"rendered":"https:\/\/red-lighttherapy.com\/?post_type=product&#038;p=589"},"modified":"2025-04-12T12:06:10","modified_gmt":"2025-04-12T12:06:10","slug":"supplier-custom-textured-paper-tube-packaging-essential-oil","status":"publish","type":"product","link":"https:\/\/red-lighttherapy.com\/tr\/supplier-custom-textured-paper-tube-packaging-essential-oil\/","title":{"rendered":"Tedarik\u00e7i \u00d6zel Dokulu Ka\u011f\u0131t T\u00fcp Ambalaj U\u00e7ucu Ya\u011f"},"content":{"rendered":"<h2 id=\"-customized-textured-paper-tube-essential-oil-packaging-product-description-\"><strong>\u00d6zelle\u015ftirilmi\u015f Dokulu Ka\u011f\u0131t T\u00fcp U\u00e7ucu Ya\u011f Ambalaj\u0131 \u00dcr\u00fcn A\u00e7\u0131klamas\u0131<\/strong><\/h2>\n<h2 id=\"-1-healing-visual-experience-\"><strong>1. \u0130yile\u015ftirici G\u00f6rsel Deneyim<\/strong><\/h2>\n<p>Bu silindirik ambalaj esas olarak makaron pembesi rengindedir. Yumu\u015fak ve d\u00fc\u015f\u00fck doygunluktaki pembe ton g\u00f6rsel yorgunlu\u011fu etkili bir \u015fekilde azaltabilir. Basit \u00e7izgi tasar\u0131m\u0131yla, u\u00e7ucu ya\u011f \u00fcr\u00fcnlerinin do\u011fal iyile\u015ftirici \u00f6zelliklerine uyan rahatlat\u0131c\u0131 ve iyile\u015ftirici bir duyusal atmosfer yarat\u0131r. Ambalaj kutusunun y\u00fczeyi, hassas bir dokunu\u015fa sahip olan ve g\u00f6rme ve dokunman\u0131n ikili konfor deneyimini daha da geli\u015ftiren mat doku teknolojisini benimser.<\/p>\n<h2 id=\"-2-innovative-top-and-bottom-cover-structure-\"><strong>2. Yenilik\u00e7i \u00fcst ve alt kapak yap\u0131s\u0131<\/strong><\/h2>\n<p>\u00dcst ve alt b\u00f6l\u00fcnm\u00fc\u015f \u00fcst ve alt kapak tasar\u0131m\u0131 benimsenmi\u015ftir. Kutu g\u00f6vdesi kapat\u0131ld\u0131\u011f\u0131nda s\u0131k\u0131ca oturur. B\u00f6lme \u00e7izgisi \u00fczerinde gereksiz s\u00fcsleme yoktur ve p\u00fcr\u00fczs\u00fcz d\u0131\u015f hat minimalist geometrik \u00e7izgilerle \u00f6zetlenmi\u015ftir. Silindirik \u015fekil, yumu\u015fak katmanl\u0131 bir his sunmak i\u00e7in mikro ark kapatma i\u015flemiyle birle\u015ftirilmi\u015ftir. A\u00e7\u0131lma ve kapanma an\u0131 hem rit\u00fcel hem de pratiklik hissi verir ve kokular\u0131n, mumlar\u0131n ve di\u011fer \u00fcr\u00fcnlerin te\u015fhir ihtiya\u00e7lar\u0131 i\u00e7in uygundur.<\/p>\n<h2 id=\"-3-embossed-texture-technology-\"><strong>3. Kabartmal\u0131 doku teknolojisi<\/strong><\/h2>\n<p>Kab\u0131n y\u00fczeyi, do\u011fal dalgalanmalar\u0131 sim\u00fcle eden ince yatay dalgalanmalarla s\u0131\u011f kabartmal\u0131 doku ile kapl\u0131d\u0131r ve k\u0131smen 0,3-0,5 mm mikro oyma derinli\u011fi ile bir \u0131\u015f\u0131k ve g\u00f6lge gradyan etkisi olu\u015fturan radyal \u00e7i\u00e7ek koyu desenleriyle noktal\u0131. Doku tasar\u0131m\u0131 sadece kaymaz kavrama deneyimini geli\u015ftirmekle kalmaz, ayn\u0131 zamanda farkl\u0131 \u0131\u015f\u0131k a\u00e7\u0131lar\u0131 alt\u0131nda \u00fc\u00e7 boyutlu bir doku sunarak ambalaja sade ve derin bir sanatsal ifade kazand\u0131r\u0131r.<\/p>\n<h2 id=\"-4-highly-customized-solutions-\"><strong>4. Son derece \u00f6zelle\u015ftirilmi\u015f \u00e7\u00f6z\u00fcmler<\/strong><\/h2>\n<p>Boyuttan, yap\u0131dan bask\u0131 s\u00fcrecine kadar tam \u00f6zelle\u015ftirmeyi destekler:<\/p>\n<ul>\n<li><strong>Uyarlanabilirlik<\/strong>: \u0130\u00e7 \u00e7ap\/y\u00fckseklik 30ml-200ml u\u00e7ucu ya\u011f \u015fi\u015felerine, 50-500g y\u00fcz kremi kavanozlar\u0131na veya 5-15cm \u00e7apl\u0131 aromaterapi mumlar\u0131na uyacak \u015fekilde ayarlanabilir;<\/li>\n<li><strong>\u0130\u015flev geni\u015fletme<\/strong>: \u0130ste\u011fe ba\u011fl\u0131 astar EVA darbeye dayan\u0131kl\u0131 katman, manyetik a\u00e7ma ve kapama tokas\u0131 veya \u015ferit s\u0131zd\u0131rmazl\u0131k ve di\u011fer detaylar, \u00fcst d\u00fczey hediye paketleme ihtiya\u00e7lar\u0131n\u0131 kar\u015f\u0131lamak i\u00e7in donat\u0131labilir;<\/li>\n<li><strong>G\u00f6rsel \u00f6zelle\u015ftirme<\/strong>: \u00d6zel renkli bask\u0131, s\u0131cak damgalama \/ UV yerel vernik ve di\u011fer i\u015flemleri destekler ve marka LOGO veya \u00f6zelle\u015ftirilmi\u015f desenlerle entegre edilebilir.<\/li>\n<\/ul>\n<h2 id=\"-5-quality-assurance-and-delivery-service-\"><strong>5. Kalite g\u00fcvencesi ve teslimat hizmeti<\/strong><\/h2>\n<p>16 y\u0131ll\u0131k ambalaj ve bask\u0131 deneyimine dayanan fabrika, 72 saatlik h\u0131zl\u0131 prova ve 15 g\u00fcnl\u00fck seri \u00fcretim teslimat\u0131 elde etmek i\u00e7in tam otomatik kal\u0131p kesme makineleri, grav\u00fcr bask\u0131 ba\u011flant\u0131 hatlar\u0131 ve ak\u0131ll\u0131 kalite kontrol ekipman\u0131 ile donat\u0131lm\u0131\u015ft\u0131r. Ambalaj kalitesinin ve \u00fcretim d\u00f6ng\u00fcs\u00fcn\u00fcn tam olarak kontrol edilebilir olmas\u0131n\u0131 sa\u011flamak i\u00e7in tasar\u0131m tekliflerinden, malzeme se\u00e7iminden lojistik da\u011f\u0131t\u0131m\u0131na kadar tek elden hizmetler sa\u011flay\u0131n.<\/p>\n<h2 id=\"-applicable-scenarios-\"><strong>Uygulanabilir senaryolar<\/strong><\/h2>\n<ul>\n<li>U\u00e7ucu ya\u011f\/koku serisi: \u00dcst ve alt kapak yap\u0131s\u0131 \u015fi\u015fe g\u00f6vdesini korur ve kabartmal\u0131 doku g\u00f6r\u00fcnt\u00fc dokusunu geli\u015ftirir<\/li>\n<li>Cilt bak\u0131m\u0131 hediye kutusu: \u00dcst d\u00fczey g\u00fczellik markalar\u0131n\u0131n tonuna uygun, minimalist tasar\u0131mla e\u015fle\u015fen makaron rengi<\/li>\n<li>Tatil i\u00e7in s\u0131n\u0131rl\u0131 say\u0131da: \u00d6zelle\u015ftirilmi\u015f bir doku ve renk kombinasyonu ile farkl\u0131la\u015ft\u0131r\u0131lm\u0131\u015f bir \u00fcr\u00fcn serisi olu\u015fturun<\/li>\n<\/ul>","protected":false},"excerpt":{"rendered":"<p>Ka\u011f\u0131t t\u00fcp ambalaj, yumu\u015fak ve katmanl\u0131 bir g\u00f6rsel etki sunan b\u00f6l\u00fcnm\u00fc\u015f bir \u00fcst ve alt kapak yap\u0131s\u0131na sahiptir. Y\u00fczey, g\u00f6rsel bir a\u00e7\u0131 katan s\u0131\u011f bir kabartma doku ile kaplanm\u0131\u015ft\u0131r.<\/p>","protected":false},"featured_media":593,"template":"","meta":{"_kad_post_transparent":"default","_kad_post_title":"","_kad_post_layout":"default","_kad_post_sidebar_id":"","_kad_post_content_style":"default","_kad_post_vertical_padding":"default","_kad_post_feature":"","_kad_post_feature_position":"","_kad_post_header":false,"_kad_post_footer":false,"_kad_post_classname":""},"product_brand":[],"product_cat":[15,28,17],"product_tag":[199,201,200],"class_list":{"0":"post-589","1":"product","2":"type-product","3":"status-publish","4":"has-post-thumbnail","6":"product_cat-red-light-therapy","7":"product_cat-customize","8":"product_cat-services","9":"product_tag-essential-oil-cylinder-boxes","10":"product_tag-essential-oil-paper-tube-packaging","11":"product_tag-supplier-essential-oil-packaging","13":"first","14":"instock","15":"shipping-taxable","16":"product-type-simple","17":"entry","18":"content-bg","19":"loop-entry"},"_links":{"self":[{"href":"https:\/\/red-lighttherapy.com\/tr\/wp-json\/wp\/v2\/product\/589","targetHints":{"allow":["GET"]}}],"collection":[{"href":"https:\/\/red-lighttherapy.com\/tr\/wp-json\/wp\/v2\/product"}],"about":[{"href":"https:\/\/red-lighttherapy.com\/tr\/wp-json\/wp\/v2\/types\/product"}],"wp:featuredmedia":[{"embeddable":true,"href":"https:\/\/red-lighttherapy.com\/tr\/wp-json\/wp\/v2\/media\/593"}],"wp:attachment":[{"href":"https:\/\/red-lighttherapy.com\/tr\/wp-json\/wp\/v2\/media?parent=589"}],"wp:term":[{"taxonomy":"product_brand","embeddable":true,"href":"https:\/\/red-lighttherapy.com\/tr\/wp-json\/wp\/v2\/product_brand?post=589"},{"taxonomy":"product_cat","embeddable":true,"href":"https:\/\/red-lighttherapy.com\/tr\/wp-json\/wp\/v2\/product_cat?post=589"},{"taxonomy":"product_tag","embeddable":true,"href":"https:\/\/red-lighttherapy.com\/tr\/wp-json\/wp\/v2\/product_tag?post=589"}],"curies":[{"name":"wp","href":"https:\/\/api.w.org\/{rel}","templated":true}]}}