{"id":583,"date":"2025-04-12T11:03:45","date_gmt":"2025-04-12T11:03:45","guid":{"rendered":"https:\/\/red-lighttherapy.com\/?post_type=product&#038;p=583"},"modified":"2025-04-12T11:23:45","modified_gmt":"2025-04-12T11:23:45","slug":"manufacturer-custom-paper-tube-for-coffee-candles-cosmetics","status":"publish","type":"product","link":"https:\/\/red-lighttherapy.com\/tr\/manufacturer-custom-paper-tube-for-coffee-candles-cosmetics\/","title":{"rendered":"Kahve Mumlar\u0131 Kozmetik i\u00e7in \u00dcretici \u00d6zel Ka\u011f\u0131t T\u00fcp"},"content":{"rendered":"<h2 id=\"-customized-cylindrical-paper-tube-packaging-solution-with-top-and-bottom-lid-\">Kahve Mumlar\u0131 Kozmetik i\u00e7in \u00dcretici \u00d6zel Ka\u011f\u0131t T\u00fcp<\/h2>\n<h2 id=\"-1-warm-atmosphere-aesthetic-design-\"><strong>1. S\u0131cak atmosfer estetik tasar\u0131m<\/strong><\/h2>\n<p>Silindirik \u00fcst ve alt yap\u0131 benimsenmi\u015ftir ve kutu g\u00f6vdesi makaron renk gradyan kombinasyonunu (krem beyaz\u0131, \u015feftali pembesi, nane ye\u015fili vb.) destekler ve mat doku ve yumu\u015fak renk e\u015fle\u015fmesi yoluyla s\u0131cak ve iyile\u015ftirici bir g\u00f6rsel atmosfer yarat\u0131r. \u0130\u00e7 katman, kahve \u00e7ekirde\u011fi hediye kutular\u0131, aromaterapi mumlar\u0131 ve cilt bak\u0131m setleri gibi \u00fcst d\u00fczey sahneler i\u00e7in uygun olan renk doygunlu\u011funu ve dayan\u0131kl\u0131l\u0131\u011f\u0131n\u0131 art\u0131rmak i\u00e7in kaplanabilir.<\/p>\n<h2 id=\"-2-brand-logo-enhancement-design-\"><strong>2. Marka logosu geli\u015ftirme tasar\u0131m\u0131<\/strong><\/h2>\n<p>Kutu kapa\u011f\u0131n\u0131n \u00fcst k\u0131sm\u0131, y\u00fcksek kontrastl\u0131 siyah bir marka LOGOSU sunmak i\u00e7in hassas kabartma teknolojisini kullan\u0131r ve \u00fc\u00e7 boyutlu kabartma veya s\u0131cak damgalama teknolojisini destekler. \u00d6rne\u011fin, kozmetik ka\u011f\u0131t kutular\u0131, marka tan\u0131n\u0131rl\u0131\u011f\u0131n\u0131 art\u0131rmak i\u00e7in mat kutu g\u00f6vdesiyle g\u00f6rsel bir kontrast olu\u015fturmak \u00fczere metalik parlak logolarla e\u015fle\u015ftirilebilir; mum ambalaj\u0131, \u0130skandinav minimalist veya retro hafif l\u00fcks stile uygun d\u0131\u015fb\u00fckey ve i\u00e7b\u00fckey kabartma yoluyla doku iletebilir.<\/p>\n<h2 id=\"-3-cost-effective-material-selection-\"><strong>3. Uygun maliyetli malzeme se\u00e7imi<\/strong><\/h2>\n<p>Ana g\u00f6vde 180-300g kaplamal\u0131 ka\u011f\u0131t kompozit yap\u0131ya sahiptir ve i\u00e7 katman g\u0131da s\u0131n\u0131f\u0131 al\u00fcminyum film veya nem ge\u00e7irmez kaplama ile lamine edilmi\u015ftir (kozmetikler i\u00e7in antibakteriyel i\u015flem iste\u011fe ba\u011fl\u0131d\u0131r). Kaplanm\u0131\u015f ka\u011f\u0131d\u0131n kal\u0131nl\u0131\u011f\u0131 y\u00fck ta\u015f\u0131ma gereksinimlerine g\u00f6re ayarlanabilir (mum kavanozlar\u0131n\u0131n destek kuvvetini g\u00fc\u00e7lendirmesi gerekti\u011fi gibi) ve maliyeti geleneksel demir kutulardan 30%-50% daha d\u00fc\u015f\u00fckt\u00fcr. Ayn\u0131 zamanda, \u226550kg bas\u0131n\u00e7 dayan\u0131m\u0131 sa\u011flamak i\u00e7in ISO 9001 kalite y\u00f6netim sertifikas\u0131n\u0131 ge\u00e7mi\u015ftir.<\/p>\n<h2 id=\"-4-flexible-printing-and-layout-innovation-\"><strong>4. Esnek bask\u0131 ve d\u00fczen yenili\u011fi<\/strong><\/h2>\n<p>-\u00a0<strong>Desen \u00f6zelle\u015ftirme<\/strong>: Ofset bask\u0131, UV k\u0131smi parlak y\u00fczey, serigrafi ve ill\u00fcstrasyonlar, geometrik dokular, gradyan lekeleri ve di\u011fer tasar\u0131mlar\u0131 sunabilen di\u011fer \u00e7oklu i\u015flem kombinasyonlar\u0131n\u0131 destekler. \u00d6rne\u011fin, kahve ambalajlar\u0131 men\u015fe ill\u00fcstrasyonlar\u0131yla bas\u0131labilir ve kozmetik kutular\u0131 soyut sanat \u00e7izgileriyle e\u015fle\u015ftirilebilir. -\u00a0<strong>Fonksiyonel bask\u0131<\/strong>: Kullan\u0131c\u0131 deneyimini geli\u015ftirmek i\u00e7in QR kodlu izlenebilirlik etiketleri, kullan\u0131m talimatlar\u0131 veya etkile\u015fimli grafikler (baharat i\u00e7erik diyagramlar\u0131 gibi) ekleyin.<\/p>\n<h2 id=\"-5-one-stop-service-for-the-whole-process-\"><strong>5. T\u00fcm s\u00fcre\u00e7 i\u00e7in tek elden hizmet<\/strong><\/h2>\n<p>3D modelleme ve provadan seri \u00fcretim ve teslimata kadar, biz sa\u011fl\u0131yoruz: -\u00a0<strong>Tasar\u0131m deste\u011fi<\/strong>: Profesyonel ekip, yap\u0131n\u0131n optimize edilmesine (\u00fcst ve alt kapa\u011f\u0131n a\u00e7\u0131l\u0131p kapanma s\u00f6n\u00fcmleme katsay\u0131s\u0131 gibi), renk kalibrasyonuna ve mevzuata uygunluk incelemesine (kozmetik ambalajlar i\u00e7in etiket \u00f6zellikleri gibi) yard\u0131mc\u0131 olur. -\u00a0<strong>\u00dcretim kontrol\u00fc<\/strong>: Ayl\u0131k 500.000 adet \u00fcretim kapasitesi ile \u00b10,5 mm boyutsal do\u011fruluk sa\u011flamak i\u00e7in otomatik t\u00fcp sarma makinesi ve g\u00f6rsel konumland\u0131rma ka\u011f\u0131t laminasyon makinesini benimsemek, acil sipari\u015fler i\u00e7in 7 g\u00fcnl\u00fck h\u0131zland\u0131r\u0131lm\u0131\u015f \u00fcretimi desteklemek.<\/p>\n<h2 id=\"-6-precision-lining-matching-system-\"><strong>6. Hassas astar e\u015fle\u015ftirme sistemi<\/strong><\/h2>\n<p>\u00dcr\u00fcn formuna g\u00f6re \u00f6zelle\u015ftirilmi\u015f EVA\/PEP i\u00e7 tepsi (konik mumlar, silindirik fond\u00f6ten \u015fi\u015feleri gibi): -\u00a0<strong>Sabit yap\u0131<\/strong>: Ge\u00e7meli katmanl\u0131 tasar\u0131m ta\u015f\u0131ma s\u0131ras\u0131nda sallanmay\u0131 \u00f6nler ve kozmetikler i\u00e7in darbeye dayan\u0131kl\u0131 balonlu film eklenebilir. -\u00a0<strong>\u0130\u015flev geni\u015fletme<\/strong>: Hediye kutusu seti kombinasyonlar\u0131na uymas\u0131 i\u00e7in manyetik a\u00e7ma ve kapama, \u015ferit kulplar veya \u00e7\u0131kar\u0131labilir b\u00f6lmeler ekleyin.<\/p>\n<h2 id=\"-advantages-of-cooperation-\"><strong>\u0130\u015fbirli\u011finin avantajlar\u0131<\/strong><\/h2>\n<p>-\u00a0<strong>\u00c7evre sertifikas\u0131<\/strong>: FSC orman sertifikal\u0131 ka\u011f\u0131t + biyolojik olarak par\u00e7alanabilir m\u00fcrekkep, AB EN 13432 kompostlanabilir standartlar\u0131na uygun. -\u00a0<strong>Katma de\u011ferli hizmetler<\/strong>: Pazar f\u0131rsatlar\u0131n\u0131 yakalaman\u0131za yard\u0131mc\u0131 olacak \u00fccretsiz rekabet\u00e7i \u00fcr\u00fcn ambalaj\u0131 analiz raporlar\u0131 ve \u00fc\u00e7 ayl\u0131k trend k\u0131lavuzlar\u0131.<\/p>","protected":false},"excerpt":{"rendered":"<p>\u00dcst\u00fc ve alt\u0131 ka\u011f\u0131t t\u00fcp ambalaj, s\u0131cak bir atmosfer yaratmak i\u00e7in makaron renklerinin bir kombinasyonundan yap\u0131labilir. Siyah logo, kapa\u011f\u0131n \u00fcst k\u0131sm\u0131na kabart\u0131larak t\u00fcketicilerin markan\u0131z\u0131 bir bak\u0131\u015fta g\u00f6rmelerini ve izlenimlerini derinle\u015ftirmelerini sa\u011flar.<\/p>","protected":false},"featured_media":584,"template":"","meta":{"_kad_post_transparent":"default","_kad_post_title":"","_kad_post_layout":"default","_kad_post_sidebar_id":"","_kad_post_content_style":"default","_kad_post_vertical_padding":"default","_kad_post_feature":"","_kad_post_feature_position":"","_kad_post_header":false,"_kad_post_footer":false,"_kad_post_classname":""},"product_brand":[],"product_cat":[15,28,17],"product_tag":[197,198,196],"class_list":{"0":"post-583","1":"product","2":"type-product","3":"status-publish","4":"has-post-thumbnail","6":"product_cat-red-light-therapy","7":"product_cat-customize","8":"product_cat-services","9":"product_tag-candles-paper-tube-manufacturer","10":"product_tag-cosmetics-paper-tube-packaging","11":"product_tag-custom-coffee-paper-tube","13":"first","14":"instock","15":"shipping-taxable","16":"product-type-simple","17":"entry","18":"content-bg","19":"loop-entry"},"_links":{"self":[{"href":"https:\/\/red-lighttherapy.com\/tr\/wp-json\/wp\/v2\/product\/583","targetHints":{"allow":["GET"]}}],"collection":[{"href":"https:\/\/red-lighttherapy.com\/tr\/wp-json\/wp\/v2\/product"}],"about":[{"href":"https:\/\/red-lighttherapy.com\/tr\/wp-json\/wp\/v2\/types\/product"}],"wp:featuredmedia":[{"embeddable":true,"href":"https:\/\/red-lighttherapy.com\/tr\/wp-json\/wp\/v2\/media\/584"}],"wp:attachment":[{"href":"https:\/\/red-lighttherapy.com\/tr\/wp-json\/wp\/v2\/media?parent=583"}],"wp:term":[{"taxonomy":"product_brand","embeddable":true,"href":"https:\/\/red-lighttherapy.com\/tr\/wp-json\/wp\/v2\/product_brand?post=583"},{"taxonomy":"product_cat","embeddable":true,"href":"https:\/\/red-lighttherapy.com\/tr\/wp-json\/wp\/v2\/product_cat?post=583"},{"taxonomy":"product_tag","embeddable":true,"href":"https:\/\/red-lighttherapy.com\/tr\/wp-json\/wp\/v2\/product_tag?post=583"}],"curies":[{"name":"wp","href":"https:\/\/api.w.org\/{rel}","templated":true}]}}