{"id":577,"date":"2025-04-12T10:07:51","date_gmt":"2025-04-12T10:07:51","guid":{"rendered":"https:\/\/red-lighttherapy.com\/?post_type=product&#038;p=577"},"modified":"2025-04-15T04:13:35","modified_gmt":"2025-04-15T04:13:35","slug":"supplier-custom-candle-diffuser-kraft-paper-tube-packaging","status":"publish","type":"product","link":"https:\/\/red-lighttherapy.com\/tr\/supplier-custom-candle-diffuser-kraft-paper-tube-packaging\/","title":{"rendered":"Tedarik\u00e7i \u00d6zel Mum Dif\u00fcz\u00f6r Kraft Ka\u011f\u0131t T\u00fcp Ambalaj"},"content":{"rendered":"<h2 id=\"-light-blue-elegant-series-customized-packaging-box-an-environmentally-friendly-packaging-solution-designed-for-high-end-fragrance-brands-perfectly-integrating-aesthetic-design-and-practical-functions\">Tedarik\u00e7i \u00d6zel Mum Dif\u00fcz\u00f6r Kraft Ka\u011f\u0131t T\u00fcp Ambalaj<\/h2>\n<h2 id=\"1-color-aesthetics-and-brand-recognition\">1. Renk esteti\u011fi ve marka tan\u0131n\u0131rl\u0131\u011f\u0131<\/h2>\n<p>Ana renk olarak Pantone renk kart\u0131 PANTONE 14-4123 \"Sessiz A\u00e7\u0131k Mavi\" ile ayn\u0131 renk gradyan tasar\u0131m\u0131n\u0131 benimseyen g\u00f6rsel birlik, renkli sistemin yumu\u015fat\u0131lmas\u0131yla elde edilir. Kutu g\u00f6vdesi LOGO, Alman alt\u0131n s\u0131cak damgalama folyo teknolojisini benimser, alt\u0131n s\u0131cak damga folyo kal\u0131nl\u0131\u011f\u0131 0,12 mm'ye ula\u015f\u0131r ve \u0131\u015f\u0131k k\u0131r\u0131lma indeksi 30% ile art\u0131r\u0131l\u0131r. Mat y\u00fczey i\u015fleme teknolojisi ile marka logosu, d\u00fc\u015f\u00fck anahtar dokusunda hafif l\u00fcks stili vurgular.<\/p>\n<h2 id=\"2-innovative-structure-and-use-experience\">2. Yenilik\u00e7i yap\u0131 ve kullan\u0131m deneyimi<\/h2>\n<p>Silindirik kutu g\u00f6vdesi, tek elle a\u00e7ma ve kapama i\u015flevi elde etmek ve IP54 toz ge\u00e7irmez s\u0131zd\u0131rmazl\u0131k standard\u0131n\u0131 korumak i\u00e7in 3,5 mm'lik hassas bir s\u00fcng\u00fc yap\u0131s\u0131yla birlikte patentli ayr\u0131 bir \u00fcst ve alt kapak tasar\u0131m\u0131n\u0131 benimser. Aerodinamik kutu g\u00f6vdesi ergonomik olarak hesaplanm\u0131\u015ft\u0131r ve kavrama kavisi avu\u00e7 i\u00e7i k\u0131vr\u0131m\u0131na uyar ve a\u00e7ma ve kapama deneyimi geleneksel di\u015fli ambalajdan daha iyidir.<\/p>\n<h2 id=\"3-environmentally-friendly-materials-and-process-certification\">3. \u00c7evre dostu malzeme ve s\u00fcre\u00e7 sertifikasyonu<\/h2>\n<p>Hammaddeler FSC-COC sertifikal\u0131d\u0131r (sertifika numaras\u0131 FSC-C175785) ve \u0130sve\u00e7 Grubu taraf\u0131ndan tedarik edilen, 300KPA bas\u0131n\u00e7 dayan\u0131m\u0131na ve 30%-85%RH nem tolerans aral\u0131\u011f\u0131na sahip \u00fc\u00e7 katmanl\u0131 kompozit kraft karton kullan\u0131lmaktad\u0131r. \u00dcretim s\u00fcreci ISO14001 \u00e7evre y\u00f6netim sistemini s\u0131k\u0131 bir \u015fekilde uygulamaktad\u0131r ve karbon ayak izi s\u0131radan ambalajlara g\u00f6re 42% daha d\u00fc\u015f\u00fckt\u00fcr.<\/p>\n<h3 id=\"4-customized-service-guarantee-system\">4. \u00d6zelle\u015ftirilmi\u015f servis garanti sistemi<\/h3>\n<p>-\u00a0<strong>Derin \u00f6zelle\u015ftirme<\/strong>: 15mm \u00e7apl\u0131 mikro test t\u00fcplerinden 280mm \u015famdan setlerine kadar tam boyutlu adaptasyonu destekler ve UV kabartma, yerel vernik ve manyetik a\u00e7ma ve kapama gibi 12 i\u015flem kombinasyonu \u00e7\u00f6z\u00fcm\u00fc sunar -\u00a0<strong>Tam ba\u011flant\u0131 kalite kontrol\u00fc<\/strong>: Hebei ve Zhejiang'daki iki b\u00fcy\u00fck \u00fcretim \u00fcss\u00fcnde milyonlarca birimin ayl\u0131k \u00fcretim kapasitesine g\u00fcvenerek, renk \u00fcretimini tespit etmek i\u00e7in bir spektrometre ile donat\u0131lm\u0131\u015f, toplu renk fark\u0131 \u22641.5\u0394E -\u00a0<strong>Endi\u015fesiz teslimat<\/strong>: EPE inci pamuk tampon astar + be\u015f katmanl\u0131 oluklu ta\u015f\u0131ma kutusundan olu\u015fan kompozit bir koruyucu yap\u0131 benimseyerek, SF Express ve DHL ile birlikte \u00fclke \u00e7ap\u0131nda 72 saatlik kap\u0131dan kap\u0131ya teslimat elde etmek i\u00e7in 0,3%'den daha d\u00fc\u015f\u00fck bir k\u0131r\u0131lma oran\u0131 ile<\/p>\n<h2 id=\"5-scenario-application-and-value-added-services\">5. Senaryo uygulamas\u0131 ve katma de\u011ferli hizmetler<\/h2>\n<ul>\n<li>\u00dcst d\u00fczey al\u0131\u015fveri\u015f merkezi tezgah te\u015fhiri (akrilik te\u015fhir raflar\u0131 ile \u00f6nerilir)<\/li>\n<li>D\u00fc\u011f\u00fcn\/sanat sergisi s\u0131n\u0131rl\u0131 say\u0131da hediyelik e\u015fya<\/li>\n<li>S\u0131n\u0131r \u00f6tesi e-ticaret hafif ta\u015f\u0131mac\u0131l\u0131k senaryosu<\/li>\n<\/ul>\n<h2 id=\"-technical-parameters-\"><strong>Teknik parametreler<\/strong><\/h2>\n<table>\n<thead>\n<tr>\n<th>Proje<\/th>\n<th>Standart de\u011fer<\/th>\n<th>Test temeli<\/th>\n<\/tr>\n<\/thead>\n<tbody>\n<tr>\n<td>Bas\u0131n\u00e7 Dayan\u0131m\u0131<\/td>\n<td>\u22653200N\/\u33a1<\/td>\n<td>GB\/T 6546-2021<\/td>\n<\/tr>\n<tr>\n<td>Yanma g\u00fcvenli\u011fi<\/td>\n<td>Yang\u0131ndan \u00e7\u0131kt\u0131ktan sonra kendi kendini s\u00f6nd\u00fcrme \u22643s<\/td>\n<td>UL94 HB sertifikas\u0131<\/td>\n<\/tr>\n<tr>\n<td>S\u0131cak damgalama hassasiyeti<\/td>\n<td>\u00b10,15 mm<\/td>\n<td>ISO 12647-2 bask\u0131 standard\u0131<\/td>\n<\/tr>\n<\/tbody>\n<\/table>","protected":false},"excerpt":{"rendered":"<p>Bu ambalaj kutusu, ana renk olarak taze ve zarif a\u00e7\u0131k maviyi benimser ve bir b\u00fct\u00fcn olarak basit ve do\u011fal bir stil sunar. LOGO alt\u0131n s\u0131cak damgalama folyo i\u015flemi, g\u00f6r\u00fcnt\u00fclenen markan\u0131n tan\u0131n\u0131rl\u0131\u011f\u0131n\u0131 art\u0131rabilir ve marka tonunu g\u00fc\u00e7lendirebilir.<\/p>","protected":false},"featured_media":580,"template":"","meta":{"_kad_post_transparent":"default","_kad_post_title":"","_kad_post_layout":"default","_kad_post_sidebar_id":"","_kad_post_content_style":"default","_kad_post_vertical_padding":"default","_kad_post_feature":"","_kad_post_feature_position":"","_kad_post_header":false,"_kad_post_footer":false,"_kad_post_classname":""},"product_brand":[],"product_cat":[15,17],"product_tag":[194,193,195],"class_list":{"0":"post-577","1":"product","2":"type-product","3":"status-publish","4":"has-post-thumbnail","6":"product_cat-red-light-therapy","7":"product_cat-services","8":"product_tag-candle-diffuser-packaging","9":"product_tag-custom-candle-paper-tube","10":"product_tag-supplier-candle-paper-tube","12":"first","13":"instock","14":"shipping-taxable","15":"product-type-simple","16":"entry","17":"content-bg","18":"loop-entry"},"_links":{"self":[{"href":"https:\/\/red-lighttherapy.com\/tr\/wp-json\/wp\/v2\/product\/577","targetHints":{"allow":["GET"]}}],"collection":[{"href":"https:\/\/red-lighttherapy.com\/tr\/wp-json\/wp\/v2\/product"}],"about":[{"href":"https:\/\/red-lighttherapy.com\/tr\/wp-json\/wp\/v2\/types\/product"}],"wp:featuredmedia":[{"embeddable":true,"href":"https:\/\/red-lighttherapy.com\/tr\/wp-json\/wp\/v2\/media\/580"}],"wp:attachment":[{"href":"https:\/\/red-lighttherapy.com\/tr\/wp-json\/wp\/v2\/media?parent=577"}],"wp:term":[{"taxonomy":"product_brand","embeddable":true,"href":"https:\/\/red-lighttherapy.com\/tr\/wp-json\/wp\/v2\/product_brand?post=577"},{"taxonomy":"product_cat","embeddable":true,"href":"https:\/\/red-lighttherapy.com\/tr\/wp-json\/wp\/v2\/product_cat?post=577"},{"taxonomy":"product_tag","embeddable":true,"href":"https:\/\/red-lighttherapy.com\/tr\/wp-json\/wp\/v2\/product_tag?post=577"}],"curies":[{"name":"wp","href":"https:\/\/api.w.org\/{rel}","templated":true}]}}