{"id":571,"date":"2025-04-12T09:00:49","date_gmt":"2025-04-12T09:00:49","guid":{"rendered":"https:\/\/red-lighttherapy.com\/?post_type=product&#038;p=571"},"modified":"2025-04-12T10:07:39","modified_gmt":"2025-04-12T10:07:39","slug":"clothing-t-shirt-apparel-socks-underwear-paper-tube-supplier","status":"publish","type":"product","link":"https:\/\/red-lighttherapy.com\/tr\/clothing-t-shirt-apparel-socks-underwear-paper-tube-supplier\/","title":{"rendered":"Giyim Ti\u015f\u00f6rt Konfeksiyon \u00c7orap \u0130\u00e7 Giyim Ka\u011f\u0131t T\u00fcp Tedarik\u00e7isi"},"content":{"rendered":"<h2 id=\"-product-description-of-paper-tube-for-clothing-t-shirts-apparel-socks-and-underwear-\"><strong>Giyim T-shirt Konfeksiyon \u00c7orap \u0130\u00e7 Giyim Ka\u011f\u0131t T\u00fcp Tedarik\u00e7isi \u00dcr\u00fcn A\u00e7\u0131klamas\u0131<\/strong><\/h2>\n<h2 id=\"1-separate-cylindrical-box-design-simple-and-practical-\">1.\u00a0<strong>Ayr\u0131 ka\u011f\u0131t t\u00fcp ambalaj tasar\u0131m\u0131, basit ve pratik<\/strong><\/h2>\n<p>Ayr\u0131lm\u0131\u015f kapak yap\u0131s\u0131 benimsenmi\u015ftir ve kutu g\u00f6vdesi ile kapa\u011f\u0131n oran\u0131 bilimsel olarak hesaplanm\u0131\u015ft\u0131r, bu da a\u00e7ma ve kapamay\u0131 p\u00fcr\u00fczs\u00fcz ve s\u0131zd\u0131rmazl\u0131\u011f\u0131 g\u00fc\u00e7l\u00fc hale getirir. Kapak tasar\u0131m\u0131 kab\u0131n konturuna uymaktad\u0131r, bu da sadece ambalaj\u0131n b\u00fct\u00fcnl\u00fc\u011f\u00fcn\u00fc sa\u011flamakla kalmaz, ayn\u0131 zamanda minimalist \u00e7izgilerle modern estetik konsepti de aktar\u0131r (ayr\u0131 ambalaj yap\u0131s\u0131n\u0131n tasar\u0131m ilkelerine bak\u0131n).<\/p>\n<h2 id=\"2-black-and-white-contrast-vision-strengthen-brand-recognition-\">2.\u00a0<strong>Siyah ve beyaz kontrastl\u0131 g\u00f6r\u00fc\u015f, marka tan\u0131n\u0131rl\u0131\u011f\u0131n\u0131 g\u00fc\u00e7lendirir<\/strong><\/h2>\n<p>Kutu g\u00f6vdesi saf beyaza dayanmakta olup, \u00fcst k\u0131sm\u0131nda siyah \u00e7izgilerden olu\u015fan bir daire bulunmaktad\u0131r ve g\u00f6rsel \u00e7ekicilik y\u00fcksek kontrastl\u0131 tasar\u0131mla art\u0131r\u0131lm\u0131\u015ft\u0131r. Bu tasar\u0131m, hafif l\u00fcks, modaya uygun markalar ve di\u011fer stiller i\u00e7in uygun olan ve T-shirt, i\u00e7 \u00e7ama\u015f\u0131r\u0131 ve di\u011fer kategorilerin basit tonlamas\u0131 i\u00e7in uygun olan (renkli kutu ambalaj\u0131n\u0131n kontrast renk uygulama mant\u0131\u011f\u0131na benzer \u015fekilde) \u00fcst d\u00fczey ambalaj esteti\u011fi trendinden esinlenmi\u015ftir.<\/p>\n<h2 id=\"3-high-definition-printing-and-typesetting-highlighting-the-brand-logo-\">3.\u00a0<strong>Marka logosunu \u00f6ne \u00e7\u0131karan y\u00fcksek \u00e7\u00f6z\u00fcn\u00fcrl\u00fckl\u00fc bask\u0131 ve dizgi<\/strong><\/h2>\n<p>Y\u00fczey UV bask\u0131 teknolojisini benimser, metin ve desen net ve a\u015f\u0131nmaya dayan\u0131kl\u0131d\u0131r ve mat \/ parlak efekt se\u00e7imi desteklenir. D\u00fczen, modern sans serif yaz\u0131 tiplerinin ana \u00f6zellik oldu\u011fu, marka logosunun ortalanm\u0131\u015f ve g\u00f6z al\u0131c\u0131 olmas\u0131n\u0131 sa\u011flarken l\u00fcks hissini art\u0131rmak i\u00e7in bo\u015f alan b\u0131rakarak (\u00f6d\u00fcll\u00fc ambalaj tasar\u0131m\u0131n\u0131n bask\u0131 standartlar\u0131ndan yararlanarak) \"az \u00e7oktur\" ilkesini takip eder.<\/p>\n<h2 id=\"4-professional-box-type-adaptation-to-improve-product-matching-\">4.\u00a0<strong>\u00dcr\u00fcn e\u015fle\u015fmesini iyile\u015ftirmek i\u00e7in profesyonel kutu tipi uyarlamas\u0131<\/strong><\/h2>\n<p>\u00dcr\u00fcn \u00f6zelliklerine g\u00f6re \u00f6zelle\u015ftirilmi\u015f kutu tipi \u00f6nerileri sa\u011flan\u0131r:<\/p>\n<ul>\n<li><strong>Ti\u015f\u00f6rt\/sweatshirt<\/strong>: Giysilerin kolay katlanmas\u0131 ve saklanmas\u0131 i\u00e7in manyetik a\u00e7ma ve kapama kapa\u011f\u0131na sahip 20-30 cm \u00e7ap\u0131nda y\u00fckseltilmi\u015f bir silindir \u00f6nerilir;<\/li>\n<li><strong>\u00c7orap\/i\u00e7 \u00e7ama\u015f\u0131r\u0131<\/strong>: Yerle\u015fik b\u00f6lme astarl\u0131 katmanl\u0131 \u00e7ekmece tipi silindir, birden fazla \u00f6\u011fenin s\u0131n\u0131fland\u0131r\u0131lm\u0131\u015f depolanmas\u0131n\u0131 sa\u011flamak i\u00e7in kullan\u0131l\u0131r;<\/li>\n<li><strong>\u00dcst d\u00fczey hediyeler<\/strong>: \u00dcst ve alt kapa\u011f\u0131n hediye kutusu yap\u0131s\u0131 ile birle\u015fti\u011finde, kutudan \u00e7\u0131karma t\u00f6reni hissi artar (\u00e7ok i\u015flevli kutu tipi kitapl\u0131\u011f\u0131na bak\u0131n).<\/li>\n<\/ul>\n<h2 id=\"5-fsc-certified-material-environmental-protection-and-quality-\">5.\u00a0<strong>FSC sertifikal\u0131 malzeme, \u00e7evre koruma ve kalite<\/strong><\/h2>\n<p>Ambalaj kutusunun hammaddeleri, ah\u015fap kayna\u011f\u0131n\u0131n s\u00fcrd\u00fcr\u00fclebilir olmas\u0131n\u0131 ve AB ve Kuzey Amerika'n\u0131n pazara eri\u015fim standartlar\u0131n\u0131 kar\u015f\u0131lamas\u0131n\u0131 sa\u011flamak i\u00e7in FSC orman sertifikas\u0131 ile belgelendirilmi\u015ftir. Sertifikal\u0131 malzeme hem y\u00fcksek sertlik hem de hafiflik \u00f6zelliklerine sahiptir ve \u00e7evre dostu markalar ve \u00fcst d\u00fczey m\u00fc\u015fteriler i\u00e7in farkl\u0131la\u015ft\u0131r\u0131lm\u0131\u015f \u00e7\u00f6z\u00fcmler sunar (FSC sertifikal\u0131 tedarik zinciri avantajlar\u0131).<\/p>\n<h2 id=\"6-modular-lining-system-all-round-protection-\">6.\u00a0<strong>Mod\u00fcler astar sistemi, \u00e7ok y\u00f6nl\u00fc koruma<\/strong><\/h2>\n<p>\u0130\u00e7 k\u0131s\u0131m \u00e7e\u015fitli astar malzemeleri ile e\u015fle\u015ftirilebilir:<\/p>\n<ul>\n<li><strong>Sabit tip<\/strong>: EVA s\u00fcnger veya inci pamuk kal\u0131p kesim oluk, hassas konumland\u0131rma ve darbeye dayan\u0131kl\u0131;<\/li>\n<li><strong>Yumu\u015fak tip<\/strong>: i\u00e7 giyim i\u00e7in uygun flok kuma\u015f veya rafya dolgu;<\/li>\n<li><strong>Ekran tipi<\/strong>: \u00dcr\u00fcn detaylar\u0131n\u0131 sezgisel olarak sunan \u015feffaf PET blister tepsi (\u00e7e\u015fitli astar \u00e7\u00f6z\u00fcmleri).<\/li>\n<\/ul>\n<h2 id=\"7-16-years-of-smart-manufacturing-experience-full-process-quality-control-\">7.\u00a0<strong>16 y\u0131ll\u0131k ak\u0131ll\u0131 \u00fcretim deneyimi, tam s\u00fcre\u00e7 kalite kontrol\u00fc<\/strong><\/h2>\n<p>Olgun bir \u00fcretim sistemine g\u00fcvenerek, tasar\u0131m provas\u0131ndan seri \u00fcretime kadar s\u0131k\u0131 kontrol, teslimat d\u00f6ng\u00fcs\u00fcn\u00fcn 30% k\u0131salt\u0131lmas\u0131n\u0131 ve kusurlu oran\u0131n 0,5%'den az olmas\u0131n\u0131 sa\u011flar. K\u00fc\u00e7\u00fck parti \u00f6zelle\u015ftirmesini ve s\u0131n\u0131r \u00f6tesi lojistik optimizasyonunu destekleyerek k\u00fcresel markalar i\u00e7in tek elden paketleme hizmetleri sa\u011flar (tedarik zinciri deneyimi referans\u0131).<\/p>\n<h2 id=\"-advantages-of-cooperation-\"><strong>\u0130\u015fbirli\u011finin avantajlar\u0131<\/strong>:<\/h2>\n<ul>\n<li><strong>Tasar\u0131m deste\u011fi<\/strong>: \u00dccretsiz 3D renderlar ve malzeme \u00f6rnekleri;<\/li>\n<li><strong>Maliyet optimizasyonu<\/strong>: B\u00fcy\u00fck \u00f6l\u00e7ekli tedarik, minimum 500 adet sipari\u015f ile birim fiyat\u0131 d\u00fc\u015f\u00fcr\u00fcr;<\/li>\n<li><strong>H\u0131zl\u0131 yan\u0131t<\/strong>: Prototipleme 72 saat i\u00e7inde tamamlan\u0131r ve seri \u00fcretim 15 g\u00fcn i\u00e7inde teslim edilir.<\/li>\n<\/ul>","protected":false},"excerpt":{"rendered":"<p>Ka\u011f\u0131t t\u00fcp ambalaj kutusu ayr\u0131 bir kapa\u011fa sahiptir. Kab\u0131n ve kapa\u011f\u0131n oran\u0131, basit ambalaj tasar\u0131m\u0131n\u0131 yans\u0131tacak \u015fekilde koordine edilmi\u015ftir. Kutu g\u00f6vdesi \u00e7o\u011funlukla saf beyazd\u0131r ve \u00fcst kenar\u0131 \u00e7evreleyen siyah \u00e7izgilerden olu\u015fan bir daire, \u00e7ekicili\u011fi art\u0131rmak i\u00e7in keskin bir kontrast olu\u015fturur. Kutu y\u00fczeyi net bir \u015fekilde bas\u0131lm\u0131\u015ft\u0131r ve metin d\u00fczeni tasar\u0131m\u0131 basit ve moderndir, bu da marka logosunu geli\u015ftirebilir. Bu ambalaj kutusu giyim, ti\u015f\u00f6rt, konfeksiyon, \u00e7orap ve i\u00e7 \u00e7ama\u015f\u0131r\u0131 ambalajlar\u0131n\u0131z i\u00e7in \u00e7ok uygundur.<\/p>","protected":false},"featured_media":575,"template":"","meta":{"_kad_post_transparent":"default","_kad_post_title":"","_kad_post_layout":"default","_kad_post_sidebar_id":"","_kad_post_content_style":"default","_kad_post_vertical_padding":"default","_kad_post_feature":"","_kad_post_feature_position":"","_kad_post_header":false,"_kad_post_footer":false,"_kad_post_classname":""},"product_brand":[],"product_cat":[15,30,17],"product_tag":[190,192,191],"class_list":{"0":"post-571","1":"product","2":"type-product","3":"status-publish","4":"has-post-thumbnail","6":"product_cat-red-light-therapy","7":"product_cat-dropshipping","8":"product_cat-services","9":"product_tag-clothing-paper-tube","10":"product_tag-socks-underwear-paper-tube-packaging","11":"product_tag-t-shirt-paper-tube-supplier","13":"first","14":"instock","15":"shipping-taxable","16":"product-type-simple","17":"entry","18":"content-bg","19":"loop-entry"},"_links":{"self":[{"href":"https:\/\/red-lighttherapy.com\/tr\/wp-json\/wp\/v2\/product\/571","targetHints":{"allow":["GET"]}}],"collection":[{"href":"https:\/\/red-lighttherapy.com\/tr\/wp-json\/wp\/v2\/product"}],"about":[{"href":"https:\/\/red-lighttherapy.com\/tr\/wp-json\/wp\/v2\/types\/product"}],"wp:featuredmedia":[{"embeddable":true,"href":"https:\/\/red-lighttherapy.com\/tr\/wp-json\/wp\/v2\/media\/575"}],"wp:attachment":[{"href":"https:\/\/red-lighttherapy.com\/tr\/wp-json\/wp\/v2\/media?parent=571"}],"wp:term":[{"taxonomy":"product_brand","embeddable":true,"href":"https:\/\/red-lighttherapy.com\/tr\/wp-json\/wp\/v2\/product_brand?post=571"},{"taxonomy":"product_cat","embeddable":true,"href":"https:\/\/red-lighttherapy.com\/tr\/wp-json\/wp\/v2\/product_cat?post=571"},{"taxonomy":"product_tag","embeddable":true,"href":"https:\/\/red-lighttherapy.com\/tr\/wp-json\/wp\/v2\/product_tag?post=571"}],"curies":[{"name":"wp","href":"https:\/\/api.w.org\/{rel}","templated":true}]}}