{"id":565,"date":"2025-04-12T08:34:45","date_gmt":"2025-04-12T08:34:45","guid":{"rendered":"https:\/\/red-lighttherapy.com\/?post_type=product&#038;p=565"},"modified":"2025-04-12T09:00:36","modified_gmt":"2025-04-12T09:00:36","slug":"custom-child-resistant-vape-cartridge-packaging-box-factory","status":"publish","type":"product","link":"https:\/\/red-lighttherapy.com\/tr\/custom-child-resistant-vape-cartridge-packaging-box-factory\/","title":{"rendered":"\u00d6zel \u00c7ocuk Dayan\u0131kl\u0131 Vape Kartu\u015f Ambalaj Kutusu Fabrikas\u0131"},"content":{"rendered":"<h2 id=\"-child-safe-electronic-cigarette-cartridge-packaging-box-professional-customized-solution-\">\u00d6zel \u00c7ocuk Dayan\u0131kl\u0131 Vape Kartu\u015f Ambalaj Kutusu Fabrikas\u0131<\/h2>\n<h2 id=\"1-double-child-proof-device-compliance-certification-guarantee-\">1.\u00a0<strong>\u00c7ift \u00e7ocuk korumal\u0131 cihaz, uygunluk sertifikas\u0131 garantisi<\/strong><\/h2>\n<ul>\n<li>Evlat edinmek\u00a0<strong>bas-d\u00f6nd\u00fcr a\u00e7\u0131kl\u0131k yap\u0131s\u0131<\/strong>\u00a0veya\u00a0<strong>manyetik \u00e7\u0131t\u00e7\u0131t + s\u00fcrg\u00fcl\u00fc kilit a\u00e7ma tasar\u0131m\u0131<\/strong>\u00a0, pass\u00a0<strong>ABD 16 CFR 1700.20<\/strong>\u00a0ve\u00a0<strong>AB ISO 8317<\/strong>\u00a0\u00e7ocuk koruma test standartlar\u0131. \u00c7ocuklar\u0131n a\u00e7ma ba\u015far\u0131s\u0131zl\u0131k oran\u0131 \u226580%'dir ve yeti\u015fkinler, Avrupa ve Amerika Birle\u015fik Devletleri'nde pazara eri\u015fim gereksinimlerini kar\u015f\u0131layan sezgisel i\u015flemlerle (oklar\u0131 hizalamak, belirli bir kuvvet uygulamak gibi) kolayca a\u00e7abilir.<\/li>\n<li>G\u00f6m\u00fcl\u00fc\u00a0<strong>yanl\u0131\u015f dokunma \u00f6nleyici g\u00fcvenlik kilidi<\/strong>\u00a0\u00c7ocuklar\u0131n yanl\u0131\u015f \u00e7al\u0131\u015fmas\u0131n\u0131 \u00f6nlemek i\u00e7in \u00e7ekmece kutusunun kilidini a\u00e7mak i\u00e7in iki parma\u011f\u0131n birbirine bast\u0131r\u0131lmas\u0131 gerekir.<\/li>\n<\/ul>\n<h2 id=\"2-immersive-pull-out-box-experience-\">2.\u00a0<strong>S\u00fcr\u00fckleyici \u00e7ekmece kutu deneyimi<\/strong><\/h2>\n<ul>\n<li><strong>S\u00f6n\u00fcmleme ray\u0131 + yava\u015f sal\u0131n\u0131ml\u0131 yay<\/strong>\u00a0tasar\u0131m\u0131 sayesinde, kartu\u015f kutusu 0,5 saniye\/cm'lik e\u015fit bir h\u0131zda d\u0131\u015far\u0131 kayar ve\u00a0<strong>yar\u0131 \u015feffaf buzlu pencere<\/strong>\u00dcr\u00fcn\u00fc bir sergi gibi zarif hale getirerek kutu a\u00e7ma t\u00f6reni hissini art\u0131r\u0131r.<\/li>\n<li>Kutu g\u00f6vdesi \u015funlar\u0131 benimser\u00a0<strong>b\u00f6l\u00fcmlere ayr\u0131lm\u0131\u015f \u00e7ekmece yap\u0131s\u0131<\/strong>\u0130lk katmanda marka LOGOSU ve \u00fcr\u00fcn ad\u0131 g\u00f6r\u00fcnt\u00fclenirken, ikinci katman kartu\u015f g\u00f6vdesini kademeli olarak ortaya \u00e7\u0131kararak kullan\u0131c\u0131n\u0131n ke\u015fif e\u011flencesini art\u0131r\u0131r.<\/li>\n<\/ul>\n<h2 id=\"3-visual-friendliness-and-material-safety-\">3.\u00a0<strong>G\u00f6rsel dostluk ve malzeme g\u00fcvenli\u011fi<\/strong><\/h2>\n<ul>\n<li>D\u0131\u015f kutunun ana rengi\u00a0<strong>kirli beyaz mat kaplama<\/strong>bir s\u00fcredir\u00a0<strong>EN71-3 tehlikeli madde testi<\/strong>tahri\u015f edici yans\u0131mas\u0131 yoktur ve uzun s\u00fcreli g\u00f6rsel yorgunlu\u011fu azaltabilir.<\/li>\n<li>Malzeme se\u00e7ilebilir\u00a0<strong>g\u0131da s\u0131n\u0131f\u0131 EVA astar + Likral\u0131 kuma\u015f kaplama<\/strong>\u00a0veya\u00a0<strong>250gsm beyaz karton floklama i\u015flemi<\/strong>hassas bir dokunu\u015fa ve d\u00fc\u015fmeyi \u00f6nleyici yast\u0131klama performans\u0131na sahiptir.<\/li>\n<\/ul>\n<h2 id=\"4-full-dimensional-customization-service-\">4.\u00a0<strong>Tam boyutlu \u00f6zelle\u015ftirme hizmeti<\/strong><\/h2>\n<ul>\n<li><strong>Esnek boyut adaptasyonu<\/strong>: Tekli paketlerden seri setlere kadar uyumlu, \u00b10,3 mm tolerans kontrol\u00fc ile 5-50 kartu\u015flu kutular\u0131n \u00f6zelle\u015ftirilmesini destekler.<\/li>\n<li><strong>Mod\u00fcler astar<\/strong>: Tasar\u0131m\u00a0<strong>EVA \u0131zgara olu\u011fu<\/strong>\u00a0veya\u00a0<strong>s\u00fcnger yuvas\u0131<\/strong>\u00a0S\u0131f\u0131r yer de\u011fi\u015ftirme sabitlemesi elde etmek ve 60% ile nakliye \u015fok direncini art\u0131rmak i\u00e7in kartu\u015fun \u015fekline g\u00f6re (silindir \/ kare kutu \/ \u00f6zel \u015fekil).<\/li>\n<li><strong>Markaya \u00f6zel tasar\u0131m<\/strong>: Sa\u011flay\u0131n\u00a0<strong>lazer lazer LOGO<\/strong>,\u00a0<strong>UV kabartmal\u0131 doku<\/strong>\u00a0ve\u00a0<strong>serigrafi bask\u0131<\/strong>\u00a0s\u00fcre\u00e7leri, Amazon ve ba\u011f\u0131ms\u0131z istasyonlar gibi platformlar i\u00e7in uygun etiket bask\u0131s\u0131n\u0131 destekler.<\/li>\n<\/ul>\n<h2 id=\"5-global-compliance-support-\">5.\u00a0<strong>K\u00fcresel uyumluluk deste\u011fi<\/strong><\/h2>\n<ul>\n<li>Sa\u011flamak\u00a0<strong>TBM (ABD)<\/strong>,\u00a0<strong>CE (AB)<\/strong>\u00a0ve\u00a0<strong>CSA Z76.1 (Kanada)<\/strong>\u00a0Kenevir t\u00fcrevi \u00fcr\u00fcnlerin s\u0131n\u0131r \u00f6tesi dola\u015f\u0131m\u0131n\u0131n yasall\u0131\u011f\u0131n\u0131 sa\u011flamak i\u00e7in ambalaj alev geciktiricili\u011fi ve kimyasal migrasyon gibi test raporlar\u0131n\u0131 kapsayan sertifika belgeleri.<\/li>\n<\/ul>\n<h2 id=\"-service-advantages-\"><strong>Hizmet Avantajlar\u0131<\/strong><\/h2>\n<ul>\n<li><strong>16 y\u0131ll\u0131k do\u011frudan fabrika i\u015fletimi<\/strong>G\u00fcnl\u00fck 1.000.000 adet \u00fcretim kapasitesi, minimum 500 adet sipari\u015f deste\u011fi ve 7-14 g\u00fcn i\u00e7inde son derece h\u0131zl\u0131 teslimat.<\/li>\n<li><strong>Tam s\u00fcre\u00e7 g\u00fc\u00e7lendirme<\/strong>\u00c7izim tasar\u0131m\u0131ndan, provadan seri \u00fcretime kadar, 1'e 1 sat\u0131\u015f dan\u0131\u015fmanlar\u0131 ve kalite kontrol ekipleri ile donat\u0131lm\u0131\u015f\u00a0<strong>ambalaj tasar\u0131m-\u00fcretim-lojistik<\/strong>\u00a0kapal\u0131 d\u00f6ng\u00fc hizmetleri.<\/li>\n<\/ul>","protected":false},"excerpt":{"rendered":"<p>\u00c7ekmeceli ka\u011f\u0131t \u00e7ocuk korumal\u0131 esrar vape ambalaj\u0131m\u0131z, \u00e7ocuklar\u0131n a\u00e7mas\u0131n\u0131n zor ancak yeti\u015fkinlerin a\u00e7mas\u0131n\u0131n kolay olmas\u0131n\u0131 sa\u011flamak i\u00e7in \u00e7ocuklara dayan\u0131kl\u0131 bir cihazla donat\u0131lm\u0131\u015ft\u0131r. Yasa ve y\u00f6netmeliklerle tamamen uyumludur. Kenevir vape \u00fcr\u00fcn ambalaj\u0131n\u0131za uyacak \u015fekilde son derece \u00f6zelle\u015ftirilebilir.<\/p>","protected":false},"featured_media":569,"template":"","meta":{"_kad_post_transparent":"default","_kad_post_title":"","_kad_post_layout":"default","_kad_post_sidebar_id":"","_kad_post_content_style":"default","_kad_post_vertical_padding":"default","_kad_post_feature":"","_kad_post_feature_position":"","_kad_post_header":false,"_kad_post_footer":false,"_kad_post_classname":""},"product_brand":[],"product_cat":[15,40,17],"product_tag":[188,189,169],"class_list":{"0":"post-565","1":"product","2":"type-product","3":"status-publish","4":"has-post-thumbnail","6":"product_cat-red-light-therapy","7":"product_cat-red-light-therapy-panel","8":"product_cat-services","9":"product_tag-custom-1ml-vape-cartridge-packaging","10":"product_tag-custom-disposable-vape-boxes","11":"product_tag-vape-cartridge-packaging","13":"first","14":"instock","15":"shipping-taxable","16":"product-type-simple","17":"entry","18":"content-bg","19":"loop-entry"},"_links":{"self":[{"href":"https:\/\/red-lighttherapy.com\/tr\/wp-json\/wp\/v2\/product\/565","targetHints":{"allow":["GET"]}}],"collection":[{"href":"https:\/\/red-lighttherapy.com\/tr\/wp-json\/wp\/v2\/product"}],"about":[{"href":"https:\/\/red-lighttherapy.com\/tr\/wp-json\/wp\/v2\/types\/product"}],"wp:featuredmedia":[{"embeddable":true,"href":"https:\/\/red-lighttherapy.com\/tr\/wp-json\/wp\/v2\/media\/569"}],"wp:attachment":[{"href":"https:\/\/red-lighttherapy.com\/tr\/wp-json\/wp\/v2\/media?parent=565"}],"wp:term":[{"taxonomy":"product_brand","embeddable":true,"href":"https:\/\/red-lighttherapy.com\/tr\/wp-json\/wp\/v2\/product_brand?post=565"},{"taxonomy":"product_cat","embeddable":true,"href":"https:\/\/red-lighttherapy.com\/tr\/wp-json\/wp\/v2\/product_cat?post=565"},{"taxonomy":"product_tag","embeddable":true,"href":"https:\/\/red-lighttherapy.com\/tr\/wp-json\/wp\/v2\/product_tag?post=565"}],"curies":[{"name":"wp","href":"https:\/\/api.w.org\/{rel}","templated":true}]}}