{"id":559,"date":"2025-04-12T08:13:57","date_gmt":"2025-04-12T08:13:57","guid":{"rendered":"https:\/\/red-lighttherapy.com\/?post_type=product&#038;p=559"},"modified":"2025-04-12T08:34:31","modified_gmt":"2025-04-12T08:34:31","slug":"wholesale-premium-custom-perfume-cosmetic-boxes-supplies","status":"publish","type":"product","link":"https:\/\/red-lighttherapy.com\/tr\/wholesale-premium-custom-perfume-cosmetic-boxes-supplies\/","title":{"rendered":"Toptan Premium \u00d6zel Parf\u00fcm Kozmetik Kutular\u0131 Malzemeleri"},"content":{"rendered":"<h2 id=\"-customized-perfume-and-cosmetics-box-product-description-\"><strong>\u00d6zelle\u015ftirilmi\u015f parf\u00fcm ve kozmetik kutusu \u00fcr\u00fcn a\u00e7\u0131klamas\u0131<\/strong><\/h2>\n<p>\u00dcst d\u00fczey parf\u00fcm ve kozmetik ambalajlar\u0131n\u0131n ihtiya\u00e7lar\u0131n\u0131 kar\u015f\u0131lamak i\u00e7in i\u015flevsellik, estetik ve marka de\u011ferini bir araya getiren ve toptan m\u00fc\u015fteriler i\u00e7in a\u015fa\u011f\u0131daki temel avantajlar\u0131 yaratan \u00f6zelle\u015ftirilmi\u015f ambalaj \u00e7\u00f6z\u00fcmlerini piyasaya s\u00fcrd\u00fck:<\/p>\n<h2 id=\"1-coated-paper-material-sturdy-and-durable-\">1.\u00a0<strong>Kaplamal\u0131 ka\u011f\u0131t malzeme, sa\u011flam ve dayan\u0131kl\u0131<\/strong><\/h2>\n<p>Malzeme, p\u00fcr\u00fczs\u00fcz ve hassas bir y\u00fczeye ve 95%'den fazla bask\u0131 rengi yeniden \u00fcretim oran\u0131na sahip y\u00fcksek a\u011f\u0131rl\u0131kl\u0131 ku\u015fe ka\u011f\u0131ttan yap\u0131lm\u0131\u015ft\u0131r. Ka\u011f\u0131t m\u00fckemmel sertlik ve y\u00fck ta\u015f\u0131ma performans\u0131na sahiptir. Tek bir kutu 1,5 kg'a kadar y\u00fck ta\u015f\u0131yabilir, bu da cam \u015fi\u015feler ve seramik \u015fi\u015feler gibi \u00e7e\u015fitli k\u0131r\u0131lgan kaplar\u0131n g\u00fcvenli bir \u015fekilde paketlenmesi i\u00e7in uygundur ve \u00e7ok katmanl\u0131 istifleme ekran\u0131 ihtiya\u00e7lar\u0131n\u0131 kar\u015f\u0131lar.<\/p>\n<h2 id=\"2-herm-s-orange-design-strong-visual-impact-\">2.\u00a0<strong>Herm\u00e8s turuncu tasar\u0131m, g\u00fc\u00e7l\u00fc g\u00f6rsel etki<\/strong><\/h2>\n<p>D\u0131\u015f kutu, rafta \"g\u00f6rsel bir odak\" olu\u015fturmak i\u00e7in mat tutkal veya s\u0131cak damgalama teknolojisi ile birlikte ikonik Herm\u00e8s turuncusunu kullan\u0131r. Turuncu canl\u0131l\u0131k ve l\u00fcks\u00fc sembolize eder ve marka tan\u0131n\u0131rl\u0131\u011f\u0131n\u0131 etkili bir \u015fekilde art\u0131rabilir. Veriler, turuncu tonlu ambalajlar\u0131n t\u00fcketicinin rafta kalma oran\u0131n\u0131 20% oran\u0131nda art\u0131rabildi\u011fini g\u00f6stermektedir. Kutu tipi, \u00fcst ve alt kapaklar ve \u00e7evirmeli kapaklar gibi \u00e7e\u015fitli a\u00e7ma y\u00f6ntemlerini destekler ve kutu a\u00e7ma t\u00f6reni hissini geli\u015ftirmek i\u00e7in s\u0131cak damgalama LOGO veya kabartmal\u0131 dokularla e\u015fle\u015ftirilir.<\/p>\n<h2 id=\"3-customized-protection-of-eva-lining-\">3.\u00a0<strong>EVA astar\u0131n \u00f6zelle\u015ftirilmi\u015f korumas\u0131<\/strong><\/h2>\n<p>Astar, end\u00fcstri standard\u0131n\u0131n 1,5 kat\u0131 darbe direncine sahip olan ve ta\u015f\u0131ma titre\u015fim enerjisinin 70%'sini emebilen y\u00fcksek yo\u011funluklu EVA malzemeden yap\u0131lm\u0131\u015ft\u0131r. 25\u00b0 ila 80\u00b0 sertlik se\u00e7enekleri sunar ve yer de\u011fi\u015ftirmeden sabitlemeyi sa\u011flamak i\u00e7in parf\u00fcm \u015fi\u015fesinin \u015fekli i\u00e7in \u00f6zelle\u015ftirilmi\u015f oluk tasar\u0131m\u0131 sa\u011flar; y\u00fczey, hem koruma hem de \u00fcst d\u00fczey dokunu\u015f dikkate al\u0131narak floklu (kadife dokusu gibi) veya mat buzlu olabilir.<\/p>\n<h2 id=\"4-diversified-printing-and-creative-design-\">4.\u00a0<strong>\u00c7e\u015fitlendirilmi\u015f bask\u0131 ve yarat\u0131c\u0131 tasar\u0131m<\/strong><\/h2>\n<p>CMYK d\u00f6rt renkli bask\u0131, k\u0131smi UV, 3D kabartma ve di\u011fer i\u015flemleri destekler ve sanatsal ill\u00fcstrasyonlar, minimalist geometri veya markaya \u00f6zel k\u00fclt\u00fcrel unsurlarla entegre edilebilir. \u00d6rne\u011fin:<\/p>\n<ul>\n<li><strong>Festival temas\u0131<\/strong>: S\u0131n\u0131rl\u0131 say\u0131da \u00fcretilen hediye kutular\u0131 olu\u015fturmak i\u00e7in s\u0131cak damgalama kar taneleri ve \u00e7i\u00e7ek desenleri ile birle\u015ftirilir;<\/li>\n<li><strong>\u00c7evre koruma konsepti<\/strong>: Yenilenebilir m\u00fcrekkeplerle bask\u0131 ve bozunabilir malzeme logolar\u0131 ile e\u015fle\u015ftirme;<\/li>\n<li><strong>Ak\u0131ll\u0131 etkile\u015fim<\/strong>: AR QR kodunu yerle\u015ftirin, marka hikayesine veya kullan\u0131m e\u011fitimine atlamak i\u00e7in kodu taray\u0131n.<\/li>\n<\/ul>\n<h2 id=\"5-one-stop-service-and-detail-control-\">5.\u00a0<strong>Tek elden hizmet ve detay kontrol\u00fc<\/strong><\/h2>\n<p>20 y\u0131ll\u0131k ambalaj ve bask\u0131 deneyimimize g\u00fcvenerek, tasar\u0131mdan provaya ve seri \u00fcretime kadar tam s\u00fcre\u00e7li hizmetler sunuyoruz:<\/p>\n<ul>\n<li><strong>Yap\u0131sal optimizasyon<\/strong>: 3D modelleme ile kutu y\u00fck ta\u015f\u0131ma ve a\u00e7\u0131lma ve kapanma d\u00fczg\u00fcnl\u00fc\u011f\u00fcn\u00fc do\u011frulay\u0131n;<\/li>\n<li><strong>Kalite denetimi<\/strong>: Laboratuvar, nakliye g\u00fcvenli\u011fini sa\u011flamak i\u00e7in s\u0131k\u0131\u015ft\u0131rma, nem ge\u00e7irmezlik ve d\u00fc\u015fme testlerini tamamlar;<\/li>\n<li><strong>Esnek \u00fcretim<\/strong>: Minimum 500 sipari\u015f, b\u00fcy\u00fck miktar ve iyi fiyat ve 7-15 g\u00fcn i\u00e7inde h\u0131zl\u0131 teslimat\u0131 destekler.<\/li>\n<\/ul>\n<h2 id=\"-why-choose-us-\"><strong>Neden bizi se\u00e7melisiniz?<\/strong><\/h2>\n<ul>\n<li><strong>Profesyonel ekip<\/strong>: Tasar\u0131mc\u0131lar ve m\u00fchendisler, estetik ve pratikli\u011fi dengeleyerek ortakla\u015fa geli\u015ftirirler;<\/li>\n<li><strong>Maliyet avantaj\u0131<\/strong>: Fabrika do\u011frudan i\u015fletimi, ara ba\u011flant\u0131lar\u0131n azalt\u0131lmas\u0131 ve kapsaml\u0131 maliyetlerin 15%-30% ile azalt\u0131lmas\u0131;<\/li>\n<li><strong>Sat\u0131\u015f sonras\u0131 garanti<\/strong>: Nakliye hasar\u0131n\u0131 veya i\u015f\u00e7ilik kusurlar\u0131n\u0131 \u00e7\u00f6zmek i\u00e7in iade sipari\u015fi geri sat\u0131n alma hizmeti sa\u011flay\u0131n.<\/li>\n<\/ul>","protected":false},"excerpt":{"rendered":"<p>\u00c7ekmeceli ka\u011f\u0131t kutu tasar\u0131m\u0131 Kayd\u0131rarak a\u00e7\u0131n Kutudan \u00e7\u0131karma deneyimini geli\u015ftirin. Kutu g\u00f6vdesi Herm\u00e8s turuncusudur ve hem canl\u0131l\u0131\u011fa hem de s\u0131cakl\u0131\u011fa sahiptir. Raf vitrininde m\u00fc\u015fterilerin dikkatini \u00e7ekebilir. Astar, s\u0131f\u0131r \u00fcr\u00fcn hareketi elde etmek ve parf\u00fcm ve kozmetik \u015fi\u015felerinizi hasardan korumak i\u00e7in ihtiya\u00e7lar\u0131n\u0131za g\u00f6re \u00f6zelle\u015ftirilebilir<\/p>","protected":false},"featured_media":562,"template":"","meta":{"_kad_post_transparent":"default","_kad_post_title":"","_kad_post_layout":"default","_kad_post_sidebar_id":"","_kad_post_content_style":"default","_kad_post_vertical_padding":"default","_kad_post_feature":"","_kad_post_feature_position":"","_kad_post_header":false,"_kad_post_footer":false,"_kad_post_classname":""},"product_brand":[],"product_cat":[15,28,20,17],"product_tag":[186,185,187],"class_list":{"0":"post-559","1":"product","2":"type-product","3":"status-publish","4":"has-post-thumbnail","6":"product_cat-red-light-therapy","7":"product_cat-customize","8":"product_cat-led-face-light-therapy","9":"product_cat-services","10":"product_tag-cosmetic-boxes-supplies","11":"product_tag-custom-perfume-boxes","12":"product_tag-wholesale-premium-boxes","14":"first","15":"instock","16":"shipping-taxable","17":"product-type-simple","18":"entry","19":"content-bg","20":"loop-entry"},"_links":{"self":[{"href":"https:\/\/red-lighttherapy.com\/tr\/wp-json\/wp\/v2\/product\/559","targetHints":{"allow":["GET"]}}],"collection":[{"href":"https:\/\/red-lighttherapy.com\/tr\/wp-json\/wp\/v2\/product"}],"about":[{"href":"https:\/\/red-lighttherapy.com\/tr\/wp-json\/wp\/v2\/types\/product"}],"wp:featuredmedia":[{"embeddable":true,"href":"https:\/\/red-lighttherapy.com\/tr\/wp-json\/wp\/v2\/media\/562"}],"wp:attachment":[{"href":"https:\/\/red-lighttherapy.com\/tr\/wp-json\/wp\/v2\/media?parent=559"}],"wp:term":[{"taxonomy":"product_brand","embeddable":true,"href":"https:\/\/red-lighttherapy.com\/tr\/wp-json\/wp\/v2\/product_brand?post=559"},{"taxonomy":"product_cat","embeddable":true,"href":"https:\/\/red-lighttherapy.com\/tr\/wp-json\/wp\/v2\/product_cat?post=559"},{"taxonomy":"product_tag","embeddable":true,"href":"https:\/\/red-lighttherapy.com\/tr\/wp-json\/wp\/v2\/product_tag?post=559"}],"curies":[{"name":"wp","href":"https:\/\/api.w.org\/{rel}","templated":true}]}}