{"id":546,"date":"2025-04-12T07:30:15","date_gmt":"2025-04-12T07:30:15","guid":{"rendered":"https:\/\/red-lighttherapy.com\/?post_type=product&#038;p=546"},"modified":"2025-04-12T08:13:49","modified_gmt":"2025-04-12T08:13:49","slug":"custom-lipstick-lip-balm-gloss-paper-tube-packaging-supplier","status":"publish","type":"product","link":"https:\/\/red-lighttherapy.com\/tr\/custom-lipstick-lip-balm-gloss-paper-tube-packaging-supplier\/","title":{"rendered":"\u00d6zel Ruj Dudak Balsam\u0131 Parlak Ka\u011f\u0131t T\u00fcp Ambalaj Tedarik\u00e7isi"},"content":{"rendered":"<h2 id=\"-customized-lipstick-and-lip-balm-glossy-paper-tube-packaging-product-description-\"><strong>\u00d6zelle\u015ftirilmi\u015f ruj ve dudak kremi parlak ka\u011f\u0131t t\u00fcp ambalaj \u00fcr\u00fcn a\u00e7\u0131klamas\u0131<\/strong><\/h2>\n<h2 id=\"-1-structural-design-cylindrical-top-and-bottom-lid-box-easy-to-operate-with-one-hand-\"><strong>1. Yap\u0131sal tasar\u0131m: silindirik \u00fcst ve alt kapak kutusu, tek elle kullan\u0131m\u0131 kolay<\/strong><\/h2>\n<ul>\n<li>Ayr\u0131lm\u0131\u015f \u00fcst ve alt kapaklara sahip silindirik \u00fcst ve alt kapak yap\u0131s\u0131, a\u00e7ma ve kapama deneyimini optimize eder ve ergonomik tasar\u0131ma uygun olarak tek elle kolayca \u00e7al\u0131\u015ft\u0131r\u0131labilir.<\/li>\n<li>Ki\u015fiselle\u015ftirilmi\u015f boyut \u00f6zelle\u015ftirmesini destekler (\u00e7ap 15-32mm, y\u00fckseklik 50-150mm gibi), farkl\u0131 \u00f6zelliklere sahip ruj ve dudak kremi \u00fcr\u00fcnleri i\u00e7in uygundur.<\/li>\n<\/ul>\n<h2 id=\"-2-visual-aesthetics-red-and-pink-contrast-and-artistic-lines-\"><strong>2. G\u00f6rsel estetik: k\u0131rm\u0131z\u0131 ve pembe kontrast\u0131 ve sanatsal \u00e7izgiler<\/strong><\/h2>\n<ul>\n<li>Ana renk, gen\u00e7 ve modaya uygun bir g\u00f6rsel etki yaratmak i\u00e7in degrade veya birle\u015ftirme teknolojisi ile birle\u015ftirilen y\u00fcksek doygunlukta k\u0131rm\u0131z\u0131 ve pembedir.<\/li>\n<li>Kutu g\u00f6vdesi p\u00fcr\u00fczs\u00fcz sanatsal \u00e7izgiler veya geometrik desenler i\u00e7eriyor ve kontrast renk tasar\u0131m\u0131 g\u00fczellik temas\u0131n\u0131 g\u00fc\u00e7lendiriyor ve markan\u0131n canl\u0131l\u0131\u011f\u0131n\u0131 ve sanatsal duygusunu aktar\u0131yor.<\/li>\n<\/ul>\n<h2 id=\"-3-craft-details-hot-silver-logo-and-layering-enhancement-\"><strong>3. El i\u015fi detaylar\u0131: s\u0131cak g\u00fcm\u00fc\u015f logo ve katman geli\u015ftirme<\/strong><\/h2>\n<ul>\n<li>S\u0131cak g\u00fcm\u00fc\u015f teknolojisi, marka LOGO'su ve metin logosu gibi ayr\u0131nt\u0131lar\u0131 do\u011fru bir \u015fekilde sunmak i\u00e7in kullan\u0131l\u0131r, k\u00fc\u00e7\u00fck desenlerin net ve hassas olmas\u0131n\u0131 ve dokunu\u015fun \u00fc\u00e7 boyutlu ve katmanlar a\u00e7\u0131s\u0131ndan zengin olmas\u0131n\u0131 sa\u011flar.<\/li>\n<li>UV kaplama, mat film ve di\u011fer y\u00fczey i\u015fleme s\u00fcre\u00e7leri doku ve a\u015f\u0131nma direncini art\u0131rmak i\u00e7in \u00fcst \u00fcste bindirilebilir.<\/li>\n<\/ul>\n<h2 id=\"-4-material-and-printing-full-dimensional-customized-service-\"><strong>4. Malzeme ve bask\u0131: tam boyutlu \u00f6zelle\u015ftirilmi\u015f hizmet<\/strong><\/h2>\n<ul>\n<li><strong>Malzeme se\u00e7imi<\/strong>: Dayan\u0131kl\u0131l\u0131k ve s\u00fcrd\u00fcr\u00fclebilirli\u011fi g\u00f6z \u00f6n\u00fcnde bulundurarak \u00e7evre dostu kraft ka\u011f\u0131t, par\u00e7alanabilir plastik, beyaz karton ve di\u011fer alt tabakalar\u0131 sa\u011flay\u0131n.<\/li>\n<li><strong>Bask\u0131 s\u00fcreci<\/strong>: Renkli bask\u0131, kabartma, UV yerel parlak y\u00fczey ve di\u011fer i\u015flemleri destekler, karma\u015f\u0131k desenlere ve marka renk gereksinimlerine uyum sa\u011flar.<\/li>\n<\/ul>\n<h2 id=\"-5-production-and-quality-control-efficient-and-stable-large-scale-delivery-capabilities-\"><strong>5. \u00dcretim ve kalite kontrol: verimli ve istikrarl\u0131 b\u00fcy\u00fck \u00f6l\u00e7ekli teslimat yetenekleri<\/strong><\/h2>\n<ul>\n<li><strong>Otomatik \u00fcretim hatt\u0131<\/strong>: Tam otomatik enjeksiyon kal\u0131plama, bask\u0131 ve montaj ekipmanlar\u0131 ile donat\u0131lm\u0131\u015f, g\u00fcnl\u00fck 5 milyon par\u00e7adan fazla \u00fcretim kapasitesine sahip, acil sipari\u015flere h\u0131zl\u0131 yan\u0131t vermeyi destekleyen.<\/li>\n<li><strong>Kalite sistemi<\/strong>: Hammadde tedarikinden (MSDS sertifikal\u0131 \u00e7evre dostu m\u00fcrekkepler gibi) bitmi\u015f \u00fcr\u00fcn teslimat\u0131na kadar, boyutsal hatan\u0131n \u22640,1 mm ve bask\u0131 renk fark\u0131n\u0131n \u0394E\u22641,5 olmas\u0131n\u0131 sa\u011flamak i\u00e7in 12 denetim s\u00fcreci uygulanmaktad\u0131r.<\/li>\n<\/ul>\n<h2 id=\"-6-value-added-services-one-stop-brand-empowerment-\"><strong>6. Katma de\u011ferli hizmetler: tek noktadan marka g\u00fc\u00e7lendirme<\/strong><\/h2>\n<ul>\n<li>OEM\/ODM hizmetleri sa\u011flay\u0131n, kal\u0131p \u00f6zelle\u015ftirmesini, \u00f6zel etiket yetkilendirmesini ve s\u0131n\u0131r \u00f6tesi \u00f6zel kullan\u0131m\u0131 destekleyin.<\/li>\n<li>Destekleyici d\u0131\u015f ambalaj \u00e7\u00f6z\u00fcmleri (toz torbalar\u0131, \u015ferit ka\u011f\u0131t kutular, EVA i\u00e7 tepsiler gibi) ve nakliye kay\u0131plar\u0131n\u0131 azaltmak i\u00e7in lojistik optimizasyonu sa\u011flay\u0131n.<\/li>\n<\/ul>","protected":false},"excerpt":{"rendered":"<p>Kapakl\u0131 ve tabanl\u0131 ka\u011f\u0131t t\u00fcp ambalaj, tek elle kullan\u0131m\u0131 kolay olan \u00fcst ve alt kapaklar\u0131n ayr\u0131 bir yap\u0131s\u0131n\u0131 benimser. Kutu g\u00f6vdesi, g\u00fc\u00e7l\u00fc bir g\u00f6rsel etkiye sahip olan ve gen\u00e7 ve modaya uygun bir markan\u0131n tonuna uyan a\u011f\u0131rl\u0131kl\u0131 olarak k\u0131rm\u0131z\u0131 ve pembedir.<\/p>","protected":false},"featured_media":548,"template":"","meta":{"_kad_post_transparent":"default","_kad_post_title":"","_kad_post_layout":"default","_kad_post_sidebar_id":"","_kad_post_content_style":"default","_kad_post_vertical_padding":"default","_kad_post_feature":"","_kad_post_feature_position":"","_kad_post_header":false,"_kad_post_footer":false,"_kad_post_classname":""},"product_brand":[],"product_cat":[15,28,17],"product_tag":[184,183,182],"class_list":{"0":"post-546","1":"product","2":"type-product","3":"status-publish","4":"has-post-thumbnail","6":"product_cat-red-light-therapy","7":"product_cat-customize","8":"product_cat-services","9":"product_tag-custom-lipstick-lip-balm-packaging-supplier","10":"product_tag-lip-balm-packaging","11":"product_tag-lipstick-paper-tube","13":"first","14":"instock","15":"shipping-taxable","16":"product-type-simple","17":"entry","18":"content-bg","19":"loop-entry"},"_links":{"self":[{"href":"https:\/\/red-lighttherapy.com\/tr\/wp-json\/wp\/v2\/product\/546","targetHints":{"allow":["GET"]}}],"collection":[{"href":"https:\/\/red-lighttherapy.com\/tr\/wp-json\/wp\/v2\/product"}],"about":[{"href":"https:\/\/red-lighttherapy.com\/tr\/wp-json\/wp\/v2\/types\/product"}],"wp:featuredmedia":[{"embeddable":true,"href":"https:\/\/red-lighttherapy.com\/tr\/wp-json\/wp\/v2\/media\/548"}],"wp:attachment":[{"href":"https:\/\/red-lighttherapy.com\/tr\/wp-json\/wp\/v2\/media?parent=546"}],"wp:term":[{"taxonomy":"product_brand","embeddable":true,"href":"https:\/\/red-lighttherapy.com\/tr\/wp-json\/wp\/v2\/product_brand?post=546"},{"taxonomy":"product_cat","embeddable":true,"href":"https:\/\/red-lighttherapy.com\/tr\/wp-json\/wp\/v2\/product_cat?post=546"},{"taxonomy":"product_tag","embeddable":true,"href":"https:\/\/red-lighttherapy.com\/tr\/wp-json\/wp\/v2\/product_tag?post=546"}],"curies":[{"name":"wp","href":"https:\/\/api.w.org\/{rel}","templated":true}]}}