{"id":539,"date":"2025-04-12T07:12:46","date_gmt":"2025-04-12T07:12:46","guid":{"rendered":"https:\/\/red-lighttherapy.com\/?post_type=product&#038;p=539"},"modified":"2025-04-12T07:30:03","modified_gmt":"2025-04-12T07:30:03","slug":"custom-wine-glasses-cup-drinkware-lid-and-base-box-wholesale","status":"publish","type":"product","link":"https:\/\/red-lighttherapy.com\/tr\/custom-wine-glasses-cup-drinkware-lid-and-base-box-wholesale\/","title":{"rendered":"\u00d6zel \u015earap Kadehleri Bardak Drinkware Kapak ve Taban Kutusu Toptan Sat\u0131\u015f"},"content":{"rendered":"<h2 id=\"-customized-wine-glasses-and-wineware-box-with-lid-and-top-cover-product-description-\"><strong>\u00d6zel \u015earap Bardaklar\u0131 Bardak \u0130\u00e7ecek Kapa\u011f\u0131 ve Taban Kutusu Toptan Sat\u0131\u015f \u00dcr\u00fcn A\u00e7\u0131klamas\u0131<\/strong><\/h2>\n<h2 id=\"-1-innovative-box-design-with-lid-and-top-cover-\"><strong>1. Kapakl\u0131 ve \u00fcst kapakl\u0131 yenilik\u00e7i kutu tasar\u0131m\u0131<\/strong><\/h2>\n<p>Evlat Edinme\u00a0<strong>\u00dcst ve alt kapaklar\u0131n ayr\u0131k yap\u0131s\u0131<\/strong>Kolayl\u0131k ve rit\u00fcel duygusu g\u00f6z \u00f6n\u00fcnde bulundurularak tek elle kolayca a\u00e7\u0131l\u0131p kapat\u0131labilir. Kutunun i\u00e7i, \u015farap kadehinin boyutuna g\u00f6re hassas bir \u015fekilde \u00f6zelle\u015ftirilmi\u015ftir ve EVA s\u00fcnger veya blister astar ile sabitlenmi\u015ftir.\u00a0<strong>s\u0131f\u0131r yer de\u011fi\u015ftirme \u015fok korumas\u0131<\/strong>\u00a0Ta\u015f\u0131ma s\u0131ras\u0131nda cam \u00fcr\u00fcnlerin g\u00fcvenli ve hasars\u0131z olmas\u0131n\u0131 sa\u011flar.<\/p>\n<h2 id=\"-2-three-dimensional-hot-stamping-process-details-highlight-the-brand-\"><strong>2. \u00dc\u00e7 boyutlu s\u0131cak damgalama i\u015flemi, detaylar markay\u0131 vurgular<\/strong><\/h2>\n<p>Kullanma\u00a0<strong>y\u00fcksek hassasiyetli \u00fc\u00e7 boyutlu s\u0131cak damgalama teknolojisi<\/strong>mikron d\u00fczeyinde marka LOGO'su, desen veya metin sunabilir, karma\u015f\u0131k \u00e7izgiler ve k\u00fc\u00e7\u00fck desenler bile net bir \u015fekilde g\u00f6r\u00fcnt\u00fclenebilir, ambalaj kutusuna\u00a0<strong>metal doku ve \u00fc\u00e7 boyutlu katmanlar<\/strong>. Serigrafi bask\u0131, kabartma ve di\u011fer i\u015flemlerle birle\u015ftirildi\u011finde g\u00f6rsel etkiyi art\u0131r\u0131r ve markan\u0131n \u00fcst d\u00fczey imaj\u0131n\u0131 geli\u015ftirmeye yard\u0131mc\u0131 olur.<\/p>\n<h2 id=\"-3-one-stop-customization-service-worry-free-throughout-the-process-\"><strong>3. Tek elden \u00f6zelle\u015ftirme hizmeti, s\u00fcre\u00e7 boyunca endi\u015fesiz<\/strong><\/h2>\n<ul>\n<li><strong>Hassas boyut adaptasyonu<\/strong>: 3oz'dan 10oz'a (85ml-285ml) kadar tam boy \u015farap kadehlerinin \u00f6zelle\u015ftirilmesini destekler ve astar\u0131n ve \u015farap kadehlerinin 1:1 olmas\u0131n\u0131 sa\u011flamak i\u00e7in m\u00fc\u015fteri \u00e7izimlerine veya \u00f6rneklerine g\u00f6re kal\u0131plar geli\u015ftirir\u00a0<strong>sorunsuz uyum<\/strong>.<\/li>\n<li><strong>\u00dccretsiz tasar\u0131m deste\u011fi<\/strong>: Profesyonel ekip, farkl\u0131la\u015ft\u0131r\u0131lm\u0131\u015f ambalajlar olu\u015fturmak i\u00e7in marka tonunu entegre ederek ambalaj yap\u0131s\u0131 ve g\u00f6rsel \u015fema tasar\u0131m\u0131 sa\u011flar.<\/li>\n<li><strong>Numune kalitesi \u00f6n incelemesi<\/strong>: \u00dccretsiz numuneler kalite kontrol raporlar\u0131 ile birlikte g\u00f6nderilir ve onayland\u0131ktan sonra seri \u00fcretim ger\u00e7ekle\u015ftirilir.<\/li>\n<\/ul>\n<h2 id=\"-4-intelligent-production-guarantees-efficiency-and-quality-\"><strong>4. Ak\u0131ll\u0131 \u00fcretim verimlili\u011fi ve kaliteyi garanti eder<\/strong><\/h2>\n<p>G\u00fcvenmek\u00a0<strong>16 y\u0131ll\u0131k sekt\u00f6r deneyimi<\/strong>\u00a0ve\u00a0<strong>ak\u0131ll\u0131 \u00fcretim y\u00f6netim sistemi<\/strong>Hammadde tedarikinden bitmi\u015f \u00fcr\u00fcn teslimat\u0131na kadar t\u00fcm s\u00fcre\u00e7 otomatik ve kontroll\u00fcd\u00fcr. Fabrika, sipari\u015flerin zaman\u0131nda teslim edilmesini ve 99.8%'lik bir \u00fcr\u00fcn yeterlilik oran\u0131n\u0131 sa\u011flamak i\u00e7in ERP sipari\u015f takibi ve MES \u00fcretim y\u00fcr\u00fctme sistemi ile donat\u0131lm\u0131\u015ft\u0131r.<\/p>\n<h2 id=\"-5-successful-cases-and-word-of-mouth-endorsement-\"><strong>5. Ba\u015far\u0131l\u0131 vakalar ve a\u011f\u0131zdan a\u011f\u0131za destek<\/strong><\/h2>\n<p>Hizmet kapsam\u0131\u00a0<strong>beyaz \u015farap, k\u0131rm\u0131z\u0131 \u015farap, \u00fcst d\u00fczey yabanc\u0131 \u015farap markalar\u0131<\/strong>ve kooperatif m\u00fc\u015fterileri aras\u0131nda tan\u0131nm\u0131\u015f \u015farap \u015firketleri ve s\u0131n\u0131r \u00f6tesi ihracat\u00e7\u0131lar bulunmaktad\u0131r. ile\u00a0<strong>kaynak fabrika do\u011frudan tedarik<\/strong>\u00a0avantaj\u0131yla, k\u00fc\u00e7\u00fck parti deneme sipari\u015flerini ve b\u00fcy\u00fck \u00f6l\u00e7ekli seri \u00fcretimi destekleyen uygun maliyetli \u00e7\u00f6z\u00fcmler sunuyoruz.<\/p>\n<h2 id=\"-why-choose-us-\"><strong>Neden bizi se\u00e7melisiniz?<\/strong><\/h2>\n<p>\u2705\u00a0<strong>\u00dccretsiz tasar\u0131m + \u00fccretsiz prova<\/strong>\u0130htiya\u00e7lara 48 saat i\u00e7inde h\u0131zl\u0131 yan\u0131t<br \/>\n\u2705\u00a0<strong>ISO sertifikal\u0131 fabrika<\/strong>s\u0131n\u0131r \u00f6tesi ihracat \u00e7evre koruma standartlar\u0131na uygun olarak<br \/>\n\u2705\u00a0<strong>100% depolamadan \u00f6nce kalite kontrol\u00fc<\/strong>, s\u00f6z verilen k\u0131r\u0131lma oran\u0131 0,1%'den az<\/p>","protected":false},"excerpt":{"rendered":"<p>Kapak ve taban kutu tipi, tek elle kullan\u0131m\u0131 kolay olan \u00fcst ve alt kapaklar\u0131 ay\u0131rma y\u00f6ntemini benimser. S\u0131cak damgalama i\u015flemi, ince i\u015f\u00e7ili\u011fi m\u00fc\u015fterilerin \u00f6n\u00fcnde m\u00fckemmel bir \u015fekilde sergileyebilir ve markan\u0131z\u0131n pop\u00fclerli\u011fini art\u0131rabilir. \u015earap kadehlerinize ve \u015farap gere\u00e7leri ambalajlar\u0131n\u0131za uyacak \u015fekilde son derece \u00f6zelle\u015ftirilebilir.<\/p>","protected":false},"featured_media":540,"template":"","meta":{"_kad_post_transparent":"default","_kad_post_title":"","_kad_post_layout":"default","_kad_post_sidebar_id":"","_kad_post_content_style":"default","_kad_post_vertical_padding":"default","_kad_post_feature":"","_kad_post_feature_position":"","_kad_post_header":false,"_kad_post_footer":false,"_kad_post_classname":""},"product_brand":[],"product_cat":[15,19,17],"product_tag":[178,176,177],"class_list":{"0":"post-539","1":"product","2":"type-product","3":"status-publish","4":"has-post-thumbnail","6":"product_cat-red-light-therapy","7":"product_cat-red-light-therapy-stand","8":"product_cat-services","9":"product_tag-custom-drinkware-box-wholesale","10":"product_tag-custom-wine-box","11":"product_tag-glasses-cup-lid-and-base-box","13":"first","14":"instock","15":"shipping-taxable","16":"product-type-simple","17":"entry","18":"content-bg","19":"loop-entry"},"_links":{"self":[{"href":"https:\/\/red-lighttherapy.com\/tr\/wp-json\/wp\/v2\/product\/539","targetHints":{"allow":["GET"]}}],"collection":[{"href":"https:\/\/red-lighttherapy.com\/tr\/wp-json\/wp\/v2\/product"}],"about":[{"href":"https:\/\/red-lighttherapy.com\/tr\/wp-json\/wp\/v2\/types\/product"}],"wp:featuredmedia":[{"embeddable":true,"href":"https:\/\/red-lighttherapy.com\/tr\/wp-json\/wp\/v2\/media\/540"}],"wp:attachment":[{"href":"https:\/\/red-lighttherapy.com\/tr\/wp-json\/wp\/v2\/media?parent=539"}],"wp:term":[{"taxonomy":"product_brand","embeddable":true,"href":"https:\/\/red-lighttherapy.com\/tr\/wp-json\/wp\/v2\/product_brand?post=539"},{"taxonomy":"product_cat","embeddable":true,"href":"https:\/\/red-lighttherapy.com\/tr\/wp-json\/wp\/v2\/product_cat?post=539"},{"taxonomy":"product_tag","embeddable":true,"href":"https:\/\/red-lighttherapy.com\/tr\/wp-json\/wp\/v2\/product_tag?post=539"}],"curies":[{"name":"wp","href":"https:\/\/api.w.org\/{rel}","templated":true}]}}