{"id":529,"date":"2025-04-12T06:52:35","date_gmt":"2025-04-12T06:52:35","guid":{"rendered":"https:\/\/red-lighttherapy.com\/?post_type=product&#038;p=529"},"modified":"2025-04-20T06:01:01","modified_gmt":"2025-04-20T06:01:01","slug":"lid-and-base-box-clothes-apparel-shapewear-packaging-factory","status":"publish","type":"product","link":"https:\/\/red-lighttherapy.com\/tr\/lid-and-base-box-clothes-apparel-shapewear-packaging-factory\/","title":{"rendered":"Kapak ve Taban Kutusu Giysi Konfeksiyon Shapewear Ambalaj Fabrikas\u0131"},"content":{"rendered":"<h2>Kapak ve Taban Kutusu Giysi Konfeksiyon Shapewear Ambalaj Fabrikas\u0131<\/h2>\n<h2 id=\"1-appearance-design-\">1.\u00a0<strong>G\u00f6r\u00fcn\u00fcm tasar\u0131m\u0131<\/strong><\/h2>\n<p>Kutu g\u00f6vdesi klasik \u00fcst ve alt kapak yap\u0131s\u0131n\u0131 benimser, \u00fcst ve alt kapaklar s\u0131k\u0131ca \u0131s\u0131r\u0131l\u0131r ve a\u00e7ma ve kapama rahat ve sabittir. Genel mat kahverengi ana renk, LOGO veya s\u0131cak damgalama \/ kabartma i\u015fleminin deseniyle e\u015fle\u015ftirilir, bu da hafif l\u00fcks dokuyu d\u00fc\u015f\u00fck anahtarl\u0131 bir \u015fekilde ortaya \u00e7\u0131kar\u0131r. G\u00f6rsel seviyeyi art\u0131rman\u0131z gerekiyorsa, dokunu\u015fu ve \u00fc\u00e7 boyutlu hissi geli\u015ftirmek i\u00e7in kabartma veya kabartma teknolojisi ekleyebilirsiniz.<\/p>\n<h2 id=\"2-inner-lining-adaptation-\">2.\u00a0<strong>\u0130\u00e7 astar adaptasyonu<\/strong><\/h2>\n<p>Giyim kategorilerinin (v\u00fccut \u015fekillendiriciler, ti\u015f\u00f6rtler, etekler gibi) boyutuna ve konumland\u0131r\u0131lmas\u0131na g\u00f6re \u00e7e\u015fitlendirilmi\u015f astar se\u00e7enekleri sunun:<\/p>\n<ul>\n<li><strong>EVA flok astar<\/strong>: Y\u00fczey, yumu\u015fak ve \u00e7izilmeye kar\u015f\u0131 dayan\u0131kl\u0131, y\u00fcksek kaliteli dantel veya ipek kuma\u015flar i\u00e7in uygun olan hassas flanel ile kaplanm\u0131\u015ft\u0131r;<\/li>\n<li><strong>\u0130nci pamuk i\u00e7 destek<\/strong>: \u00c7evre dostu ve bas\u0131nca dayan\u0131kl\u0131 olan oluk, darbeye dayan\u0131kl\u0131 ta\u015f\u0131ma sa\u011flamak i\u00e7in giysileri sabitlemek \u00fczere \u00f6zelle\u015ftirilebilir;<\/li>\n<li><strong>\u0130pek kuma\u015f katmanl\u0131 b\u00f6lme<\/strong>: Papyon kay\u0131\u015flar\u0131 ile birden fazla giysi par\u00e7as\u0131n\u0131 ay\u0131rabilir ve ambalaj\u0131 a\u00e7arken t\u00f6ren hissini art\u0131rabilir.<\/li>\n<\/ul>\n<h2 id=\"3-decorative-details-\">3.\u00a0<strong>Dekoratif detaylar<\/strong><\/h2>\n<p>Kutu kapa\u011f\u0131, \u00fc\u00e7 boyutlu katlama i\u015flemi ile tam bir \u015fekil sunan ayn\u0131 renkte veya kontrast renkte saten fiyonk kurdele ile birlikte gelir. Kurdelenin kuyru\u011funa marka tan\u0131n\u0131rl\u0131\u011f\u0131 ve dekoratifli\u011fi birle\u015ftiren bir marka slogan\u0131 bas\u0131labilir. \u0130\u00e7 kutuya, a\u00e7ma kolayl\u0131\u011f\u0131n\u0131 art\u0131rmak i\u00e7in manyetik bir toka veya bir \u015ferit sap yerle\u015ftirilebilir.<\/p>\n<h2 id=\"4-customized-service-\">4.\u00a0<strong>\u00d6zelle\u015ftirilmi\u015f hizmet<\/strong><\/h2>\n<p>16 y\u0131ll\u0131k bask\u0131 ve ambalaj deneyimine dayanarak, tam ba\u011flant\u0131 \u00f6zelle\u015ftirmeyi destekler:<\/p>\n<ul>\n<li><strong>Esnek boyut<\/strong>: Kompakt i\u00e7 \u00e7ama\u015f\u0131r\u0131 kutular\u0131ndan (16\u00d724cm gibi) b\u00fcy\u00fck kapasiteli mont kutular\u0131na (30\u00d750cm gibi) kadar farkl\u0131 \u00fcr\u00fcnler i\u00e7in uygundur;<\/li>\n<li><strong>Teknoloji y\u00fckseltme<\/strong>: \u00c7evre koruma veya \u00fcst d\u00fczey ihtiya\u00e7lar\u0131 kar\u015f\u0131lamak i\u00e7in iste\u011fe ba\u011fl\u0131 UV bask\u0131, k\u0131smi lazer, par\u00e7alanabilir malzemeler vb;<\/li>\n<li><strong>Marka \u00f6\u011feleri<\/strong>: \u0130\u00e7 astar kartonuna y\u0131kama talimatlar\u0131 veya marka hikayeleri bas\u0131labilir ve d\u0131\u015f kutuya m\u00fc\u015fteri deneyimini geli\u015ftirmek i\u00e7in sahtecili\u011fe kar\u015f\u0131 etiketler bas\u0131labilir.<\/li>\n<\/ul>\n<h2 id=\"5-quality-assurance-\">5.\u00a0<strong>Kalite G\u00fcvence<\/strong><\/h2>\n<p>Tedarik zinciri, ka\u011f\u0131t, EVA ve \u015ferit gibi hammaddelerin \u00fcretimini entegre eder ve tasar\u0131m provas\u0131ndan toplu teslimata kadar tam kalite kontrol\u00fc sa\u011flamak i\u00e7in ISO9001 kalite sistem sertifikas\u0131n\u0131 ge\u00e7mi\u015ftir. WeChat'te \u00fcretim ilerlemesinin ger\u00e7ek zamanl\u0131 takibini, 7-15 g\u00fcn i\u00e7inde h\u0131zl\u0131 teslimat\u0131 ve di\u011fer yerlere do\u011frudan lojisti\u011fi destekler.<\/p>\n<h2 id=\"-application-scenarios-\"><strong>Uygulama senaryolar\u0131:<\/strong><\/h2>\n<p>V\u00fccut \u015fekillendiriciler, ev giysileri ve \u00fcst d\u00fczey haz\u0131r giyim \u00fcr\u00fcnleri gibi \u00fcr\u00fcnlerin marka imaj\u0131n\u0131 geli\u015ftirme ve nakliye koruma ihtiya\u00e7lar\u0131 dikkate al\u0131narak paketlenmesi i\u00e7in uygundur. Taslaklar\u0131n ve numunelerin \u00f6zelle\u015ftirilmesini destekler ve \u00fccretsiz tasar\u0131m optimizasyonu ve prova hizmetleri sa\u011flar.<\/p>","protected":false},"excerpt":{"rendered":"<p>Kutunun tamam\u0131 kahverengi, kapak ve taban kutular\u0131 tarz\u0131, sade ve istikrarl\u0131, olduk\u00e7a \u015f\u0131k ve fiyonk kurdele aksesuarlar\u0131yla \u00fc\u00e7 boyutlu bir etkiye sahip. Farkl\u0131 ve pratiktir, ambalaj kutunuza bir renk dokunu\u015fu katar.<\/p>","protected":false},"featured_media":534,"template":"","meta":{"_kad_post_transparent":"default","_kad_post_title":"","_kad_post_layout":"default","_kad_post_sidebar_id":"","_kad_post_content_style":"default","_kad_post_vertical_padding":"default","_kad_post_feature":"","_kad_post_feature_position":"","_kad_post_header":false,"_kad_post_footer":false,"_kad_post_classname":""},"product_brand":[],"product_cat":[15,30,19,17],"product_tag":[174,173,175],"class_list":{"0":"post-529","1":"product","2":"type-product","3":"status-publish","4":"has-post-thumbnail","6":"product_cat-red-light-therapy","7":"product_cat-dropshipping","8":"product_cat-red-light-therapy-stand","9":"product_cat-services","10":"product_tag-apparel-lid-and-base-box","11":"product_tag-clothes-packaging-factory","12":"product_tag-shapewear-packaging-factory","14":"first","15":"instock","16":"shipping-taxable","17":"product-type-simple","18":"entry","19":"content-bg","20":"loop-entry"},"_links":{"self":[{"href":"https:\/\/red-lighttherapy.com\/tr\/wp-json\/wp\/v2\/product\/529","targetHints":{"allow":["GET"]}}],"collection":[{"href":"https:\/\/red-lighttherapy.com\/tr\/wp-json\/wp\/v2\/product"}],"about":[{"href":"https:\/\/red-lighttherapy.com\/tr\/wp-json\/wp\/v2\/types\/product"}],"wp:featuredmedia":[{"embeddable":true,"href":"https:\/\/red-lighttherapy.com\/tr\/wp-json\/wp\/v2\/media\/534"}],"wp:attachment":[{"href":"https:\/\/red-lighttherapy.com\/tr\/wp-json\/wp\/v2\/media?parent=529"}],"wp:term":[{"taxonomy":"product_brand","embeddable":true,"href":"https:\/\/red-lighttherapy.com\/tr\/wp-json\/wp\/v2\/product_brand?post=529"},{"taxonomy":"product_cat","embeddable":true,"href":"https:\/\/red-lighttherapy.com\/tr\/wp-json\/wp\/v2\/product_cat?post=529"},{"taxonomy":"product_tag","embeddable":true,"href":"https:\/\/red-lighttherapy.com\/tr\/wp-json\/wp\/v2\/product_tag?post=529"}],"curies":[{"name":"wp","href":"https:\/\/api.w.org\/{rel}","templated":true}]}}