{"id":517,"date":"2025-04-12T06:12:15","date_gmt":"2025-04-12T06:12:15","guid":{"rendered":"https:\/\/red-lighttherapy.com\/?post_type=product&#038;p=517"},"modified":"2025-04-12T06:52:22","modified_gmt":"2025-04-12T06:52:22","slug":"child-resistant-510-vape-cartridge-packaging-boxes-wholesale","status":"publish","type":"product","link":"https:\/\/red-lighttherapy.com\/tr\/child-resistant-510-vape-cartridge-packaging-boxes-wholesale\/","title":{"rendered":"\u00c7ocuklara Dayan\u0131kl\u0131 510 Vape Kartu\u015f Ambalaj Kutular\u0131 Toptan Sat\u0131\u015f"},"content":{"rendered":"<h2 id=\"-child-safe-510-e-cigarette-cartridge-packaging-box-wholesale-product-description-\"><strong>\u00c7ocuklara Dayan\u0131kl\u0131 510 Vape Kartu\u015f Ambalaj Kutular\u0131 Toptan Sat\u0131\u015f \u00dcr\u00fcn A\u00e7\u0131klamas\u0131<\/strong><\/h2>\n<p>Yenilik\u00e7ilik ve g\u00fcvenlik kavramlar\u0131na ba\u011fl\u0131 kalarak, bir\u00a0<strong>\u00c7ocuklara dayan\u0131kl\u0131 ambalaj kutusu<\/strong>\u00a0510 e-sigara kartu\u015fu i\u00e7in \u00f6zel olarak tasarlanm\u0131\u015f, \u00e7ocuk korumal\u0131 i\u015flevleri, \u00fcst d\u00fczey dokuyu ve \u00f6zelle\u015ftirilmi\u015f tasar\u0131m\u0131 entegre ederek esrar ve e-sigara \u00fcr\u00fcnlerinin ihtiya\u00e7lar\u0131na tam olarak uyum sa\u011flar ve markalar\u0131n \u00f6ne \u00e7\u0131kmas\u0131na yard\u0131mc\u0131 olur.<\/p>\n<h2 id=\"1-child-proof-certification-compliance-guarantee-\">1.\u00a0<strong>\u00c7ocuk ge\u00e7irmezlik sertifikas\u0131, uygunluk garantisi<\/strong><\/h2>\n<ul>\n<li>Bir evlat edinmek\u00a0<strong>s\u00fcrg\u00fcl\u00fc \u00e7ocuk korumal\u0131 kilit yap\u0131s\u0131<\/strong>Amerika Birle\u015fik Devletleri (16 CFR 1700.20, ASTM D3475) ve Avrupa (EN ISO 8317) y\u00f6netmeliklerine uygundur ve\u00a0<strong>FSC \u00e7ocuk ge\u00e7irmezlik sertifikas\u0131<\/strong>g\u00fcvenlik ve rahatl\u0131k g\u00f6z \u00f6n\u00fcnde bulundurularak 52 ayl\u0131ktan k\u00fc\u00e7\u00fck \u00e7ocuklar\u0131n zor a\u00e7mas\u0131n\u0131, yeti\u015fkinlerin ise kolayca \u00e7al\u0131\u015ft\u0131rabilmesini sa\u011flar.<\/li>\n<\/ul>\n<h2 id=\"2-pull-out-box-design-ceremonial-unboxing-experience-\">2.\u00a0<strong>D\u0131\u015far\u0131 \u00e7ekilebilen kutu tasar\u0131m\u0131, t\u00f6rensel kutu a\u00e7ma deneyimi<\/strong><\/h2>\n<ul>\n<li>Yenilik\u00e7i\u00a0<strong>yana kayar \u00e7ekmece kutusu<\/strong>Kartu\u015flar, kutu g\u00f6vdesiyle birlikte yava\u015f\u00e7a sunulur ve kullan\u0131c\u0131n\u0131n kutuyu a\u00e7arken ya\u015fad\u0131\u011f\u0131 s\u00fcrpriz duygusunu ve rit\u00fceli art\u0131r\u0131r. Kutu g\u00f6vdesi, \u00fcst d\u00fczey e-sigara \u00fcr\u00fcnlerinin konumland\u0131r\u0131lmas\u0131na uyan ve marka haf\u0131za noktas\u0131n\u0131 geli\u015ftiren yumu\u015fak bir \u015fekilde a\u00e7\u0131l\u0131r ve kapan\u0131r.<\/li>\n<\/ul>\n<h2 id=\"3-customized-appearance-eye-catching-tool-on-the-shelf-\">3.\u00a0<strong>\u00d6zelle\u015ftirilmi\u015f g\u00f6r\u00fcn\u00fcm, rafta g\u00f6z al\u0131c\u0131 ara\u00e7<\/strong><\/h2>\n<ul>\n<li>Destek\u00a0<strong>tam sayfa bask\u0131 tasar\u0131m\u0131<\/strong>Marka LOGOSU, renk \u015femas\u0131 ve sanatsal unsurlarla entegre edilebilen ve y\u00fcksek hassasiyetli UV bask\u0131, s\u0131cak damgalama \/ g\u00fcm\u00fc\u015f teknolojisi veya k\u0131smi kabartma efekti ile farkl\u0131la\u015ft\u0131r\u0131lm\u0131\u015f bir g\u00f6rsel imaj yarat\u0131r. Kutu yap\u0131s\u0131 a\u015fa\u011f\u0131dakileri sa\u011flamak i\u00e7in optimize edilmi\u015ftir\u00a0<strong>\u00fc\u00e7 boyutlu ve net<\/strong>\u00a0sergilendi\u011finde rafta g\u00fc\u00e7l\u00fc bir g\u00f6rsel etki olu\u015fturur.<\/li>\n<\/ul>\n<h2 id=\"4-coated-paper-material-sturdy-and-durable-\">4.\u00a0<strong>Kaplamal\u0131 ka\u011f\u0131t malzeme, sa\u011flam ve dayan\u0131kl\u0131<\/strong><\/h2>\n<ul>\n<li>Se\u00e7iniz\u00a0<strong>300-400g y\u00fcksek gramajl\u0131 ku\u015fe ka\u011f\u0131t<\/strong>Hem bas\u0131nca dayan\u0131kl\u0131 hem de parlak olan y\u00fczeyde mat veya parlak film ile. Kutu g\u00f6vdesinin deforme olmas\u0131 kolay de\u011fildir ve a\u015f\u0131nmaya dayan\u0131kl\u0131d\u0131r ve uzun s\u00fcreli depolamadan sonra hala hassas bir dokuyu korur. \u0130\u00e7 katman, darbe direncini daha da art\u0131rmak i\u00e7in yap\u0131y\u0131 desteklemek \u00fczere kal\u0131nla\u015ft\u0131r\u0131lm\u0131\u015ft\u0131r.<\/li>\n<\/ul>\n<h2 id=\"5-adaptable-to-multiple-categories-strong-compatibility-\">5.\u00a0<strong>Birden fazla kategoriye uyarlanabilir, g\u00fc\u00e7l\u00fc uyumluluk<\/strong><\/h2>\n<ul>\n<li>\u0130\u00e7in \u00f6zel olarak optimize edilmi\u015f boyut\u00a0<strong>510 di\u015fli standart kartu\u015flar<\/strong>\u00a0(10 mm \u00e7ap ve 60-80 mm uzunluktaki genel \u00f6zelliklere uyarlanabilir), THC\/CBD ya\u011f kartu\u015flar\u0131, tek kullan\u0131ml\u0131k ve yeniden doldurulabilir \u00fcr\u00fcnlerle uyumludur. Kutunun i\u00e7indeki alan esnek bir \u015fekilde a\u015fa\u011f\u0131dakilerle e\u015fle\u015ftirilebilir\u00a0<strong>EVA astar, floklama tepsisi veya blister kart<\/strong>\u00a0Farkl\u0131 boyutlardaki kartu\u015flar\u0131n sabitleme ve darbeye dayan\u0131kl\u0131l\u0131k ihtiya\u00e7lar\u0131n\u0131 kar\u015f\u0131lamak i\u00e7in.<\/li>\n<\/ul>\n<h2 id=\"6-craftsmanship-quality-assurance-\">6.\u00a0<strong>Ustal\u0131k, kalite g\u00fcvencesi<\/strong><\/h2>\n<ul>\n<li>G\u00fcvenmek\u00a0<strong>16 y\u0131ll\u0131k bask\u0131 ve ambalaj deneyimi<\/strong>Tasar\u0131m provas\u0131ndan seri \u00fcretime kadar s\u0131k\u0131 kalite kontrol\u00fc, kutu g\u00f6vdesinin tahri\u015f edici bir kokuya sahip olmamas\u0131n\u0131 ve diki\u015flerin d\u00fcz olmas\u0131n\u0131 sa\u011flamak i\u00e7in \u00e7evre dostu m\u00fcrekkep ve izsiz yap\u0131\u015ft\u0131rma teknolojisi kullanarak. Destek\u00a0<strong>sahtecili\u011fe kar\u015f\u0131 etiketler, QR kod izlenebilirli\u011fi<\/strong>\u00a0ve marka g\u00fcvenini art\u0131rmak i\u00e7in di\u011fer katma de\u011ferli hizmetler.<\/li>\n<\/ul>\n<h2 id=\"-application-scenarios-\"><strong>7. Uygulama senaryolar\u0131<\/strong><\/h2>\n<ul>\n<li><strong>Esrarl\u0131 elektronik sigaralar<\/strong>: 1g\/0.5g \u00f6nceden doldurulmu\u015f kartu\u015flara uyarlanabilir, astar, u\u00e7ucu ya\u011flar\u0131n raf \u00f6mr\u00fcn\u00fc uzatmak i\u00e7in anti-oksidasyon al\u00fcminyum folyo tabakas\u0131 ile \u00f6zelle\u015ftirilebilir.<\/li>\n<li><strong>CBD atomizer<\/strong>: \u015eeffaf bir pencere tasar\u0131m\u0131 ile ya\u011f\u0131n rengi ve miktar\u0131 sezgisel olarak g\u00f6r\u00fcnt\u00fclenebilir.<\/li>\n<li><strong>\u00dcst d\u00fczey hediye seti<\/strong>: Hediye kutusu seti ambalaj\u0131n\u0131 destekler, kartu\u015f ve \u015farj cihaz\u0131 gibi aksesuarlar\u0131 entegre eder ve premium alan\u0131 art\u0131r\u0131r.<\/li>\n<\/ul>\n<h2 id=\"-cooperation-advantages-\"><strong>\u0130\u015fbirli\u011fi avantajlar\u0131<\/strong><\/h2>\n<ul>\n<li><strong>H\u0131zl\u0131 yan\u0131t<\/strong>: Tasar\u0131mdan teslimata kadar tek elden hizmet sa\u011flay\u0131n, 7-15 g\u00fcn i\u00e7inde provay\u0131 tamamlay\u0131n ve k\u00fc\u00e7\u00fck seri deneme \u00fcretimini destekleyin.<\/li>\n<li><strong>K\u00fcresel uyumluluk<\/strong>: Avrupa ve Amerika Birle\u015fik Devletleri'nde pazara eri\u015fim gereksinimlerini kar\u015f\u0131lamak i\u00e7in FSC, REACH, RoHS ve di\u011fer sertifikalar\u0131 ge\u00e7mi\u015ftir.<\/li>\n<li><strong>Maliyet optimizasyonu<\/strong>: B\u00fcy\u00fck \u00f6l\u00e7ekli \u00fcretim, tek bir kutunun maliyetini d\u00fc\u015f\u00fcr\u00fcr ve minimum 5.000 sipari\u015f miktar\u0131 ile toptan fiyat indirimlerinden yararlanabilirsiniz.<\/li>\n<\/ul>","protected":false},"excerpt":{"rendered":"<p>\u00c7ocuklara dayan\u0131kl\u0131 \u00e7ekmece ka\u011f\u0131t kutusu tasar\u0131m\u0131 \u00c7ocuklara dayan\u0131kl\u0131 tasar\u0131m, \u00e7ocuklar\u0131n a\u00e7mas\u0131n\u0131 ve yeti\u015fkinlerin kolayca a\u00e7mas\u0131n\u0131 etkili bir \u015fekilde \u00f6nleyebilir. A\u00e7mak i\u00e7in \u00e7ekin ve kayd\u0131r\u0131n, b\u00f6ylece 510 vape kartu\u015fu ambalaj \u00fcr\u00fcn\u00fcn\u00fcz yava\u015f\u00e7a \u00f6n\u00fcn\u00fczde g\u00f6r\u00fcn\u00fcr ve kutu a\u00e7ma deneyimini geli\u015ftirir<\/p>","protected":false},"featured_media":520,"template":"","meta":{"_kad_post_transparent":"default","_kad_post_title":"","_kad_post_layout":"default","_kad_post_sidebar_id":"","_kad_post_content_style":"default","_kad_post_vertical_padding":"default","_kad_post_feature":"","_kad_post_feature_position":"","_kad_post_header":false,"_kad_post_footer":false,"_kad_post_classname":""},"product_brand":[],"product_cat":[15,20,17],"product_tag":[167,169,168],"class_list":{"0":"post-517","1":"product","2":"type-product","3":"status-publish","4":"has-post-thumbnail","6":"product_cat-red-light-therapy","7":"product_cat-led-face-light-therapy","8":"product_cat-services","9":"product_tag-cartridge-packaging","10":"product_tag-vape-cartridge-packaging","11":"product_tag-vape-packaging","13":"first","14":"instock","15":"shipping-taxable","16":"product-type-simple","17":"entry","18":"content-bg","19":"loop-entry"},"_links":{"self":[{"href":"https:\/\/red-lighttherapy.com\/tr\/wp-json\/wp\/v2\/product\/517","targetHints":{"allow":["GET"]}}],"collection":[{"href":"https:\/\/red-lighttherapy.com\/tr\/wp-json\/wp\/v2\/product"}],"about":[{"href":"https:\/\/red-lighttherapy.com\/tr\/wp-json\/wp\/v2\/types\/product"}],"wp:featuredmedia":[{"embeddable":true,"href":"https:\/\/red-lighttherapy.com\/tr\/wp-json\/wp\/v2\/media\/520"}],"wp:attachment":[{"href":"https:\/\/red-lighttherapy.com\/tr\/wp-json\/wp\/v2\/media?parent=517"}],"wp:term":[{"taxonomy":"product_brand","embeddable":true,"href":"https:\/\/red-lighttherapy.com\/tr\/wp-json\/wp\/v2\/product_brand?post=517"},{"taxonomy":"product_cat","embeddable":true,"href":"https:\/\/red-lighttherapy.com\/tr\/wp-json\/wp\/v2\/product_cat?post=517"},{"taxonomy":"product_tag","embeddable":true,"href":"https:\/\/red-lighttherapy.com\/tr\/wp-json\/wp\/v2\/product_tag?post=517"}],"curies":[{"name":"wp","href":"https:\/\/api.w.org\/{rel}","templated":true}]}}