{"id":511,"date":"2025-04-12T05:38:05","date_gmt":"2025-04-12T05:38:05","guid":{"rendered":"https:\/\/red-lighttherapy.com\/?post_type=product&#038;p=511"},"modified":"2025-04-12T06:12:03","modified_gmt":"2025-04-12T06:12:03","slug":"custom-perfume-cosmetic-skincare-drawer-paper-boxes-factory","status":"publish","type":"product","link":"https:\/\/red-lighttherapy.com\/tr\/custom-perfume-cosmetic-skincare-drawer-paper-boxes-factory\/","title":{"rendered":"\u00d6zel Parf\u00fcm Kozmetik Cilt Bak\u0131m\u0131 \u00c7ekmece Ka\u011f\u0131t Kutular\u0131 Fabrikas\u0131"},"content":{"rendered":"<h2 id=\"-customized-perfume-cosmetics-and-skincare-drawer-paper-box-product-description-\"><strong>\u00d6zelle\u015ftirilmi\u015f parf\u00fcm kozmetik ve cilt bak\u0131m\u0131 \u00e7ekmecesi ka\u011f\u0131t kutusu \u00fcr\u00fcn a\u00e7\u0131klamas\u0131<\/strong><\/h2>\n<p>\u00dcst d\u00fczey \u00f6zelle\u015ftirme konseptine ba\u011fl\u0131 kalan \u015firketimiz, parf\u00fcm, kozmetik ve cilt bak\u0131m\u0131 markalar\u0131 i\u00e7in pratik ve sanatsal \u00e7ekmece tipi ka\u011f\u0131t kutu ambalajlar\u0131 olu\u015fturma, marka de\u011ferini i\u015f\u00e7ilik ve \u00e7evre koruma konseptleriyle g\u00fc\u00e7lendirme konusunda uzmanla\u015fm\u0131\u015ft\u0131r. Spesifik \u00fcr\u00fcn \u00f6zellikleri a\u015fa\u011f\u0131daki gibidir:<\/p>\n<h2 id=\"1-pull-out-box-design-convenience-and-ritual-coexistence-\">1.\u00a0<strong>\u00c7ekmeceli ka\u011f\u0131t kutusu tasar\u0131m\u0131: rahatl\u0131k ve rit\u00fcel bir arada<\/strong><\/h2>\n<p>\u00c7ekmece ka\u011f\u0131t kutusu yap\u0131s\u0131 benimsenmi\u015ftir ve d\u0131\u015far\u0131 \u00e7ekme p\u00fcr\u00fczs\u00fcz ve p\u00fcr\u00fczs\u00fczd\u00fcr ve a\u00e7ma ve kapama deneyimi rahat ve rit\u00fcel doludur. \u0130\u00e7 kutu ve d\u0131\u015f kutu, birden fazla \u00e7ekmeden sonra sabit kalmalar\u0131n\u0131 sa\u011flamak i\u00e7in tam olarak e\u015fle\u015ftirilmi\u015ftir, bu da yaln\u0131zca \u00fcr\u00fcn\u00fcn b\u00fct\u00fcnl\u00fc\u011f\u00fcn\u00fc korumakla kalmaz, ayn\u0131 zamanda kullan\u0131c\u0131n\u0131n kutudan \u00e7\u0131karma zevkini de art\u0131r\u0131r.<\/p>\n<h2 id=\"2-festival-atmosphere-aesthetics-red-main-tone-with-hot-stamping-technology-\">2.\u00a0<strong>Festival atmosferi esteti\u011fi: s\u0131cak damgalama teknolojisi ile k\u0131rm\u0131z\u0131 ana ton<\/strong><\/h2>\n<p>Kutu g\u00f6vdesinde ana g\u00f6rsel olarak festival kutlama sahnesine uyan ve \u015fenlikli ve co\u015fkulu bir marka imaj\u0131 ileten klasik k\u0131rm\u0131z\u0131 kullan\u0131lm\u0131\u015ft\u0131r. Y\u00fczey, hassas bir parlakl\u0131k ve \u00fc\u00e7 boyutlu bir doku sunarak \u00fcr\u00fcn\u00fcn g\u00f6rsel etkisini ve \u00fcst d\u00fczey konumland\u0131rmas\u0131n\u0131 art\u0131ran y\u00fcksek hassasiyetli s\u0131cak damgalama teknolojisini benimser.<\/p>\n<h2 id=\"3-luxury-details-enhancement-ribbon-pull-ring-and-environmentally-friendly-materials-\">3.\u00a0<strong>L\u00fcks detaylar\u0131n iyile\u015ftirilmesi: kurdele \u00e7ekme halkas\u0131 ve \u00e7evre dostu malzemeler<\/strong><\/h2>\n<ul>\n<li><strong>Kurdele \u00e7ekme halkas\u0131 tasar\u0131m\u0131<\/strong>: A\u015f\u0131nma ve y\u0131pranma olmadan tekrar tekrar a\u00e7\u0131l\u0131p kapanabilen, alt\u0131n veya g\u00fcm\u00fc\u015f metal ba\u011flant\u0131 elemanlar\u0131yla e\u015fle\u015ftirilen se\u00e7ilmi\u015f y\u00fcksek dayan\u0131kl\u0131l\u0131ktaki \u015feritler, ambalaj kutusuna hafif ve l\u00fcks bir doku kazand\u0131r\u0131r.<\/li>\n<li><strong>FSC sertifikal\u0131 malzemeler<\/strong>: Kutu g\u00f6vdesi, s\u00fcrd\u00fcr\u00fclebilir konsepti ve y\u00fck ta\u015f\u0131ma gereksinimlerini dikkate alarak ve \u00fcst d\u00fczey markalar\u0131n kalite ve \u00e7evre koruma konusundaki ikili gereksinimlerini kar\u015f\u0131layarak FSC orman sertifikasyonundan ge\u00e7mi\u015f \u00e7evre dostu ka\u011f\u0131t malzemeler kullan\u0131r.<\/li>\n<\/ul>\n<h2 id=\"4-professional-customization-service-full-link-support-from-demand-to-delivery-\">4.\u00a0<strong>Profesyonel \u00f6zelle\u015ftirme hizmeti: talepten teslimata kadar tam ba\u011flant\u0131 deste\u011fi<\/strong><\/h2>\n<ul>\n<li><strong>Uyarlanabilirlik \u00e7\u00f6z\u00fcm\u00fc<\/strong>: \u00dcr\u00fcn boyutu, \u015fekli ve marka tonuna g\u00f6re, parf\u00fcm \u015fi\u015feleri i\u00e7in darbeye dayan\u0131kl\u0131 i\u00e7 tepsi tasar\u0131m\u0131 veya kozmetik setleri i\u00e7in katmanl\u0131 depolama \u00e7\u00f6z\u00fcmleri gibi kutu tipi \u00f6nerileri ve yap\u0131sal optimizasyon \u00f6nerileri sa\u011flay\u0131n.<\/li>\n<li><strong>Etkin teslimat garantisi<\/strong>: \u00d6zel bir servis ekibi ile donat\u0131lm\u0131\u015f, tasar\u0131m provas\u0131ndan seri \u00fcretime kadar takip eden, 15-25 g\u00fcnl\u00fck h\u0131zl\u0131 teslimat\u0131 destekleyen (belirli d\u00f6ng\u00fc s\u00fcrecin karma\u015f\u0131kl\u0131\u011f\u0131na g\u00f6re ayarlan\u0131r), hem kalitenin hem de zamanlaman\u0131n standartlar\u0131 kar\u015f\u0131lamas\u0131n\u0131 sa\u011flamak i\u00e7in.<\/li>\n<\/ul>\n<h2 id=\"5-value-added-services-brand-image-and-user-experience-upgrade-\">5.\u00a0<strong>Katma de\u011ferli hizmetler: marka imaj\u0131 ve kullan\u0131c\u0131 deneyimi y\u00fckseltmesi<\/strong><\/h2>\n<ul>\n<li><strong>\u00c7e\u015fitli s\u00fcre\u00e7 se\u00e7imi<\/strong>: S\u0131cak damgalamaya ek olarak, UV bask\u0131, kabartma, serigrafi ve di\u011fer i\u015flemler ki\u015fiselle\u015ftirilmi\u015f ihtiya\u00e7lar\u0131 kar\u015f\u0131lamak i\u00e7in \u00fcst \u00fcste bindirilebilir.<\/li>\n<li><strong>Tam senaryo \u00e7\u00f6z\u00fcm\u00fc<\/strong>: Markalar\u0131n farkl\u0131la\u015ft\u0131r\u0131lm\u0131\u015f rekabet g\u00fcc\u00fc yaratmalar\u0131na yard\u0131mc\u0131 olmak i\u00e7in tatil hediye kutular\u0131, s\u0131n\u0131rl\u0131 say\u0131da ambalaj, s\u0131n\u0131r \u00f6tesi \u00f6zel tedarik vb. gibi \u00f6zelle\u015ftirilmi\u015f hizmetler sunmak.<\/li>\n<\/ul>\n<h2 id=\"-cooperation-advantages-\"><strong>\u0130\u015fbirli\u011fi avantajlar\u0131<\/strong>:<\/h2>\n<ul>\n<li><strong>Y\u00fcksek maliyet performans\u0131<\/strong>: B\u00fcy\u00fck \u00f6l\u00e7ekli \u00fcretim maliyetleri d\u00fc\u015f\u00fcr\u00fcr ve minimum 500 adetlik sipari\u015fi destekler.<\/li>\n<li><strong>Kalite taahh\u00fcd\u00fc<\/strong>: S\u0131k\u0131 kalite kontrol standartlar\u0131 (hata &lt;1mm), 24 saat i\u00e7inde yan\u0131t vermek i\u00e7in sat\u0131\u015f sonras\u0131 sorunlar\u0131 destekleyin.<\/li>\n<\/ul>\n<p><strong>Uygulanabilir senaryolar<\/strong>: Tatil hediyeleri, yepyeni \u00fcr\u00fcn lansmanlar\u0131, \u00fcst d\u00fczey \u00fcyelik \u00f6zelle\u015ftirmeleri, s\u0131n\u0131r \u00f6tesi e-ticaret \u00f6zel tedariki vb.<\/p>\n<p>Profesyonel tasar\u0131m, \u00e7evre koruma konseptleri ve verimli hizmetleri temel alarak, k\u00fcresel markalara, \u00fcr\u00fcnlerin pazarda \u00f6ne \u00e7\u0131kmas\u0131na yard\u0131mc\u0131 olmak i\u00e7in estetik de\u011feri ve pratik i\u015flevleri bir araya getiren ambalaj \u00e7\u00f6z\u00fcmleri sunmay\u0131 taahh\u00fct ediyoruz. \u00d6zelle\u015ftirilmi\u015f bir \u00e7\u00f6z\u00fcme veya teklife ihtiyac\u0131n\u0131z varsa, \u00f6zel destek i\u00e7in l\u00fctfen m\u00fc\u015fteri hizmetleri ile ileti\u015fime ge\u00e7in!<\/p>","protected":false},"excerpt":{"rendered":"<p>\u00c7ekmeceli ka\u011f\u0131t kutu tipinin \u00e7ekmecesi kolayd\u0131r ve kullan\u0131c\u0131n\u0131n kutudan \u00e7\u0131karma deneyimini art\u0131rmak i\u00e7in daha uygundur. Kutunun y\u00fczeyi, \u00fcr\u00fcn dokusunu ve esteti\u011fini geli\u015ftirmek i\u00e7in \u00fcst d\u00fczey bir \"s\u0131cak damgalama\" i\u015flemini benimser.<\/p>","protected":false},"featured_media":512,"template":"","meta":{"_kad_post_transparent":"default","_kad_post_title":"","_kad_post_layout":"default","_kad_post_sidebar_id":"","_kad_post_content_style":"default","_kad_post_vertical_padding":"default","_kad_post_feature":"","_kad_post_feature_position":"","_kad_post_header":false,"_kad_post_footer":false,"_kad_post_classname":""},"product_brand":[],"product_cat":[15,28,20,17],"product_tag":[165,166,164],"class_list":{"0":"post-511","1":"product","2":"type-product","3":"status-publish","4":"has-post-thumbnail","6":"product_cat-red-light-therapy","7":"product_cat-customize","8":"product_cat-led-face-light-therapy","9":"product_cat-services","10":"product_tag-cosmetic-skincare-drawer-paper-boxes","11":"product_tag-custom-perfume-boxes-factory","12":"product_tag-custom-perfume-paper-boxes","14":"first","15":"instock","16":"shipping-taxable","17":"product-type-simple","18":"entry","19":"content-bg","20":"loop-entry"},"_links":{"self":[{"href":"https:\/\/red-lighttherapy.com\/tr\/wp-json\/wp\/v2\/product\/511","targetHints":{"allow":["GET"]}}],"collection":[{"href":"https:\/\/red-lighttherapy.com\/tr\/wp-json\/wp\/v2\/product"}],"about":[{"href":"https:\/\/red-lighttherapy.com\/tr\/wp-json\/wp\/v2\/types\/product"}],"wp:featuredmedia":[{"embeddable":true,"href":"https:\/\/red-lighttherapy.com\/tr\/wp-json\/wp\/v2\/media\/512"}],"wp:attachment":[{"href":"https:\/\/red-lighttherapy.com\/tr\/wp-json\/wp\/v2\/media?parent=511"}],"wp:term":[{"taxonomy":"product_brand","embeddable":true,"href":"https:\/\/red-lighttherapy.com\/tr\/wp-json\/wp\/v2\/product_brand?post=511"},{"taxonomy":"product_cat","embeddable":true,"href":"https:\/\/red-lighttherapy.com\/tr\/wp-json\/wp\/v2\/product_cat?post=511"},{"taxonomy":"product_tag","embeddable":true,"href":"https:\/\/red-lighttherapy.com\/tr\/wp-json\/wp\/v2\/product_tag?post=511"}],"curies":[{"name":"wp","href":"https:\/\/api.w.org\/{rel}","templated":true}]}}