{"id":498,"date":"2025-04-12T03:55:30","date_gmt":"2025-04-12T03:55:30","guid":{"rendered":"https:\/\/red-lighttherapy.com\/?post_type=product&#038;p=498"},"modified":"2025-04-12T05:11:12","modified_gmt":"2025-04-12T05:11:12","slug":"custom-creative-nuts-chocolate-packaging-rigid-boxes-factory","status":"publish","type":"product","link":"https:\/\/red-lighttherapy.com\/tr\/custom-creative-nuts-chocolate-packaging-rigid-boxes-factory\/","title":{"rendered":"\u00d6zel Yarat\u0131c\u0131 Kuruyemi\u015f \u00c7ikolata Ambalaj\u0131 Sert Kutular Fabrikas\u0131"},"content":{"rendered":"<h2 id=\"-customized-creative-nut-chocolate-magnetic-gift-box-product-description-\"><strong>\u00d6zelle\u015ftirilmi\u015f yarat\u0131c\u0131 f\u0131nd\u0131k \u00e7ikolata manyetik hediye kutusu \u00fcr\u00fcn a\u00e7\u0131klamas\u0131<\/strong><\/h2>\n<h2 id=\"-1-soothing-color-design-conveying-emotional-value-\"><strong>1. Yat\u0131\u015ft\u0131r\u0131c\u0131 renk tasar\u0131m\u0131, duygusal de\u011fer aktar\u0131m\u0131<\/strong><\/h2>\n<ul>\n<li><strong>Ana renk<\/strong>: Derin deniz mavisi ve g\u00f6k mavisi degrade renk e\u015fle\u015fmesi, so\u011fuk renklerin g\u00f6rsel yat\u0131\u015ft\u0131r\u0131c\u0131l\u0131\u011f\u0131yla kayg\u0131y\u0131 azalt\u0131r.<\/li>\n<li><strong>Renk psikolojisi uygulamas\u0131<\/strong>: Mavi, huzur ve g\u00fcveni sembolize eder, tatil hediyesi sahnesine uyar ve t\u00fcketicilerin duygusal rezonans\u0131n\u0131 art\u0131r\u0131r.<\/li>\n<li><strong>Y\u00fczey teknolojisi<\/strong>: Hediye kutusu, a\u015f\u0131nmaya dayan\u0131kl\u0131, \u00e7izilmeye kar\u015f\u0131 dayan\u0131kl\u0131 ve solmas\u0131 kolay olmayan mat film veya parlak film ile kaplanm\u0131\u015ft\u0131r ve g\u00fcnl\u00fck silme ile parlakl\u0131\u011f\u0131n\u0131 koruyabilir.<\/li>\n<\/ul>\n<h2 id=\"-2-food-grade-safety-lining-double-protection-guarantee-\"><strong>2. G\u0131da s\u0131n\u0131f\u0131 g\u00fcvenlik astar\u0131, \u00e7ift koruma garantisi<\/strong><\/h2>\n<ul>\n<li><strong>Astar malzemesi<\/strong>: \u0130ste\u011fe ba\u011fl\u0131 g\u0131da s\u0131n\u0131f\u0131 PE (polietilen), PP (polipropilen) veya PET (polyester) film, GB4806.9-2016 g\u0131da g\u00fcvenli\u011fi standartlar\u0131na uygun, migrasyon riski olmadan g\u0131da ile do\u011frudan temas.<\/li>\n<li><strong>\u0130\u015flevsel adaptasyon<\/strong>:<\/li>\n<li><strong>EVA astar<\/strong>: y\u00fcksek geri tepmeli yast\u0131klama, k\u0131r\u0131lgan \u00e7ikolata i\u00e7in uygundur;<\/li>\n<li><strong>\u0130nci pamuk<\/strong>: hafif ve darbeye dayan\u0131kl\u0131, ekstr\u00fczyonu \u00f6nlemek i\u00e7in somunlar i\u00e7in uygundur;<\/li>\n<li><strong>Blister tepsi<\/strong>: \u015feffaf ve g\u00f6r\u00fcn\u00fcr, \u00fcr\u00fcn te\u015fhirini iyile\u015ftirir;<\/li>\n<li><strong>Rafya\/flannel<\/strong>: \u00dcst d\u00fczey hediye konumland\u0131rmas\u0131na uygun olarak \u00e7evre dostu ve do\u011fal.<\/li>\n<\/ul>\n<h2 id=\"-3-highly-flexible-customization-to-meet-diverse-needs-\"><strong>3. Farkl\u0131 ihtiya\u00e7lar\u0131 kar\u015f\u0131lamak i\u00e7in son derece esnek \u00f6zelle\u015ftirme<\/strong><\/h2>\n<ul>\n<li><strong>Kutu tipi se\u00e7imi<\/strong>Kare, sekizgen, a\u00e7\u0131l\u0131r kapan\u0131r manyetik emme ve di\u011fer stiller mevcuttur ve g\u00f6rsel \u00e7ekicili\u011fi art\u0131rmak i\u00e7in \u00f6zel \u015fekilli oymalar (kabartma ve oyuk gibi) desteklenir.<\/li>\n<li><strong>Malzeme \u00f6zelle\u015ftirme<\/strong>:<\/li>\n<li><strong>Metal kutu<\/strong>: teneke malzeme (kal\u0131nl\u0131k 0.19-0.35mm), \u00e7ift tarafl\u0131 bask\u0131 ve anti-oksidasyon kaplama yap\u0131labilmektedir;<\/li>\n<li><strong>Sunta<\/strong>: Y\u00fczey, hafif ihtiya\u00e7lara uygun \u00e7evre dostu film ile kaplanm\u0131\u015ft\u0131r.<\/li>\n<li><strong>Boyut adaptasyonu<\/strong>: 50-300 mm uzunluk ve 20-100 mm y\u00fckseklikte ki\u015fiselle\u015ftirilmi\u015f ayarlamay\u0131 destekler, \u00fcr\u00fcn \u00f6zelliklerine tam olarak uyar.<\/li>\n<\/ul>\n<h2 id=\"-4-printing-and-process-innovation-to-enhance-brand-recognition-\"><strong>4. Marka bilinirli\u011fini art\u0131rmak i\u00e7in bask\u0131 ve s\u00fcre\u00e7 inovasyonu<\/strong><\/h2>\n<ul>\n<li><strong>Bask\u0131 teknolojisi<\/strong>: Ofset bask\u0131 veya d\u00f6rt renkli (CMYK) bask\u0131 kullan\u0131n, spot renk, lazer, s\u0131cak damgalama ve di\u011fer efektleri destekleyin ve desen do\u011frulu\u011fu 300 dpi'ye ula\u015f\u0131r.<\/li>\n<li><strong>\u00d6zel s\u00fcre\u00e7<\/strong>:<\/li>\n<li>3D \u0131zgara, kabartma, alt\u0131n ve g\u00fcm\u00fc\u015f pencere;<\/li>\n<li>Y\u00fczeye parlak m\u00fcrekkep, sedefli kaplama veya \u00e7evre dostu mat film eklenebilir.<\/li>\n<li><strong>Alt bask\u0131<\/strong>: Bilgi aktar\u0131m\u0131n\u0131 geli\u015ftirmek i\u00e7in barkod, marka hikayesi veya beslenme talimatlar\u0131n\u0131 destekleyin.<\/li>\n<\/ul>\n<h2 id=\"-5-supply-chain-and-quality-control-advantages-\"><strong>5. Tedarik zinciri ve kalite kontrol avantajlar\u0131<\/strong><\/h2>\n<ul>\n<li><strong>\u00dcretim standartlar\u0131<\/strong>: G\u0131da g\u00fcvenli\u011fini sa\u011flamak i\u00e7in tozsuz at\u00f6lye ambalaj\u0131, SGS ve Intertek sertifikas\u0131 ile birlikte tam otomatik \u00fcretim hatt\u0131.<\/li>\n<li><strong>\u00c7evre koruma taahh\u00fcd\u00fc<\/strong>: Karbon ayak izini azaltmak i\u00e7in par\u00e7alanabilir OPP plastik torbalar ve \u00e7ift oluklu kutular kullan\u0131n.<\/li>\n<li><strong>Servis deste\u011fi<\/strong>: Minimum 300 adet sipari\u015f miktar\u0131 ile 3D modelleme provas\u0131, kal\u0131p geli\u015ftirme ve tam lojistik takibi sa\u011flay\u0131n ve LOGO \u00f6zelle\u015ftirmesini destekleyin.<\/li>\n<\/ul>\n<p><strong>Uygulama senaryolar\u0131<\/strong>: tatil hediyeleri, nikah \u015fekerleri, i\u015f hediyeleri, \u00e7ocuk at\u0131\u015ft\u0131rmal\u0131klar\u0131 vb. markalar\u0131n premium alanlar\u0131n\u0131 ve pazar rekabet g\u00fc\u00e7lerini geli\u015ftirmelerine yard\u0131mc\u0131 olur.<\/p>","protected":false},"excerpt":{"rendered":"<p>Profesyonelce \u00f6zelle\u015ftirilmi\u015f\u00a0<strong>Manyetik Kapakl\u0131 F\u0131nd\u0131kl\u0131 \u00c7ikolata Hediye Kutusu<\/strong>Anksiyeteyi gidermek i\u00e7in yat\u0131\u015ft\u0131r\u0131c\u0131 so\u011fuk tonlara sahip a\u011f\u0131rl\u0131kl\u0131 olarak a\u00e7\u0131k renkler, y\u00fczey laminasyon i\u015flemi a\u015f\u0131nma direnci ve solma direnci sa\u011flar.<\/p>","protected":false},"featured_media":499,"template":"","meta":{"_kad_post_transparent":"default","_kad_post_title":"","_kad_post_layout":"default","_kad_post_sidebar_id":"","_kad_post_content_style":"default","_kad_post_vertical_padding":"default","_kad_post_feature":"","_kad_post_feature_position":"","_kad_post_header":false,"_kad_post_footer":false,"_kad_post_classname":""},"product_brand":[],"product_cat":[15,17],"product_tag":[159,160,158],"class_list":{"0":"post-498","1":"product","2":"type-product","3":"status-publish","4":"has-post-thumbnail","6":"product_cat-red-light-therapy","7":"product_cat-services","8":"product_tag-chocolate-packaging-rigid-boxes","9":"product_tag-custom-food-rigid-boxes-factory","10":"product_tag-custom-nuts-packaging","12":"first","13":"instock","14":"shipping-taxable","15":"product-type-simple","16":"entry","17":"content-bg","18":"loop-entry"},"_links":{"self":[{"href":"https:\/\/red-lighttherapy.com\/tr\/wp-json\/wp\/v2\/product\/498","targetHints":{"allow":["GET"]}}],"collection":[{"href":"https:\/\/red-lighttherapy.com\/tr\/wp-json\/wp\/v2\/product"}],"about":[{"href":"https:\/\/red-lighttherapy.com\/tr\/wp-json\/wp\/v2\/types\/product"}],"wp:featuredmedia":[{"embeddable":true,"href":"https:\/\/red-lighttherapy.com\/tr\/wp-json\/wp\/v2\/media\/499"}],"wp:attachment":[{"href":"https:\/\/red-lighttherapy.com\/tr\/wp-json\/wp\/v2\/media?parent=498"}],"wp:term":[{"taxonomy":"product_brand","embeddable":true,"href":"https:\/\/red-lighttherapy.com\/tr\/wp-json\/wp\/v2\/product_brand?post=498"},{"taxonomy":"product_cat","embeddable":true,"href":"https:\/\/red-lighttherapy.com\/tr\/wp-json\/wp\/v2\/product_cat?post=498"},{"taxonomy":"product_tag","embeddable":true,"href":"https:\/\/red-lighttherapy.com\/tr\/wp-json\/wp\/v2\/product_tag?post=498"}],"curies":[{"name":"wp","href":"https:\/\/api.w.org\/{rel}","templated":true}]}}