{"id":492,"date":"2025-04-12T03:29:01","date_gmt":"2025-04-12T03:29:01","guid":{"rendered":"https:\/\/red-lighttherapy.com\/?post_type=product&#038;p=492"},"modified":"2025-04-12T03:55:15","modified_gmt":"2025-04-12T03:55:15","slug":"foldable-magnetic-cap-baseball-hat-gift-box-packaging-vendor","status":"publish","type":"product","link":"https:\/\/red-lighttherapy.com\/tr\/foldable-magnetic-cap-baseball-hat-gift-box-packaging-vendor\/","title":{"rendered":"Katlanabilir Manyetik Kapak Beyzbol \u015eapkas\u0131 Hediye Kutusu Ambalaj Sat\u0131c\u0131s\u0131"},"content":{"rendered":"<h2 id=\"-product-description-of-foldable-magnetic-baseball-cap-gift-box-\"><strong>Katlanabilir Manyetik Beyzbol \u015eapkas\u0131 Hediye Kutusu \u00dcr\u00fcn A\u00e7\u0131klamas\u0131<\/strong><\/h2>\n<h2 id=\"-1-simple-appearance-high-end-texture-\"><strong>1. Basit g\u00f6r\u00fcn\u00fcm, y\u00fcksek kaliteli doku<\/strong><\/h2>\n<p>Bu Katlanabilir Hediye Manyetik Kapatma Kutular\u0131, mat dokulu bir y\u00fczeye sahip klasik siyah ana rengi benimser. G\u00f6r\u00fcn\u00fcm sade ve zariftir, markan\u0131n \u00f6l\u00e7\u00fcl\u00fc ve \u00fcst d\u00fczey tonunu g\u00f6sterir. Kutu g\u00f6vdesi d\u00fczg\u00fcn hatlara ve manyetik \u00e7evirmeli kapak tasar\u0131m\u0131na sahiptir. A\u00e7\u0131lmas\u0131 ve kapat\u0131lmas\u0131 kolayd\u0131r ve sa\u011flamd\u0131r. Kapat\u0131ld\u0131\u011f\u0131nda s\u0131k\u0131ca oturur, nakliye ve depolama s\u0131ras\u0131nda \u00fcr\u00fcn\u00fcn g\u00fcvenli\u011fini sa\u011flar.<\/p>\n<h2 id=\"-3-flexible-adaptation-exclusive-customization-\"><strong>2. Esnek adaptasyon, \u00f6zel ki\u015fiselle\u015ftirme<\/strong><\/h2>\n<p>Kutu tipi beyzbol \u015fapkalar\u0131, ti\u015f\u00f6rtler, e\u015farplar vb. gibi \u00e7e\u015fitli giyim kategorileri i\u00e7in uygundur ve i\u00e7 ve d\u0131\u015f ambalaj\u0131n ki\u015fiselle\u015ftirilmesini destekler:<\/p>\n<ul>\n<li><strong>Bask\u0131 \u00f6zelle\u015ftirme<\/strong>: Marka LOGO, desen veya metin bas\u0131labilir ve \u00fcr\u00fcn tan\u0131n\u0131rl\u0131\u011f\u0131n\u0131 art\u0131rmak i\u00e7in y\u00fcksek hassasiyetli ofset bask\u0131, s\u0131cak damgalama ve di\u011fer i\u015flemler kullan\u0131l\u0131r;<\/li>\n<li><strong>Boyut \u00f6zelle\u015ftirme<\/strong>: \u00d6zelle\u015ftirme i\u00e7in \u00e7e\u015fitli \u00f6zellikler sa\u011flay\u0131n ve farkl\u0131 giysi boyutlar\u0131na m\u00fckemmel \u015fekilde uyan i\u00e7 \u00e7ap ve kutu y\u00fcksekli\u011finin iste\u011fe ba\u011fl\u0131 olarak ayarlanmas\u0131n\u0131 destekleyin;<\/li>\n<li><strong>\u0130\u00e7 astar \u00f6zelle\u015ftirme<\/strong>: \u0130ste\u011fe ba\u011fl\u0131 flok, s\u00fcnger, EVA ve di\u011fer malzeme astarlar\u0131, giysi sabitleme, k\u0131r\u0131\u015f\u0131kl\u0131k \u00f6nleme ve toz \u00f6nleme ihtiya\u00e7lar\u0131n\u0131 kar\u015f\u0131lamak i\u00e7in tampon koruma veya b\u00f6lme depolama i\u015flevleri sa\u011flar.<\/li>\n<\/ul>\n<h2 id=\"-4-ingenious-craftsmanship-quality-assurance-\"><strong>3. Ustaca i\u015f\u00e7ilik, kalite g\u00fcvencesi<\/strong><\/h2>\n<p>Bask\u0131 ve ambalaj sekt\u00f6r\u00fcndeki 16 y\u0131ll\u0131k deneyimimize dayanarak, hammaddeden bitmi\u015f \u00fcr\u00fcnlere kadar s\u0131k\u0131 bir \u015fekilde kontrol eden olgun bir tedarik zinciri sistemi kurduk:<\/p>\n<ul>\n<li><strong>Malzeme se\u00e7imi<\/strong>: 1200g y\u00fcksek kaliteli gri tahta ve 250gsm y\u00fcksek a\u011f\u0131rl\u0131kl\u0131 ka\u011f\u0131t kullan\u0131lan kutu, m\u00fckemmel y\u00fck ta\u015f\u0131ma performans\u0131 ile sa\u011flam ve dayan\u0131kl\u0131d\u0131r;<\/li>\n<li><strong>Manyetik teknoloji<\/strong>: Dahili y\u00fcksek performansl\u0131 m\u0131knat\u0131slar, kararl\u0131 adsorpsiyon kuvveti, zay\u0131flama olmadan tekrarlanan a\u00e7ma ve kapama, kullan\u0131m kolayl\u0131\u011f\u0131 ve dayan\u0131kl\u0131l\u0131k sa\u011flar;<\/li>\n<li><strong>\u00c7evre dostu \u00fcretim<\/strong>: S\u0131n\u0131r \u00f6tesi ihracat \u00e7evre standartlar\u0131na uygun olarak kirlilik i\u00e7ermeyen m\u00fcrekkep ve geri d\u00f6n\u00fc\u015ft\u00fcr\u00fclebilir malzemeler kullanarak ISO sertifikas\u0131n\u0131 ge\u00e7mi\u015ftir.<\/li>\n<\/ul>\n<h2 id=\"-5-one-stop-service-efficient-delivery-\"><strong>4. Tek elden hizmet, verimli teslimat<\/strong><\/h2>\n<p>Tasar\u0131mdan seri \u00fcretime kadar tam s\u00fcre\u00e7li hizmetler sunuyoruz:<\/p>\n<ul>\n<li><strong>H\u0131zl\u0131 prova<\/strong>: 3-5 g\u00fcn i\u00e7inde numune sa\u011flay\u0131n, memnuniyete kadar birden fazla ayarlamay\u0131 destekleyin;<\/li>\n<li><strong>Seri \u00fcretim<\/strong>: G\u00fcnl\u00fck \u00fcretim kapasitesi 10.000.000 par\u00e7aya ula\u015f\u0131r, tek par\u00e7a teslimat\u0131 ve \u00e7ok platformlu lojistik adaptasyonu destekler;<\/li>\n<li><strong>Sat\u0131\u015f sonras\u0131 endi\u015fesiz<\/strong>: Her a\u015famada do\u011fru teslimat\u0131 sa\u011flamak i\u00e7in 24 saat m\u00fc\u015fteri hizmetleri yan\u0131t\u0131 ve kaliteli izlenebilirlik hizmetleri sa\u011flay\u0131n.<\/li>\n<\/ul>\n<h2 id=\"-applicable-scenarios-\"><strong>Uygulanabilir senaryolar<\/strong><\/h2>\n<ul>\n<li><strong>Marka perakende<\/strong>: \u00c7evrimd\u0131\u015f\u0131 deneyim ma\u011fazalar\u0131, pop-up ma\u011fazalar ve e-ticaret \u00fcst d\u00fczey hediye ambalajlar\u0131 i\u00e7in uygun olan \u00fcr\u00fcn te\u015fhir seviyesini iyile\u015ftirin;<\/li>\n<li><strong>S\u0131n\u0131r \u00f6tesi ticaret<\/strong>: D\u00fcz ta\u015f\u0131mac\u0131l\u0131k yoluyla lojistik maliyetlerini optimize edin ve Amazon ve ba\u011f\u0131ms\u0131z istasyonlar gibi platformlardaki sat\u0131\u015flara uyum sa\u011flay\u0131n;<\/li>\n<li><strong>Kurumsal \u00f6zelle\u015ftirme<\/strong>: Marka imaj\u0131n\u0131 geli\u015ftirmek i\u00e7in promosyonel hediyeler, \u00e7al\u0131\u015fanlara sa\u011flanan faydalar veya ortak i\u015fbirli\u011fi i\u00e7in \u00f6zel ambalaj olarak kullan\u0131labilir.<\/li>\n<\/ul>\n<p>Bizi se\u00e7mek, kalite ve yenili\u011fin \u00e7ifte garantisini se\u00e7mek demektir. 16 y\u0131ll\u0131k ustal\u0131k, sadece giyim \u00fcr\u00fcnlerinizi tamamlayan ambalaj \u00e7\u00f6z\u00fcmleri yaratmak i\u00e7in.<\/p>","protected":false},"excerpt":{"rendered":"<p>Bu Katlanabilir Hediye Manyetik Kapatma Kutular\u0131, markan\u0131n sade l\u00fcks doku gereksinimlerini m\u00fckemmel \u015fekilde kar\u015f\u0131layan basit ve geli\u015fmi\u015f bir g\u00f6r\u00fcn\u00fcme sahip klasik siyah mat bir tasar\u0131ma sahiptir. Ayn\u0131 zamanda, yerle\u015fik manyetik kapak kapatma yap\u0131s\u0131n\u0131n a\u00e7\u0131lmas\u0131 ve kapat\u0131lmas\u0131 kolayd\u0131r, sa\u011flam ve dayan\u0131kl\u0131d\u0131r. Beyzbol \u015fapkalar\u0131, ti\u015f\u00f6rtler ve di\u011fer giyim kategorileri i\u00e7in uygundur.<\/p>","protected":false},"featured_media":493,"template":"","meta":{"_kad_post_transparent":"default","_kad_post_title":"","_kad_post_layout":"default","_kad_post_sidebar_id":"","_kad_post_content_style":"default","_kad_post_vertical_padding":"default","_kad_post_feature":"","_kad_post_feature_position":"","_kad_post_header":false,"_kad_post_footer":false,"_kad_post_classname":""},"product_brand":[],"product_cat":[15,30,22,17],"product_tag":[156,155,157],"class_list":{"0":"post-492","1":"product","2":"type-product","3":"status-publish","4":"has-post-thumbnail","6":"product_cat-red-light-therapy","7":"product_cat-dropshipping","8":"product_cat-red-light-therapy-blanket","9":"product_cat-services","10":"product_tag-baseball-cap-hat-box","11":"product_tag-baseball-cap-packaging-wholesale","12":"product_tag-custom-baseball-cap-boxes","14":"first","15":"instock","16":"shipping-taxable","17":"product-type-simple","18":"entry","19":"content-bg","20":"loop-entry"},"_links":{"self":[{"href":"https:\/\/red-lighttherapy.com\/tr\/wp-json\/wp\/v2\/product\/492","targetHints":{"allow":["GET"]}}],"collection":[{"href":"https:\/\/red-lighttherapy.com\/tr\/wp-json\/wp\/v2\/product"}],"about":[{"href":"https:\/\/red-lighttherapy.com\/tr\/wp-json\/wp\/v2\/types\/product"}],"wp:featuredmedia":[{"embeddable":true,"href":"https:\/\/red-lighttherapy.com\/tr\/wp-json\/wp\/v2\/media\/493"}],"wp:attachment":[{"href":"https:\/\/red-lighttherapy.com\/tr\/wp-json\/wp\/v2\/media?parent=492"}],"wp:term":[{"taxonomy":"product_brand","embeddable":true,"href":"https:\/\/red-lighttherapy.com\/tr\/wp-json\/wp\/v2\/product_brand?post=492"},{"taxonomy":"product_cat","embeddable":true,"href":"https:\/\/red-lighttherapy.com\/tr\/wp-json\/wp\/v2\/product_cat?post=492"},{"taxonomy":"product_tag","embeddable":true,"href":"https:\/\/red-lighttherapy.com\/tr\/wp-json\/wp\/v2\/product_tag?post=492"}],"curies":[{"name":"wp","href":"https:\/\/api.w.org\/{rel}","templated":true}]}}