{"id":485,"date":"2025-04-12T02:56:28","date_gmt":"2025-04-12T02:56:28","guid":{"rendered":"https:\/\/red-lighttherapy.com\/?post_type=product&#038;p=485"},"modified":"2025-04-12T03:28:31","modified_gmt":"2025-04-12T03:28:31","slug":"wholesale-cheap-paper-tube-packaging-for-tea-coffee-spices","status":"publish","type":"product","link":"https:\/\/red-lighttherapy.com\/tr\/wholesale-cheap-paper-tube-packaging-for-tea-coffee-spices\/","title":{"rendered":"\u00c7ay Kahve Baharatlar\u0131 \u0130\u00e7in Toptan Ucuz Ka\u011f\u0131t T\u00fcp Ambalaj"},"content":{"rendered":"<h2 id=\"wholesale-cheap-paper-tube-packaging-product-description\">\u00c7ay Kahve Baharatlar\u0131 \u0130\u00e7in Toptan Ucuz Ka\u011f\u0131t T\u00fcp Ambalaj \u00dcr\u00fcn A\u00e7\u0131klamas\u0131<\/h2>\n<h2 id=\"1-gradient-color-design-full-visual-appeal-\">1.\u00a0<strong>Degrade renk tasar\u0131m\u0131, tam g\u00f6rsel \u00e7ekicilik<\/strong><\/h2>\n<p>Bu ka\u011f\u0131t t\u00fcp ambalaj, \u00fcstte koyu siyahtan altta canl\u0131 turuncuya do\u011fru bir degrade ile ana renk tasar\u0131m\u0131n\u0131 benimser. Renk ge\u00e7i\u015fi, modern estetik trendlere uygun olarak do\u011fal ve parlakt\u0131r. Degrade rengin dinamik g\u00f6rsel etkisi t\u00fcketicilerin dikkatini an\u0131nda \u00e7ekebilir, \u00f6zellikle raf te\u015fhir sahneleri i\u00e7in uygundur ve \u00e7ay, kahve ve baharat gibi \u00fcr\u00fcnlere daha gen\u00e7 ve daha \u015f\u0131k bir marka imaj\u0131 verir.<\/p>\n<h2 id=\"2-gold-geometric-elements-integrating-environmental-protection-and-artistic-sense-\">2.\u00a0<strong>\u00c7evre koruma ve sanatsal anlay\u0131\u015f\u0131 b\u00fct\u00fcnle\u015ftiren alt\u0131n geometrik \u00f6\u011feler<\/strong><\/h2>\n<p>Kutunun \u00fcst k\u0131sm\u0131, geleneksel dekoratif sanat ile modern minimalist tarz\u0131n birle\u015fiminden esinlenen alt\u0131n y\u0131ld\u0131z geometrik bir desenle s\u00fcslenmi\u015ftir. Alt\u0131n unsurlar ve degrade renk aras\u0131ndaki kontrast sadece ambalaj\u0131n l\u00fcks\u00fcn\u00fc artt\u0131rmakla kalm\u0131yor, ayn\u0131 zamanda \u00e7ay ve kahve gibi do\u011fal \u00fcr\u00fcnlerin do\u011fal \u00f6zelliklerini yans\u0131tan geometrik \u00e7izgiler arac\u0131l\u0131\u011f\u0131yla \u00e7evre koruma konseptinin d\u00fczen ve s\u00fcrd\u00fcr\u00fclebilirlik duygusunu da aktar\u0131yor. \u0130\u00e7 kutunun y\u00fczeyi yumu\u015fak ve g\u00f6z kama\u015ft\u0131r\u0131c\u0131 olmayan mat bir i\u015flemden ge\u00e7irilerek \"yumu\u015fak etki\" daha da artt\u0131r\u0131lm\u0131\u015ft\u0131r.<\/p>\n<h2 id=\"3-scientific-structural-design-both-practical-and-comfortable-\">3.\u00a0<strong>Hem pratik hem de konforlu bilimsel yap\u0131sal tasar\u0131m<\/strong><\/h2>\n<p>Ka\u011f\u0131t t\u00fcp d\u00fcz bir rulo yap\u0131s\u0131na sahiptir ve ana g\u00f6vde \u00e7ap\u0131 ve y\u00fcksekli\u011fi ihtiya\u00e7lara g\u00f6re \u00f6zelle\u015ftirilebilir (referans aral\u0131\u011f\u0131: \u00e7ap 2-32mm, y\u00fckseklik 2-50mm). T\u00fcp g\u00f6vdesinin kal\u0131nla\u015fmas\u0131, nakliye ekstr\u00fczyon deformasyonunu \u00f6nlemek i\u00e7in d\u0131\u015f kuvveti e\u015fit olarak da\u011f\u0131tabilir. Kaymaz dokuya sahip \u00fcst spiral a\u00e7ma ve kapama tasar\u0131m\u0131 tek elle kolayca a\u00e7\u0131labilir ve s\u0131zd\u0131rmazl\u0131k, i\u00e7eri\u011fin neme dayan\u0131kl\u0131 ve taze olmas\u0131n\u0131 sa\u011flamak i\u00e7in m\u00fckemmeldir.<\/p>\n<h2 id=\"4-environmentally-friendly-soybean-ink-printing-zero-pollution-degradation-\">4.\u00a0<strong>\u00c7evre dostu soya m\u00fcrekkebi bask\u0131s\u0131, s\u0131f\u0131r kirlilik bozulmas\u0131<\/strong><\/h2>\n<p>Bask\u0131 s\u00fcreci t\u00fcm soya m\u00fcrekkebi teknolojisini benimser ve hammaddeler yenilenebilir bitki kaynaklar\u0131ndan elde edilir, a\u011f\u0131r metaller ve u\u00e7ucu organik bile\u015fikler (VOC) i\u00e7ermez ve ayr\u0131\u015fmadan sonra do\u011fal \u00e7evreye tamamen entegre edilebilir. Bask\u0131 renk fark\u0131 \u0394E\u22643 aral\u0131\u011f\u0131nda s\u0131k\u0131 bir \u015fekilde kontrol edilir ve desenin net olmas\u0131n\u0131 ve renk sapmas\u0131 olmamas\u0131n\u0131 ve marka LOGO ve logosunun y\u00fcksek tan\u0131n\u0131rl\u0131\u011fa sahip olmas\u0131n\u0131 sa\u011flamak i\u00e7in profesyonel renk y\u00f6netimi teknolojisi kullan\u0131l\u0131r.<\/p>\n<h2 id=\"5-customized-buffer-lining-food-grade-safety-guarantee-\">5.\u00a0<strong>\u00d6zelle\u015ftirilmi\u015f tampon astar, g\u0131da s\u0131n\u0131f\u0131 g\u00fcvenlik garantisi<\/strong><\/h2>\n<p>Astar, ta\u015f\u0131ma s\u0131ras\u0131nda titre\u015fimi etkili bir \u015fekilde tamponlayabilen ve i\u00e7eri\u011fin zarar g\u00f6rmesini \u00f6nleyebilen, ayarlanabilir yo\u011funlu\u011fa sahip g\u0131da s\u0131n\u0131f\u0131 s\u00fcnger veya EVA malzemeden (y\u00fcksek yo\u011funluklu EVA, k\u0131r\u0131lgan baharat par\u00e7ac\u0131klar\u0131 i\u00e7in uygundur) yap\u0131labilir. Astar, ka\u011f\u0131t t\u00fcpe s\u0131k\u0131ca oturur ve kuru tutulmas\u0131 gereken \u00e7ay, kahve ve di\u011fer yiyeceklerin paketlenmesi i\u00e7in bir havaland\u0131rma deli\u011fi ayr\u0131lm\u0131\u015ft\u0131r.<\/p>\n<h2 id=\"6-diversified-box-type-selection-to-enhance-consumer-experience-\">6.\u00a0<strong>T\u00fcketici deneyimini geli\u015ftirmek i\u00e7in \u00e7e\u015fitlendirilmi\u015f kutu tipi se\u00e7imi<\/strong><\/h2>\n<p>Hediye paketleme, ta\u015f\u0131nabilir paketleme ve aile paketleme gibi farkl\u0131 senaryolar\u0131n ihtiya\u00e7lar\u0131n\u0131 kar\u015f\u0131lamak i\u00e7in \u00fcst ve alt kapaklar, kapakl\u0131 kutular, \u00e7ekmeceli kutular ve \u00f6zel \u015fekilli kutular gibi \u00e7e\u015fitli kutu t\u00fcrlerinin \u00f6zelle\u015ftirilmesini destekler. \u00d6rne\u011fin:<\/p>\n<ul>\n<li><strong>\u00c7ekmece kutusu<\/strong>: k\u00fc\u00e7\u00fck hacimli \u00e7ay paketleme, d\u00fczg\u00fcn \u00e7ekme i\u00e7in uygundur;<\/li>\n<li><strong>\u00d6zel \u015fekilli kutu<\/strong>: ilgiyi art\u0131rmak i\u00e7in \u00f6zelle\u015ftirilebilir alt\u0131gen veya y\u0131ld\u0131z \u015feklinde;<\/li>\n<li><strong>Kitap \u015feklinde kutu<\/strong>: A\u00e7arken ve kapat\u0131rken g\u00fc\u00e7l\u00fc bir rit\u00fcel hissi veren \u00fcst d\u00fczey hediye kutular\u0131 i\u00e7in uygundur.<\/li>\n<\/ul>\n<h2 id=\"7-sustainable-packaging-solutions-\">7.\u00a0<strong>S\u00fcrd\u00fcr\u00fclebilir ambalaj \u00e7\u00f6z\u00fcmleri<\/strong><\/h2>\n<p>\u00c7evre koruma, malzemelerden s\u00fcre\u00e7lere kadar t\u00fcm s\u00fcre\u00e7 boyunca uygulanmaktad\u0131r:<\/p>\n<ul>\n<li><strong>Hammaddeler<\/strong>: 95% geri d\u00f6n\u00fc\u015ft\u00fcr\u00fclebilirlik oran\u0131na sahip FSC sertifikal\u0131 ka\u011f\u0131t kullan\u0131lm\u0131\u015ft\u0131r;<\/li>\n<li><strong>\u00dcretim<\/strong>: G\u00fcnl\u00fck \u00fcretim kapasitesi 5 milyon par\u00e7aya ula\u015f\u0131r, minimum sipari\u015f miktar\u0131 500 par\u00e7a kadar d\u00fc\u015f\u00fckt\u00fcr ve k\u00fc\u00e7\u00fck partilerin esnek bir \u015fekilde \u00f6zelle\u015ftirilmesi desteklenir;<\/li>\n<li><strong>Ula\u015f\u0131m<\/strong>: Hafif tasar\u0131m (sadece 30% demir kutu) lojistik karbon emisyonlar\u0131n\u0131 azalt\u0131r.<\/li>\n<\/ul>\n<p><strong>Uygulanabilir senaryolar<\/strong>: \u00e7ay hediye kutular\u0131, kahve \u00e7ekirde\u011fi perakende ambalajlar\u0131, baharat \u015fi\u015fesi kutular\u0131, sa\u011fl\u0131kl\u0131 g\u0131da kutular\u0131 vb.\u00a0<strong>\u0130\u015fbirli\u011fi avantajlar\u0131<\/strong>: \u00dccretsiz numune \u00f6zelle\u015ftirme (5-7 g\u00fcn i\u00e7inde teslimat), s\u0131cak damgalama \/ UV \/ kabartma ve di\u011fer \u00e7oklu i\u015flem kombinasyonlar\u0131n\u0131 ve fiyat rekabet\u00e7ili\u011fini sa\u011flamak i\u00e7in kendi fabrikalar\u0131n\u0131 destekler.<\/p>","protected":false},"excerpt":{"rendered":"<p>Bu toptan ka\u011f\u0131t t\u00fcp ambalaj \u00e7ay, kahve ve baharatlar i\u00e7in tasarlanm\u0131\u015ft\u0131r. \u00dcstte siyahtan altta turuncuya kadar parlak bir renk \u015femas\u0131 benimser ve kutunun \u00fcst\u00fcndeki alt\u0131n y\u0131ld\u0131z \u015feklindeki geometrik kabartma ile e\u015fle\u015ftirilerek \u00e7evre koruma kavram\u0131n\u0131 g\u00f6rsel bir etkiyle aktar\u0131r. T\u00fcp, d\u0131\u015f kuvvetleri e\u015fit olarak da\u011f\u0131tabilen ve tutmas\u0131 rahat olan d\u00fcz haddelenmi\u015f kal\u0131nla\u015ft\u0131r\u0131lm\u0131\u015f bir yap\u0131ya sahiptir.<\/p>","protected":false},"featured_media":486,"template":"","meta":{"_kad_post_transparent":"default","_kad_post_title":"","_kad_post_layout":"default","_kad_post_sidebar_id":"","_kad_post_content_style":"default","_kad_post_vertical_padding":"default","_kad_post_feature":"","_kad_post_feature_position":"","_kad_post_header":false,"_kad_post_footer":false,"_kad_post_classname":""},"product_brand":[],"product_cat":[15,17],"product_tag":[153,152,154],"class_list":{"0":"post-485","1":"product","2":"type-product","3":"status-publish","4":"has-post-thumbnail","6":"product_cat-red-light-therapy","7":"product_cat-services","8":"product_tag-cocoa-powder-paper-tube","9":"product_tag-tea-coffee-paper-tube","10":"product_tag-wholesale-paper-tube-spices-food","12":"first","13":"instock","14":"shipping-taxable","15":"product-type-simple","16":"entry","17":"content-bg","18":"loop-entry"},"_links":{"self":[{"href":"https:\/\/red-lighttherapy.com\/tr\/wp-json\/wp\/v2\/product\/485","targetHints":{"allow":["GET"]}}],"collection":[{"href":"https:\/\/red-lighttherapy.com\/tr\/wp-json\/wp\/v2\/product"}],"about":[{"href":"https:\/\/red-lighttherapy.com\/tr\/wp-json\/wp\/v2\/types\/product"}],"wp:featuredmedia":[{"embeddable":true,"href":"https:\/\/red-lighttherapy.com\/tr\/wp-json\/wp\/v2\/media\/486"}],"wp:attachment":[{"href":"https:\/\/red-lighttherapy.com\/tr\/wp-json\/wp\/v2\/media?parent=485"}],"wp:term":[{"taxonomy":"product_brand","embeddable":true,"href":"https:\/\/red-lighttherapy.com\/tr\/wp-json\/wp\/v2\/product_brand?post=485"},{"taxonomy":"product_cat","embeddable":true,"href":"https:\/\/red-lighttherapy.com\/tr\/wp-json\/wp\/v2\/product_cat?post=485"},{"taxonomy":"product_tag","embeddable":true,"href":"https:\/\/red-lighttherapy.com\/tr\/wp-json\/wp\/v2\/product_tag?post=485"}],"curies":[{"name":"wp","href":"https:\/\/api.w.org\/{rel}","templated":true}]}}