{"id":479,"date":"2025-04-12T02:37:40","date_gmt":"2025-04-12T02:37:40","guid":{"rendered":"https:\/\/red-lighttherapy.com\/?post_type=product&#038;p=479"},"modified":"2025-04-12T02:56:13","modified_gmt":"2025-04-12T02:56:13","slug":"custom-consumer-electronics-product-packaging-boxes-company","status":"publish","type":"product","link":"https:\/\/red-lighttherapy.com\/tr\/custom-consumer-electronics-product-packaging-boxes-company\/","title":{"rendered":"\u00d6zel T\u00fcketici Elektroni\u011fi \u00dcr\u00fcn Ambalaj Kutular\u0131 \u015eirketi"},"content":{"rendered":"<h2 id=\"-customized-consumer-electronics-product-packaging-box-product-description-\"><strong>\u00d6zelle\u015ftirilmi\u015f T\u00fcketici Elektroni\u011fi \u00dcr\u00fcn Ambalaj Kutusu \u00dcr\u00fcn A\u00e7\u0131klamas\u0131<\/strong><\/h2>\n<p>\"Sade estetik ve i\u015flevsel pratiklik\" tasar\u0131m konseptine ba\u011fl\u0131 kalarak, hem g\u00f6rsel etki hem de pratik koruma ile \u00f6zel bir ambalaj deneyimi yaratmak i\u00e7in klasik i\u015f\u00e7ilik ve yenilik\u00e7i yap\u0131y\u0131 birle\u015ftiren, ana tonu siyah olan t\u00fcketici elektroni\u011fi markalar\u0131 i\u00e7in \u00fcst d\u00fczey \u00f6zelle\u015ftirilmi\u015f ambalaj \u00e7\u00f6z\u00fcmleri sunuyoruz.<\/p>\n<h2 id=\"1-minimalist-aesthetics-luxury-hot-stamping-technology-\">1.\u00a0<strong>Minimalist Estetik L\u00fcks Alt\u0131n S\u0131cak Damgalama Folyo Teknolojisi<\/strong><\/h2>\n<p>Kutu g\u00f6vdesi, \u00f6zelle\u015ftirilmi\u015f s\u0131cak damgalama teknolojisi (marka LOGO'su, doku veya \u00e7izgiler gibi) ile mat siyah bir taban kullan\u0131r ve metalik parlakl\u0131k ile koyu siyah\u0131n kontrast\u0131 sayesinde sade ve l\u00fcks bir g\u00f6rsel etki yarat\u0131r. S\u0131cak damgalama i\u015flemi, desenin do\u011fru bir \u015fekilde tutturulmas\u0131n\u0131 ve a\u015f\u0131nmaya ve \u00e7izilmeye kar\u015f\u0131 dayan\u0131kl\u0131 olmas\u0131n\u0131 sa\u011flamak i\u00e7in \u00e7evre dostu metal folyo malzemeler kullan\u0131r, bu da marka tan\u0131n\u0131rl\u0131\u011f\u0131n\u0131 ve \u00fcr\u00fcn kalitesini art\u0131r\u0131r.<\/p>\n<h2 id=\"2-one-handed-opening-and-closing-ritual-pull-out-structure-\">2.\u00a0<strong>Tek elle a\u00e7ma ve kapama rit\u00fcelli \u00e7ekmece yap\u0131s\u0131<\/strong><\/h2>\n<p>Hassas kal\u0131p kesim ve manyetik toka teknolojisi ile bir araya getirilen yenilik\u00e7i a\u00e7\u0131l\u0131r kutu tasar\u0131m\u0131, kullan\u0131c\u0131lar\u0131n kutuyu tek elle sorunsuz bir \u015fekilde a\u00e7mas\u0131na olanak tan\u0131r ve kutu a\u00e7ma i\u015flemi hem rahat hem de t\u00f6renseldir. Kutu g\u00f6vdesinin i\u00e7 k\u0131sm\u0131, elektronik \u00fcr\u00fcnlerin bi\u00e7imine uyum sa\u011flamak i\u00e7in kademeli katmanlar veya g\u00f6m\u00fcl\u00fc kart yuvalar\u0131 kullan\u0131r ve ekran etkisini art\u0131r\u0131rken sars\u0131nt\u0131y\u0131 \u00f6nler.<\/p>\n<h2 id=\"3-high-strength-protection-optimized-coated-paper-material-\">3.\u00a0<strong>Y\u00fcksek mukavemetli koruma Optimize edilmi\u015f ku\u015fe ka\u011f\u0131t malzeme<\/strong><\/h2>\n<p>300g'\u0131n \u00fczerinde se\u00e7ilen y\u00fcksek yo\u011funluklu ku\u015fe ka\u011f\u0131t, ka\u011f\u0131t y\u00fczeyi m\u00fckemmel sertlikte p\u00fcr\u00fczs\u00fcz ve hassast\u0131r ve bas\u0131n\u00e7 dayan\u0131m\u0131 s\u0131radan kartondan 30% daha y\u00fcksektir, nakliye s\u0131ras\u0131nda \u00e7arp\u0131\u015fmaya ve ekstr\u00fczyona etkili bir \u015fekilde direnir. Kutu g\u00f6vdesinin y\u00fczeyi, parmak izi ve leke tutmayan \u00e7evre dostu mat bir film tabakas\u0131 ile kaplanm\u0131\u015ft\u0131r. Uzun s\u00fcreli kullan\u0131mdan sonra oksitlenmesi ve renginin solmas\u0131 kolay de\u011fildir, ambalaj\u0131 uzun s\u00fcre yeni tutar.<\/p>\n<h2 id=\"4-deep-customization-flexible-adaptation-needs-\">4.\u00a0<strong>Derin \u00f6zelle\u015ftirme Esnek adaptasyon ihtiya\u00e7lar\u0131<\/strong><\/h2>\n<p>Tam boyutlu \u00f6zelle\u015ftirme hizmetlerini destekleyin:<\/p>\n<ul>\n<li><strong>Kutu tipi<\/strong>: \u00c7ekmeceli tipin yan\u0131 s\u0131ra, \u00fcst ve alt kapaklar, kitap \u015feklinde kutular ve \u00f6zel \u015fekilli kutular gibi \u00e7e\u015fitlendirilmi\u015f yap\u0131lar sa\u011flayabilir;<\/li>\n<li><strong>Malzeme<\/strong>: Nem ge\u00e7irmez ve anti-statik gibi \u00f6zel ihtiya\u00e7lar\u0131 kar\u015f\u0131lamak i\u00e7in iste\u011fe ba\u011fl\u0131 beyaz karton, alt\u0131n ve g\u00fcm\u00fc\u015f karton, \u00f6zel ka\u011f\u0131t vb;<\/li>\n<li><strong>El Sanatlar\u0131<\/strong>: UV yerel vernik, kabartma, i\u00e7i bo\u015f pencereler ve di\u011fer i\u015flemler g\u00f6rsel seviyeyi art\u0131rmak i\u00e7in serbest\u00e7e birle\u015ftirilir.<\/li>\n<\/ul>\n<h2 id=\"5-safe-inner-support-precise-fit-protection-\">5.\u00a0<strong>G\u00fcvenli i\u00e7 destek, hassas uyum korumas\u0131<\/strong><\/h2>\n<p>\u0130\u00e7 astar EVA floklama, inci pamuk, blister ve di\u011fer malzemeleri sa\u011flar ve renk \u00f6zelle\u015ftirilebilir (siyah, koyu gri, \u015farap k\u0131rm\u0131z\u0131s\u0131 gibi). 3D tarama teknolojisi ile 1:1 boyutta kesim sa\u011flanabilir ve sabit \u00fcr\u00fcn s\u0131f\u0131r yer de\u011fi\u015ftirmeye sahiptir. Hassas elektronik bile\u015fenler i\u00e7in, nakliye s\u0131ras\u0131nda statik hasar\u0131 \u00f6nlemek amac\u0131yla anti-statik bir i\u00e7 destek yerle\u015ftirilebilir.<\/p>\n<h2 id=\"-core-advantages-\"><strong>Temel avantajlar<\/strong><\/h2>\n<ul>\n<li><strong>Kalite sertifikas\u0131<\/strong>: T\u00fcm malzemeler SGS \u00e7evre koruma testinden ge\u00e7mi\u015ftir ve g\u0131da s\u0131n\u0131f\u0131 ambalaj standartlar\u0131n\u0131 kar\u015f\u0131lamaktad\u0131r;<\/li>\n<li><strong>H\u0131zl\u0131 yan\u0131t<\/strong>: Prototipleme 7-15 g\u00fcn i\u00e7inde tamamlan\u0131r ve k\u00fc\u00e7\u00fck parti \u00f6zelle\u015ftirmesi desteklenir (minimum sipari\u015f miktar\u0131 500);<\/li>\n<li><strong>Tam zincir hizmet<\/strong>: M\u00fc\u015fteri ileti\u015fim maliyetlerini azaltmak i\u00e7in tasar\u0131mdan malzeme se\u00e7imine ve \u00fcretim lojisti\u011fine kadar tek elden \u00e7\u00f6z\u00fcm.<\/li>\n<\/ul>\n<p>Ambalaj\u0131, her detay\u0131n en \u00fcst d\u00fczeyde parlat\u0131lmas\u0131 yoluyla marka de\u011ferinin geni\u015fletilmi\u015f bir ta\u015f\u0131y\u0131c\u0131s\u0131 haline getirmeye kararl\u0131y\u0131z. \u0130ster ak\u0131ll\u0131 giyilebilir cihazlar, ister \u00fcst d\u00fczey kulakl\u0131klar veya hassas aletler olsun, \u00fcr\u00fcn rekabetinde \u00f6ne \u00e7\u0131kman\u0131za yard\u0131mc\u0131 olmak i\u00e7in \u00f6zel \u00e7\u00f6z\u00fcmler uyarlanabilir.<\/p>","protected":false},"excerpt":{"rendered":"<p>Kutu g\u00f6vdesi, \u00f6zelle\u015ftirilmi\u015f s\u0131cak damgalama teknolojisi (marka logosu veya geometrik doku gibi) ile temel olarak koyu mat siyah kullan\u0131r, metalik parlakl\u0131k ve koyu arka plan\u0131n \u00e7arp\u0131\u015fmas\u0131 sayesinde sade ve l\u00fcks bir g\u00f6rsel seviye sunar.<\/p>","protected":false},"featured_media":482,"template":"","meta":{"_kad_post_transparent":"default","_kad_post_title":"","_kad_post_layout":"default","_kad_post_sidebar_id":"","_kad_post_content_style":"default","_kad_post_vertical_padding":"default","_kad_post_feature":"","_kad_post_feature_position":"","_kad_post_header":false,"_kad_post_footer":false,"_kad_post_classname":""},"product_brand":[],"product_cat":[15,20,17],"product_tag":[151,150,149],"class_list":{"0":"post-479","1":"product","2":"type-product","3":"status-publish","4":"has-post-thumbnail","6":"product_cat-red-light-therapy","7":"product_cat-led-face-light-therapy","8":"product_cat-services","9":"product_tag-consumer-electronics-boxes-company","10":"product_tag-consumer-electronics-packaging-boxes","11":"product_tag-custom-consumer-product-packaging","13":"first","14":"instock","15":"shipping-taxable","16":"product-type-simple","17":"entry","18":"content-bg","19":"loop-entry"},"_links":{"self":[{"href":"https:\/\/red-lighttherapy.com\/tr\/wp-json\/wp\/v2\/product\/479","targetHints":{"allow":["GET"]}}],"collection":[{"href":"https:\/\/red-lighttherapy.com\/tr\/wp-json\/wp\/v2\/product"}],"about":[{"href":"https:\/\/red-lighttherapy.com\/tr\/wp-json\/wp\/v2\/types\/product"}],"wp:featuredmedia":[{"embeddable":true,"href":"https:\/\/red-lighttherapy.com\/tr\/wp-json\/wp\/v2\/media\/482"}],"wp:attachment":[{"href":"https:\/\/red-lighttherapy.com\/tr\/wp-json\/wp\/v2\/media?parent=479"}],"wp:term":[{"taxonomy":"product_brand","embeddable":true,"href":"https:\/\/red-lighttherapy.com\/tr\/wp-json\/wp\/v2\/product_brand?post=479"},{"taxonomy":"product_cat","embeddable":true,"href":"https:\/\/red-lighttherapy.com\/tr\/wp-json\/wp\/v2\/product_cat?post=479"},{"taxonomy":"product_tag","embeddable":true,"href":"https:\/\/red-lighttherapy.com\/tr\/wp-json\/wp\/v2\/product_tag?post=479"}],"curies":[{"name":"wp","href":"https:\/\/api.w.org\/{rel}","templated":true}]}}