{"id":472,"date":"2025-04-12T02:12:17","date_gmt":"2025-04-12T02:12:17","guid":{"rendered":"https:\/\/red-lighttherapy.com\/?post_type=product&#038;p=472"},"modified":"2025-04-12T02:37:26","modified_gmt":"2025-04-12T02:37:26","slug":"custom-pearl-paper-fashion-apparel-packaging-box-vendor","status":"publish","type":"product","link":"https:\/\/red-lighttherapy.com\/tr\/custom-pearl-paper-fashion-apparel-packaging-box-vendor\/","title":{"rendered":"\u00d6zel \u0130nci Ka\u011f\u0131t Moda Giyim Ambalaj Kutusu Sat\u0131c\u0131s\u0131"},"content":{"rendered":"<h2 id=\"-customized-pearlescent-paper-fashion-clothing-packaging-box-supplier-product-description-\"><strong>\u00d6zelle\u015ftirilmi\u015f \u0130nci Ka\u011f\u0131t Moda Giyim Ambalaj Kutusu Tedarik\u00e7isi \u00dcr\u00fcn A\u00e7\u0131klamas\u0131<\/strong><\/h2>\n<h2 id=\"-2-strengthen-the-box-structure-to-ensure-the-safety-of-clothing-\"><strong>1. Giysilerin g\u00fcvenli\u011fini sa\u011flamak i\u00e7in kutu yap\u0131s\u0131n\u0131 g\u00fc\u00e7lendirin<\/strong><\/h2>\n<ul>\n<li><strong>S\u0131k\u0131\u015ft\u0131rma ve deformasyon \u00f6nleyici tasar\u0131m<\/strong>: Kutu g\u00f6vdesi, astar olarak gri karton ka\u011f\u0131t veya y\u00fcksek yo\u011funluklu oluklu mukavva kullan\u0131r, \u00e7ift katmanl\u0131 veya \u00e7ok katmanl\u0131 katlama yap\u0131s\u0131 (\u00fc\u00e7gen destek gibi) ile birlikte, bas\u0131n\u00e7 dayan\u0131m\u0131 40%'den daha fazla artar ve nakliye s\u0131ras\u0131nda ekstr\u00fczyona ve darbeye dayanabilir.<\/li>\n<li><strong>\u00dcst ve alt kapa\u011f\u0131n kutu \u015feklinin optimizasyonu<\/strong>: \u00dcst ve alt kapak tasar\u0131m\u0131 (i\u00e7 i\u00e7e ge\u00e7mi\u015f \u00fcst ve alt kapaklar), palto ve tak\u0131m elbise gibi b\u00fcy\u00fck giysileri almak ve koymak i\u00e7in uygun olan ve ayn\u0131 zamanda kutunun gev\u015femesini ve deforme olmas\u0131n\u0131 \u00f6nleyebilen hassas kal\u0131p kesme teknolojisi sayesinde kesintisiz bir kapatma etkisi sa\u011flar.<\/li>\n<\/ul>\n<h2 id=\"-3-hot-stamping-and-embossing-technology-dual-sensory-upgrade-\"><strong>2. Beyaz s\u0131cak damgalama folyosu ve kabartma teknolojisi, \u00e7ift duyusal y\u00fckseltme<\/strong><\/h2>\n<ul>\n<li><strong>S\u0131cak damgalama teknolojisi<\/strong>: Alman ithal elektrokimyasal al\u00fcminyum folyo kullan\u0131larak, sedefli ka\u011f\u0131t \u00fczerinde y\u00fcksek s\u0131cakl\u0131kta kabartma yoluyla mat platin doku olu\u015fturulur. Metalik doku ve sedefli arka plan rengi birbirini tamamlayarak sade ve l\u00fcks bir g\u00f6rsel etki yarat\u0131r.<\/li>\n<li><strong>Kabartmal\u0131 \u00fc\u00e7 boyutlu dokunu\u015f<\/strong>: 3D kabartma teknolojisi ile birlikte, marka LOGO'su veya desen alan\u0131 \u00fczerinde hassas bir dokunu\u015fa ve net katmanlara sahip, marka haf\u0131za noktas\u0131n\u0131 g\u00fc\u00e7lendiren \u00fc\u00e7 boyutlu kabartma yap\u0131l\u0131r.<\/li>\n<\/ul>\n<h2 id=\"-4-all-round-customization-service-to-match-brand-needs-\"><strong>3. Marka ihtiya\u00e7lar\u0131n\u0131 kar\u015f\u0131lamak i\u00e7in \u00e7ok y\u00f6nl\u00fc \u00f6zelle\u015ftirme hizmeti<\/strong><\/h2>\n<ul>\n<li><strong>Esnek boyut ve renk adaptasyonu<\/strong>: 26\u00d717.5\u00d73.5cm'den (standart versiyon) 50\u00d740\u00d710cm'ye (b\u00fcy\u00fck versiyon) kadar birden fazla boyutun \u00f6zelle\u015ftirilmesini destekler; sedefli ka\u011f\u0131t pembe, siyah ve alt\u0131n gibi 12 temel renk sa\u011flar ve marka VI sistemiyle y\u00fcksek tutarl\u0131l\u0131k sa\u011flamak i\u00e7in Pantone \u00f6zel renkleriyle ayarlanabilir.<\/li>\n<li><strong>LOGO ve desen \u00f6zelle\u015ftirme<\/strong>: Serigrafi, UV yerel vernik ve di\u011fer i\u015flemleri destekler ve ki\u015fiselle\u015ftirilmi\u015f ihtiya\u00e7lar\u0131 kar\u015f\u0131lamak i\u00e7in marka logolar\u0131, k\u00fclt\u00fcrel \u00f6\u011feler veya sanatsal desenler basabilir.<\/li>\n<\/ul>\n<h2 id=\"-5-one-stop-service-focusing-on-foreign-trade-\"><strong>4. D\u0131\u015f ticarete odaklanan tek elden hizmet<\/strong><\/h2>\n<ul>\n<li><strong>Deneyimli ekip<\/strong>: Ekip \u00fcyeleri, 10 y\u0131l\u0131 a\u015fk\u0131n s\u00fcredir d\u0131\u015f ticaret ambalaj\u0131 alan\u0131nda derinlemesine yer almaktad\u0131r ve Avrupa, Amerika Birle\u015fik Devletleri ve G\u00fcneydo\u011fu Asya (FOB \/ ELC teklif sistemi, \u00e7evre sertifikasyonu gibi) gibi pazar standartlar\u0131na a\u015finad\u0131r ve tasar\u0131mdan provaya kadar tam s\u00fcre\u00e7 deste\u011fi sa\u011flayabilir. g\u00fcmr\u00fck beyannamesi ve lojistik.<\/li>\n<li><strong>H\u0131zl\u0131 yan\u0131t ve kalite kontrol garantisi<\/strong>: Dijital \u00fcretim y\u00f6netim sistemini (MES) benimseyin, sipari\u015f ilerlemesi ger\u00e7ek zamanl\u0131 olarak kontrol edilebilir; SGS kalite kontrol sertifikas\u0131n\u0131 ge\u00e7mek, bitmi\u015f \u00fcr\u00fcn veriminin 99%'den fazla olmas\u0131n\u0131 sa\u011flamak ve \u00fc\u00e7\u00fcnc\u00fc taraf denetimini desteklemek.<\/li>\n<\/ul>\n<h2 id=\"-cooperation-process-\"><strong>\u0130\u015fbirli\u011fi s\u00fcreci<\/strong><\/h2>\n<ol>\n<li><strong>Talep ileti\u015fimi<\/strong>: Marka VI bilgilerini, \u00fcr\u00fcn boyutunu ve \u00f6zelle\u015ftirme gereksinimlerini sa\u011flay\u0131n;<\/li>\n<li><strong>Tasar\u0131m provas\u0131<\/strong>: 3 i\u015f g\u00fcn\u00fc i\u00e7inde 3D render ve fiziksel numune sa\u011flay\u0131n;<\/li>\n<li><strong>Seri \u00fcretim<\/strong>: Onayland\u0131ktan sonra 10-15 g\u00fcn i\u00e7inde teslimat (h\u0131zland\u0131r\u0131lm\u0131\u015f sipari\u015fleri destekleyin);<\/li>\n<li><strong>Lojistik takibi<\/strong>: Deniz \/ hava ta\u015f\u0131mac\u0131l\u0131\u011f\u0131 i\u00e7in tek elden lojistik takip hizmeti sa\u011flay\u0131n.<\/li>\n<\/ol>\n<h2 id=\"-core-advantages-\"><strong>Temel avantajlar<\/strong><\/h2>\n<ul>\n<li><strong>Maliyet etkinli\u011fi<\/strong>: \u00dcst d\u00fczey dokuyu korurken yap\u0131sal optimizasyon (tek par\u00e7a kal\u0131plama kutusu tipi gibi) yoluyla paketleme maliyetlerini 15% azalt\u0131n;<\/li>\n<li><strong>S\u00fcrd\u00fcr\u00fclebilirlik<\/strong>: Geri d\u00f6n\u00fc\u015ft\u00fcr\u00fclebilir ka\u011f\u0131t hamuru malzemeleri kullan\u0131n, AB REACH \u00e7evre koruma standartlar\u0131na uyun ve markan\u0131n ye\u015fil d\u00f6n\u00fc\u015f\u00fcm\u00fcne yard\u0131mc\u0131 olun.<\/li>\n<\/ul>","protected":false},"excerpt":{"rendered":"<p>D\u0131\u015f ticaret alan\u0131na odaklanarak, \u00fcst d\u00fczey \u00f6zelle\u015ftirilmi\u015f ambalaj \u00e7\u00f6z\u00fcmleri sunuyoruz. Yap\u0131lm\u0131\u015f\u00a0<strong>\u0130nci Ka\u011f\u0131t<\/strong>y\u00fczey yumu\u015fak bir inci parlakl\u0131\u011f\u0131 sunarak ambalaj kutusuna l\u00fcks bir doku ve g\u00f6rsel katmanlama kazand\u0131r\u0131r;\u00a0<strong>\u00dcst ve alt kapakl\u0131 kutu tasar\u0131m\u0131<\/strong>\u00a0A\u00e7\u0131lmas\u0131 ve kapat\u0131lmas\u0131 kolayd\u0131r ve tak\u0131m elbise ve palto gibi b\u00fcy\u00fck giysiler i\u00e7in m\u00fckemmel \u015fekilde uygundur.<\/p>","protected":false},"featured_media":473,"template":"","meta":{"_kad_post_transparent":"default","_kad_post_title":"","_kad_post_layout":"default","_kad_post_sidebar_id":"","_kad_post_content_style":"default","_kad_post_vertical_padding":"default","_kad_post_feature":"","_kad_post_feature_position":"","_kad_post_header":false,"_kad_post_footer":false,"_kad_post_classname":""},"product_brand":[],"product_cat":[15,30,19,17],"product_tag":[147,146,148],"class_list":{"0":"post-472","1":"product","2":"type-product","3":"status-publish","4":"has-post-thumbnail","6":"product_cat-red-light-therapy","7":"product_cat-dropshipping","8":"product_cat-red-light-therapy-stand","9":"product_cat-services","10":"product_tag-apparel-packaging-box","11":"product_tag-custom-apparel-packaging","12":"product_tag-fashion-apparel-packaging","14":"first","15":"instock","16":"shipping-taxable","17":"product-type-simple","18":"entry","19":"content-bg","20":"loop-entry"},"_links":{"self":[{"href":"https:\/\/red-lighttherapy.com\/tr\/wp-json\/wp\/v2\/product\/472","targetHints":{"allow":["GET"]}}],"collection":[{"href":"https:\/\/red-lighttherapy.com\/tr\/wp-json\/wp\/v2\/product"}],"about":[{"href":"https:\/\/red-lighttherapy.com\/tr\/wp-json\/wp\/v2\/types\/product"}],"wp:featuredmedia":[{"embeddable":true,"href":"https:\/\/red-lighttherapy.com\/tr\/wp-json\/wp\/v2\/media\/473"}],"wp:attachment":[{"href":"https:\/\/red-lighttherapy.com\/tr\/wp-json\/wp\/v2\/media?parent=472"}],"wp:term":[{"taxonomy":"product_brand","embeddable":true,"href":"https:\/\/red-lighttherapy.com\/tr\/wp-json\/wp\/v2\/product_brand?post=472"},{"taxonomy":"product_cat","embeddable":true,"href":"https:\/\/red-lighttherapy.com\/tr\/wp-json\/wp\/v2\/product_cat?post=472"},{"taxonomy":"product_tag","embeddable":true,"href":"https:\/\/red-lighttherapy.com\/tr\/wp-json\/wp\/v2\/product_tag?post=472"}],"curies":[{"name":"wp","href":"https:\/\/api.w.org\/{rel}","templated":true}]}}