{"id":466,"date":"2025-04-12T01:53:16","date_gmt":"2025-04-12T01:53:16","guid":{"rendered":"https:\/\/red-lighttherapy.com\/?post_type=product&#038;p=466"},"modified":"2025-04-12T02:11:58","modified_gmt":"2025-04-12T02:11:58","slug":"custom-luxury-apparel-clothing-shirt-packaging-box-wholesale","status":"publish","type":"product","link":"https:\/\/red-lighttherapy.com\/tr\/custom-luxury-apparel-clothing-shirt-packaging-box-wholesale\/","title":{"rendered":"\u00d6zel L\u00fcks Konfeksiyon Giyim G\u00f6mlek Ambalaj Kutusu Toptan Sat\u0131\u015f"},"content":{"rendered":"<h2 id=\"-customized-product-description-of-magnetic-packaging-box-for-luxury-clothing-shirts-\"><strong>L\u00fcks giyim g\u00f6mlekleri i\u00e7in manyetik kapatma ambalaj kutusunun \u00f6zelle\u015ftirilmi\u015f \u00fcr\u00fcn a\u00e7\u0131klamas\u0131<\/strong><\/h2>\n<p>--16 y\u0131ll\u0131k kaynak fabrika, y\u00fcksek maliyet performans\u0131 ve kalite g\u00fcvencesinin m\u00fckemmel birle\u015fimi<\/p>\n<h2 id=\"-i-color-psychology-design-lavender-tone-soothing-and-elegant-coexist-\"><strong>1. Renk psikolojisi tasar\u0131m\u0131: lavanta tonu, yat\u0131\u015ft\u0131r\u0131c\u0131 ve zarif bir arada<\/strong><\/h2>\n<ol>\n<li><strong>Lavanta esteti\u011fi<\/strong>: Ambalaj kutusu, renk psikolojisi ara\u015ft\u0131rmalar\u0131ndan esinlenerek d\u00fc\u015f\u00fck parlakl\u0131k ve d\u00fc\u015f\u00fck doygunlukta lavanta rengini benimser. Yumu\u015fak tonlar g\u00f6rsel yorgunlu\u011fu etkili bir \u015fekilde giderebilir ve kayg\u0131y\u0131 azaltabilirken, zarif ve asil marka mizac\u0131n\u0131 iletir, \u00f6zellikle \u00fcst d\u00fczey giyim ambalaj sahneleri i\u00e7in uygundur.<\/li>\n<li><strong>Uygulanabilir senaryolar<\/strong>: \u0130\u015f hediyelerinin ve l\u00fcks g\u00f6mleklerin ambalaj ihtiya\u00e7lar\u0131n\u0131 kar\u015f\u0131lar, ambalaj a\u00e7ma t\u00f6reni hissini art\u0131r\u0131r ve \u00fcst d\u00fczey perakende, marka amiral ma\u011fazalar\u0131 ve \u00f6zelle\u015ftirilmi\u015f hediye pazarlar\u0131 i\u00e7in uygundur.<\/li>\n<\/ol>\n<h2 id=\"-ii-magnetic-box-design-exquisite-opening-and-closing-minimalist-aesthetics-\"><strong>2. Manyetik kutu tasar\u0131m\u0131: zarif a\u00e7ma ve kapama, minimalist estetik<\/strong><\/h2>\n<ol>\n<li><strong>Manyetik kapatma sistemi<\/strong>: Sorunsuz ve sessiz bir \u015fekilde a\u00e7\u0131l\u0131p kapanan, s\u0131k\u0131ca kapanan, gev\u015fetilmesi kolay geleneksel kapakl\u0131 kutular\u0131n kusurlar\u0131n\u0131 \u00f6nleyen ve kullan\u0131c\u0131 deneyimini geli\u015ftiren g\u00f6m\u00fcl\u00fc manyetik toka tasar\u0131m\u0131n\u0131 benimser.<\/li>\n<li><strong>Yap\u0131sal optimizasyon<\/strong>: Kutu \u015feklindeki \u00e7izgiler, modern minimalist stile uygun, gereksiz dekorasyon olmadan basit ve temizdir ve detaylar\u0131n dokusu mat y\u00fczey i\u015flemi ve s\u0131cak damgalama \/ UV i\u015flemi (iste\u011fe ba\u011fl\u0131) ile geli\u015ftirilmi\u015ftir.<\/li>\n<\/ol>\n<h2 id=\"-iii-materials-and-processes-professional-grade-protection-stable-and-durable-\"><strong>3. Malzemeler ve s\u00fcre\u00e7ler: profesyonel d\u00fczeyde koruma, sa\u011flam ve dayan\u0131kl\u0131<\/strong><\/h2>\n<ol>\n<li><strong>\u00c7ekirdek malzemeler<\/strong>:<\/li>\n<li><strong>1200 GSM y\u00fcksek yo\u011funluklu gri tahta<\/strong>: M\u00fckemmel s\u0131k\u0131\u015ft\u0131rma direncine sahiptir ve testten sonra 15 kg'dan fazla ta\u015f\u0131yabilir, nakliye s\u0131ras\u0131nda deforme olmamas\u0131n\u0131 ve uluslararas\u0131 ambalaj standartlar\u0131n\u0131 kar\u015f\u0131lamas\u0131n\u0131 sa\u011flar.<\/li>\n<li><strong>157 GSM ku\u015fe ka\u011f\u0131t laminasyon<\/strong>: Y\u00fczey, marka LOGO'sunu ve desenini do\u011fru bir \u015fekilde geri y\u00fckleyebilen hassas bir dokunu\u015f ve y\u00fcksek bask\u0131 renk doygunlu\u011fu ile mat ya\u011fl\u0131 veya UV i\u015flemelidir.<\/li>\n<li><strong>\u00d6zelle\u015ftirilmi\u015f astar<\/strong>:<\/li>\n<li><strong>Kal\u0131p kesim EVA\/ka\u011f\u0131t astar<\/strong>: G\u00f6mle\u011fin boyutuna g\u00f6re kal\u0131p, s\u0131f\u0131r yer de\u011fi\u015ftirme sabitlemesi elde etmek, s\u00fcrt\u00fcnme ve k\u0131r\u0131\u015f\u0131kl\u0131klar\u0131 \u00f6nlemek ve dik yaka ve katlama gibi \u00e7e\u015fitli g\u00f6mlek formlar\u0131na uyum sa\u011flamak i\u00e7in 1: 1 a\u00e7\u0131l\u0131r.<\/li>\n<li><strong>B\u00f6lme tasar\u0131m\u0131<\/strong>: \u0130\u015flevselli\u011fi ve depolama verimlili\u011fini art\u0131rmak i\u00e7in iste\u011fe ba\u011fl\u0131 ba\u011f\u0131ms\u0131z aksesuar yuvalar\u0131 (kol d\u00fc\u011fmeleri ve kravat klipsleri gibi) mevcuttur.<\/li>\n<\/ol>\n<h2 id=\"-fourth-brand-empowerment-texture-upgrade-added-value-doubled-\"><strong>4. Marka g\u00fc\u00e7lendirme: doku y\u00fckseltme, katma de\u011fer iki kat\u0131na \u00e7\u0131kar\u0131ld\u0131<\/strong><\/h2>\n<ol>\n<li><strong>G\u00f6rsel kimlik birle\u015ftirilmi\u015f<\/strong>: Pantone spot renkli bask\u0131 ve s\u0131cak damgalama\/kabartma s\u00fcrecini destekleyin, marka VI \u00f6\u011felerini kutu tasar\u0131m\u0131na entegre edin ve t\u00fcketici bellek noktalar\u0131n\u0131 g\u00fc\u00e7lendirin.<\/li>\n<li><strong>\u00c7evre koruma konsepti<\/strong>: S\u00fcrd\u00fcr\u00fclebilir moda trendini kar\u015f\u0131lamak ve markan\u0131n sosyal sorumluluk imaj\u0131n\u0131 geli\u015ftirmek i\u00e7in FSC sertifikal\u0131 ka\u011f\u0131t ve bozunabilir tutkal kullan\u0131n.<\/li>\n<\/ol>\n<h2 id=\"-five-flexible-customization-service-one-stop-solution-\"><strong>5. Esnek \u00f6zelle\u015ftirme hizmeti: tek noktadan \u00e7\u00f6z\u00fcm<\/strong><\/h2>\n<ol>\n<li><strong>Esnek boyut<\/strong>: Tek par\u00e7a \/ set gereksinimlerini kar\u015f\u0131lamak i\u00e7in son derece \u00f6zelle\u015ftirilmi\u015f boyutlarda \u00fcst ve alt kapaklar, \u00e7ekmece kutular\u0131, kitap kutular\u0131 vb. gibi \u00e7e\u015fitli kutu t\u00fcrlerini destekler.<\/li>\n<li><strong>S\u00fcre\u00e7 kombinasyonu<\/strong>: Farkl\u0131la\u015ft\u0131r\u0131lm\u0131\u015f g\u00f6rsel efektler elde etmek i\u00e7in iste\u011fe ba\u011fl\u0131 serigrafi bask\u0131, floklama, yerel UV, s\u0131cak g\u00fcm\u00fc\u015f damgalama ve 20'den fazla di\u011fer i\u015flem.<\/li>\n<li><strong>Katma de\u011ferli hizmet<\/strong>: \u00dccretsiz 3D tasar\u0131m tasla\u011f\u0131 \u00f6nizlemesi, prova onay\u0131, depolama ve k\u00fcresel lojistik deste\u011fi (FOB \/ DDP ve di\u011fer \u015fartlar).<\/li>\n<\/ol>\n<h2 id=\"-six-the-advantages-of-the-source-factory-16-years-of-accumulation-quality-control-\"><strong>6. Kaynak fabrikan\u0131n avantajlar\u0131: 16 y\u0131ll\u0131k birikim, kalite kontrol<\/strong><\/h2>\n<ol>\n<li><strong>Tedarik zinciri entegrasyonu<\/strong>: kendi kendine \u00e7al\u0131\u015fan ka\u011f\u0131t hamuru tedariki, tam otomatik kal\u0131p kesim \u00fcretim hatt\u0131 ve kalite kontrol sistemi, 30%-50% arac\u0131lar\u0131n tedarik maliyetinden daha d\u00fc\u015f\u00fck.<\/li>\n<li><strong>Kalite kontrol garantisi<\/strong>: ISO9001 sertifikas\u0131n\u0131 ge\u00e7ti, toplu kalite kontrol raporlar\u0131 sa\u011flad\u0131, kusurlu oran 0.5%'den az, hasar tazminat\u0131n\u0131 destekledi.<\/li>\n<li><strong>H\u0131zl\u0131 yan\u0131t<\/strong>: 500 minimum sipari\u015f miktar\u0131, 7-15 g\u00fcn teslimat d\u00f6ng\u00fcs\u00fc, k\u00fc\u00e7\u00fck parti deneme sipari\u015fini destekler, m\u00fc\u015fteri envanter riskini azalt\u0131r.<\/li>\n<\/ol>","protected":false},"excerpt":{"rendered":"<p>\u00dcst d\u00fczey markalar i\u00e7in \u00f6zel olarak tasarlanan lavanta f giyim manyetik kapakl\u0131 ambalaj kutusu, istikrarl\u0131 bir yap\u0131 ve hassas bir dokunu\u015f sa\u011flamak i\u00e7in 1200 GSM y\u00fcksek yo\u011funluklu sert karton ve 157 GSM kaplamal\u0131 sanat ka\u011f\u0131d\u0131 ile birlikte d\u00fc\u015f\u00fck parlakl\u0131k ve d\u00fc\u015f\u00fck doygunluk ile yat\u0131\u015ft\u0131r\u0131c\u0131 bir ton tasar\u0131m\u0131n\u0131 benimser.<\/p>","protected":false},"featured_media":470,"template":"","meta":{"_kad_post_transparent":"default","_kad_post_title":"","_kad_post_layout":"default","_kad_post_sidebar_id":"","_kad_post_content_style":"default","_kad_post_vertical_padding":"default","_kad_post_feature":"","_kad_post_feature_position":"","_kad_post_header":false,"_kad_post_footer":false,"_kad_post_classname":""},"product_brand":[],"product_cat":[15,30,17],"product_tag":[144,143,145],"class_list":{"0":"post-466","1":"product","2":"type-product","3":"status-publish","4":"has-post-thumbnail","6":"product_cat-red-light-therapy","7":"product_cat-dropshipping","8":"product_cat-services","9":"product_tag-custom-clothing-boxes","10":"product_tag-custom-luxury-clothing-packaging","11":"product_tag-shirt-boxes-wholesale","13":"first","14":"instock","15":"shipping-taxable","16":"product-type-simple","17":"entry","18":"content-bg","19":"loop-entry"},"_links":{"self":[{"href":"https:\/\/red-lighttherapy.com\/tr\/wp-json\/wp\/v2\/product\/466","targetHints":{"allow":["GET"]}}],"collection":[{"href":"https:\/\/red-lighttherapy.com\/tr\/wp-json\/wp\/v2\/product"}],"about":[{"href":"https:\/\/red-lighttherapy.com\/tr\/wp-json\/wp\/v2\/types\/product"}],"wp:featuredmedia":[{"embeddable":true,"href":"https:\/\/red-lighttherapy.com\/tr\/wp-json\/wp\/v2\/media\/470"}],"wp:attachment":[{"href":"https:\/\/red-lighttherapy.com\/tr\/wp-json\/wp\/v2\/media?parent=466"}],"wp:term":[{"taxonomy":"product_brand","embeddable":true,"href":"https:\/\/red-lighttherapy.com\/tr\/wp-json\/wp\/v2\/product_brand?post=466"},{"taxonomy":"product_cat","embeddable":true,"href":"https:\/\/red-lighttherapy.com\/tr\/wp-json\/wp\/v2\/product_cat?post=466"},{"taxonomy":"product_tag","embeddable":true,"href":"https:\/\/red-lighttherapy.com\/tr\/wp-json\/wp\/v2\/product_tag?post=466"}],"curies":[{"name":"wp","href":"https:\/\/api.w.org\/{rel}","templated":true}]}}