{"id":459,"date":"2025-04-11T14:22:58","date_gmt":"2025-04-11T14:22:58","guid":{"rendered":"https:\/\/red-lighttherapy.com\/?post_type=product&#038;p=459"},"modified":"2025-04-12T01:52:50","modified_gmt":"2025-04-12T01:52:50","slug":"custom-artisan-chocolate-telescopic-packaging-box-wholesale","status":"publish","type":"product","link":"https:\/\/red-lighttherapy.com\/tr\/custom-artisan-chocolate-telescopic-packaging-box-wholesale\/","title":{"rendered":"\u00d6zel Artisan \u00c7ikolata Teleskopik Ambalaj Kutusu Toptan Sat\u0131\u015f"},"content":{"rendered":"<h2 id=\"customized-handmade-chocolate-telescopic-packaging-box-wholesale-product-description\">\u00d6zelle\u015ftirilmi\u015f El Yap\u0131m\u0131 Artisan \u00c7ikolata Teleskopik Ambalaj Kutusu Toptan \u00dcr\u00fcn A\u00e7\u0131klamas\u0131<\/h2>\n<h2 id=\"1-excellent-printing-technology-highlighting-brand-texture-\">1.\u00a0<strong>Marka dokusunu \u00f6ne \u00e7\u0131karan m\u00fckemmel bask\u0131 teknolojisi<\/strong><\/h2>\n<ul>\n<li>Net ve hassas desenler, tek tip ve tam siyah m\u00fcrekkep, 98% renk gam\u0131 kapsam\u0131, sapma olmadan saf renk ve marka LOGO ve tasar\u0131m \u00f6\u011felerinin m\u00fckemmel sunumunu sa\u011flamak i\u00e7in y\u00fcksek hassasiyetli ofset bask\u0131 teknolojisi kullan\u0131l\u0131r.<\/li>\n<li>S\u0131cak damgalama, UV yerel vernik ve di\u011fer i\u015flemleri destekleyin, ambalaj\u0131n g\u00f6rsel katmanlamas\u0131n\u0131 ve l\u00fcks deneyimini geli\u015ftirmek i\u00e7in kabartmal\u0131 doku veya metalik parlakl\u0131k efekti ile e\u015fle\u015ftirilebilir.<\/li>\n<\/ul>\n<h2 id=\"2-stiff-material-combination-all-round-protection-of-products-\">2.\u00a0<strong>Sert malzeme kombinasyonu, \u00fcr\u00fcnlerin \u00e7ok y\u00f6nl\u00fc korunmas\u0131<\/strong><\/h2>\n<ul>\n<li>D\u0131\u015f kutu, Hollanda'dan ithal edilen \u015feffaf gri karton (kal\u0131nl\u0131k 1.5-3.0mm) ve 300g ku\u015fe ka\u011f\u0131d\u0131n kompozit i\u015flemini benimser. Gri karton g\u00fc\u00e7l\u00fc ara katman ba\u011f\u0131na sahiptir, bas\u0131nca ve darbeye kar\u015f\u0131 dayan\u0131kl\u0131d\u0131r ve nakliye s\u0131ras\u0131nda ekstr\u00fczyon deformasyonuna etkili bir \u015fekilde direnir.<\/li>\n<li>Kutu yap\u0131s\u0131 optimize edilmi\u015ftir ve uzun mesafeli lojistik ve depolama ihtiya\u00e7lar\u0131 i\u00e7in uygun olan 1,2 kg'dan fazla ta\u015f\u0131yabilir.<\/li>\n<\/ul>\n<h2 id=\"3-magnetic-opening-and-closing-design-upgraded-opening-experience-\">3.\u00a0<strong>Manyetik a\u00e7ma ve kapama tasar\u0131m\u0131, y\u00fckseltilmi\u015f a\u00e7ma deneyimi<\/strong><\/h2>\n<ul>\n<li>Kapak, 1,2 kg adsorpsiyon kuvvetine sahip dahili 0,8 mm silikon manyetik mod\u00fcle sahiptir. Tek elle kolayca a\u00e7\u0131l\u0131p kapat\u0131labilir ve geleneksel tokalar\u0131n kolayca gev\u015fetilmesi sorununu ortadan kald\u0131rarak s\u0131k\u0131ca kapat\u0131labilir.<\/li>\n<li>Kutu, kitap \u015feklinde a\u00e7\u0131l\u0131r kapan\u0131r kapak tasar\u0131m\u0131na sahiptir. 180\u00b0 a\u00e7\u0131ld\u0131ktan sonra, \u00fcr\u00fcn bir bak\u0131\u015fta netle\u015ferek sergileme etkisini ve t\u00fcketici etkile\u015fimini art\u0131r\u0131r.<\/li>\n<\/ul>\n<h2 id=\"4-flexible-lining-partition-adapting-to-multiple-scene-requirements-\">4.\u00a0<strong>\u00c7oklu sahne gereksinimlerine uyum sa\u011flayan esnek astar b\u00f6lmesi<\/strong><\/h2>\n<ul>\n<li>Standart karton astar 24\/36 \u0131zgara hassas b\u00f6l\u00fcmlendirmeyi destekler ve \u0131zgara derinli\u011fi ve aral\u0131\u011f\u0131 ayarlanabilir, bu da el yap\u0131m\u0131 \u00e7ikolatalar, yer mantarlar\u0131 ve di\u011fer \u00f6zel \u015fekilli \u00fcr\u00fcnlerle m\u00fckemmel uyum sa\u011flar.<\/li>\n<li>2-10 mm kal\u0131nl\u0131k aral\u0131\u011f\u0131nda iste\u011fe ba\u011fl\u0131 EVA, s\u00fcnger veya flok astar, k\u0131r\u0131lgan \u015fekerler veya k\u0131r\u0131lgan kekler i\u00e7in uygun \u00f6zelle\u015ftirilmi\u015f tampon \u00e7\u00f6z\u00fcmleri sa\u011flar.<\/li>\n<\/ul>\n<h2 id=\"5-multi-field-compatibility-expanded-application-scenarios-\">5.\u00a0<strong>\u00c7oklu alan uyumlulu\u011fu, geni\u015fletilmi\u015f uygulama senaryolar\u0131<\/strong><\/h2>\n<ul>\n<li>\u00c7ikolataya ek olarak, kutu boyutu 8cm \u00d7 8cm'den 30cm \u00d7 30cm'ye kadar \u00f6zelle\u015ftirilebilir, makaronlar, kurabiyeler, kuruyemi\u015fler ve di\u011fer yiyecekler i\u00e7in uygundur; ayr\u0131ca kozmetik hediye kutular\u0131na veya k\u00fclt\u00fcrel ve yarat\u0131c\u0131 \u00fcr\u00fcn ambalajlar\u0131na d\u00f6n\u00fc\u015ft\u00fcr\u00fclebilir.<\/li>\n<\/ul>\n<h2 id=\"-in-depth-customization-service-\"><strong>6. Derinlemesine \u00f6zelle\u015ftirme hizmeti<\/strong><\/h2>\n<ul>\n<li><strong>G\u00f6r\u00fcn\u00fcm \u00f6zelle\u015ftirme<\/strong>: Pantone renk kart\u0131 do\u011fru renk e\u015fle\u015ftirme, 3D modelleme prova hizmetleri sa\u011flay\u0131n, kabartma, i\u00e7i bo\u015f pencereler ve di\u011fer ki\u015fiselle\u015ftirilmi\u015f tasar\u0131mlar\u0131 destekleyin.<\/li>\n<li><strong>Yap\u0131sal optimizasyon<\/strong>: Gri tahta a\u011f\u0131rl\u0131\u011f\u0131n\u0131 (250-400gsm) \u00fcr\u00fcn a\u011f\u0131rl\u0131\u011f\u0131na (\u22642kg) g\u00f6re ayarlay\u0131n veya y\u00fck ta\u015f\u0131ma performans\u0131n\u0131 art\u0131rmak i\u00e7in takviye nerv\u00fcr tasar\u0131m\u0131 ekleyin.<\/li>\n<li><strong>\u0130\u015flev y\u00fckseltme<\/strong>: \u0130ste\u011fe ba\u011fl\u0131 nem ge\u00e7irmez kaplama, \u00e7\u0131kar\u0131labilir b\u00f6lmeler, QR kod etiket yuvalar\u0131 ve di\u011fer katma de\u011ferli i\u015flev mod\u00fclleri.<\/li>\n<\/ul>\n<h2 id=\"-production-and-delivery-guarantee-\"><strong>7. \u00dcretim ve teslimat garantisi<\/strong><\/h2>\n<ul>\n<li><strong>\u00d6l\u00e7eklendirilmi\u015f \u00fcretim kapasitesi<\/strong>: 5320\u33a1 tam otomatik kal\u0131p kesme makinesi, y\u00fcksek h\u0131zl\u0131 ka\u011f\u0131t montaj hatt\u0131 ve kalite kontrol laboratuvar\u0131 ile donat\u0131lm\u0131\u015f, g\u00fcnl\u00fck 50.000 adet \u00fcretim yapan, 500.000-500.000 sipari\u015fin esnek teslimat\u0131n\u0131 destekleyen standartla\u015ft\u0131r\u0131lm\u0131\u015f at\u00f6lye.<\/li>\n<li><strong>Kalite kontrol sistemi<\/strong>: ISO9001 kalite sertifikas\u0131 ve FSC \u00e7evre sertifikas\u0131n\u0131 ge\u00e7ti, hammadde depolamadan bitmi\u015f \u00fcr\u00fcn teslimat\u0131na kadar 18 kalite kontrol s\u00fcreci uygulanarak \u00fcr\u00fcn d\u00fczl\u00fck hatas\u0131 \u22640.1mm, renk fark\u0131 \u0394E \u22641.5 sa\u011flan\u0131r.<\/li>\n<li><strong>Hizmet yan\u0131t\u0131<\/strong>: 48 saatlik prova ve 15 g\u00fcnl\u00fck seri \u00fcretim d\u00f6ng\u00fcs\u00fc sa\u011flay\u0131n, k\u00fcresel lojistik takibini ve hasarl\u0131 yeniden d\u00fczenleme taahh\u00fcd\u00fcn\u00fc destekleyin.<\/li>\n<\/ul>\n<h2 id=\"-cooperation-process-\"><strong>\u0130\u015fbirli\u011fi S\u00fcreci<\/strong><\/h2>\n<ol>\n<li><strong>Gereksinim Onay\u0131<\/strong>: \u00dcr\u00fcn boyutunu, miktar\u0131n\u0131 ve tasar\u0131m tasla\u011f\u0131n\u0131 (AI\/CDR format\u0131nda) sa\u011flay\u0131n;<\/li>\n<li><strong>\u015eema Form\u00fclasyonu<\/strong>: Geri bildirim malzeme se\u00e7imi, maliyet b\u00fct\u00e7esi ve 3 i\u015f g\u00fcn\u00fc i\u00e7inde 3D renderlar;<\/li>\n<li><strong>\u00d6rnek Onay<\/strong>: Fiziksel numuneler 3-5 g\u00fcn i\u00e7inde teslim edilecek ve \u00fc\u00e7 \u00fccretsiz de\u011fi\u015fiklik desteklenecektir;<\/li>\n<li><strong>Seri \u00dcretim<\/strong>: Mallar, s\u00f6zle\u015fme imzaland\u0131ktan sonra 7-14 g\u00fcn i\u00e7inde teslim edilecektir.<\/li>\n<\/ol>","protected":false},"excerpt":{"rendered":"<p>Bu \u00f6zel el yap\u0131m\u0131 \u00e7ikolata teleskopik ambalaj kutusu, pratiklik ve estetik de\u011fer g\u00f6z \u00f6n\u00fcnde bulundurularak, m\u00fckemmel i\u015f\u00e7ilik ve yenilik\u00e7i yap\u0131y\u0131 entegre eden \u00fcst d\u00fczey g\u0131da ambalajlar\u0131 i\u00e7in tasarlanm\u0131\u015ft\u0131r. \u00c7evre dostu malzemeler ve esnek \u00f6zelle\u015ftirme hizmetlerini benimser, \u00e7ikolata, \u015fekerleme, kek vb. gibi \u00e7e\u015fitli g\u0131da paketleme senaryolar\u0131 i\u00e7in uygundur ve markalar\u0131n \u00fcr\u00fcn imaj\u0131n\u0131 ve pazar rekabet g\u00fcc\u00fcn\u00fc art\u0131rmas\u0131na yard\u0131mc\u0131 olur.<\/p>","protected":false},"featured_media":464,"template":"","meta":{"_kad_post_transparent":"default","_kad_post_title":"","_kad_post_layout":"default","_kad_post_sidebar_id":"","_kad_post_content_style":"default","_kad_post_vertical_padding":"default","_kad_post_feature":"","_kad_post_feature_position":"","_kad_post_header":false,"_kad_post_footer":false,"_kad_post_classname":""},"product_brand":[],"product_cat":[15,17],"product_tag":[141,142,140],"class_list":{"0":"post-459","1":"product","2":"type-product","3":"status-publish","4":"has-post-thumbnail","6":"product_cat-red-light-therapy","7":"product_cat-services","8":"product_tag-chocolate-telescopic-packaging-box","9":"product_tag-custom-artisan-chocolate-box","10":"product_tag-custom-chocolate-packaging","12":"first","13":"instock","14":"shipping-taxable","15":"product-type-simple","16":"entry","17":"content-bg","18":"loop-entry"},"_links":{"self":[{"href":"https:\/\/red-lighttherapy.com\/tr\/wp-json\/wp\/v2\/product\/459","targetHints":{"allow":["GET"]}}],"collection":[{"href":"https:\/\/red-lighttherapy.com\/tr\/wp-json\/wp\/v2\/product"}],"about":[{"href":"https:\/\/red-lighttherapy.com\/tr\/wp-json\/wp\/v2\/types\/product"}],"wp:featuredmedia":[{"embeddable":true,"href":"https:\/\/red-lighttherapy.com\/tr\/wp-json\/wp\/v2\/media\/464"}],"wp:attachment":[{"href":"https:\/\/red-lighttherapy.com\/tr\/wp-json\/wp\/v2\/media?parent=459"}],"wp:term":[{"taxonomy":"product_brand","embeddable":true,"href":"https:\/\/red-lighttherapy.com\/tr\/wp-json\/wp\/v2\/product_brand?post=459"},{"taxonomy":"product_cat","embeddable":true,"href":"https:\/\/red-lighttherapy.com\/tr\/wp-json\/wp\/v2\/product_cat?post=459"},{"taxonomy":"product_tag","embeddable":true,"href":"https:\/\/red-lighttherapy.com\/tr\/wp-json\/wp\/v2\/product_tag?post=459"}],"curies":[{"name":"wp","href":"https:\/\/api.w.org\/{rel}","templated":true}]}}