{"id":434,"date":"2025-04-11T13:16:45","date_gmt":"2025-04-11T13:16:45","guid":{"rendered":"https:\/\/red-lighttherapy.com\/?post_type=product&#038;p=434"},"modified":"2025-04-11T14:21:02","modified_gmt":"2025-04-11T14:21:02","slug":"custom-essential-oil-perfume-drawer-paper-boxes-wholesale","status":"publish","type":"product","link":"https:\/\/red-lighttherapy.com\/tr\/custom-essential-oil-perfume-drawer-paper-boxes-wholesale\/","title":{"rendered":"\u00d6zel U\u00e7ucu Ya\u011f Parf\u00fcm \u00c7ekmecesi Ka\u011f\u0131t Kutular\u0131 Toptan Sat\u0131\u015f"},"content":{"rendered":"<h2 id=\"-customized-essential-oil-perfume-drawer-paper-box-wholesale-product-description-\"><strong>\u00d6zel U\u00e7ucu Ya\u011f Parf\u00fcm \u00c7ekmecesi Ka\u011f\u0131t Kutular\u0131 Toptan Sat\u0131\u015f \u00dcr\u00fcn A\u00e7\u0131klamas\u0131<\/strong><\/h2>\n<h2 id=\"-1-ribbon-pull-ring-design-to-enhance-brand-recognition-\"><strong>1. Marka tan\u0131n\u0131rl\u0131\u011f\u0131n\u0131 art\u0131rmak i\u00e7in \u015ferit \u00e7ekme halkas\u0131 tasar\u0131m\u0131<\/strong><\/h2>\n<p>Kutunun \u00fcst k\u0131sm\u0131, yard\u0131mc\u0131 bir \u00e7ekme ve tutamak olarak kullan\u0131labilen \u00f6zelle\u015ftirilmi\u015f bir \u015ferit \u00e7ekme halkas\u0131 ile donat\u0131lm\u0131\u015ft\u0131r. Kurdelenin rengi ve malzemesi (saten ve kadife gibi) markan\u0131n ana rengini yans\u0131tacak \u015fekilde \u00f6zelle\u015ftirilebilir, g\u00f6rsel \u00e7ekicili\u011fi ve marka haf\u0131za noktas\u0131n\u0131 art\u0131r\u0131r. \u00d6rne\u011fin, alt\u0131n veya pembe kurdeleler, s\u0131cak damgalama i\u015flemini ve romantik temay\u0131 yans\u0131tarak benzersiz bir estetik sembol yarat\u0131r.<\/p>\n<h2 id=\"-2-hot-stamping-process-luxurious-texture-shows-the-brand-tone-\"><strong>2. Alt\u0131n s\u0131cak damgalama folyo i\u015flemi, l\u00fcks doku marka tonunu g\u00f6sterir<\/strong><\/h2>\n<p>Y\u00fczey y\u00fcksek hassasiyetli s\u0131cak damgalama i\u015flemini benimser, \u00e7izgiler hassas ve p\u00fcr\u00fczs\u00fczd\u00fcr ve alt\u0131n parlakl\u0131k pembe kutu g\u00f6vdesiyle g\u00f6rsel bir kontrast olu\u015fturarak markan\u0131n l\u00fcks ve \u00fcst d\u00fczey konumunu vurgular. Farkl\u0131 tasar\u0131m ihtiya\u00e7lar\u0131n\u0131 kar\u015f\u0131lamak i\u00e7in k\u0131smi alt\u0131n s\u0131cak damgalama folyosunu (LOGO, desen gibi) veya tam s\u0131cak damgalamay\u0131 destekleyerek ambalaj\u0131 markan\u0131n sessiz bir \"s\u00f6zc\u00fcs\u00fc\" haline getirir.<\/p>\n<h2 id=\"-3-pink-as-the-main-color-awakening-emotional-resonance-\"><strong>3. Ana renk olarak pembe, duygusal rezonans\u0131 uyand\u0131r\u0131r<\/strong><\/h2>\n<p>Kutu g\u00f6vdesi \u00e7o\u011funlukla yumu\u015fak pembedir ve kad\u0131n t\u00fcketicilerin mutluluk ve zarif ya\u015fam aray\u0131\u015f\u0131na uygun romantik ve tatl\u0131 bir marka mizac\u0131 ta\u015f\u0131r. Do\u011fru renk \u00fcretimi sa\u011flamak ve farkl\u0131 markalar\u0131n pembenin derinli\u011fi ve parlakl\u0131\u011f\u0131 i\u00e7in ki\u015fiselle\u015ftirilmi\u015f ihtiya\u00e7lar\u0131n\u0131 kar\u015f\u0131lamak i\u00e7in Pantone renk numaras\u0131 \u00f6zelle\u015ftirmesini destekler.<\/p>\n<h2 id=\"-4-customized-lining-solution-to-protect-products-in-all-directions-\"><strong>4. \u00dcr\u00fcnleri her y\u00f6nde korumak i\u00e7in \u00f6zelle\u015ftirilmi\u015f astar \u00e7\u00f6z\u00fcm\u00fc<\/strong><\/h2>\n<p>A\u015fa\u011f\u0131dakiler de dahil olmak \u00fczere \u00e7e\u015fitli kaplama malzemesi se\u00e7enekleri sa\u011flay\u0131n:<\/p>\n<ul>\n<li><strong>EVA flok astar<\/strong>Darbeye ve bas\u0131nca dayan\u0131kl\u0131, hassas dokunu\u015flu, d\u00fczensiz \u015fi\u015fe \u015fekilleri i\u00e7in uygundur;<\/li>\n<li><strong>\u0130pek kuma\u015f\/ s\u00fcnger astar<\/strong>: Ambalaj\u0131n zarifli\u011fini artt\u0131r\u0131n, parf\u00fcm \u015fi\u015fesini sabitleyin ve nakliye s\u0131ras\u0131nda sallanmas\u0131n\u0131 \u00f6nleyin;<\/li>\n<li><strong>Karton katmanl\u0131 yap\u0131<\/strong>\u00c7oklu \u015fi\u015fe paketlemeyi destekler ve alan kullan\u0131m\u0131n\u0131 optimize eder. T\u00fcm kaplamalar, nakliye g\u00fcvenli\u011fini sa\u011flamak i\u00e7in \u00fcr\u00fcn boyutuna g\u00f6re hassas bir \u015fekilde yerle\u015ftirilebilir.<\/li>\n<\/ul>\n<h2 id=\"-5-highly-flexible-customization-to-meet-diverse-needs-\"><strong>5. Farkl\u0131 ihtiya\u00e7lar\u0131 kar\u015f\u0131lamak i\u00e7in son derece esnek \u00f6zelle\u015ftirme<\/strong><\/h2>\n<ul>\n<li><strong>Boyut<\/strong>: \u0130\u00e7 \u00e7ap hatas\u0131 \u22640.1mm olan 10ml-100ml u\u00e7ucu ya\u011f \u015fi\u015feleri ve parf\u00fcm \u015fi\u015felerinin kutu adaptasyonunu destekler;<\/li>\n<li><strong>Malzeme<\/strong>: \u0130ste\u011fe ba\u011fl\u0131 karton, \u00f6zel ka\u011f\u0131t (sedefli ka\u011f\u0131t, dokunsal ka\u011f\u0131t gibi), \u00e7evre dostu geri d\u00f6n\u00fc\u015ft\u00fcr\u00fclm\u00fc\u015f ka\u011f\u0131t vb;<\/li>\n<li><strong>Bask\u0131 s\u00fcreci<\/strong>: S\u0131cak damgalamaya ek olarak, mat, parlak veya dokulu doku elde etmek i\u00e7in UV bask\u0131, serigrafi, kabartma ve di\u011fer efektleri destekler;<\/li>\n<li><strong>Kutu tipi geni\u015fletme<\/strong>: Ambalaj i\u015flevselli\u011fini y\u00fckseltmek i\u00e7in \u00fcst ve alt kapaklar, manyetik tokalar ve di\u011fer tasar\u0131mlarla birle\u015ftirilebilir.<\/li>\n<\/ul>\n<h2 id=\"-6-fsc-certified-materials-environmental-protection-and-quality-double-guarantee-\"><strong>6. FSC sertifikal\u0131 malzemeler, \u00e7evre koruma ve kalite \u00e7ifte garanti<\/strong><\/h2>\n<p>Hammaddeler, ka\u011f\u0131t kayna\u011f\u0131n\u0131n s\u00fcrd\u00fcr\u00fclebilir olmas\u0131n\u0131 ve Avrupa ve Amerika pazarlar\u0131n\u0131n \u00e7evre koruma gereksinimlerini kar\u015f\u0131lamas\u0131n\u0131 sa\u011flamak i\u00e7in FSC orman y\u00f6netimi sertifikas\u0131n\u0131 ge\u00e7mi\u015ftir. \u00dcst d\u00fczey markalar i\u00e7in ye\u015fil ambalaj \u00e7\u00f6z\u00fcmleri sa\u011flar ve markalar\u0131n sosyal sorumluluk kavram\u0131n\u0131 aktarmas\u0131na yard\u0131mc\u0131 olur.<\/p>\n<h2 id=\"-8-one-to-one-professional-service-efficient-delivery-without-worries-\"><strong>8. Bire bir profesyonel hizmet, endi\u015fesiz verimli teslimat<\/strong><\/h2>\n<ul>\n<li><strong>Tasar\u0131m deste\u011fi<\/strong>: 3D modelleme prova hizmeti sa\u011flay\u0131n, 48 saat i\u00e7inde \u00e7\u0131kt\u0131 renderlar\u0131 al\u0131n ve do\u011fru tasar\u0131m uygulamas\u0131n\u0131 sa\u011flay\u0131n;<\/li>\n<li><strong>Y\u0131ld\u0131r\u0131m teslimat\u0131<\/strong>: 500 adet minimum sipari\u015f, normal sipari\u015fler 7-15 g\u00fcn i\u00e7inde teslim edilir ve h\u0131zland\u0131r\u0131lm\u0131\u015f sipari\u015fler 5 g\u00fcn gibi k\u0131sa bir s\u00fcrede g\u00f6nderilir;<\/li>\n<li><strong>Sat\u0131\u015f sonras\u0131 garanti<\/strong>: 15 g\u00fcnl\u00fck ko\u015fulsuz iade ve de\u011fi\u015fim, tam lojistik takibi, ambalaj\u0131n s\u0131f\u0131r kusurlu teslimat\u0131n\u0131 sa\u011flamak i\u00e7in.<\/li>\n<\/ul>\n<p><strong>Uygulanabilir senaryolar<\/strong>: Parf\u00fcm markalar\u0131, u\u00e7ucu ya\u011f \u00fcreticileri, tatil hediye kutular\u0131, \u00fcst d\u00fczey g\u00fczellik \u00fcr\u00fcn\u00fc \u00f6zelle\u015ftirme.\u00a0<strong>\u0130\u015fbirli\u011fi avantajlar\u0131<\/strong>: Y\u00fcksek maliyet performans\u0131 ile marka farkl\u0131la\u015fmas\u0131 sa\u011flay\u0131n, kaliteyi detaylarla yorumlay\u0131n ve her kokunun i\u015f\u00e7ilik ve estetik ta\u015f\u0131mas\u0131na izin verin.<\/p>","protected":false},"excerpt":{"rendered":"<p>\u00c7ekmeceli ka\u011f\u0131t kutu kolayca a\u00e7\u0131labilir ve daha kullan\u0131\u015fl\u0131d\u0131r. Alt\u0131n s\u0131cak damgalama folyo i\u015flemi, ambalaja l\u00fcks ve y\u00fcksek kaliteli g\u00f6rsel sunum hissi verebilir.<\/p>","protected":false},"featured_media":435,"template":"","meta":{"_kad_post_transparent":"default","_kad_post_title":"","_kad_post_layout":"default","_kad_post_sidebar_id":"","_kad_post_content_style":"default","_kad_post_vertical_padding":"default","_kad_post_feature":"","_kad_post_feature_position":"","_kad_post_header":false,"_kad_post_footer":false,"_kad_post_classname":""},"product_brand":[],"product_cat":[15,28,20,17],"product_tag":[139,138,137],"class_list":{"0":"post-434","1":"product","2":"type-product","3":"status-publish","4":"has-post-thumbnail","6":"product_cat-red-light-therapy","7":"product_cat-customize","8":"product_cat-led-face-light-therapy","9":"product_cat-services","10":"product_tag-cosmetic-perfume-boxes-wholesale","11":"product_tag-custom-perfume-boxes-wholesale","12":"product_tag-essential-oil-drawer-paper-boxes","14":"first","15":"instock","16":"shipping-taxable","17":"product-type-simple","18":"entry","19":"content-bg","20":"loop-entry"},"_links":{"self":[{"href":"https:\/\/red-lighttherapy.com\/tr\/wp-json\/wp\/v2\/product\/434","targetHints":{"allow":["GET"]}}],"collection":[{"href":"https:\/\/red-lighttherapy.com\/tr\/wp-json\/wp\/v2\/product"}],"about":[{"href":"https:\/\/red-lighttherapy.com\/tr\/wp-json\/wp\/v2\/types\/product"}],"wp:featuredmedia":[{"embeddable":true,"href":"https:\/\/red-lighttherapy.com\/tr\/wp-json\/wp\/v2\/media\/435"}],"wp:attachment":[{"href":"https:\/\/red-lighttherapy.com\/tr\/wp-json\/wp\/v2\/media?parent=434"}],"wp:term":[{"taxonomy":"product_brand","embeddable":true,"href":"https:\/\/red-lighttherapy.com\/tr\/wp-json\/wp\/v2\/product_brand?post=434"},{"taxonomy":"product_cat","embeddable":true,"href":"https:\/\/red-lighttherapy.com\/tr\/wp-json\/wp\/v2\/product_cat?post=434"},{"taxonomy":"product_tag","embeddable":true,"href":"https:\/\/red-lighttherapy.com\/tr\/wp-json\/wp\/v2\/product_tag?post=434"}],"curies":[{"name":"wp","href":"https:\/\/api.w.org\/{rel}","templated":true}]}}