{"id":428,"date":"2025-04-11T12:53:29","date_gmt":"2025-04-11T12:53:29","guid":{"rendered":"https:\/\/red-lighttherapy.com\/?post_type=product&#038;p=428"},"modified":"2025-04-11T13:15:50","modified_gmt":"2025-04-11T13:15:50","slug":"wholesale-luxury-lid-and-base-ring-earring-necklace-packaging","status":"publish","type":"product","link":"https:\/\/red-lighttherapy.com\/tr\/wholesale-luxury-lid-and-base-ring-earring-necklace-packaging\/","title":{"rendered":"Toptan l\u00fcks Kapak ve Taban Halkas\u0131 K\u00fcpe Kolye Ambalaj\u0131"},"content":{"rendered":"<h2 id=\"-product-description-of-luxury-lid-base-ring-earring-necklace-packaging-box-\"><strong>L\u00fcks Kapak ve Taban Y\u00fcz\u00fck K\u00fcpe Kolye Ambalaj Kutusunun \u00dcr\u00fcn A\u00e7\u0131klamas\u0131<\/strong><\/h2>\n<h2 id=\"-1-simple-and-elegant-design-highlighting-brand-texture-\"><strong>1. Marka dokusunu vurgulayan sade ve zarif tasar\u0131m<\/strong><\/h2>\n<p>Bu ambalaj kutusu serisi minimalist bir estetik konsepti benimsiyor ve y\u00fczey, marka logosunun veya doku deseninin ana hatlar\u0131n\u0131 \u00e7izmek i\u00e7in y\u00fcksek hassasiyetli mat alt\u0131n s\u0131cak damgalama teknolojisi ile \u00e7izilerek l\u00fcks bir mizac\u0131 sade bir \u015fekilde ortaya koyuyor. Mat doku ve metalik parlakl\u0131\u011f\u0131n \u00e7arp\u0131\u015fmas\u0131 sadece modern estetik trendlere uymakla kalm\u0131yor, ayn\u0131 zamanda markan\u0131n g\u00f6rsel haf\u0131zas\u0131n\u0131 da g\u00fc\u00e7lendiriyor. Kutu g\u00f6vdesi p\u00fcr\u00fczs\u00fcz hatlara sahiptir ve gereksiz s\u00fcslemeler i\u00e7ermez; bu da \u00fcst d\u00fczey m\u00fccevher ve l\u00fcks mallar\u0131n \"basit ama basit olmayan\" ambalajlama i\u00e7in temel \u00e7ekicili\u011fini kar\u015f\u0131lar.<\/p>\n<h2 id=\"-2-full-size-flexible-customization-suitable-for-a-variety-of-products-\"><strong>2. \u00c7e\u015fitli \u00fcr\u00fcnler i\u00e7in uygun tam boyutlu esnek \u00f6zelle\u015ftirme<\/strong><\/h2>\n<ul>\n<li><strong>Hassas boyut e\u015fle\u015ftirme<\/strong>: Y\u00fcz\u00fcklerden (minimum 5\u00d75\u00d73,5 cm) kolyelere (maksimum 23\u00d717,5\u00d73,5 cm) kadar tam boyutlu \u00f6zelle\u015ftirmeyi destekler ve hafif tak\u0131lar\u0131n, de\u011ferli metal aksesuarlar\u0131n vb. ihtiya\u00e7lar\u0131n\u0131 kar\u015f\u0131lar.<\/li>\n<li><strong>Esnek kutu tipi se\u00e7imi<\/strong>: \u00dcst ve alt kapaklar, manyetik kapakl\u0131 kapaklar, yast\u0131k kutular\u0131 gibi \u00e7e\u015fitli kutu t\u00fcrleri sunar ve \u00f6zel yap\u0131lar\u0131 \u00fcr\u00fcn \u015fekillerine ve sergileme gereksinimlerine g\u00f6re \u00f6zelle\u015ftirebilir. \u00d6rne\u011fin, manyetik kapakl\u0131 kutunun a\u00e7\u0131lmas\u0131 ve kapat\u0131lmas\u0131 kolayd\u0131r ve y\u00fcksek frekansl\u0131 m\u00fccevher te\u015fhiri i\u00e7in uygun olan g\u00fc\u00e7l\u00fc s\u0131zd\u0131rmazl\u0131\u011fa sahiptir; \u00fcst ve alt kapakl\u0131 kutu, \u00fcst d\u00fczey hediye sahneleri i\u00e7in uygun olan hem koruma hem de rit\u00fcel duygusuna sahiptir.<\/li>\n<\/ul>\n<h2 id=\"-3-professional-inner-tray-customization-stable-and-worry-free-protection-\"><strong>3. Profesyonel i\u00e7 tepsi \u00f6zelle\u015ftirmesi, istikrarl\u0131 ve endi\u015fesiz koruma<\/strong><\/h2>\n<ul>\n<li><strong>Malzeme \u00e7e\u015fitlili\u011fi<\/strong>: \u0130\u00e7 tepsi EVA, inci pamuk, flok s\u00fcnger, blister ka\u011f\u0131t kart ve di\u011fer malzemelerden yap\u0131labilir, ta\u015f\u0131ma veya sergileme s\u0131ras\u0131nda sallanmay\u0131 ve a\u015f\u0131nmay\u0131 \u00f6nlemek i\u00e7in y\u00fcz\u00fckleri, k\u00fcpeleri, kolyeleri ve di\u011fer \u00fcr\u00fcnleri do\u011fru bir \u015fekilde sabitler. \u00d6rne\u011fin, flok astar metal tak\u0131lar\u0131n parlakl\u0131\u011f\u0131n\u0131 korumak i\u00e7in anti-statik i\u015fleve sahiptir; blister i\u00e7 tepsi g\u00fc\u00e7l\u00fc plastisiteye sahiptir ve \u00f6zel \u015fekilli tak\u0131lar i\u00e7in uygundur.<\/li>\n<li><strong>Fonksiyonel tasar\u0131m<\/strong>: \u00dcr\u00fcn\u00fcn stabil olmas\u0131n\u0131 ve g\u00f6r\u00fcnt\u00fc efektinin sezgisel olmas\u0131n\u0131 sa\u011flamak i\u00e7in y\u00fcz\u00fck yuvalar\u0131, k\u00fcpe piercingleri, kolye kancalar\u0131 vb. gibi farkl\u0131 m\u00fccevher t\u00fcrleri i\u00e7in \u00f6zel kart yuvalar\u0131n\u0131 \u00f6zelle\u015ftirin.<\/li>\n<\/ul>\n<h2 id=\"-4-full-dimensional-craftsmanship-and-material-customization-to-empower-brand-image-\"><strong>4. Marka imaj\u0131n\u0131 g\u00fc\u00e7lendirmek i\u00e7in tam boyutlu i\u015f\u00e7ilik ve malzeme \u00f6zelle\u015ftirmesi<\/strong><\/h2>\n<ul>\n<li><strong>Malzeme y\u00fckseltme<\/strong>: Hafif l\u00fcksten \u00fcst l\u00fckse kadar farkl\u0131la\u015fan ihtiya\u00e7lar\u0131 kar\u015f\u0131lamak i\u00e7in \u00f6zel sanat ka\u011f\u0131d\u0131 (inci ka\u011f\u0131t, dokunsal ka\u011f\u0131t gibi), kadife kaplama ve \u00e7evre dostu deri gibi \u00fcst d\u00fczey malzemeler sa\u011flay\u0131n. \u00d6rne\u011fin, kadife malzeme, m\u00fccevherlerin s\u0131cak dokusuna uyan hassas bir dokunu\u015fa sahiptir; \u00f6zel ka\u011f\u0131t, kabartma, s\u0131cak damgalama ve di\u011fer i\u015flemlerle g\u00f6rsel seviyeyi art\u0131rabilir.<\/li>\n<li><strong>Teknoloji kombinasyonu inovasyonu<\/strong>: Benzersiz bir ambalaj g\u00f6rsel dili olu\u015fturmak i\u00e7in s\u0131cak damgalama \/ g\u00fcm\u00fc\u015f, kabartma, UV k\u0131smi parlak y\u00fczey, serigrafi ve di\u011fer i\u015flemlerin \u00fcst \u00fcste bindirilmesini destekler.<\/li>\n<\/ul>\n<h2 id=\"-5-industry-experience-endorsement-word-of-mouth-trust-choice-\"><strong>5. Sekt\u00f6r deneyimi onay\u0131, a\u011f\u0131zdan a\u011f\u0131za g\u00fcven se\u00e7imi<\/strong><\/h2>\n<p>Ambalaj end\u00fcstrisinde on y\u0131l\u0131 a\u015fk\u0131n s\u00fcredir devam eden derin ekimimizle, hizmetlerimiz Tiffany ve Cartier gibi uluslararas\u0131 markalar\u0131 ve geli\u015fmekte olan yerli kuyumcular\u0131 kapsamaktad\u0131r ve 500'den fazla m\u00fc\u015fteri i\u00e7in \u00f6zelle\u015ftirilmi\u015f \u00e7\u00f6z\u00fcmler sa\u011flam\u0131\u015ft\u0131r. Kuyumculuk sekt\u00f6r\u00fcn\u00fc derinlemesine anlayarak, ambalaj ve \u00fcr\u00fcnler aras\u0131ndaki estetik uyumu do\u011fru bir \u015fekilde kontrol ediyor, markalar\u0131n premium yeteneklerini ve kullan\u0131c\u0131 kutu a\u00e7ma deneyimlerini geli\u015ftirmelerine yard\u0131mc\u0131 oluyoruz.<\/p>\n<h2 id=\"-6-intelligent-production-system-quality-and-efficiency-double-guarantee-\"><strong>6. Ak\u0131ll\u0131 \u00fcretim sistemi, kalite ve verimlilik \u00e7ifte garanti<\/strong><\/h2>\n<p>Ak\u0131ll\u0131 \u00fcretim y\u00f6netim sistemine dayanarak, tasar\u0131m provas\u0131ndan seri \u00fcretime kadar t\u00fcm s\u00fcre\u00e7 otomatikle\u015ftirilir ve bilgilendirilir:<\/p>\n<ul>\n<li><strong>Hassas kalite kontrol\u00fc<\/strong>: AI g\u00f6rsel denetim ekipman\u0131, 0,1%'den daha d\u00fc\u015f\u00fck bir kusur oran\u0131yla her bir ambalaj kutusunun i\u015flem do\u011frulu\u011funu ve tutarl\u0131l\u0131\u011f\u0131n\u0131 sa\u011flar.<\/li>\n<li><strong>Esnek \u00fcretim<\/strong>: Markan\u0131n yo\u011fun sezon promosyonlar\u0131n\u0131n veya s\u0131n\u0131rl\u0131 say\u0131da ilk s\u00fcr\u00fcmlerin ihtiya\u00e7lar\u0131n\u0131 kar\u015f\u0131lamak i\u00e7in 50 par\u00e7adan 10.000 par\u00e7aya kadar esnek sipari\u015fleri, 7-15 g\u00fcn i\u00e7inde h\u0131zl\u0131 teslimat\u0131 destekleyin.<\/li>\n<\/ul>\n<h2 id=\"-cooperation-value-\"><strong>\u0130\u015fbirli\u011fi de\u011feri<\/strong><\/h2>\n<p>Paketleme \u00e7\u00f6z\u00fcm\u00fcm\u00fcz\u00fc se\u00e7in, alacaks\u0131n\u0131z: \u2705\u00a0<strong>Marka imaj\u0131 y\u00fckseltme<\/strong>: T\u00fcketici fark\u0131ndal\u0131\u011f\u0131n\u0131 g\u00fc\u00e7lendirmek i\u00e7in \u00f6zelle\u015ftirilmi\u015f tasar\u0131m yoluyla marka tonunu sunun; \u2705\u00a0<strong>Kullan\u0131c\u0131 deneyimi optimizasyonu<\/strong>: A\u00e7ma ve kapama rit\u00fcelinin, koruman\u0131n ve ta\u015f\u0131nabilirli\u011fin \u00e7ok boyutlu olarak iyile\u015ftirilmesi, m\u00fc\u015fterinin yeniden sat\u0131n alma iste\u011finin art\u0131r\u0131lmas\u0131; \u2705\u00a0<strong>Maliyet verimlilik dengesi<\/strong>: \u00dcst d\u00fczey kalite ve makul maliyet sa\u011flamak i\u00e7in b\u00fcy\u00fck \u00f6l\u00e7ekli tedarik ve ak\u0131ll\u0131 \u00fcretim sistemi.<\/p>","protected":false},"excerpt":{"rendered":"<p>Bu kapak ve taban ambalaj kutusu, al\u0131nmas\u0131 kolay bir \u00fcst ve alt kapak yap\u0131s\u0131na sahiptir. Spot UV + alt\u0131n s\u0131cak damga folyo i\u015flemi, ambalaja l\u00fcks bir his verir ve katma de\u011feri art\u0131r\u0131r.<\/p>","protected":false},"featured_media":432,"template":"","meta":{"_kad_post_transparent":"default","_kad_post_title":"","_kad_post_layout":"default","_kad_post_sidebar_id":"","_kad_post_content_style":"default","_kad_post_vertical_padding":"default","_kad_post_feature":"","_kad_post_feature_position":"","_kad_post_header":false,"_kad_post_footer":false,"_kad_post_classname":""},"product_brand":[],"product_cat":[15,19,17],"product_tag":[132,130,131],"class_list":{"0":"post-428","1":"product","2":"type-product","3":"status-publish","4":"has-post-thumbnail","6":"product_cat-red-light-therapy","7":"product_cat-red-light-therapy-stand","8":"product_cat-services","9":"product_tag-necklace-packaging","10":"product_tag-ring-packaging","11":"product_tag-wholesale-earring-packaging","13":"first","14":"instock","15":"shipping-taxable","16":"product-type-simple","17":"entry","18":"content-bg","19":"loop-entry"},"_links":{"self":[{"href":"https:\/\/red-lighttherapy.com\/tr\/wp-json\/wp\/v2\/product\/428","targetHints":{"allow":["GET"]}}],"collection":[{"href":"https:\/\/red-lighttherapy.com\/tr\/wp-json\/wp\/v2\/product"}],"about":[{"href":"https:\/\/red-lighttherapy.com\/tr\/wp-json\/wp\/v2\/types\/product"}],"wp:featuredmedia":[{"embeddable":true,"href":"https:\/\/red-lighttherapy.com\/tr\/wp-json\/wp\/v2\/media\/432"}],"wp:attachment":[{"href":"https:\/\/red-lighttherapy.com\/tr\/wp-json\/wp\/v2\/media?parent=428"}],"wp:term":[{"taxonomy":"product_brand","embeddable":true,"href":"https:\/\/red-lighttherapy.com\/tr\/wp-json\/wp\/v2\/product_brand?post=428"},{"taxonomy":"product_cat","embeddable":true,"href":"https:\/\/red-lighttherapy.com\/tr\/wp-json\/wp\/v2\/product_cat?post=428"},{"taxonomy":"product_tag","embeddable":true,"href":"https:\/\/red-lighttherapy.com\/tr\/wp-json\/wp\/v2\/product_tag?post=428"}],"curies":[{"name":"wp","href":"https:\/\/api.w.org\/{rel}","templated":true}]}}