{"id":416,"date":"2025-04-11T11:52:55","date_gmt":"2025-04-11T11:52:55","guid":{"rendered":"https:\/\/red-lighttherapy.com\/?post_type=product&#038;p=416"},"modified":"2025-04-20T05:59:36","modified_gmt":"2025-04-20T05:59:36","slug":"lid-and-base-box-mobile-cell-phone-packaging-box-factory","status":"publish","type":"product","link":"https:\/\/red-lighttherapy.com\/tr\/lid-and-base-box-mobile-cell-phone-packaging-box-factory\/","title":{"rendered":"Kapak ve Taban Kutusu Cep Cep Telefonu Ambalaj Kutusu Fabrikas\u0131"},"content":{"rendered":"<h2 id=\"-product-description-of-mobile-phone-box-with-top-and-bottom-cover-\"><strong>\u00dcr\u00fcn A\u00e7\u0131klamas\u0131 Kapak ve Taban Kutusu Cep Cep Telefonu Ambalaj Kutusu Fabrikas\u0131<\/strong><\/h2>\n<h2 id=\"-1-box-design-top-and-bottom-cover-structure-practical-and-environmentally-friendly-\"><strong>1. Kutu Tasar\u0131m\u0131: Kapak ve Taban Yap\u0131s\u0131, Pratik ve \u00c7evre Dostu<\/strong><\/h2>\n<p>Bu \u00fcr\u00fcn klasik kapak ve taban kutusu tasar\u0131m\u0131n\u0131 benimser. \u00dcst kapak ve alt kutu hassas bir \u015fekilde birbirine tutturulmu\u015ftur. A\u00e7\u0131lmas\u0131 ve kapat\u0131lmas\u0131 kolayd\u0131r ve g\u00fc\u00e7l\u00fc bir rit\u00fcel duygusuna sahiptir, t\u00fcketicilere benzersiz bir kutu a\u00e7ma deneyimi sunar. \u00dcst ve alt kapak yap\u0131s\u0131 sadece \u00fcr\u00fcn ta\u015f\u0131ma g\u00fcvenli\u011fini etkili bir \u015fekilde korumakla kalmaz, ayn\u0131 zamanda a\u015fa\u011f\u0131daki avantajlara da sahiptir:<\/p>\n<ul>\n<li><strong>\u0130kincil Kullan\u0131m<\/strong>: Kutu g\u00f6vdesi mod\u00fcler bir tasar\u0131ma sahiptir ve yap\u0131\u015ft\u0131r\u0131c\u0131 veya karma\u015f\u0131k demontaj olmadan kolayca ayr\u0131labilir. T\u00fcketiciler, \u00e7evre koruma konseptine uygun olarak saklama kutusu, te\u015fhir kutusu vb. olarak yeniden kullanabilir.<\/li>\n<li><strong>Y\u00fcksek uyarlanabilirlik<\/strong>: Cep telefonlar\u0131, dijital aksesuarlar, l\u00fcks \u00fcr\u00fcnler ve di\u011fer \u00fcr\u00fcnler i\u00e7in uygun \u00f6zelle\u015ftirilmi\u015f boyutu (s\u0131n\u0131rs\u0131z y\u00fckseklik, geni\u015flik ve derinlik) destekler.<\/li>\n<\/ul>\n<h2 id=\"-2-appearance-craftsmanship-light-luxury-blue-and-gold-color-matching-highlighting-brand-style-\"><strong>2. G\u00f6r\u00fcn\u00fcm \u0130\u015f\u00e7ilik: A\u00e7\u0131k L\u00fcks Mavi ve Alt\u0131n Rengi E\u015fle\u015ftirme, Marka Stilini Vurgulama<\/strong><\/h2>\n<ul>\n<li><strong>Renk E\u015fle\u015ftirme<\/strong>: Ana renk, s\u0131cak damgalama teknolojisi (marka LOGO, desenler vb.) ile e\u015fle\u015fen, g\u00fc\u00e7l\u00fc bir g\u00f6rsel kontrast olu\u015fturan, hafif l\u00fcks ve asil bir atmosfer yaratan derin deniz mavisidir.<\/li>\n<li><strong>S\u0131cak damgalama teknolojisi<\/strong>: Desen kenarlar\u0131n\u0131n net ve \u00e7apaks\u0131z olmas\u0131n\u0131 sa\u011flamak i\u00e7in y\u00fcksek hassasiyetli s\u0131cak damgalama ekipman\u0131 kullan\u0131n ve alt\u0131n ve mavi arka planlar, \u00fcr\u00fcn te\u015fhirinin \u00e7ekicili\u011fini art\u0131ran \u00fc\u00e7 boyutlu bir hiyerar\u015fi duygusu olu\u015fturur.<\/li>\n<\/ul>\n<h2 id=\"-3-core-material-high-load-bearing-gray-board-coated-paper-quality-and-performance-\"><strong>3. \u00c7ekirdek malzeme: y\u00fcksek y\u00fck ta\u015f\u0131yan gri tahta + ku\u015fe ka\u011f\u0131t, kalite ve performans<\/strong><\/h2>\n<ul>\n<li><strong>Gri tahta alt tabaka<\/strong>: Tek tip kal\u0131nl\u0131\u011fa, g\u00fc\u00e7l\u00fc ara katman ba\u011f\u0131na ve 150 kg'dan fazla bas\u0131n\u00e7 performans\u0131na sahip, nakliye deformasyonunu etkili bir \u015fekilde \u00f6nleyen 1200 GSM y\u00fcksek yo\u011funluklu gri tahta se\u00e7in. Gri levhan\u0131n y\u00fczeyi d\u00fczd\u00fcr, bu da sonraki montaj i\u015flemi i\u00e7in uygundur ve keskin kenarlar\u0131 ve k\u00f6\u015feleri ve zarif g\u00f6r\u00fcn\u00fcm\u00fc ile katlama ve \u015fekillendirmeyi destekler.<\/li>\n<li><strong>Kaplama ka\u011f\u0131d\u0131 malzemesi<\/strong>: D\u0131\u015f katman, ofset bask\u0131, UV bask\u0131 ve di\u011fer i\u015flemleri destekleyen, y\u00fcksek renk reprod\u00fcksiyonuna sahip 157 GSM ku\u015fe ka\u011f\u0131tla kapl\u0131d\u0131r ve desen hassas ve a\u015f\u0131nmaya dayan\u0131kl\u0131 ve \u00e7izilmeye kar\u015f\u0131 dayan\u0131kl\u0131d\u0131r.<\/li>\n<\/ul>\n<h2 id=\"-4-inner-support-design-multiple-material-selection-precise-product-fixation-\"><strong>4. \u0130\u00e7 destek tasar\u0131m\u0131: \u00e7oklu malzeme se\u00e7imi, hassas \u00fcr\u00fcn sabitleme<\/strong><\/h2>\n<ul>\n<li><strong>\u0130\u00e7 destek \u00e7\u00f6z\u00fcm\u00fc<\/strong>: EVA, inci pamuk, s\u00fcnger, ka\u011f\u0131t kart blister ve di\u011fer astar malzemeleri sa\u011flay\u0131n, cep telefonu ve aksesuarlar\u0131n sa\u011flam ve darbeye dayan\u0131kl\u0131 olmas\u0131n\u0131 sa\u011flamak i\u00e7in \u00fcr\u00fcn\u00fcn \u015fekline g\u00f6re \u00f6zel \u015fekilli oluklar\u0131 \u00f6zelle\u015ftirin.<\/li>\n<li><strong>Fonksiyon optimizasyonu<\/strong>:<\/li>\n<li><strong>EVA\/\u0130nci Pamuk<\/strong>: Y\u00fcksek elastik tampon, k\u0131r\u0131lgan e\u015fyalar i\u00e7in uygundur;<\/li>\n<li><strong>Ka\u011f\u0131t kart blister<\/strong>: \u00c7evre dostu ve par\u00e7alanabilir, \u00fcst d\u00fczey hediye konumland\u0131rmas\u0131 i\u00e7in uygundur;<\/li>\n<li><strong>Dil sabitleme<\/strong>: Dil ve kriko yap\u0131s\u0131, paketleme verimlili\u011fini art\u0131rmak i\u00e7in i\u00e7 tepsinin ve kutu g\u00f6vdesinin h\u0131zl\u0131 montaj\u0131n\u0131 ger\u00e7ekle\u015ftirir.<\/li>\n<\/ul>\n<h2 id=\"-5-production-capacity-automated-production-line-efficient-delivery-of-large-scale-orders-\"><strong>5. \u00dcretim kapasitesi: Otomatik \u00fcretim hatt\u0131, b\u00fcy\u00fck \u00f6l\u00e7ekli sipari\u015flerin verimli teslimat\u0131<\/strong><\/h2>\n<ul>\n<li><strong>Ak\u0131ll\u0131 ekipman<\/strong>: G\u00fcnl\u00fck ortalama 100.000 adetten fazla \u00fcretim kapasitesi ile oluk a\u00e7ma, k\u00f6\u015fe yap\u0131\u015ft\u0131rma ve kal\u0131plamaya kadar entegre \u00fcretim sa\u011flamak i\u00e7in tam otomatik kal\u0131p kesme makineleri, blister \u015fekillendirme makineleri, s\u0131cak damgalama makineleri ve di\u011fer ekipmanlarla donat\u0131lm\u0131\u015ft\u0131r.<\/li>\n<li><strong>S\u00fcre\u00e7 avantajlar\u0131<\/strong>:<\/li>\n<li><strong>Hassas kal\u0131p kesim<\/strong>: Lazer konumland\u0131rma teknolojisi, gri levhan\u0131n yiv a\u00e7ma hatas\u0131n\u0131n \u22641 mm olmas\u0131n\u0131 sa\u011flayarak katlan\u0131r kutu \u00e7apaklar\u0131n\u0131 \u00f6nler;<\/li>\n<li><strong>H\u0131zl\u0131 kal\u0131p de\u011fi\u015fimi<\/strong>: Mod\u00fcler kal\u0131plar, birden fazla parti sipari\u015fin ihtiya\u00e7lar\u0131n\u0131 kar\u015f\u0131lamak i\u00e7in \u00fcr\u00fcn \u00f6zelliklerinin 15 dakika i\u00e7inde de\u011fi\u015ftirilmesini destekler.<\/li>\n<\/ul>\n<h2 id=\"-6-quality-control-full-process-inspection-to-ensure-zero-product-defects-\"><strong>6. Kalite kontrol: s\u0131f\u0131r \u00fcr\u00fcn hatas\u0131 sa\u011flamak i\u00e7in tam s\u00fcre\u00e7 denetimi<\/strong><\/h2>\n<ul>\n<li><strong>Hammadde denetimi<\/strong>Gri karton ge\u00e7irgenli\u011fi ve ku\u015fe ka\u011f\u0131t a\u011f\u0131rl\u0131\u011f\u0131 gibi parametrelerin t\u00fcm\u00fc, delaminasyon ve deformasyon riskini ortadan kald\u0131rmak i\u00e7in FSC sertifikal\u0131d\u0131r.<\/li>\n<li><strong>S\u00fcre\u00e7 izleme<\/strong>:<\/li>\n<li><strong>\u0130lk par\u00e7a denetimi<\/strong>: Her parti \u00fcretimden \u00f6nce ilk par\u00e7an\u0131n bas\u0131n\u00e7 testi ve boyut do\u011frulamas\u0131 yap\u0131l\u0131r;<\/li>\n<li><strong>\u00c7evrimi\u00e7i denetim<\/strong>: makine g\u00f6r\u00fc\u015f sistemi arac\u0131l\u0131\u011f\u0131yla s\u0131cak damgalama pozisyon sapmas\u0131, bask\u0131 renk fark\u0131 vb. ger\u00e7ek zamanl\u0131 izleme.<\/li>\n<li><strong>Bitmi\u015f \u00fcr\u00fcn kabul\u00fc<\/strong>: ASTM standartlar\u0131 uygulan\u0131r ve d\u00fc\u015fme testi ge\u00e7i\u015f oran\u0131n\u0131n \u226599,9% olmas\u0131n\u0131 sa\u011flamak i\u00e7in nakliye titre\u015fim testleri sim\u00fcle edilir.<\/li>\n<\/ul>\n<h2 id=\"-cooperation-advantages-and-service-commitments-\"><strong>\u0130\u015fbirli\u011fi avantajlar\u0131 ve hizmet taahh\u00fctleri<\/strong><\/h2>\n<ul>\n<li><strong>\u00d6zelle\u015ftirilmi\u015f hizmet<\/strong>: 3D tasar\u0131m taslaklar\u0131 ve fiziksel prova \u00fccretsiz olarak sa\u011flan\u0131r ve numuneler 3 g\u00fcn i\u00e7inde teslim edilir;<\/li>\n<li><strong>\u00c7evre sertifikas\u0131<\/strong>: malzemeler REACH ve RoHS standartlar\u0131na uygundur ve bozunabilir s\u00fcre\u00e7leri destekler;<\/li>\n<li><strong>Sat\u0131\u015f sonras\u0131 garanti<\/strong>: kalite sorunlar\u0131 i\u00e7in ko\u015fulsuz yeniden i\u015fleme ve tam bir ya\u015fam d\u00f6ng\u00fcs\u00fc kalite izlenebilirlik raporu sa\u011flan\u0131r.<\/li>\n<\/ul>\n<p>Yukar\u0131daki tasar\u0131mlar\u0131n, malzemelerin ve s\u00fcre\u00e7lerin derin entegrasyonu sayesinde, bu fabrika taraf\u0131ndan \u00fcretilen kapak ve \u00fcst ambalaj kutular\u0131 yaln\u0131zca i\u015flevsel ihtiya\u00e7lar\u0131 kar\u015f\u0131lamakla kalmaz, ayn\u0131 zamanda hafif l\u00fcks estetik ve \u00e7evre koruma konseptleriyle marka de\u011ferini g\u00fc\u00e7lendirerek m\u00fc\u015fterilerin farkl\u0131la\u015ft\u0131r\u0131lm\u0131\u015f bir \u00fcst d\u00fczey \u00fcr\u00fcn imaj\u0131 olu\u015fturmas\u0131na yard\u0131mc\u0131 olur.<\/p>","protected":false},"excerpt":{"rendered":"<p>Bu kapak ve taban ambalaj kutusu, al\u0131nmas\u0131 kolay bir \u00fcst ve alt kapak yap\u0131s\u0131na sahiptir. Spot UV + alt\u0131n s\u0131cak damga folyo i\u015flemi, ambalaja l\u00fcks bir his verir ve katma de\u011feri art\u0131r\u0131r.<\/p>","protected":false},"featured_media":425,"template":"","meta":{"_kad_post_transparent":"default","_kad_post_title":"","_kad_post_layout":"default","_kad_post_sidebar_id":"","_kad_post_content_style":"default","_kad_post_vertical_padding":"default","_kad_post_feature":"","_kad_post_feature_position":"","_kad_post_header":false,"_kad_post_footer":false,"_kad_post_classname":""},"product_brand":[],"product_cat":[15,19,17],"product_tag":[129,128,127],"class_list":{"0":"post-416","1":"product","2":"type-product","3":"status-publish","4":"has-post-thumbnail","6":"product_cat-red-light-therapy","7":"product_cat-red-light-therapy-stand","8":"product_cat-services","9":"product_tag-cell-phone-packaging-factory","10":"product_tag-cellphone-packaging-box","11":"product_tag-mobile-phone-boxes","13":"first","14":"instock","15":"shipping-taxable","16":"product-type-simple","17":"entry","18":"content-bg","19":"loop-entry"},"_links":{"self":[{"href":"https:\/\/red-lighttherapy.com\/tr\/wp-json\/wp\/v2\/product\/416","targetHints":{"allow":["GET"]}}],"collection":[{"href":"https:\/\/red-lighttherapy.com\/tr\/wp-json\/wp\/v2\/product"}],"about":[{"href":"https:\/\/red-lighttherapy.com\/tr\/wp-json\/wp\/v2\/types\/product"}],"wp:featuredmedia":[{"embeddable":true,"href":"https:\/\/red-lighttherapy.com\/tr\/wp-json\/wp\/v2\/media\/425"}],"wp:attachment":[{"href":"https:\/\/red-lighttherapy.com\/tr\/wp-json\/wp\/v2\/media?parent=416"}],"wp:term":[{"taxonomy":"product_brand","embeddable":true,"href":"https:\/\/red-lighttherapy.com\/tr\/wp-json\/wp\/v2\/product_brand?post=416"},{"taxonomy":"product_cat","embeddable":true,"href":"https:\/\/red-lighttherapy.com\/tr\/wp-json\/wp\/v2\/product_cat?post=416"},{"taxonomy":"product_tag","embeddable":true,"href":"https:\/\/red-lighttherapy.com\/tr\/wp-json\/wp\/v2\/product_tag?post=416"}],"curies":[{"name":"wp","href":"https:\/\/api.w.org\/{rel}","templated":true}]}}