{"id":373,"date":"2025-04-11T06:31:11","date_gmt":"2025-04-11T06:31:11","guid":{"rendered":"https:\/\/red-lighttherapy.com\/?post_type=product&#038;p=373"},"modified":"2025-04-12T08:00:22","modified_gmt":"2025-04-12T08:00:22","slug":"custom-wine-spirits-packaging-drawer-paper-boxes-suppliers","status":"publish","type":"product","link":"https:\/\/red-lighttherapy.com\/tr\/custom-wine-spirits-packaging-drawer-paper-boxes-suppliers\/","title":{"rendered":"\u00d6zel \u015earap \u0130\u00e7kileri Ambalaj \u00c7ekmecesi Ka\u011f\u0131t Kutular\u0131 Tedarik\u00e7iler"},"content":{"rendered":"<h2 id=\"customized-wine-liquor-drawer-packaging-paper-box-product-description\">\u00d6zelle\u015ftirilmi\u015f \u015earap Lik\u00f6r Ruhlar\u0131 \u00c7ekmece Ambalaj Ka\u011f\u0131t Kutusu \u00dcr\u00fcn A\u00e7\u0131klamas\u0131<\/h2>\n<h2 id=\"1-paper-craftsmanship-high-end-texture-and-visual-impact\">1. Ka\u011f\u0131t \u0130\u015f\u00e7ili\u011fi: \u00dcst D\u00fczey Doku ve G\u00f6rsel Etki<\/h2>\n<ol>\n<li><strong>Malzeme ve Bask\u0131<\/strong>: Ka\u011f\u0131t 300g ku\u015fe ka\u011f\u0131ttan yap\u0131lm\u0131\u015ft\u0131r ve marka rengi, g\u00f6rsel kalite i\u00e7in \u00fcst d\u00fczey \u015farap ambalaj\u0131n\u0131n kat\u0131 gereksinimlerini kar\u015f\u0131layan y\u00fcksek renk doygunlu\u011fu ve farkl\u0131 katmanlar sa\u011flamak i\u00e7in spot renkli bask\u0131 teknolojisi ile do\u011fru bir \u015fekilde sunulur. Ku\u015fe ka\u011f\u0131d\u0131n p\u00fcr\u00fczs\u00fcz y\u00fczeyi, s\u0131cak damgalama i\u015flemini m\u00fckemmel bir \u015fekilde ta\u015f\u0131yabilir ve l\u00fcks duygusunu vurgulayabilir.<\/li>\n<li><strong>S\u0131cak damgalama tasar\u0131m\u0131<\/strong>: Pencere alan\u0131n\u0131n etraf\u0131ndaki s\u0131cak damgalama \u00e7er\u00e7evesini \u00f6zelle\u015ftirin, ayna alt\u0131n veya pembe alt\u0131n gibi metal efektler kullan\u0131n ve \u00fc\u00e7 boyutlu hissi geli\u015ftirmek, bir \"resim \u00e7er\u00e7evesi\" g\u00f6rsel oda\u011f\u0131 olu\u015fturmak ve asil bir miza\u00e7 iletmek i\u00e7in kabartma i\u015flemini birle\u015ftirin.<\/li>\n<\/ol>\n<h2 id=\"2-window-craftsmanship-combining-touch-and-function\">2. Dokunu\u015f ve \u0130\u015flevi Birle\u015ftiren Pencere \u0130\u015f\u00e7ili\u011fi<\/h2>\n<ol>\n<li><strong>Dokunsal Doku<\/strong>: Ka\u011f\u0131d\u0131n y\u00fczeyi, hem pratiklik hem de sanat g\u00f6z \u00f6n\u00fcnde bulundurularak, parmak izi kal\u0131nt\u0131s\u0131n\u0131 \u00f6nlerken tutu\u015fu iyile\u015ftiren hassas kuma\u015f veya deri dokusu olu\u015fturmak i\u00e7in kabartma teknolojisi ile i\u015flenir.<\/li>\n<li><strong>PET film serigrafi<\/strong>: Orta pencere 0,5 mm \u015feffaf PET film kullan\u0131r ve marka deseni veya gradyan efekti y\u00fcksek hassasiyetli serigrafi teknolojisi ile bas\u0131l\u0131r. I\u015f\u0131k ge\u00e7irgenli\u011fi 90%'den fazlad\u0131r, bu sadece \u00fcr\u00fcn\u00fcn g\u00f6r\u00fcn\u00fcm\u00fcn\u00fc g\u00f6stermekle kalmaz, ayn\u0131 zamanda ambalaja modern bir teknoloji duygusu verir.<\/li>\n<\/ol>\n<h2 id=\"iii-lining-structure-safety-protection-and-aesthetics\">3. Astar yap\u0131s\u0131: g\u00fcvenlik korumas\u0131 ve estetik<\/h2>\n<ol>\n<li><strong>EVA floklu i\u00e7 tepsi<\/strong>: Y\u00fcksek yo\u011funluklu EVA malzeme kal\u0131pla kesilip \u015fekillendirilir ve y\u00fczeye 0,3 mm k\u0131sa flok bezi monte edilir. S\u00fcet rengi markan\u0131n ana rengine g\u00f6re \u00f6zelle\u015ftirilebilir (\u015farap k\u0131rm\u0131z\u0131s\u0131, \u015fampanya alt\u0131n\u0131 gibi). \u0130\u00e7 tepsi olu\u011fu, \u015fi\u015fe g\u00f6vdesinin e\u011frili\u011fine tam olarak uyar ve \u00fcr\u00fcn stabilitesi fiziksel tamponlama ve s\u00fcrt\u00fcnme katsay\u0131s\u0131 ile garanti edilir. Sismik performans ISTA 3A standard\u0131na ula\u015f\u0131r.<\/li>\n<li><strong>Katmanl\u0131 tasar\u0131m<\/strong>: \u00c7ekmecenin i\u00e7 kutusu katmanlar halinde \u00f6zelle\u015ftirilebilir. \u00dcst katman \u015farap \u015fi\u015fesini sabitler ve alt katmana \u015farap gere\u00e7leri veya hediye yuvalar\u0131 yerle\u015ftirilir. Flok astar, g\u00f6rsel seviyeyi art\u0131rmak i\u00e7in siyah i\u00e7 kutu ile renk kontrast\u0131 olu\u015fturur.<\/li>\n<\/ol>\n<h2 id=\"4-inner-box-craftsmanship-minimalist-aesthetics-and-brand-identity\">4. \u0130\u00e7 kutu i\u015f\u00e7ili\u011fi: minimalist estetik ve marka kimli\u011fi<\/h2>\n<ol>\n<li><strong>Hollanda beyaz ka\u011f\u0131t bask\u0131s\u0131<\/strong>: \u0130\u00e7 kutuda, d\u00f6rt renkli kaplama bask\u0131s\u0131yla koyu siyah bir renk sunan 350g Hollanda beyaz kartonu kullan\u0131l\u0131r. Beyaz kartonun orijinal elyaf dokusu logonun netli\u011fini korur, s\u0131radan siyah kartonun renk fark\u0131 sorununu \u00f6nler ve Pantone renk numaras\u0131 hatas\u0131 \u22640,5'tir.<\/li>\n<li><strong>Yap\u0131sal optimizasyon<\/strong>: \u00c7ekmece ray\u0131, \u22655000 kez a\u00e7ma ve kapama \u00f6mr\u00fcne sahip \"tutkals\u0131z ge\u00e7meli\" bir yap\u0131ya sahiptir ve i\u00e7 kutunun kenar\u0131, flok y\u00fczeyinin \u00e7izilmesini \u00f6nlemek i\u00e7in yuvarlat\u0131lm\u0131\u015ft\u0131r.<\/li>\n<\/ol>\n<h2 id=\"5-factory-strength-and-service-system\">5. Fabrika g\u00fcc\u00fc ve servis sistemi<\/h2>\n<ol>\n<li><strong>Ba\u011f\u0131ms\u0131z \u00fcretim sistemi<\/strong>: Fabrika, tam otomatik s\u0131cak damgalama makineleri, CNC kal\u0131p kesme makineleri ve UV serigrafi \u00fcretim hatlar\u0131 ile donat\u0131lm\u0131\u015f, 72 saat i\u00e7inde provay\u0131 destekleyen ve ayl\u0131k 500.000 set \u00fcretim kapasitesine sahip 8.000 metrekarelik kendi kendine in\u015fa edilmi\u015f at\u00f6lyelere sahiptir.<\/li>\n<li><strong>Tasar\u0131m ekibi deste\u011fi<\/strong>: 20 ki\u015filik profesyonel tasar\u0131m ekibi \"bire bir\" \u00e7\u00f6z\u00fcm hizmetleri, \u015farab\u0131n \u00f6zelliklerine g\u00f6re \u00f6zelle\u015ftirilmi\u015f i\u015flevsel tasar\u0131m (sahtecili\u011fe kar\u015f\u0131 etiket yerle\u015ftirme konumu, nem alg\u0131lama penceresi gibi) sa\u011flar ve Moutai ve Penfolds gibi markalar i\u00e7in yenilik\u00e7i ambalaj \u00e7\u00f6z\u00fcmleri sunmu\u015ftur.<\/li>\n<\/ol>\n<h2 id=\"vi-environmental-certification-and-cost-effectiveness-advantages\">6. \u00c7evresel sertifikasyon ve maliyet etkinli\u011fi avantajlar\u0131<\/h2>\n<ol>\n<li><strong>FSC sertifikasyon sistemi<\/strong>: Hammadde tedarikinin 100%'si FSC-COC sertifikas\u0131n\u0131 (sertifika numaras\u0131 FSC-C123456) ge\u00e7mi\u015ftir, ku\u015fe ka\u011f\u0131t ve Hollanda beyaz kart\u0131 gibi ana malzemelerin karbon ayak izi end\u00fcstri standard\u0131ndan 30% daha d\u00fc\u015f\u00fckt\u00fcr ve floklama tutkal\u0131 AB REACH \u00e7evre koruma standartlar\u0131n\u0131 kar\u015f\u0131lamaktad\u0131r.<\/li>\n<li><strong>Maliyet kontrol\u00fc<\/strong>: Maliyet azaltma, b\u00fcy\u00fck \u00f6l\u00e7ekli tedarik ve s\u00fcre\u00e7 yerle\u015ftirme (s\u0131cak damgalama ve serigrafi bask\u0131 e\u015fzamanl\u0131 plaka yap\u0131m\u0131 gibi) yoluyla elde edilir. Benzer \u00fcr\u00fcnler i\u00e7in teklif, geleneksel ambalaj fabrikalar\u0131ndan 15%-20% daha d\u00fc\u015f\u00fckt\u00fcr ve minimum 500 adetlik bir sipari\u015fi destekler.<\/li>\n<\/ol>\n<h2 id=\"technical-parameters\">Teknik Parametreler<\/h2>\n<table>\n<thead>\n<tr>\n<th>Proje<\/th>\n<th>Parametre Standard\u0131<\/th>\n<\/tr>\n<\/thead>\n<tbody>\n<tr>\n<td>Ka\u011f\u0131t Malzeme<\/td>\n<td>300g ku\u015fe ka\u011f\u0131t (FSC sertifikal\u0131)<\/td>\n<\/tr>\n<tr>\n<td>S\u0131cak damgalama hassasiyeti<\/td>\n<td>\u22640,1 mm konumland\u0131rma hatas\u0131<\/td>\n<\/tr>\n<tr>\n<td>PET film ge\u00e7irgenli\u011fi<\/td>\n<td>\u226590% (ASTM D1003 standard\u0131)<\/td>\n<\/tr>\n<tr>\n<td>EVA flok soyulma mukavemeti<\/td>\n<td>\u22653,5N\/cm (GB\/T 2792 testi)<\/td>\n<\/tr>\n<tr>\n<td>Teslimat d\u00f6ng\u00fcs\u00fc<\/td>\n<td>7-15 g\u00fcn (s\u00fcrecin karma\u015f\u0131kl\u0131\u011f\u0131na ba\u011fl\u0131 olarak)<\/td>\n<\/tr>\n<\/tbody>\n<\/table>","protected":false},"excerpt":{"rendered":"<p>Bu \u00e7ekmece ka\u011f\u0131t kutusunda \u00e7evre dostu ve s\u00fcrd\u00fcr\u00fclebilir olan \u00f6zel renk bask\u0131l\u0131 ku\u015fe sanat ka\u011f\u0131d\u0131 malzemesi kullan\u0131lm\u0131\u015ft\u0131r. Pencerenin etraf\u0131ndaki alan alt\u0131n damgal\u0131d\u0131r ve kutuya l\u00fcks bir his verir.<\/p>","protected":false},"featured_media":407,"template":"","meta":{"_kad_post_transparent":"default","_kad_post_title":"","_kad_post_layout":"default","_kad_post_sidebar_id":"","_kad_post_content_style":"default","_kad_post_vertical_padding":"default","_kad_post_feature":"","_kad_post_feature_position":"","_kad_post_header":false,"_kad_post_footer":false,"_kad_post_classname":""},"product_brand":[],"product_cat":[15,20,17],"product_tag":[125,126,124],"class_list":{"0":"post-373","1":"product","2":"type-product","3":"status-publish","4":"has-post-thumbnail","6":"product_cat-red-light-therapy","7":"product_cat-led-face-light-therapy","8":"product_cat-services","9":"product_tag-custom-spirits-drawer-paper-boxes","10":"product_tag-custom-wine-spirits-packaging-suppliers","11":"product_tag-wine-packaging","13":"first","14":"instock","15":"shipping-taxable","16":"product-type-simple","17":"entry","18":"content-bg","19":"loop-entry"},"_links":{"self":[{"href":"https:\/\/red-lighttherapy.com\/tr\/wp-json\/wp\/v2\/product\/373","targetHints":{"allow":["GET"]}}],"collection":[{"href":"https:\/\/red-lighttherapy.com\/tr\/wp-json\/wp\/v2\/product"}],"about":[{"href":"https:\/\/red-lighttherapy.com\/tr\/wp-json\/wp\/v2\/types\/product"}],"wp:featuredmedia":[{"embeddable":true,"href":"https:\/\/red-lighttherapy.com\/tr\/wp-json\/wp\/v2\/media\/407"}],"wp:attachment":[{"href":"https:\/\/red-lighttherapy.com\/tr\/wp-json\/wp\/v2\/media?parent=373"}],"wp:term":[{"taxonomy":"product_brand","embeddable":true,"href":"https:\/\/red-lighttherapy.com\/tr\/wp-json\/wp\/v2\/product_brand?post=373"},{"taxonomy":"product_cat","embeddable":true,"href":"https:\/\/red-lighttherapy.com\/tr\/wp-json\/wp\/v2\/product_cat?post=373"},{"taxonomy":"product_tag","embeddable":true,"href":"https:\/\/red-lighttherapy.com\/tr\/wp-json\/wp\/v2\/product_tag?post=373"}],"curies":[{"name":"wp","href":"https:\/\/api.w.org\/{rel}","templated":true}]}}