{"id":367,"date":"2025-04-11T06:02:12","date_gmt":"2025-04-11T06:02:12","guid":{"rendered":"https:\/\/red-lighttherapy.com\/?post_type=product&#038;p=367"},"modified":"2025-04-11T06:30:31","modified_gmt":"2025-04-11T06:30:31","slug":"luxury-perfume-cosmetics-clamshell-rigid-boxes-suppliers","status":"publish","type":"product","link":"https:\/\/red-lighttherapy.com\/tr\/luxury-perfume-cosmetics-clamshell-rigid-boxes-suppliers\/","title":{"rendered":"L\u00fcks Parf\u00fcm Kozmetik Kapakl\u0131 Sert Kutular Tedarik\u00e7iler"},"content":{"rendered":"<h2 id=\"-product-description-of-high-end-perfume-and-cosmetics-flip-top-hard-box-\"><strong>L\u00fcks Parf\u00fcm Kozmetik Kapakl\u0131 Sert Kutular\u0131n \u00dcr\u00fcn A\u00e7\u0131klamas\u0131 Tedarik\u00e7iler<\/strong><\/h2>\n<p><strong>--\u0130\u015f\u00e7ilik, \u00f6zelle\u015ftirilmi\u015f l\u00fcks ambalaj \u00e7\u00f6z\u00fcmleri<\/strong><\/p>\n<h2 id=\"-i-innovative-design-one-handed-operation-smooth-opening-and-closing-\"><strong>1. Yenilik\u00e7i tasar\u0131m: tek elle kullan\u0131m, sorunsuz a\u00e7ma ve kapama<\/strong><\/h2>\n<p>Bu kapakl\u0131 hediye kutusu, kapakl\u0131 hediyeyi benimser<strong>\u00a0yap\u0131 tasar\u0131m\u0131<\/strong>ve mente\u015fe k\u0131sm\u0131 hassas kal\u0131plarla i\u015flenerek sorunsuz a\u00e7\u0131l\u0131p kapanmas\u0131 sa\u011flan\u0131r ve tek elle kolayca \u00e7al\u0131\u015ft\u0131r\u0131labilir. Kutu g\u00f6vdesi dayan\u0131kl\u0131l\u0131k a\u00e7\u0131s\u0131ndan test edilmi\u015ftir ve\u00a0<strong>10.000'den fazla tekrarlanan a\u00e7\u0131l\u0131\u015f ve kapan\u0131\u015f<\/strong>\u00dcst d\u00fczey kozmetik \u00fcr\u00fcnlerinin uzun s\u00fcreli kullan\u0131m ihtiya\u00e7lar\u0131n\u0131 kar\u015f\u0131lar. Kapakl\u0131 kapak, kapatma stabilitesini art\u0131rmak ve ta\u015f\u0131ma s\u0131ras\u0131nda kazara a\u00e7\u0131lmay\u0131 \u00f6nlemek i\u00e7in manyetik emme veya toka tasar\u0131m\u0131 (iste\u011fe ba\u011fl\u0131) ile birle\u015ftirilmi\u015ftir.<\/p>\n<h2 id=\"-ii-material-and-structure-stable-protection-upgraded-touch-\"><strong>2. Malzeme ve yap\u0131: istikrarl\u0131 koruma, y\u00fckseltilmi\u015f dokunu\u015f<\/strong><\/h2>\n<ol>\n<li><strong>157GGSM ku\u015fe ka\u011f\u0131t<\/strong>: p\u00fcr\u00fczs\u00fcz ve hassas y\u00fczey, y\u00fcksek renk \u00fcretimi, net ve \u00fc\u00e7 boyutlu bask\u0131l\u0131 desen.<\/li>\n<li><strong>1200GSM y\u00fcksek yo\u011funluklu gri tahta<\/strong>: kutu g\u00f6vdesinin sertli\u011fi sekt\u00f6r lideri seviyeye ula\u015f\u0131r ve bas\u0131n\u00e7 dayan\u0131m\u0131 30% ile art\u0131r\u0131larak d\u0131\u015f darbelere etkili bir \u015fekilde direnir.<\/li>\n<li>Ana renk\u00a0<strong>koyu ye\u015fil ve mat siyah<\/strong>. Koyu ye\u015fil tonu do\u011fal bir l\u00fcks hissi verir ve siyah \u00e7izgiler g\u00f6rsel yorgunlu\u011fu azaltan ve marka tan\u0131n\u0131rl\u0131\u011f\u0131n\u0131 g\u00fc\u00e7lendiren basit ana hatlar\u0131 \u00e7izer.<\/li>\n<\/ol>\n<h2 id=\"-third-surface-technology-long-term-protection-excellent-texture-\"><strong>3. Y\u00fczey teknolojisi: uzun s\u00fcreli koruma, m\u00fckemmel doku<\/strong><\/h2>\n<p>Kutu g\u00f6vdesi a\u015fa\u011f\u0131dakilerle i\u015flenir\u00a0<strong>tam laminasyon teknolojisi<\/strong>\u00a0(iste\u011fe ba\u011fl\u0131 parlak film\/mat film\/dokunsal film):<\/p>\n<ul>\n<li><strong>Su ge\u00e7irmez ve kirlenmez<\/strong>S\u0131v\u0131 penetrasyonunu etkili bir \u015fekilde engeller ve ambalaj\u0131n hizmet \u00f6mr\u00fcn\u00fc uzat\u0131r.<\/li>\n<li><strong>A\u015f\u0131nmaya ve \u00e7izilmeye kar\u015f\u0131 dayan\u0131kl\u0131<\/strong>: Ta\u015f\u0131ma veya sergileme s\u0131ras\u0131nda \u00e7izilmeleri \u00f6nlemek i\u00e7in y\u00fczey sertli\u011fi 3H'ye ula\u015f\u0131r.<\/li>\n<li><strong>Parlak \u00f6zelle\u015ftirme<\/strong>: Mat film sade bir l\u00fcks sunar, parlak film g\u00f6rsel etkiyi art\u0131r\u0131r ve dokunmatik film benzersiz bir kadife dokusu verir.<\/li>\n<\/ul>\n<h2 id=\"-fourth-functional-lining-shock-resistant-and-cushioning-details-win-\"><strong>4. Fonksiyonel astar: darbeye dayan\u0131kl\u0131 ve yast\u0131klama, detaylar kazan\u0131r<\/strong><\/h2>\n<ol>\n<li><strong>EVA flok astar<\/strong>\u015ei\u015fenin konturuna uyar, yast\u0131klama performans\u0131 geleneksel s\u00fcngerlerden daha iyidir ve d\u00fc\u015fme testinde darbe kuvvetinin 80%'sini azaltabilir.<\/li>\n<li><strong>Karton katmanl\u0131 yap\u0131<\/strong>: Bal pete\u011fi tasar\u0131m\u0131 y\u00fck ta\u015f\u0131ma kapasitesini art\u0131r\u0131r ve cam \u015fi\u015feler ve seramik kavanozlar gibi k\u0131r\u0131lgan e\u015fyalar i\u00e7in uygundur.<\/li>\n<li><strong>\u0130pek kuma\u015f\/rafya astar<\/strong>: Dokunu\u015fu geli\u015ftirmek i\u00e7in iste\u011fe ba\u011fl\u0131 ipek kuma\u015f veya farkl\u0131 markalar\u0131n tonunu kar\u015f\u0131lamak i\u00e7in \u00e7evre dostu doku eklemek i\u00e7in do\u011fal rafya.<\/li>\n<\/ol>\n<h2 id=\"-v-deep-customization-flexible-adaptation-to-multiple-needs-\"><strong>5. Derin \u00f6zelle\u015ftirme: \u00c7oklu ihtiya\u00e7lara esnek adaptasyon<\/strong><\/h2>\n<ol>\n<li>Destekler\u00a0<strong>alt ve alt kapak, \u00e7ekmece tipi, s\u00fcrg\u00fcl\u00fc kapak tipi<\/strong>\u00a0ve di\u011fer kutu tipleri, 50\u00d750\u00d750mm ila 300\u00d7300\u00d7200mm boyut aral\u0131\u011f\u0131nda, parf\u00fcm \u015fi\u015feleri, esanslar, rujlar ve di\u011fer \u00fcr\u00fcnler i\u00e7in uygundur.<\/li>\n<li><strong>S\u0131cak damgalama\/UV kabartma<\/strong>: Marka g\u00f6rsel haf\u0131zas\u0131n\u0131 geli\u015ftirmek i\u00e7in k\u0131smi s\u0131cak damgalama LOGO veya \u00fc\u00e7 boyutlu UV bask\u0131.<\/li>\n<li><strong>\u0130\u00e7i bo\u015f pencere<\/strong>: \u015eeffaf PET malzeme ile \u00fcr\u00fcnleri sezgisel olarak sergileyin ve te\u015fhir \u00e7ekicili\u011fini art\u0131r\u0131n.<\/li>\n<\/ol>\n<h2 id=\"-six-production-guarantee-large-scale-intelligent-manufacturing-worry-free-delivery-\"><strong>6. \u00dcretim garantisi: b\u00fcy\u00fck \u00f6l\u00e7ekli ak\u0131ll\u0131 \u00fcretim, endi\u015fesiz teslimat<\/strong><\/h2>\n<ul>\n<li><strong>Fabrika g\u00fcc\u00fc<\/strong>: 5320\u33a1 standartla\u015ft\u0131r\u0131lm\u0131\u015f fabrika, 16 y\u0131ll\u0131k end\u00fcstri deneyimi, tam otomatik kal\u0131p kesme makinesi, laminasyon makinesi ve dijital bask\u0131 hatt\u0131 ile donat\u0131lm\u0131\u015f, g\u00fcnl\u00fck 50.000 adet \u00fcretim kapasitesine sahiptir.<\/li>\n<li><strong>Kalite kontrol sistemi<\/strong>: ISO 9001 sertifikas\u0131n\u0131 ge\u00e7ti, hammadde tedarikinden bitmi\u015f \u00fcr\u00fcn teslimat\u0131na kadar 12 kalite kontrol ba\u011flant\u0131s\u0131n\u0131 s\u0131k\u0131 bir \u015fekilde kontrol etti ve kusur oran\u0131 0.3%'den az.<\/li>\n<li><strong>Teslimat s\u00fcresi<\/strong>: D\u00fczenli sipari\u015fler 7-10 g\u00fcn i\u00e7inde teslim edilir ve h\u0131zland\u0131r\u0131lm\u0131\u015f sipari\u015fler 3 g\u00fcne kadar k\u0131salt\u0131labilir ve k\u00fcresel lojistik i\u015fbirli\u011fini destekler.<\/li>\n<\/ul>\n<h2 id=\"-application-scenarios-\"><strong>Uygulama senaryolar\u0131<\/strong><\/h2>\n<ul>\n<li><strong>Y\u00fcksek kaliteli parf\u00fcm<\/strong>: Cam \u015fi\u015feyi korumak ve marka stilini vurgulamak i\u00e7in EVA flok astarl\u0131 \u00f6zelle\u015ftirilmi\u015f manyetik kapak kutusu.<\/li>\n<li><strong>Cilt bak\u0131m\u0131 hediye kutusu<\/strong>: \u00c7ok katmanl\u0131 \u00e7ekmece tipi yap\u0131 esanslar\u0131, kremleri ve di\u011fer kategorileri bar\u0131nd\u0131r\u0131r ve kutuyu a\u00e7man\u0131n t\u00f6ren duygusunu geli\u015ftirmek i\u00e7in dokunmatik film kapl\u0131d\u0131r.<\/li>\n<li><strong>S\u0131n\u0131rl\u0131 say\u0131da makyaj malzemesi<\/strong>: \u00d6zel \u015fekilli kutu g\u00f6vdesi, koleksiyon d\u00fczeyinde bir ambalaj olu\u015fturmak i\u00e7in metal aksesuarlarla birle\u015ftirilmi\u015ftir.<\/li>\n<\/ul>","protected":false},"excerpt":{"rendered":"<p>Bu kapakl\u0131 hediye kutusunun a\u00e7\u0131lmas\u0131 ve kapat\u0131lmas\u0131 kolayd\u0131r ve tekrar kullan\u0131labilir. G\u00f6rsel yorgunlu\u011fu azaltmak i\u00e7in kutu g\u00f6vdesi a\u011f\u0131rl\u0131kl\u0131 olarak ye\u015fildir. Parf\u00fcm ve kozmetik ambalajlar\u0131n\u0131za uyacak \u015fekilde son derece \u00f6zelle\u015ftirilebilir.<\/p>","protected":false},"featured_media":372,"template":"","meta":{"_kad_post_transparent":"default","_kad_post_title":"","_kad_post_layout":"default","_kad_post_sidebar_id":"","_kad_post_content_style":"default","_kad_post_vertical_padding":"default","_kad_post_feature":"","_kad_post_feature_position":"","_kad_post_header":false,"_kad_post_footer":false,"_kad_post_classname":""},"product_brand":[],"product_cat":[15,28,27,17],"product_tag":[121,122,120],"class_list":{"0":"post-367","1":"product","2":"type-product","3":"status-publish","4":"has-post-thumbnail","6":"product_cat-red-light-therapy","7":"product_cat-customize","8":"product_cat-red-light-therapy-belt","9":"product_cat-services","10":"product_tag-cosmetics-rigid-boxes","11":"product_tag-luxury-perfume-boxes-suppliers","12":"product_tag-perfume-clamshell-boxes","14":"first","15":"instock","16":"shipping-taxable","17":"product-type-simple","18":"entry","19":"content-bg","20":"loop-entry"},"_links":{"self":[{"href":"https:\/\/red-lighttherapy.com\/tr\/wp-json\/wp\/v2\/product\/367","targetHints":{"allow":["GET"]}}],"collection":[{"href":"https:\/\/red-lighttherapy.com\/tr\/wp-json\/wp\/v2\/product"}],"about":[{"href":"https:\/\/red-lighttherapy.com\/tr\/wp-json\/wp\/v2\/types\/product"}],"wp:featuredmedia":[{"embeddable":true,"href":"https:\/\/red-lighttherapy.com\/tr\/wp-json\/wp\/v2\/media\/372"}],"wp:attachment":[{"href":"https:\/\/red-lighttherapy.com\/tr\/wp-json\/wp\/v2\/media?parent=367"}],"wp:term":[{"taxonomy":"product_brand","embeddable":true,"href":"https:\/\/red-lighttherapy.com\/tr\/wp-json\/wp\/v2\/product_brand?post=367"},{"taxonomy":"product_cat","embeddable":true,"href":"https:\/\/red-lighttherapy.com\/tr\/wp-json\/wp\/v2\/product_cat?post=367"},{"taxonomy":"product_tag","embeddable":true,"href":"https:\/\/red-lighttherapy.com\/tr\/wp-json\/wp\/v2\/product_tag?post=367"}],"curies":[{"name":"wp","href":"https:\/\/api.w.org\/{rel}","templated":true}]}}