{"id":361,"date":"2025-04-11T05:27:38","date_gmt":"2025-04-11T05:27:38","guid":{"rendered":"https:\/\/red-lighttherapy.com\/?post_type=product&#038;p=361"},"modified":"2025-04-11T06:31:01","modified_gmt":"2025-04-11T06:31:01","slug":"high-end-gold-paper-lid-and-base-chocolate-box-manufacturer","status":"publish","type":"product","link":"https:\/\/red-lighttherapy.com\/tr\/high-end-gold-paper-lid-and-base-chocolate-box-manufacturer\/","title":{"rendered":"High End Alt\u0131n Ka\u011f\u0131t Kapak ve Taban \u00c7ikolata Kutusu \u00dcreticisi"},"content":{"rendered":"<h2 id=\"-high-end-gold-card-chocolate-box-product-description-\"><strong>High-end Alt\u0131n Ka\u011f\u0131t \u00c7ikolata Kutusu \u00dcr\u00fcn A\u00e7\u0131klamas\u0131<\/strong><\/h2>\n<p>--El i\u015f\u00e7ili\u011fi ile l\u00fcks bir ziyafeti a\u00e7\u0131kl\u0131yor<\/p>\n<p>Ambalaj \u00fcretiminde 16 y\u0131ll\u0131k deneyime sahip profesyonel bir \u00fcretici olarak, \u00fcst d\u00fczey \u00e7ikolata markalar\u0131 i\u00e7in sanatsal ve i\u015flevsel ambalaj \u00e7\u00f6z\u00fcmleri yaratmaya odaklan\u0131yoruz. Fabrika 5.320 metrekarelik bir alan\u0131 kaplamaktad\u0131r ve tam otomatik \u00fcretim hatlar\u0131 ve hassas kal\u0131p ekipmanlar\u0131 ile donat\u0131lm\u0131\u015ft\u0131r. \u00dcr\u00fcn istikrar\u0131n\u0131 sa\u011flamak i\u00e7in verimli \u00fcretim kapasitesi ve s\u0131k\u0131 kalite kontrol\u00fcyle, \u015fimdi yeni bir\u00a0<strong>Alt\u0131n Kart Kabartmal\u0131 S\u0131cak Damgal\u0131 \u00c7ikolata Hediye Kutusu<\/strong>\u00a0serisi, a\u015fa\u011f\u0131daki temel avantajlara sahiptir:<\/p>\n<h2 id=\"-1-materials-and-crafts-the-ultimate-luxurious-tactile-and-visual-experience-\"><strong>1. Malzemeler ve el sanatlar\u0131: en \u00fcst d\u00fczey l\u00fcks dokunsal ve g\u00f6rsel deneyim<\/strong><\/h2>\n<ol>\n<li><strong>Alt\u0131n Kart Taban Malzemesi ve Kabartmal\u0131 El Sanatlar\u0131<\/strong>\u00a0Ana malzeme olarak y\u00fcksek a\u011f\u0131rl\u0131kl\u0131 alt\u0131n kart ka\u011f\u0131d\u0131 (Alt\u0131n Ka\u011f\u0131t) kullan\u0131larak, y\u00fczey hassas bir dokunu\u015fa sahip, a\u015f\u0131nmaya ve bas\u0131nca dayan\u0131kl\u0131 \u00f6zelle\u015ftirilmi\u015f kal\u0131plar arac\u0131l\u0131\u011f\u0131yla \u00fc\u00e7 boyutlu dokularla (imitasyon deri dokusu, geometrik kabartma veya \u00e7i\u00e7ek kabartma gibi) kabart\u0131l\u0131r. Mat laminasyon i\u015flemi y\u00fczey parlakl\u0131\u011f\u0131n\u0131 daha da art\u0131rarak alt\u0131n taban\u0131n mat veya parlak bir etki g\u00f6stermesini sa\u011flar ve ambalaja sade ve l\u00fcks bir doku kazand\u0131r\u0131r.<\/li>\n<li><strong>S\u0131cak damgalama teknolojisi: marka sembollerinin parlak bir ifadesi<\/strong>\u00a0Alman Kurz elektrokimyasal al\u00fcminyum folyo kullanan d\u00fcz damgalama makinesi, k\u0131rm\u0131z\u0131 ve alt\u0131n logolar\u0131n, metinlerin veya kenarl\u0131klar\u0131n \u00fc\u00e7 boyutlu bir sunumunu elde etmek i\u00e7in do\u011fru bir \u015fekilde \u0131s\u0131 transferi yapar. K\u0131rm\u0131z\u0131 ve alt\u0131n rengi tamd\u0131r, alt\u0131n kart arka plan\u0131yla so\u011fuk ve s\u0131cak bir kontrast olu\u015fturur, bu da rafta sergilendi\u011finde h\u0131zla dikkat \u00e7ekebilir ve marka tan\u0131n\u0131rl\u0131\u011f\u0131n\u0131 art\u0131rabilir.<\/li>\n<\/ol>\n<h2 id=\"-second-design-elements-dynamic-aesthetics-and-artistic-details-\"><strong>2. Tasar\u0131m unsurlar\u0131: dinamik estetik ve sanatsal detaylar<\/strong><\/h2>\n<ol>\n<li><strong>Fiyonk \u015ferit \u015fekli: ak\u0131ll\u0131 bir son dokunu\u015f<\/strong>\u00a0Kutu kapa\u011f\u0131n\u0131n \u00fcst veya yan taraf\u0131, \u015farap k\u0131rm\u0131z\u0131s\u0131, \u015fampanya alt\u0131n\u0131 veya \u00f6zelle\u015ftirilmi\u015f renklerde se\u00e7ilebilen el dokumas\u0131 mat \/ parlak ipek bir yay ile e\u015fle\u015ftirilir. Kurdele, nikah \u015fekeri ve tatil hediyeleri gibi y\u00fcksek t\u00f6rensel sahneler i\u00e7in uygun olan \u00fc\u00e7 boyutlu katmanl\u0131 bir his yaratmak i\u00e7in s\u0131cak damgalama harfleriyle g\u00f6m\u00fclebilir veya kristal tokalarla kaplanabilir.<\/li>\n<li><strong>\u0130\u00e7 astar oluklu nokta dizisi: g\u00f6rsel ak\u0131\u015f ve i\u015flevsel koruma<\/strong>\u00a0\u0130\u00e7 tepsi g\u0131da s\u0131n\u0131f\u0131 EVA veya flanelden yap\u0131lm\u0131\u015ft\u0131r ve lazer kaz\u0131ma yoluyla gradyan oluklu nokta deseni olu\u015fturulmu\u015ftur. Noktalar, \u00e7ikolatan\u0131n eridi\u011finde ak\u0131\u015f\u0131n\u0131 sim\u00fcle etmek i\u00e7in alt\u0131n bir oranda d\u00fczenlenmi\u015ftir ve i\u00e7b\u00fckey ve d\u0131\u015fb\u00fckey yap\u0131, nakliye \u00e7arp\u0131\u015fmas\u0131n\u0131 \u00f6nlemek i\u00e7in tek \u00e7ikolatay\u0131 sabitler.<\/li>\n<\/ol>\n<h2 id=\"-three-customized-services-fully-meet-brand-needs-\"><strong>3. \u00d6zelle\u015ftirilmi\u015f hizmetler: marka ihtiya\u00e7lar\u0131n\u0131 tam olarak kar\u015f\u0131lay\u0131n<\/strong><\/h2>\n<ol>\n<li><strong>Kutu tipi ve boyutunun esnek adaptasyonu<\/strong>\u00a0\u00dcst ve alt kapaklar, kitap \u015feklindeki kutular, \u00e7ekmece kutular\u0131 vb. gibi 20'den fazla standart kutu t\u00fcr\u00fc sa\u011flay\u0131n ve standart olmayan \u00f6zel \u015fekilli tasar\u0131mlar\u0131 (kalp \u015feklinde ve alt\u0131gen gibi) destekleyin. Boyut aral\u0131\u011f\u0131, tr\u00fcf, blok ve sandvi\u00e7 gibi t\u00fcm \u00e7ikolata kategorileri i\u00e7in uygun olan 5 cm\u00b3 mini tek taneli paketlerden 30 cm\u00b3 \u00e7ok katmanl\u0131 hediye sepetlerine kadar uzan\u0131r.<\/li>\n<li><strong>Tam ba\u011flant\u0131 \u00f6zelle\u015ftirme se\u00e7enekleri<\/strong><\/li>\n<li><strong>Malzeme y\u00fckseltme<\/strong>: iste\u011fe ba\u011fl\u0131 f\u0131r\u00e7alanm\u0131\u015f alt\u0131n kartlar, lazer fantezi ka\u011f\u0131d\u0131, biyolojik olarak par\u00e7alanabilir ve \u00e7evre dostu ka\u011f\u0131t tabanlar\u0131 vb;<\/li>\n<li><strong>Renk d\u00fczeni<\/strong>: Pantone \u00f6zel renkli bask\u0131, yerel UV vernik, sedefli kaplama ve ki\u015fiselle\u015ftirilmi\u015f renk e\u015fle\u015fmesi elde etmek i\u00e7in di\u011fer i\u015flemler;<\/li>\n<li><strong>Aksesuar kombinasyonu<\/strong>: kutuyu a\u00e7arken t\u00f6ren hissini artt\u0131rmak i\u00e7in manyetik tokalar, kadife astarlar ve alt\u0131n damgal\u0131 tebrik kartlar\u0131 gibi ek aksesuarlarla e\u015fle\u015ftirilebilir.<\/li>\n<li><strong>Verimli prova ve toplu teslimat<\/strong>\u00a0Prova d\u00f6ng\u00fcs\u00fc 3-5 i\u015f g\u00fcn\u00fcd\u00fcr, minimum 500 adet sipari\u015fi destekler ve g\u00fcnl\u00fck \u00fcretim kapasitesi 5 milyon adede ula\u015f\u0131r. ERP sistemi, teslimat s\u00fcresini ve kalite tutarl\u0131l\u0131\u011f\u0131n\u0131 sa\u011flamak i\u00e7in t\u00fcm sipari\u015f s\u00fcrecini izlemek i\u00e7in kullan\u0131l\u0131r.<\/li>\n<\/ol>\n<h2 id=\"-iv-application-scenarios-and-competitive-advantages-\"><strong>4. Uygulama senaryolar\u0131 ve rekabet avantajlar\u0131<\/strong><\/h2>\n<ul>\n<li><strong>Senaryo uyarlamas\u0131<\/strong>: nikah \u015fekeri, l\u00fcks ortak markal\u0131 \u00fcr\u00fcnler, tatil s\u0131n\u0131rl\u0131 s\u00fcr\u00fcmleri, kurumsal \u00f6zelle\u015ftirilmi\u015f hediyeler, vb;<\/li>\n<li><strong>\u00c7evre sertifikas\u0131<\/strong>: Baz\u0131 malzemeler FSC orman sertifikasyonundan ge\u00e7mi\u015ftir ve AB g\u0131da ile temas eden malzeme standartlar\u0131n\u0131 kar\u015f\u0131lamaktad\u0131r;<\/li>\n<li><strong>Katma de\u011ferli hizmetler<\/strong>: \u00dccretsiz 3D render tasar\u0131m\u0131, s\u0131n\u0131r \u00f6tesi lojistik \u00e7\u00f6z\u00fcmleri ve marka hikayesi paketleme \u00f6nerileri.<\/li>\n<\/ul>\n<h2 id=\"-choosing-us-is-not-only-choosing-a-packaging-but-also-injecting-soul-into-the-brand-\"><strong>Bizi se\u00e7mek sadece bir ambalaj se\u00e7mek de\u011fil, ayn\u0131 zamanda markaya ruh katmakt\u0131r.<\/strong><\/h2>\n<p>Malzeme se\u00e7iminden i\u015f\u00e7ili\u011fe, estetik tasar\u0131mdan verimli teslimata kadar, her \u00e7ikolatan\u0131n bir zanaatkar\u0131n kalbiyle bir sanat eserine d\u00f6n\u00fc\u015fmesine yard\u0131mc\u0131 oluyoruz.<\/p>","protected":false},"excerpt":{"rendered":"<p>Bu kutu Alt\u0131n Ka\u011f\u0131ttan yap\u0131lm\u0131\u015ft\u0131r ve markan\u0131za benzersiz bir \u00e7ekicilik katabilecek k\u0131rm\u0131z\u0131 s\u0131cak damgalama folyo i\u015flemine sahiptir.<\/p>","protected":false},"featured_media":364,"template":"","meta":{"_kad_post_transparent":"default","_kad_post_title":"","_kad_post_layout":"default","_kad_post_sidebar_id":"","_kad_post_content_style":"default","_kad_post_vertical_padding":"default","_kad_post_feature":"","_kad_post_feature_position":"","_kad_post_header":false,"_kad_post_footer":false,"_kad_post_classname":""},"product_brand":[],"product_cat":[15,19,17],"product_tag":[118,117,119],"class_list":{"0":"post-361","1":"product","2":"type-product","3":"status-publish","4":"has-post-thumbnail","6":"product_cat-red-light-therapy","7":"product_cat-red-light-therapy-stand","8":"product_cat-services","9":"product_tag-china-chocolate-box","10":"product_tag-chocolate-box-manufacturer","11":"product_tag-lid-bnd-base-chocolate-box","13":"first","14":"instock","15":"shipping-taxable","16":"product-type-simple","17":"entry","18":"content-bg","19":"loop-entry"},"_links":{"self":[{"href":"https:\/\/red-lighttherapy.com\/tr\/wp-json\/wp\/v2\/product\/361","targetHints":{"allow":["GET"]}}],"collection":[{"href":"https:\/\/red-lighttherapy.com\/tr\/wp-json\/wp\/v2\/product"}],"about":[{"href":"https:\/\/red-lighttherapy.com\/tr\/wp-json\/wp\/v2\/types\/product"}],"wp:featuredmedia":[{"embeddable":true,"href":"https:\/\/red-lighttherapy.com\/tr\/wp-json\/wp\/v2\/media\/364"}],"wp:attachment":[{"href":"https:\/\/red-lighttherapy.com\/tr\/wp-json\/wp\/v2\/media?parent=361"}],"wp:term":[{"taxonomy":"product_brand","embeddable":true,"href":"https:\/\/red-lighttherapy.com\/tr\/wp-json\/wp\/v2\/product_brand?post=361"},{"taxonomy":"product_cat","embeddable":true,"href":"https:\/\/red-lighttherapy.com\/tr\/wp-json\/wp\/v2\/product_cat?post=361"},{"taxonomy":"product_tag","embeddable":true,"href":"https:\/\/red-lighttherapy.com\/tr\/wp-json\/wp\/v2\/product_tag?post=361"}],"curies":[{"name":"wp","href":"https:\/\/api.w.org\/{rel}","templated":true}]}}