{"id":350,"date":"2025-04-11T04:15:43","date_gmt":"2025-04-11T04:15:43","guid":{"rendered":"https:\/\/red-lighttherapy.com\/?post_type=product&#038;p=350"},"modified":"2025-04-11T05:27:29","modified_gmt":"2025-04-11T05:27:29","slug":"custom-lid-and-base-led-flashlight-boxes-packaging-wholesale","status":"publish","type":"product","link":"https:\/\/red-lighttherapy.com\/tr\/custom-lid-and-base-led-flashlight-boxes-packaging-wholesale\/","title":{"rendered":"\u00d6zel Kapak ve Taban LED El Feneri Kutular\u0131 Ambalaj Toptan Sat\u0131\u015f"},"content":{"rendered":"<h2 id=\"-customized-led-flashlight-lid-and-base-box-packaging-wholesale-product-description-\"><strong>\u00d6zelle\u015ftirilmi\u015f LED El Feneri Kapa\u011f\u0131 ve Taban Kutusu Ambalaj\u0131 Toptan \u00dcr\u00fcn A\u00e7\u0131klamas\u0131<\/strong><\/h2>\n<h2 id=\"-1-exquisite-printing-technology-highlighting-quality-\"><strong>1. Enfes bask\u0131 teknolojisi, \u00f6ne \u00e7\u0131kan kalite<\/strong><\/h2>\n<p>Bu el feneri ambalaj kutusu, y\u00fcksek hassasiyetli ofset bask\u0131 ve serigrafi teknolojisini benimser, siyah m\u00fcrekkep e\u015fit \u015fekilde doludur, desen net ve keskindir ve renk saf ve sapmas\u0131zd\u0131r. Y\u00fczey, a\u015f\u0131nma direncini ve parlakl\u0131\u011f\u0131 art\u0131rmak i\u00e7in mat film, parlak film veya UV i\u015flemi ile \u00fcst \u00fcste bindirilebilir, b\u00f6ylece marka logosunun nakliye ve te\u015fhir s\u0131ras\u0131nda her zaman \u00fcst d\u00fczey bir dokuyu korumas\u0131n\u0131 sa\u011flar. Ki\u015fiselle\u015ftirilmi\u015f g\u00f6rsel ihtiya\u00e7lar\u0131 kar\u015f\u0131lamak ve \u00fcr\u00fcn ambalaj\u0131n\u0131n tan\u0131n\u0131rl\u0131\u011f\u0131n\u0131 ve \u00e7ekicili\u011fini art\u0131rmak i\u00e7in s\u0131cak damgalama \/ s\u0131cak g\u00fcm\u00fc\u015f, kabartma ve di\u011fer i\u015flemleri destekleyin.<\/p>\n<h2 id=\"-2-stiff-material-combination-double-protection-\"><strong>2. Sert malzeme kombinasyonu, \u00e7ift koruma<\/strong><\/h2>\n<p>Kutu g\u00f6vdesi \u015funlar\u0131 kullan\u0131r\u00a0<strong>350g ku\u015fe ka\u011f\u0131t<\/strong>\u00a0ve\u00a0<strong>y\u00fcksek mukavemetli gri levha<\/strong>\u00a0Kompozit yap\u0131 ve gri tahta \u00e7ekirdek katman\u0131, kutu g\u00f6vdesinin m\u00fckemmel s\u0131k\u0131\u015ft\u0131rma ve deformasyon direncine sahip olmas\u0131n\u0131 sa\u011flamak i\u00e7in tamamen geri d\u00f6n\u00fc\u015ft\u00fcr\u00fclm\u00fc\u015f bir elyaf presleme i\u015flemini benimser. Kaplanm\u0131\u015f ka\u011f\u0131d\u0131n y\u00fczeyi p\u00fcr\u00fczs\u00fcz ve hassast\u0131r ve bask\u0131 renk \u00fcretimi y\u00fcksektir. Gri karton \u00e7ekirdek katman\u0131, nakliye s\u0131ras\u0131nda d\u0131\u015f kuvvet etkisine dayanabilen ve el feneri gibi hassas elektronik cihazlar\u0131 etkili bir \u015fekilde koruyabilen sert destek sa\u011flar.<\/p>\n<h2 id=\"-3-box-design-with-top-and-bottom-lid-for-intuitive-display-\"><strong>3. Sezgisel g\u00f6r\u00fcnt\u00fcleme i\u00e7in \u00fcst ve alt kapakl\u0131 kutu tasar\u0131m\u0131<\/strong><\/h2>\n<p>Klasik y\u00f6ntemin benimsenmesi\u00a0<strong>\u00fcst ve alt kapak yap\u0131s\u0131<\/strong>\u00a0(\u00fcst kapak ve alt kutu tamamen tokal\u0131d\u0131r), a\u00e7\u0131lmas\u0131 ve kapat\u0131lmas\u0131 kolayd\u0131r ve g\u00fc\u00e7l\u00fc bir t\u00f6ren duygusuna sahiptir. El fenerinin g\u00f6r\u00fcn\u00fcm\u00fc ve i\u015flevsel detaylar\u0131 a\u00e7\u0131ld\u0131\u011f\u0131 anda tam olarak g\u00f6r\u00fclebilir ve m\u00fc\u015fterinin ilk izlenimini g\u00fc\u00e7lendirir. Kutu boyutu tam olarak uyarlanm\u0131\u015ft\u0131r, i\u00e7 bo\u015fluk alan\u0131 kompaktt\u0131r ve fazlal\u0131k i\u00e7ermez, bu da \u00fcr\u00fcn\u00fcn sallanmas\u0131n\u0131 \u00f6nler ve istifleme, depolama ve nakliye i\u00e7in uygundur.<\/p>\n<h2 id=\"-4-multi-scenario-application-strong-compatibility-\"><strong>4. \u00c7ok senaryolu uygulama, g\u00fc\u00e7l\u00fc uyumluluk<\/strong><\/h2>\n<p>LED el fenerleri i\u00e7in \u00f6zel olarak tasarlanm\u0131\u015ft\u0131r, g\u00fc\u00e7l\u00fc \u0131\u015f\u0131k, mini ve \u015farj edilebilir gibi birden fazla modelle uyumludur. Geni\u015fletilmi\u015f uygulanabilir senaryolar \u015funlar\u0131 i\u00e7erir:<\/p>\n<ul>\n<li><strong>D\u0131\u015f mekan ekipmanlar\u0131<\/strong>: teleskoplar, pusulalar, ta\u015f\u0131nabilir aletler, vb;<\/li>\n<li><strong>Elektronik \u00fcr\u00fcnler<\/strong>: k\u00fc\u00e7\u00fck aletler, aksesuarlar (\u015farj cihazlar\u0131, pil paketleri gibi);<\/li>\n<li><strong>Hediye \u00f6zelle\u015ftirme<\/strong>: i\u015f hediyeleri, promosyon hediye kutular\u0131, tatil temalar\u0131n\u0131 veya marka ortak tasar\u0131mlar\u0131n\u0131 destekleyin.<\/li>\n<\/ul>\n<h2 id=\"-5-customized-lining-solution-precise-fit-\"><strong>5. \u00d6zelle\u015ftirilmi\u015f astar \u00e7\u00f6z\u00fcm\u00fc, hassas uyum<\/strong><\/h2>\n<p>\u00dcr\u00fcn\u00fcn sabitlenmesini ve darbeye dayan\u0131kl\u0131 olmas\u0131n\u0131 sa\u011flamak i\u00e7in \u00e7e\u015fitli astar se\u00e7enekleri sa\u011flay\u0131n:<\/p>\n<ul>\n<li><strong>EVA s\u00fcnger<\/strong>: y\u00fcksek yo\u011funluklu kesme ve kal\u0131plama, m\u00fckemmel yast\u0131klama performans\u0131, \u00f6zel \u015fekilli el feneri konturlar\u0131 i\u00e7in uygundur;<\/li>\n<li><strong>Floklama tepsisi<\/strong>: \u00dcst d\u00fczey hediye ambalajlar\u0131 i\u00e7in uygun, dokunma derecesini iyile\u015ftirin;<\/li>\n<li><strong>\u00c7\u0131kar\u0131labilir b\u00f6lme<\/strong>: Mod\u00fcler tasar\u0131m, \u00e7ok \u00fcr\u00fcnl\u00fc kombinasyon ambalaj\u0131n\u0131 destekler (el feneri + yedek pil gibi).<\/li>\n<\/ul>\n<h2 id=\"-6-all-round-flexible-customization-service-\"><strong>6. \u00c7ok y\u00f6nl\u00fc esnek \u00f6zelle\u015ftirme hizmeti<\/strong><\/h2>\n<p>Tasar\u0131mdan \u00fcretime kadar s\u00fcre\u00e7 boyunca ki\u015fiselle\u015ftirilmi\u015f ayarlamay\u0131 destekleyin:<\/p>\n<ul>\n<li><strong>G\u00f6r\u00fcn\u00fcm tasar\u0131m\u0131<\/strong>: \u00d6zelle\u015ftirilebilir LOGO, desen, renk \u015femas\u0131, Pantone spot renkli bask\u0131 ile uyumlu;<\/li>\n<li><strong>Yap\u0131sal optimizasyon<\/strong>: Kutu kal\u0131nl\u0131\u011f\u0131n\u0131, pencere konumunu, manyetik tokay\u0131 ve di\u011fer ayr\u0131nt\u0131lar\u0131 gerekti\u011fi gibi ayarlay\u0131n;<\/li>\n<li><strong>\u0130\u015flev y\u00fckseltme<\/strong>: Kulplar, \u015feritler, sahtecili\u011fe kar\u015f\u0131 etiketler vb. gibi ek i\u015flevsel mod\u00fcller ekleyin.<\/li>\n<\/ul>\n<h2 id=\"-7-large-scale-production-capacity-quality-assurance-\"><strong>7. B\u00fcy\u00fck \u00f6l\u00e7ekli \u00fcretim kapasitesi, kalite g\u00fcvencesi<\/strong><\/h2>\n<p>Fabrikan\u0131n bir\u00a0<strong>5.320 metrekare<\/strong>\u00a0Tam otomatik ofset bask\u0131 makineleri, kal\u0131p kesim makineleri ve kalite kontrol denetim hatlar\u0131 ile donat\u0131lm\u0131\u015f, g\u00fcnl\u00fck 100.000 adet \u00fcretim kapasitesine sahip modern at\u00f6lye. ISO kalite y\u00f6netim sistemi sertifikasyonunu ge\u00e7ti, hammadde tedarikinden bitmi\u015f \u00fcr\u00fcn teslimat\u0131na kadar t\u00fcm s\u00fcre\u00e7, parti istikrar\u0131n\u0131 sa\u011flamak i\u00e7in izlenebilir. B\u00fcy\u00fck hacimli toptan sat\u0131\u015f ve k\u00fc\u00e7\u00fck ve orta \u00f6l\u00e7ekli \u00f6zelle\u015ftirme ihtiya\u00e7lar\u0131n\u0131 kar\u015f\u0131lamak i\u00e7in s\u0131n\u0131r \u00f6tesi tedariki (Amazon ve eBay gibi platformlarda uyumlu paketleme) ve acil sipari\u015f h\u0131zland\u0131r\u0131lm\u0131\u015f hizmeti, 7-15 g\u00fcnl\u00fck teslimat d\u00f6ng\u00fcs\u00fcn\u00fc destekleyin.<\/p>\n<h2 id=\"-cooperation-advantages-\"><strong>\u0130\u015fbirli\u011fi avantajlar\u0131<\/strong><\/h2>\n<ul>\n<li><strong>Tek noktadan hizmet<\/strong>Tasar\u0131m, prova, \u00fcretim ve lojistik s\u00fcre\u00e7lerinin tamam\u0131n\u0131n sorunsuz bir \u015fekilde birbirine ba\u011flanmas\u0131;<\/li>\n<li><strong>\u00c7evre sertifikas\u0131<\/strong>: AB REACH \u00e7evre koruma standartlar\u0131na uygun FSC sertifikal\u0131 gri tahta ve su bazl\u0131 m\u00fcrekkep kullan\u0131lm\u0131\u015ft\u0131r;<\/li>\n<li><strong>Maliyet optimizasyonu<\/strong>: B\u00fcy\u00fck \u00f6l\u00e7ekli tedarik, minimum 500 adetlik sipari\u015f ve kademeli teklif deste\u011fi ile birim fiyat\u0131 d\u00fc\u015f\u00fcr\u00fcr.<\/li>\n<\/ul>\n<p>Numune veya \u00f6zelle\u015ftirilmi\u015f \u00e7\u00f6z\u00fcmler edinmeniz gerekiyorsa, l\u00fctfen tasar\u0131m ekibimizle ileti\u015fime ge\u00e7in. \u00dcr\u00fcnlerinize daha rekabet\u00e7i ambalaj de\u011feri kazand\u0131rmak i\u00e7in profesyonel teknoloji ve verimli hizmetler kullanaca\u011f\u0131z.<\/p>","protected":false},"excerpt":{"rendered":"<p>Bu kapak ve taban, kutu a\u00e7ma deneyimini geli\u015ftirmek i\u00e7in tek elle h\u0131zl\u0131 bir \u015fekilde a\u00e7\u0131labilir. Kutu, m\u00fckemmel bask\u0131 teknolojisine ve net desenlere sahiptir. LED el feneri ambalaj\u0131n\u0131z\u0131 m\u00fckemmel \u015fekilde basabilir.<\/p>","protected":false},"featured_media":359,"template":"","meta":{"_kad_post_transparent":"default","_kad_post_title":"","_kad_post_layout":"default","_kad_post_sidebar_id":"","_kad_post_content_style":"default","_kad_post_vertical_padding":"default","_kad_post_feature":"","_kad_post_feature_position":"","_kad_post_header":false,"_kad_post_footer":false,"_kad_post_classname":""},"product_brand":[],"product_cat":[15,19,17],"product_tag":[116,115,114],"class_list":{"0":"post-350","1":"product","2":"type-product","3":"status-publish","4":"has-post-thumbnail","6":"product_cat-red-light-therapy","7":"product_cat-red-light-therapy-stand","8":"product_cat-services","9":"product_tag-custom-led-flashlight-boxes","10":"product_tag-flashlight-boxes-packaging","11":"product_tag-lid-and-base-led-boxes","13":"first","14":"instock","15":"shipping-taxable","16":"product-type-simple","17":"entry","18":"content-bg","19":"loop-entry"},"_links":{"self":[{"href":"https:\/\/red-lighttherapy.com\/tr\/wp-json\/wp\/v2\/product\/350","targetHints":{"allow":["GET"]}}],"collection":[{"href":"https:\/\/red-lighttherapy.com\/tr\/wp-json\/wp\/v2\/product"}],"about":[{"href":"https:\/\/red-lighttherapy.com\/tr\/wp-json\/wp\/v2\/types\/product"}],"wp:featuredmedia":[{"embeddable":true,"href":"https:\/\/red-lighttherapy.com\/tr\/wp-json\/wp\/v2\/media\/359"}],"wp:attachment":[{"href":"https:\/\/red-lighttherapy.com\/tr\/wp-json\/wp\/v2\/media?parent=350"}],"wp:term":[{"taxonomy":"product_brand","embeddable":true,"href":"https:\/\/red-lighttherapy.com\/tr\/wp-json\/wp\/v2\/product_brand?post=350"},{"taxonomy":"product_cat","embeddable":true,"href":"https:\/\/red-lighttherapy.com\/tr\/wp-json\/wp\/v2\/product_cat?post=350"},{"taxonomy":"product_tag","embeddable":true,"href":"https:\/\/red-lighttherapy.com\/tr\/wp-json\/wp\/v2\/product_tag?post=350"}],"curies":[{"name":"wp","href":"https:\/\/api.w.org\/{rel}","templated":true}]}}