{"id":344,"date":"2025-04-11T03:46:15","date_gmt":"2025-04-11T03:46:15","guid":{"rendered":"https:\/\/red-lighttherapy.com\/?post_type=product&#038;p=344"},"modified":"2025-04-11T04:15:32","modified_gmt":"2025-04-11T04:15:32","slug":"direct-factory-magnetic-closure-box-oral-irrigator-packaging","status":"publish","type":"product","link":"https:\/\/red-lighttherapy.com\/tr\/direct-factory-magnetic-closure-box-oral-irrigator-packaging\/","title":{"rendered":"Do\u011frudan Fabrika Manyetik Kapatma Kutusu Oral \u0130rrigat\u00f6r Ambalaj\u0131"},"content":{"rendered":"<h2 id=\"-product-description-of-the-factory-direct-magnetic-sealed-box-oral-irrigator-packaging-\"><strong>Do\u011frudan Fabrika Manyetik Kapatma Kutusu Oral \u0130rrigat\u00f6r Ambalaj\u0131n\u0131n \u00dcr\u00fcn A\u00e7\u0131klamas\u0131<\/strong><\/h2>\n<h2 id=\"-1-magnetic-sealing-design-convenient-and-durable-\"><strong>1. Manyetik kapama S\u0131zd\u0131rmazl\u0131k Tasar\u0131m\u0131: Kullan\u0131\u015fl\u0131 ve Dayan\u0131kl\u0131<\/strong><\/h2>\n<ul>\n<li><strong>G\u00f6m\u00fcl\u00fc M\u0131knat\u0131s Tasar\u0131m\u0131<\/strong>: Kutu kapa\u011f\u0131 gizli bir manyetik kapatma yap\u0131s\u0131na sahiptir ve m\u0131knat\u0131s, maruz kalman\u0131n neden oldu\u011fu a\u015f\u0131nma veya d\u00fc\u015fmeyi \u00f6nlemek i\u00e7in kutu g\u00f6vdesinin ve kapak g\u00f6vdesinin kenar\u0131na g\u00f6m\u00fcl\u00fcd\u00fcr.<\/li>\n<li><strong>Otomatik Adsorpsiyon Hizalama<\/strong>: Manyetik kuvvet, a\u00e7ma ve kapama s\u0131ras\u0131nda otomatik olarak emilir, do\u011fru \u015fekilde hizalan\u0131r ve kullan\u0131c\u0131 deneyimini iyile\u015ftirmek i\u00e7in tek elle kolayca \u00e7al\u0131\u015ft\u0131r\u0131labilir.<\/li>\n<li><strong>Uzun \u00d6m\u00fcrl\u00fc Dayan\u0131kl\u0131l\u0131k<\/strong>: Manyetik sistem, y\u00fcksek frekansl\u0131 kullan\u0131m senaryolar\u0131 i\u00e7in uygun olan uzun s\u00fcreli kullan\u0131mdan sonra hala istikrarl\u0131 adsorpsiyonu s\u00fcrd\u00fcrd\u00fc\u011f\u00fcnden emin olmak i\u00e7in binlerce kez a\u00e7\u0131l\u0131p kapanmak \u00fczere test edilmi\u015ftir.<\/li>\n<\/ul>\n<h2 id=\"-2-simple-aesthetic-design-blue-and-white-color-matching-and-brand-recognition-\"><strong>2. Sade Estetik Tasar\u0131m: Mavi ve Beyaz Renk E\u015fle\u015fmesi ve Marka Tan\u0131n\u0131rl\u0131\u011f\u0131<\/strong><\/h2>\n<ul>\n<li><strong>G\u00f6rsel Dil<\/strong>: Kutu g\u00f6vdesi a\u011f\u0131rl\u0131kl\u0131 olarak mavi ve beyazd\u0131r. Mavi profesyonellik ve temizli\u011fi simgelerken, beyaz sadelik ve teknolojiyi ifade eder. Yumu\u015fak renk uyumu, kullan\u0131mdan \u00f6nce kullan\u0131c\u0131lar\u0131n psikolojik bask\u0131s\u0131n\u0131 hafifletebilir.<\/li>\n<li><strong>Marka Geli\u015ftirme<\/strong>: Kutu y\u00fczeyi, g\u00f6rsel tan\u0131n\u0131rl\u0131\u011f\u0131 art\u0131rmak ve \u00fcst d\u00fczey kalite hissini iletmek i\u00e7in minimalist bir \u00e7izgi tasar\u0131m\u0131yla marka logosunu basmak i\u00e7in mat teknolojisini kullan\u0131r.<\/li>\n<\/ul>\n<h2 id=\"-3-double-sided-printing-process-dual-optimization-of-environmental-protection-and-information-communication-\"><strong>3. \u00c7ift tarafl\u0131 bask\u0131 s\u00fcreci: \u00e7evre koruma ve bilgi ileti\u015fiminin ikili optimizasyonu<\/strong><\/h2>\n<ul>\n<li><strong>\u00c7evre koruma konsepti<\/strong>: Ye\u015fil ambalaj trendine uygun olarak ka\u011f\u0131t israf\u0131n\u0131 azaltmak i\u00e7in geri d\u00f6n\u00fc\u015ft\u00fcr\u00fclebilir ka\u011f\u0131t malzemeler, \u00e7ift tarafl\u0131 bask\u0131 teknolojisi benimseyin.<\/li>\n<li><strong>Fonksiyonel b\u00f6l\u00fcnme<\/strong>:<\/li>\n<li><strong>Harici<\/strong>: Pazar konumland\u0131rmas\u0131n\u0131 g\u00fc\u00e7lendirmek i\u00e7in marka logosu ve temel sat\u0131\u015f noktalar\u0131 (\"t\u0131bbi s\u0131n\u0131f y\u0131kama\" ve \"ta\u015f\u0131nabilir tasar\u0131m\" gibi) belirgin bir \u015fekilde sergilenir.<\/li>\n<li><strong>Dahili<\/strong>: Kullan\u0131c\u0131 g\u00fcvenini art\u0131rmak i\u00e7in \u00fcr\u00fcn talimatlar\u0131n\u0131n, i\u00e7erik bilgilerinin ve g\u00fcvenlik sertifikas\u0131n\u0131n ayr\u0131nt\u0131l\u0131 bask\u0131s\u0131.<\/li>\n<\/ul>\n<h2 id=\"-4-customized-inner-tray-design-impact-resistance-and-personalized-adaptation-\"><strong>4. \u00d6zelle\u015ftirilmi\u015f i\u00e7 tepsi tasar\u0131m\u0131: darbe direnci ve ki\u015fiselle\u015ftirilmi\u015f adaptasyon<\/strong><\/h2>\n<ul>\n<li><strong>Darbeye dayan\u0131kl\u0131 i\u00e7 tepsi<\/strong>: Y\u00fcksek mukavemetli PP plastik i\u00e7 tepsiyi benimser, ISO 179 standard\u0131 basit kiri\u015f darbe testini ge\u00e7er ve nakliye s\u0131ras\u0131nda titre\u015fime ve d\u00fc\u015fmeye dayanabilir.<\/li>\n<li><strong>Esnek \u00f6zelle\u015ftirme se\u00e7enekleri<\/strong>:<\/li>\n<li><strong>Malzeme se\u00e7imi<\/strong>: Ta\u015f\u0131ma g\u00fcvenli\u011fini sa\u011flamak i\u00e7in farkl\u0131 \u00fcr\u00fcn formlar\u0131na (y\u0131kama makinesi ana bilgisayar\u0131, nozul, \u015farj kablosu vb. gibi) uyum sa\u011flamak i\u00e7in EVA, s\u00fcnger, ipek kuma\u015f veya rafya astar sa\u011flay\u0131n.<\/li>\n<li><strong>Yap\u0131sal optimizasyon<\/strong>: Alan kullan\u0131m\u0131n\u0131 en \u00fcst d\u00fczeye \u00e7\u0131karmak i\u00e7in \u00fcr\u00fcn boyutuna g\u00f6re katmanl\u0131 veya entegre i\u00e7 tepsiler tasarlanabilir.<\/li>\n<\/ul>\n<h2 id=\"-5-factory-strength-and-service-guarantee-\"><strong>5. Fabrika g\u00fcc\u00fc ve servis garantisi<\/strong><\/h2>\n<ul>\n<li><strong>Sekt\u00f6r liderli\u011fi<\/strong>: \u00c7in'in en b\u00fcy\u00fck 3 bask\u0131 ve ambalaj fabrikas\u0131 olarak, t\u0131p, elektronik, h\u0131zl\u0131 t\u00fcketim mallar\u0131 ve di\u011fer alanlar\u0131 kapsayan 5.000'den fazla marka m\u00fc\u015fterisine hizmet vermi\u015ftir.<\/li>\n<li><strong>Verimli \u00fcretim sistemi<\/strong>:<\/li>\n<li><strong>Ekipman ve \u00fcretim kapasitesi<\/strong>: Tam otomatik kal\u0131p kesim makineleri, UV dijital bask\u0131 makineleri ve ak\u0131ll\u0131 kalite kontrol sistemleri ile donat\u0131lm\u0131\u015f olan g\u00fcnl\u00fck \u00fcretim kapasitesi 1 milyondan fazla par\u00e7aya ula\u015fmakta ve acil sipari\u015flerin 48 saatte teslim edilmesini desteklemektedir.<\/li>\n<li><strong>Kalite kontrol<\/strong>: ISO 9001 sertifikas\u0131n\u0131 ge\u00e7en her \u00fcr\u00fcn grubu, bitmi\u015f ambalaj \u00fcr\u00fcnlerinin nitelikli oran\u0131n\u0131n \u226599.8% olmas\u0131n\u0131 sa\u011flamak i\u00e7in s\u0131k\u0131\u015ft\u0131rma direnci, a\u015f\u0131nma direnci ve renk fark\u0131 gibi \u00e7ok boyutlu testlerden ge\u00e7er.<\/li>\n<li><strong>Tek noktadan hizmet<\/strong>: Tasar\u0131mdan, provadan seri \u00fcretime kadar takip edin, \u00fccretsiz tasar\u0131m optimizasyon \u00f6nerileri sa\u011flay\u0131n ve m\u00fc\u015fterinin karar verme maliyetlerini azalt\u0131n.<\/li>\n<\/ul>\n<h2 id=\"-reasons-for-choosing-us-\"><strong>Bizi tercih etmeniz i\u00e7in nedenler<\/strong><\/h2>\n<ul>\n<li><strong>Tasar\u0131m yenili\u011fi<\/strong>: Manyetik emi\u015f yap\u0131s\u0131 ve estetik tasar\u0131m\u0131n birle\u015fimi, hem i\u015flevi hem de marka ileti\u015fimini dikkate al\u0131r.<\/li>\n<li><strong>\u00c7evresel uyumluluk<\/strong>: Malzemeler ve s\u00fcre\u00e7ler FSC sertifikas\u0131 ve AB REACH \u00e7evre standartlar\u0131na uygundur.<\/li>\n<li><strong>Maliyet avantaj\u0131<\/strong>: B\u00fcy\u00fck \u00f6l\u00e7ekli \u00fcretim birim maliyetleri d\u00fc\u015f\u00fcr\u00fcr ve \u00f6zelle\u015ftirilmi\u015f hizmetlerde minimum sipari\u015f miktar\u0131 k\u0131s\u0131tlamas\u0131 yoktur.<\/li>\n<\/ul>","protected":false},"excerpt":{"rendered":"<p>Bu manyetik kapakl\u0131 kutu otomatik olarak emilir ve hizalan\u0131r, a\u00e7\u0131lmas\u0131 ve kapat\u0131lmas\u0131 kolayd\u0131r, basit ve zarif bir tasar\u0131ma sahiptir ve kaynak israf\u0131ndan tasarruf etmek i\u00e7in \u00e7ift tarafl\u0131 bas\u0131lm\u0131\u015ft\u0131r.<\/p>","protected":false},"featured_media":348,"template":"","meta":{"_kad_post_transparent":"default","_kad_post_title":"","_kad_post_layout":"default","_kad_post_sidebar_id":"","_kad_post_content_style":"default","_kad_post_vertical_padding":"default","_kad_post_feature":"","_kad_post_feature_position":"","_kad_post_header":false,"_kad_post_footer":false,"_kad_post_classname":""},"product_brand":[],"product_cat":[15,28,17],"product_tag":[113,112,111],"class_list":{"0":"post-344","1":"product","2":"type-product","3":"status-publish","4":"has-post-thumbnail","6":"product_cat-red-light-therapy","7":"product_cat-customize","8":"product_cat-services","9":"product_tag-custom-oral-irrigator-packaging","10":"product_tag-magnetic-closure-oral-irrigator-box","11":"product_tag-oral-irrigator-packaging","13":"first","14":"instock","15":"shipping-taxable","16":"product-type-simple","17":"entry","18":"content-bg","19":"loop-entry"},"_links":{"self":[{"href":"https:\/\/red-lighttherapy.com\/tr\/wp-json\/wp\/v2\/product\/344","targetHints":{"allow":["GET"]}}],"collection":[{"href":"https:\/\/red-lighttherapy.com\/tr\/wp-json\/wp\/v2\/product"}],"about":[{"href":"https:\/\/red-lighttherapy.com\/tr\/wp-json\/wp\/v2\/types\/product"}],"wp:featuredmedia":[{"embeddable":true,"href":"https:\/\/red-lighttherapy.com\/tr\/wp-json\/wp\/v2\/media\/348"}],"wp:attachment":[{"href":"https:\/\/red-lighttherapy.com\/tr\/wp-json\/wp\/v2\/media?parent=344"}],"wp:term":[{"taxonomy":"product_brand","embeddable":true,"href":"https:\/\/red-lighttherapy.com\/tr\/wp-json\/wp\/v2\/product_brand?post=344"},{"taxonomy":"product_cat","embeddable":true,"href":"https:\/\/red-lighttherapy.com\/tr\/wp-json\/wp\/v2\/product_cat?post=344"},{"taxonomy":"product_tag","embeddable":true,"href":"https:\/\/red-lighttherapy.com\/tr\/wp-json\/wp\/v2\/product_tag?post=344"}],"curies":[{"name":"wp","href":"https:\/\/api.w.org\/{rel}","templated":true}]}}