{"id":338,"date":"2025-04-11T03:21:02","date_gmt":"2025-04-11T03:21:02","guid":{"rendered":"https:\/\/red-lighttherapy.com\/?post_type=product&#038;p=338"},"modified":"2025-04-11T03:46:10","modified_gmt":"2025-04-11T03:46:10","slug":"custom-tempered-glass-screen-protector-packaging-box-factory","status":"publish","type":"product","link":"https:\/\/red-lighttherapy.com\/tr\/custom-tempered-glass-screen-protector-packaging-box-factory\/","title":{"rendered":"\u00d6zel Temperli Cam Ekran Koruyucu Ambalaj Kutusu Fabrikas\u0131"},"content":{"rendered":"<h2 id=\"-customized-tempered-glass-screen-protector-packaging-box-factory-product-description-\"><strong>\u00d6zelle\u015ftirilmi\u015f temperli cam ekran koruyucu ambalaj kutusu fabrika \u00fcr\u00fcn a\u00e7\u0131klamas\u0131<\/strong><\/h2>\n<h2 id=\"-i-top-and-bottom-cover-box-design-both-ritual-and-practicality-\"><strong>1. Kapak ve taban kutusu tasar\u0131m\u0131: hem rit\u00fcel hem de pratiklik<\/strong><\/h2>\n<ol>\n<li><strong>Klasik kapak ve taban yap\u0131s\u0131<\/strong>\u00a0Ayr\u0131lm\u0131\u015f \u00fcst ve alt kapaklara sahip kutu tasar\u0131m\u0131, a\u00e7\u0131l\u0131p kapanmas\u0131 basit ve rahatt\u0131r, \u00fcr\u00fcne benzersiz bir rit\u00fcel hissi verir. Kutu g\u00f6vdesi hassas kal\u0131plarla kesilir ve kapat\u0131ld\u0131\u011f\u0131nda s\u0131k\u0131ca oturmas\u0131n\u0131 sa\u011flamak i\u00e7in hata \u00b10,1 mm i\u00e7inde kontrol edilir ve \u00fcr\u00fcn\u00fcn \u00fcst d\u00fczey dokusunu geli\u015ftirir.<\/li>\n<li><strong>Koruma ve rahatl\u0131\u011f\u0131n optimizasyonu<\/strong>\u00a0Kutu g\u00f6vde malzemesi, 1200GSM gri plaka taban\u0131 ve 157G bak\u0131r plaka ka\u011f\u0131d\u0131ndan olu\u015fan kompozit bir i\u015flem kullan\u0131r ve deformasyon olmaks\u0131z\u0131n 50 kg statik bas\u0131n\u00e7 dayan\u0131m\u0131na sahiptir, nakliye s\u0131ras\u0131nda ekstr\u00fczyona ve \u00e7arp\u0131\u015fmaya etkili bir \u015fekilde direnir. G\u00f6m\u00fcl\u00fc manyetik emme yap\u0131s\u0131, kapat\u0131ld\u0131\u011f\u0131nda uyum hatas\u0131 \u22640,2 mm'dir ve g\u00fcvenlik ve rahatl\u0131k dikkate al\u0131narak tek elle sorunsuz bir \u015fekilde a\u00e7\u0131l\u0131p kapat\u0131labilir.<\/li>\n<\/ol>\n<h2 id=\"-second-orange-main-visual-design-stimulate-brand-vitality-\"><strong>2. Turuncu ana g\u00f6rsel tasar\u0131m: marka canl\u0131l\u0131\u011f\u0131n\u0131 te\u015fvik eder<\/strong><\/h2>\n<ol>\n<li><strong>Renk psikolojisi markay\u0131 g\u00fc\u00e7lendirir<\/strong>\u00a0Turuncu, canl\u0131l\u0131k, s\u0131cakl\u0131k ve olumlu duygular\u0131 iletmek i\u00e7in d\u00fc\u015f\u00fck doygunluk gradyan teknolojisi ile birle\u015ftirilmi\u015f ana renktir. Turuncu dalga boyu (590-610nm), g\u00f6rsel penetrasyon ve konfor aras\u0131nda bir denge kurarak raf tan\u0131n\u0131rl\u0131\u011f\u0131n\u0131 20%-30% oran\u0131nda art\u0131rabilir ve t\u00fcketicilerin markayla ilgili haf\u0131zas\u0131n\u0131 g\u00fc\u00e7lendirebilir.<\/li>\n<li><strong>Marka logosu net bir \u015fekilde sunuluyor<\/strong>\u00a0Y\u00fczey, d\u00f6rt renkli ofset bask\u0131 teknolojisini benimser, Pantone renk numaralar\u0131n\u0131n do\u011fru e\u015fle\u015fmesini destekler ve bask\u0131da renk fark\u0131 olmamas\u0131n\u0131 sa\u011flar. Marka logosu, turuncu taban \u00fczerinde g\u00fc\u00e7l\u00fc bir g\u00f6rsel kontrast olu\u015fturmak ve marka etkisini g\u00fc\u00e7lendirmek i\u00e7in s\u0131cak damgalama, UV veya kabartma teknolojisi ile birle\u015ftirilebilir.<\/li>\n<\/ol>\n<h2 id=\"-third-customized-adaptation-solution-accurately-match-product-needs-\"><strong>3. \u00d6zelle\u015ftirilmi\u015f adaptasyon \u00e7\u00f6z\u00fcm\u00fc: \u00fcr\u00fcn ihtiya\u00e7lar\u0131n\u0131 do\u011fru \u015fekilde e\u015fle\u015ftirin<\/strong><\/h2>\n<ol>\n<li><strong>Kutu tipinin esnek \u015fekilde \u00f6zelle\u015ftirilmesi<\/strong>\u00a0Tam boyutlu uyarlamay\u0131 destekler ve \u00f6zel kutu t\u00fcrlerini temperli filmin boyutuna (0,15 mm ila 0,33 mm kal\u0131nl\u0131k gibi) ve y\u00fczeyin e\u011frili\u011fine (2,5D \/ 3D \/ e\u015fit derinlikte d\u00f6rt kavisli y\u00fczey) g\u00f6re \u00f6zelle\u015ftirebilir. \u00d6rne\u011fin:<\/li>\n<li><strong>Ultra ince versiyon<\/strong>: 0,15 mm ultra ince temperli film i\u00e7in uygundur, kutu kal\u0131nl\u0131\u011f\u0131 1,5 cm i\u00e7inde kontrol edilir;<\/li>\n<li><strong>Kavisli versiyon<\/strong>: Filmin e\u011frili\u011fine uyacak \u015fekilde 3D s\u0131cak b\u00fck\u00fclm\u00fc\u015f temperli film i\u00e7in U \u015feklinde oluk i\u00e7 deste\u011fi tasarlay\u0131n.<\/li>\n<li><strong>\u00c7e\u015fitli astar malzemesi se\u00e7enekleri<\/strong>\u00a0EVA flok, ipek kuma\u015f, karton, s\u00fcnger vb. gibi astar se\u00e7enekleri sunar:<\/li>\n<li><strong>EVA floklama<\/strong>: M\u00fckemmel darbeye dayan\u0131kl\u0131l\u0131k performans\u0131, hassas temperli film kenar korumas\u0131 i\u00e7in uygundur;<\/li>\n<li><strong>\u0130pek kuma\u015f astar<\/strong>: Hassas dokunu\u015f, \u00fcst d\u00fczey hediyelik ambalajlar i\u00e7in uygundur;<\/li>\n<li><strong>S\u00fcnger katmanlama<\/strong>: Birden fazla temperli film, \u00e7izilmeye kar\u015f\u0131 dayan\u0131kl\u0131 ve yerden tasarruf sa\u011flayan b\u00f6lmelerde saklanabilir.<\/li>\n<\/ol>\n<h2 id=\"-fourth-china-s-source-factory-advantages-one-stop-service-and-cost-optimization-\"><strong>4. \u00c7in'in kaynak fabrika avantajlar\u0131: tek elden hizmet ve maliyet optimizasyonu<\/strong><\/h2>\n<ol>\n<li><strong>\u00dccretsiz numune ve tasar\u0131m deste\u011fi<\/strong>\u00a0\u00dccretsiz prova hizmeti sa\u011flay\u0131n, 3-5 i\u015f g\u00fcn\u00fc i\u00e7inde fiziksel numuneler g\u00f6nderin ve kutu tipi, bask\u0131 ve astar\u0131n tam boyutlu ayarlanmas\u0131n\u0131 destekleyin. Tasar\u0131m ekibi, m\u00fc\u015fteri geli\u015ftirme maliyetlerini azaltmak i\u00e7in marka VI sistemine dayal\u0131 olarak ambalaj yap\u0131s\u0131 optimizasyonu ve g\u00f6rsel \u00e7\u00f6z\u00fcm \u00f6zelle\u015ftirmesi sa\u011flayabilir.<\/li>\n<li><strong>Y\u00fcksek maliyetli seri \u00fcretim \u00e7\u00f6z\u00fcm\u00fc<\/strong>\u00a0Dongguan \/ Shenzhen, Guangdong'daki kaynak fabrika olarak, otomatik bir \u00fcretim hatt\u0131n\u0131 benimser ve minimum 10 adet sipari\u015fi destekler. Tek bir kutunun maliyeti, piyasa ortalama fiyat\u0131ndan 30%-40% daha d\u00fc\u015f\u00fckt\u00fcr. S\u0131n\u0131r \u00f6tesi lojistik ve perakende ihtiya\u00e7lar\u0131n\u0131 kar\u015f\u0131lamak i\u00e7in OPP torbalar\u0131, blister kutular ve renkli kutular gibi \u00e7e\u015fitli ambalaj se\u00e7enekleri sunar.<\/li>\n<li><strong>Kalite ve sertifikasyon garantisi<\/strong>\u00a0Astar malzemesi t\u0131bbi s\u0131n\u0131f standartlar\u0131n\u0131 (YY \/ T 0114) kar\u015f\u0131lar ve kutu g\u00f6vdesi, k\u00fcresel nakliye istikrar\u0131n\u0131 sa\u011flamak i\u00e7in -25 \u2103 ila 50 \u2103 s\u0131cakl\u0131k ve nem d\u00f6ng\u00fcs\u00fc testini ge\u00e7er. CE sertifikas\u0131n\u0131 ve \u00e7evre dostu m\u00fcrekkep bask\u0131s\u0131n\u0131 destekler ve Avrupa ve Amerika Birle\u015fik Devletleri'nde pazara eri\u015fim gereksinimlerini kar\u015f\u0131lar.<\/li>\n<\/ol>\n<h2 id=\"-v-technical-parameters-and-service-process-\"><strong>5. Teknik Parametreler ve Hizmet S\u00fcreci<\/strong><\/h2>\n<table>\n<thead>\n<tr>\n<th>Proje<\/th>\n<th>Parametreler\/Hizmet Ayr\u0131nt\u0131lar\u0131<\/th>\n<\/tr>\n<\/thead>\n<tbody>\n<tr>\n<td><strong>Kutu Tipi<\/strong><\/td>\n<td>\u00dcst ve Alt Kapak (\u00f6zelle\u015ftirilebilir \u00e7ekmece tipi, pencere tipi ve di\u011fer varyantlar)<\/td>\n<\/tr>\n<tr>\n<td><strong>Malzeme<\/strong><\/td>\n<td>157G ku\u015fe ka\u011f\u0131t + 1200GSM gri karton, y\u00fczeyde mat film<\/td>\n<\/tr>\n<tr>\n<td><strong>Bask\u0131 S\u00fcreci<\/strong><\/td>\n<td>D\u00f6rt renkli ofset bask\u0131 + k\u0131smi UV \/ s\u0131cak damgalama, Pantone renk e\u015fle\u015ftirme<\/td>\n<\/tr>\n<tr>\n<td><strong>Teslimat D\u00f6ng\u00fcs\u00fc<\/strong><\/td>\n<td>Numuneler i\u00e7in 3-5 g\u00fcn, seri \u00fcretim i\u00e7in 7-15 g\u00fcn (h\u0131zland\u0131r\u0131lm\u0131\u015f teslimat desteklenir)<\/td>\n<\/tr>\n<tr>\n<td><strong>Lojistik Paketleme<\/strong><\/td>\n<td>Ba\u011f\u0131ms\u0131z OPP torba + darbeye dayan\u0131kl\u0131 petek karton, DHL\/FedEx do\u011frudan teslimat\u0131 destekler<\/td>\n<\/tr>\n<\/tbody>\n<\/table>","protected":false},"excerpt":{"rendered":"<p>Kapakl\u0131 ve tabanl\u0131 kutu tipi ayr\u0131d\u0131r ve a\u00e7ma ve kapama y\u00f6ntemi basit ve kullan\u0131\u015fl\u0131d\u0131r, \u00fcr\u00fcne benzersiz bir rit\u00fcel verir ve kullan\u0131m\u0131 kolayla\u015ft\u0131r\u0131r.<\/p>","protected":false},"featured_media":341,"template":"","meta":{"_kad_post_transparent":"default","_kad_post_title":"","_kad_post_layout":"default","_kad_post_sidebar_id":"","_kad_post_content_style":"default","_kad_post_vertical_padding":"default","_kad_post_feature":"","_kad_post_feature_position":"","_kad_post_header":false,"_kad_post_footer":false,"_kad_post_classname":""},"product_brand":[],"product_cat":[15,19,17],"product_tag":[108,109,110],"class_list":{"0":"post-338","1":"product","2":"type-product","3":"status-publish","4":"has-post-thumbnail","6":"product_cat-red-light-therapy","7":"product_cat-red-light-therapy-stand","8":"product_cat-services","9":"product_tag-custom-tempered-glass-packaging","10":"product_tag-screen-protector-packaging-box","11":"product_tag-screen-protector-packaging-factory","13":"first","14":"instock","15":"shipping-taxable","16":"product-type-simple","17":"entry","18":"content-bg","19":"loop-entry"},"_links":{"self":[{"href":"https:\/\/red-lighttherapy.com\/tr\/wp-json\/wp\/v2\/product\/338","targetHints":{"allow":["GET"]}}],"collection":[{"href":"https:\/\/red-lighttherapy.com\/tr\/wp-json\/wp\/v2\/product"}],"about":[{"href":"https:\/\/red-lighttherapy.com\/tr\/wp-json\/wp\/v2\/types\/product"}],"wp:featuredmedia":[{"embeddable":true,"href":"https:\/\/red-lighttherapy.com\/tr\/wp-json\/wp\/v2\/media\/341"}],"wp:attachment":[{"href":"https:\/\/red-lighttherapy.com\/tr\/wp-json\/wp\/v2\/media?parent=338"}],"wp:term":[{"taxonomy":"product_brand","embeddable":true,"href":"https:\/\/red-lighttherapy.com\/tr\/wp-json\/wp\/v2\/product_brand?post=338"},{"taxonomy":"product_cat","embeddable":true,"href":"https:\/\/red-lighttherapy.com\/tr\/wp-json\/wp\/v2\/product_cat?post=338"},{"taxonomy":"product_tag","embeddable":true,"href":"https:\/\/red-lighttherapy.com\/tr\/wp-json\/wp\/v2\/product_tag?post=338"}],"curies":[{"name":"wp","href":"https:\/\/api.w.org\/{rel}","templated":true}]}}