{"id":332,"date":"2025-04-11T02:59:08","date_gmt":"2025-04-11T02:59:08","guid":{"rendered":"https:\/\/red-lighttherapy.com\/?post_type=product&#038;p=332"},"modified":"2025-04-11T03:20:51","modified_gmt":"2025-04-11T03:20:51","slug":"oral-irrigator-dental-water-flosser-magnetic-closure-box","status":"publish","type":"product","link":"https:\/\/red-lighttherapy.com\/tr\/oral-irrigator-dental-water-flosser-magnetic-closure-box\/","title":{"rendered":"Oral Irrigator Di\u015f Su Pensesi Manyetik Kapatma Kutusu"},"content":{"rendered":"<h2 id=\"-oral-irrigator-and-dental-flosser-magnetic-box-product-description-\"><strong>Oral irrigat\u00f6r ve di\u015f ipi manyetik kutu \u00fcr\u00fcn a\u00e7\u0131klamas\u0131<\/strong><\/h2>\n<h2 id=\"-i-packaging-design-and-structure-\"><strong>1. Ambalaj tasar\u0131m\u0131 ve yap\u0131s\u0131<\/strong><\/h2>\n<ol>\n<li><strong>Malzeme ve y\u00fck ta\u015f\u0131ma kapasitesi<\/strong>\u00a0Y\u00fcz ka\u011f\u0131d\u0131 olarak 157G ku\u015fe ka\u011f\u0131t kullan\u0131larak, 1200GSM y\u00fcksek mukavemetli gri tahta taban ile birlikte, g\u00fcnl\u00fck kullan\u0131mda ekstr\u00fczyon ve titre\u015fime dayanabilen, yerle\u015fik di\u015f ipleri ve irrigat\u00f6rler gibi hassas aletlerin uygun \u015fekilde sabitlenmesini sa\u011flayan sa\u011flam bir kutu yap\u0131s\u0131 olu\u015fturulur. Kutu g\u00f6vdesinin bas\u0131n\u00e7 dayan\u0131m\u0131, deformasyon olmaks\u0131z\u0131n 50 kg statik bas\u0131n\u00e7 olacak \u015fekilde test edilmi\u015ftir ve seyahat ve t\u0131bbi senaryolar\u0131n dayan\u0131kl\u0131l\u0131k gereksinimlerini kar\u015f\u0131lamaktad\u0131r.<\/li>\n<li><strong>G\u00f6r\u00fcn\u00fcm ve marka sunumu<\/strong>\u00a0Temel olarak a\u00e7\u0131k renklerle (nane ye\u015fili ve a\u00e7\u0131k mercan gibi), marka logosunu net bir \u015fekilde sunarken derin bir l\u00fcks hissi yaratmak i\u00e7in d\u00fc\u015f\u00fck doygunluklu tonlar kullan\u0131l\u0131r. Y\u00fczey laminasyon i\u015flemi kirlenme ve \u00e7izilme \u00f6nleme performans\u0131n\u0131 art\u0131r\u0131r. Hem estetik hem de pratiklik g\u00f6z \u00f6n\u00fcnde bulundurularak 40\u00b0C sabit s\u0131cakl\u0131kta 72 saat boyunca sakland\u0131\u011f\u0131nda herhangi bir b\u00fcz\u00fclme ve deformasyon olmad\u0131\u011f\u0131 laboratuvarda do\u011frulanm\u0131\u015ft\u0131r.<\/li>\n<li><strong>Manyetik a\u00e7\u0131l\u0131\u015f ve kapan\u0131\u015f ve t\u00f6ren duygusu<\/strong>\u00a0Kitap \u015feklindeki manyetik kutu tasar\u0131m\u0131, a\u00e7ma ve kapama s\u00f6n\u00fcmleme katsay\u0131s\u0131 ergonomik olarak 0,3N'ye optimize edilmi\u015ftir ve tek elle sorunsuz bir \u015fekilde \u00e7al\u0131\u015ft\u0131r\u0131labilir. Manyetik yap\u0131 hassas bir \u015fekilde hizalanm\u0131\u015ft\u0131r ve kapat\u0131ld\u0131\u011f\u0131nda uyum \u00b10,1 mm'dir, bu da a\u00e7ma eylemine t\u0131bbi \u00fcr\u00fcnlerin profesyonel tonuna uyan ciddi bir t\u00f6ren hissi verir.<\/li>\n<\/ol>\n<h2 id=\"-second-customized-function-adaptation-\"><strong>2. \u00d6zelle\u015ftirilmi\u015f fonksiyon adaptasyonu<\/strong><\/h2>\n<ol>\n<li><strong>Kutu tipi ve bask\u0131 esnekli\u011fi<\/strong>\u00a030ml-500ml farkl\u0131 oral irrigat\u00f6r \u00f6zelliklerine ve ba\u011f\u0131ms\u0131z olarak paketlenmi\u015f di\u015f ipine uyum sa\u011flayan \u00e7oklu kutu tasar\u0131m\u0131n\u0131 (yass\u0131, U-\u015fekilli oluk yap\u0131s\u0131 gibi) destekler. Bas\u0131l\u0131 d\u00fczen, \u00fcr\u00fcn \u00f6zelliklerini ve profesyonel bilgileri do\u011fru bir \u015fekilde iletmek i\u00e7in t\u0131bbi logolar, kullan\u0131m k\u0131lavuzlar\u0131 veya marka k\u00fclt\u00fcr\u00fc \u00f6\u011feleriyle \u00f6zelle\u015ftirilebilir.<\/li>\n<li><strong>\u0130\u00e7 destek malzemesi ve doku y\u00fckseltmesi<\/strong>\u00a0EVA flok, ipek kuma\u015f, s\u00fcnger ve di\u011fer malzeme astar se\u00e7enekleri sunar:<\/li>\n<li><strong>EVA floklama<\/strong>: m\u00fckemmel darbeye dayan\u0131kl\u0131l\u0131k performans\u0131, hassas durulama kafas\u0131 korumas\u0131 i\u00e7in uygundur;<\/li>\n<li><strong>\u0130pek kuma\u015f astar<\/strong>: hassas dokunu\u015f, \u00fcst d\u00fczey bak\u0131m deneyimini geli\u015ftirir;<\/li>\n<li><strong>Karton katmanlama<\/strong>: alan kullan\u0131m\u0131n\u0131 optimize etmek i\u00e7in sulama cihazlar\u0131n\u0131 ve yedek nozullar\u0131 depolamak \u00fczere b\u00f6l\u00fcmlere ayr\u0131labilir.<\/li>\n<\/ol>\n<h2 id=\"-three-scenario-application-and-detail-optimization-\"><strong>3. Senaryo uygulamas\u0131 ve detay optimizasyonu<\/strong><\/h2>\n<ol>\n<li><strong>Mobil senaryo uyarlamas\u0131<\/strong>\u00a0Kutu g\u00f6vde kal\u0131nl\u0131\u011f\u0131 1,8 cm'ye kadar kontrol edilir, bu da bir g\u00f6mlek cebine veya bir ta\u015f\u0131ma \u00e7antas\u0131na kolayca yerle\u015ftirilebilir. Ba\u011f\u0131ms\u0131z 50 di\u015f ipi y\u00fcklendikten sonraki toplam a\u011f\u0131rl\u0131k sadece iki ak\u0131ll\u0131 telefona e\u015fde\u011ferdir ve ta\u015f\u0131nabilirlik ola\u011fan\u00fcst\u00fcd\u00fcr.<\/li>\n<li><strong>G\u00fcvenlik ve hijyen garantisi<\/strong>\u00a0Astar malzemelerinin t\u00fcm\u00fc, y\u00fcksek s\u0131cakl\u0131k deformasyonunu ve kimyasal kal\u0131nt\u0131 risklerini \u00f6nlemek i\u00e7in t\u0131bbi s\u0131n\u0131f standartlar\u0131n\u0131 (YY \/ T 0114, GB18457 gibi) kar\u015f\u0131lar. Kutu g\u00f6vdesinin kenar\u0131 yuvarlat\u0131lm\u0131\u015ft\u0131r ve kavrama konforu 18% ile geli\u015ftirilerek \u00e7al\u0131\u015fma s\u0131ras\u0131nda kazara yaralanma olas\u0131l\u0131\u011f\u0131 azalt\u0131lm\u0131\u015ft\u0131r.<\/li>\n<li><strong>Ak\u0131ll\u0131 Detay Tasar\u0131m\u0131<\/strong>\u00a0Kapaktaki iste\u011fe ba\u011fl\u0131 dahili mikro ayna (3 cm g\u00f6r\u00fc\u015f a\u00e7\u0131s\u0131 optimizasyonu), kullan\u0131c\u0131lar\u0131n a\u011f\u0131z bak\u0131m\u0131n\u0131 ve t\u0131mar\u0131n\u0131 ayn\u0131 anda tamamlamas\u0131na olanak tan\u0131r ve 17 a\u00e7\u0131 ayar\u0131 en iyi kullan\u0131c\u0131 deneyimini sa\u011flar.<\/li>\n<\/ol>","protected":false},"excerpt":{"rendered":"<p>Bu manyetik kapakl\u0131 kutunun a\u00e7\u0131lmas\u0131 ve kapat\u0131lmas\u0131 kolayd\u0131r. Kutu yap\u0131s\u0131nda 157GSM sert karton ve 1200GSM gri sanat panosu kullan\u0131l\u0131r ve \u00fcr\u00fcnlerinizi nakliye s\u0131ras\u0131nda hasar g\u00f6rmekten korur.<\/p>","protected":false},"featured_media":335,"template":"","meta":{"_kad_post_transparent":"default","_kad_post_title":"","_kad_post_layout":"default","_kad_post_sidebar_id":"","_kad_post_content_style":"default","_kad_post_vertical_padding":"default","_kad_post_feature":"","_kad_post_feature_position":"","_kad_post_header":false,"_kad_post_footer":false,"_kad_post_classname":""},"product_brand":[],"product_cat":[15,28,17],"product_tag":[106,105,107],"class_list":{"0":"post-332","1":"product","2":"type-product","3":"status-publish","4":"has-post-thumbnail","6":"product_cat-red-light-therapy","7":"product_cat-customize","8":"product_cat-services","9":"product_tag-dental-water-flosser-box","10":"product_tag-oral-irrigator-box","11":"product_tag-oral-irrigator-magnetic-closure-box","13":"first","14":"instock","15":"shipping-taxable","16":"product-type-simple","17":"entry","18":"content-bg","19":"loop-entry"},"_links":{"self":[{"href":"https:\/\/red-lighttherapy.com\/tr\/wp-json\/wp\/v2\/product\/332","targetHints":{"allow":["GET"]}}],"collection":[{"href":"https:\/\/red-lighttherapy.com\/tr\/wp-json\/wp\/v2\/product"}],"about":[{"href":"https:\/\/red-lighttherapy.com\/tr\/wp-json\/wp\/v2\/types\/product"}],"wp:featuredmedia":[{"embeddable":true,"href":"https:\/\/red-lighttherapy.com\/tr\/wp-json\/wp\/v2\/media\/335"}],"wp:attachment":[{"href":"https:\/\/red-lighttherapy.com\/tr\/wp-json\/wp\/v2\/media?parent=332"}],"wp:term":[{"taxonomy":"product_brand","embeddable":true,"href":"https:\/\/red-lighttherapy.com\/tr\/wp-json\/wp\/v2\/product_brand?post=332"},{"taxonomy":"product_cat","embeddable":true,"href":"https:\/\/red-lighttherapy.com\/tr\/wp-json\/wp\/v2\/product_cat?post=332"},{"taxonomy":"product_tag","embeddable":true,"href":"https:\/\/red-lighttherapy.com\/tr\/wp-json\/wp\/v2\/product_tag?post=332"}],"curies":[{"name":"wp","href":"https:\/\/api.w.org\/{rel}","templated":true}]}}