{"id":326,"date":"2025-04-11T02:38:38","date_gmt":"2025-04-11T02:38:38","guid":{"rendered":"https:\/\/red-lighttherapy.com\/?post_type=product&#038;p=326"},"modified":"2025-04-11T02:58:59","modified_gmt":"2025-04-11T02:58:59","slug":"custom-kraft-paper-eyeglasses-glasses-drawer-box-wholesale","status":"publish","type":"product","link":"https:\/\/red-lighttherapy.com\/tr\/custom-kraft-paper-eyeglasses-glasses-drawer-box-wholesale\/","title":{"rendered":"\u00d6zel Kraft Ka\u011f\u0131t G\u00f6zl\u00fck G\u00f6zl\u00fck \u00c7ekmece Kutusu Toptan Sat\u0131\u015f"},"content":{"rendered":"<h3 id=\"-customized-kraft-paper-glasses-drawer-box-wholesale-product-description-\"><strong>\u00d6zelle\u015ftirilmi\u015f Kraft Ka\u011f\u0131t G\u00f6zl\u00fck \u00c7ekmece Kutusu Toptan \u00dcr\u00fcn A\u00e7\u0131klamas\u0131<\/strong><\/h3>\n<h2 id=\"-1-innovative-triangular-shape-to-create-brand-visual-symbols-\"><strong>1. Marka g\u00f6rsel sembolleri olu\u015fturmak i\u00e7in yenilik\u00e7i \u00fc\u00e7gen \u015fekil<\/strong><\/h2>\n<p>Bu g\u00f6zl\u00fck kutusu, geleneksel kare kutu g\u00f6vdesinin monoton tasar\u0131m\u0131n\u0131 k\u0131ran ve \u00fcr\u00fcne geometrik estetikle g\u00fc\u00e7l\u00fc bir tan\u0131nma ve g\u00f6rsel etki kazand\u0131ran benzersiz bir \u00fc\u00e7gen \u00fc\u00e7 boyutlu yap\u0131ya sahiptir. \u00dc\u00e7gen \u00e7ekmece tarz\u0131 a\u00e7ma ve kapama tasar\u0131m\u0131 yaln\u0131zca alan kullan\u0131m\u0131n\u0131 optimize etmekle kalm\u0131yor, ayn\u0131 zamanda keskin \u00e7izgiler ve simetrik kenarlarla modern moda duygusunu aktararak markan\u0131n benzer ambalajlardan s\u0131yr\u0131lmas\u0131na ve farkl\u0131la\u015ft\u0131r\u0131lm\u0131\u015f bir bellek noktas\u0131 olu\u015fturmas\u0131na yard\u0131mc\u0131 oluyor.<\/p>\n<h2 id=\"-2-environmentally-friendly-materials-practicing-the-concept-of-sustainable-development-\"><strong>2. \u00c7evre dostu malzemeler, s\u00fcrd\u00fcr\u00fclebilir kalk\u0131nma kavram\u0131n\u0131n uygulanmas\u0131<\/strong><\/h2>\n<p>Kutu g\u00f6vdesinde gri karton astar ile birle\u015ftirilmi\u015f 120g y\u00fcksek mukavemetli kraft ka\u011f\u0131t kullan\u0131l\u0131r. Geleneksel ku\u015fe ka\u011f\u0131tla kar\u015f\u0131la\u015ft\u0131r\u0131ld\u0131\u011f\u0131nda, do\u011fal ah\u015fap lifi bile\u015fenleri h\u0131zla bozunabilir ve \u00fcretim s\u00fcrecinde floresan maddeler gibi zararl\u0131 katk\u0131 maddeleri yoktur. Kraft ka\u011f\u0131t hem a\u015f\u0131nma direncine hem de bas\u0131n\u00e7 direncine sahiptir, camlar\u0131 \u00e7arp\u0131\u015fmalardan etkili bir \u015fekilde korurken, uluslararas\u0131 \u00e7evre standartlar\u0131n\u0131 kar\u015f\u0131lar ve t\u00fcketicilerin acil ye\u015fil ambalaj ihtiya\u00e7lar\u0131n\u0131 kar\u015f\u0131lar.<\/p>\n<h2 id=\"-3-printing-with-soybean-ink-to-achieve-environmental-protection-throughout-the-life-cycle-\"><strong>3. Ya\u015fam d\u00f6ng\u00fcs\u00fc boyunca \u00e7evre koruma sa\u011flamak i\u00e7in soya fasulyesi m\u00fcrekkebi ile bask\u0131<\/strong><\/h2>\n<p>Bask\u0131 i\u015fleminde, hammaddesi yenilenebilir soya fasulyesi ya\u011f\u0131 olan soya fasulyesi m\u00fcrekkebi (SOYBEAN OIL INK) kullan\u0131l\u0131r. Ayr\u0131\u015fmadan sonra, u\u00e7ucu organik kirleticiler (VOC) kal\u0131nt\u0131s\u0131 olmadan do\u011fal \u00e7evreye tamamen entegre edilebilir. M\u00fcrekkep parlak ve sabit renklidir, y\u00fcksek hassasiyetli desen bask\u0131s\u0131n\u0131 destekler ve at\u0131k ka\u011f\u0131t geri d\u00f6n\u00fc\u015ft\u00fcr\u00fcld\u00fc\u011f\u00fcnde m\u00fcrekkep giderme verimlili\u011fi daha y\u00fcksektir ve kaynak israf\u0131n\u0131 daha da azalt\u0131r.<\/p>\n<h2 id=\"-4-multi-field-adaptation-empowering-high-end-product-packaging-\"><strong>4. \u00c7oklu alan adaptasyonu, \u00fcst d\u00fczey \u00fcr\u00fcn paketlemesini g\u00fc\u00e7lendirme<\/strong><\/h2>\n<p>\u00dc\u00e7gen \u00e7ekmece kutusu, avangart tasar\u0131m\u0131 ve i\u015flevsel uyumlulu\u011fu ile a\u015fa\u011f\u0131dakiler i\u00e7in uygundur:<\/p>\n<ul>\n<li><strong>Moda aksesuarlar\u0131<\/strong>G\u00fcne\u015f g\u00f6zl\u00fc\u011f\u00fc, m\u00fccevher vb. gibi \u00fcr\u00fcn\u00fcn hafif l\u00fcks tonunu vurgulayan \u00fcr\u00fcnler;<\/li>\n<li><strong>Modaya uygun oyuncaklar<\/strong>: S\u0131n\u0131rl\u0131 say\u0131da \u00fcretilen fig\u00fcrler i\u00e7in benzersiz bir sergileme alan\u0131 sa\u011flay\u0131n;<\/li>\n<li><strong>Y\u00fcksek kaliteli k\u0131rtasiye malzemeleri<\/strong>: Marka dokusunu geli\u015ftirmek i\u00e7in kalemleri ve sanat ara\u00e7lar\u0131n\u0131 saklay\u0131n. Esnek uygulama senaryolar\u0131, perakende sat\u0131\u015ftan hediye vermeye kadar t\u00fcm ba\u011flant\u0131 ihtiya\u00e7lar\u0131n\u0131 kar\u015f\u0131layabilir.<\/li>\n<\/ul>\n<h2 id=\"-5-exquisite-accessory-details-to-enhance-brand-aesthetic-expression-\"><strong>5. Markan\u0131n estetik ifadesini geli\u015ftirmek i\u00e7in zarif aksesuar detaylar\u0131<\/strong><\/h2>\n<p>Kutunun \u00fcst k\u0131sm\u0131, \u00f6zelle\u015ftirilmi\u015f markaya \u00f6zel renk e\u015fle\u015ftirmesini veya s\u0131cak damgal\u0131 LOGO'yu destekleyen ve a\u00e7ma i\u015flemi s\u0131ras\u0131nda bir t\u00f6ren duygusu katan saten kurdele \u00e7ekme halkas\u0131 ile donat\u0131lm\u0131\u015ft\u0131r. \u00c7ekmece ray\u0131, pratiklik ve g\u00f6rsel \u00e7ekicili\u011fi g\u00f6z \u00f6n\u00fcnde bulundurarak, p\u00fcr\u00fczs\u00fcz \u00e7ekme ve darbeye ve \u00e7izilmeye kar\u015f\u0131 dayan\u0131kl\u0131l\u0131k sa\u011flamak i\u00e7in dahili bir flanel ped ile manyetik veya ge\u00e7meli bir tasar\u0131ma sahiptir.<\/p>\n<h2 id=\"-6-full-dimensional-customization-service-to-meet-personalized-needs-\"><strong>6. Ki\u015fiselle\u015ftirilmi\u015f ihtiya\u00e7lar\u0131 kar\u015f\u0131lamak i\u00e7in tam boyutlu \u00f6zelle\u015ftirme hizmeti<\/strong><\/h2>\n<p>Tek noktadan \u00f6zelle\u015ftirme \u00e7\u00f6z\u00fcm\u00fc sa\u011flay\u0131n ve a\u015fa\u011f\u0131daki parametrelerin esnek bir \u015fekilde ayarlanmas\u0131n\u0131 destekleyin:<\/p>\n<ul>\n<li><strong>Kutu tipi<\/strong>: Standart \u00fc\u00e7gen \u00e7ekmece modeline ek olarak, \u00e7ok katmanl\u0131 b\u00f6lmelere veya \u00f6zel \u015fekilli yap\u0131lara geni\u015fletilebilir;<\/li>\n<li><strong>Malzeme<\/strong>: \u0130ste\u011fe ba\u011fl\u0131 mat \/ parlak kraft ka\u011f\u0131t veya kompozit su ge\u00e7irmez kaplama (\u00e7evre dostu);<\/li>\n<li><strong>Bask\u0131<\/strong>: S\u0131cak damgalama, serigraf bask\u0131, kabartma ve di\u011fer i\u015flemleri destekler ve marka VI sistemi i\u00e7in uygundur;<\/li>\n<li><strong>Boyut<\/strong>: Tekli camlardan \u00e7oklu \u0131zgaral\u0131 te\u015fhir kutular\u0131na kadar ihtiya\u00e7lar\u0131 kar\u015f\u0131lar ve standart d\u0131\u015f\u0131 boyut geli\u015ftirmeyi destekler.<\/li>\n<\/ul>\n<h2 id=\"-technical-parameters-and-delivery-guarantee-\"><strong>Teknik parametreler ve teslimat garantisi<\/strong><\/h2>\n<ul>\n<li><strong>Temel boyut<\/strong>: 160-240mm uzunluk \u00d7 66-120mm geni\u015flik \u00d7 55-120mm y\u00fckseklik (ayarlanabilir);<\/li>\n<li><strong>Minimum sipari\u015f miktar\u0131<\/strong>: 500 adet, k\u00fc\u00e7\u00fck parti prova do\u011frulamas\u0131n\u0131 destekler;<\/li>\n<li><strong>\u00dcretim d\u00f6ng\u00fcs\u00fc<\/strong>: 7-15 g\u00fcn (\u00f6zelle\u015ftirmenin karma\u015f\u0131kl\u0131\u011f\u0131na ba\u011fl\u0131 olarak ayarlan\u0131r);<\/li>\n<li><strong>Kalite denetim standartlar\u0131<\/strong>: ISO 14001 \u00e7evre koruma sistemi ve nakliye bas\u0131n\u00e7 direnci testinden ge\u00e7mi\u015ftir.<\/li>\n<\/ul>\n<p><strong>\u0130\u015fbirli\u011fi de\u011feri<\/strong>: \u00c7evre dostu malzemeler, yenilik\u00e7i tasar\u0131m ve derin \u00f6zelle\u015ftirme kombinasyonu sayesinde bu \u00fcr\u00fcn, markalar\u0131n karbon ayak izlerini azaltmalar\u0131na yard\u0131mc\u0131 olurken, y\u00fcksek de\u011ferli ambalajlarla terminal t\u00fcketici deneyimini geli\u015ftirerek ticari de\u011fer ve sosyal sorumluluk a\u00e7\u0131s\u0131ndan bir kazan-kazan durumu elde edebilir.<\/p>","protected":false},"excerpt":{"rendered":"<p>Kutu, geleneksel kare kutu \u015feklini k\u0131ran benzersiz bir \u00fc\u00e7gen \u00e7ekmece ka\u011f\u0131d\u0131 \u015feklini benimseyerek t\u00fcm kutuyu ve kutunun ilgili markas\u0131n\u0131 son derece tan\u0131nabilir ve g\u00f6rsel olarak etkili hale getirir<\/p>","protected":false},"featured_media":329,"template":"","meta":{"_kad_post_transparent":"default","_kad_post_title":"","_kad_post_layout":"default","_kad_post_sidebar_id":"","_kad_post_content_style":"default","_kad_post_vertical_padding":"default","_kad_post_feature":"","_kad_post_feature_position":"","_kad_post_header":false,"_kad_post_footer":false,"_kad_post_classname":""},"product_brand":[],"product_cat":[15,20,17],"product_tag":[104,102,103],"class_list":{"0":"post-326","1":"product","2":"type-product","3":"status-publish","4":"has-post-thumbnail","6":"product_cat-red-light-therapy","7":"product_cat-led-face-light-therapy","8":"product_cat-services","9":"product_tag-custom-eyeglasses-box-wholesale","10":"product_tag-eyeglasses-drawer-box","11":"product_tag-glasses-drawer-box","13":"first","14":"instock","15":"shipping-taxable","16":"product-type-simple","17":"entry","18":"content-bg","19":"loop-entry"},"_links":{"self":[{"href":"https:\/\/red-lighttherapy.com\/tr\/wp-json\/wp\/v2\/product\/326","targetHints":{"allow":["GET"]}}],"collection":[{"href":"https:\/\/red-lighttherapy.com\/tr\/wp-json\/wp\/v2\/product"}],"about":[{"href":"https:\/\/red-lighttherapy.com\/tr\/wp-json\/wp\/v2\/types\/product"}],"wp:featuredmedia":[{"embeddable":true,"href":"https:\/\/red-lighttherapy.com\/tr\/wp-json\/wp\/v2\/media\/329"}],"wp:attachment":[{"href":"https:\/\/red-lighttherapy.com\/tr\/wp-json\/wp\/v2\/media?parent=326"}],"wp:term":[{"taxonomy":"product_brand","embeddable":true,"href":"https:\/\/red-lighttherapy.com\/tr\/wp-json\/wp\/v2\/product_brand?post=326"},{"taxonomy":"product_cat","embeddable":true,"href":"https:\/\/red-lighttherapy.com\/tr\/wp-json\/wp\/v2\/product_cat?post=326"},{"taxonomy":"product_tag","embeddable":true,"href":"https:\/\/red-lighttherapy.com\/tr\/wp-json\/wp\/v2\/product_tag?post=326"}],"curies":[{"name":"wp","href":"https:\/\/api.w.org\/{rel}","templated":true}]}}