{"id":314,"date":"2025-04-11T02:01:19","date_gmt":"2025-04-11T02:01:19","guid":{"rendered":"https:\/\/red-lighttherapy.com\/?post_type=product&#038;p=314"},"modified":"2025-04-11T02:38:29","modified_gmt":"2025-04-11T02:38:29","slug":"custom-jewelry-drawer-style-rigid-packaging-boxes-wholesale","status":"publish","type":"product","link":"https:\/\/red-lighttherapy.com\/tr\/custom-jewelry-drawer-style-rigid-packaging-boxes-wholesale\/","title":{"rendered":"\u00d6zel M\u00fccevher \u00c7ekmecesi Stili Sert Ambalaj Kutular\u0131 Toptan Sat\u0131\u015f"},"content":{"rendered":"<h2 id=\"-customized-jewelry-drawer-style-hard-packaging-box-product-description-\">\u00d6zel M\u00fccevher \u00c7ekmecesi Stili Sert Ambalaj Kutular\u0131 Toptan Sat\u0131\u015f<\/h2>\n<h2 id=\"-i-design-concept-dual-presentation-of-simple-aesthetics-and-ritual-sense-\"><strong>1. Tasar\u0131m konsepti: basit esteti\u011fin ve rit\u00fcel duygusunun ikili sunumu<\/strong><\/h2>\n<ol>\n<li><strong>Saf siyah mat doku<\/strong>\u00a0D\u0131\u015f kutu malzemesi olarak saf siyah deri dolgulu \u00f6zel ka\u011f\u0131t kullan\u0131n ve yans\u0131t\u0131c\u0131 paraziti \u00f6nlemek i\u00e7in mat y\u00fczey i\u015flemi uygulay\u0131n.\u00a0<strong>sade l\u00fcks<\/strong>\u00a0g\u00f6rsel etki. Siyah taban, minimalist bir \u00e7izgi tasar\u0131m\u0131yla e\u015fle\u015ftirilerek markan\u0131n\u00a0<strong>\u00fcst d\u00fczey konumland\u0131rma<\/strong>M\u00fccevherin parlakl\u0131\u011f\u0131yla tezat olu\u015fturarak \u00fcr\u00fcn\u00fcn temel de\u011ferini vurgular.<\/li>\n<li><strong>\u00c7ekilerek a\u00e7\u0131lan tasar\u0131m<\/strong>\u00a0Geleneksel cennet ve d\u00fcnya kutu yap\u0131s\u0131n\u0131 terk eden \u00e7ekmece tarz\u0131 \u00e7ekmece tasar\u0131m\u0131, rit\u00fcel duygusunu bir\u00a0<strong>a\u015famal\u0131 kutu a\u00e7ma deneyimi<\/strong>. \u00c7ekip \u00e7\u0131karma i\u015flemine ipeksi bir s\u00f6n\u00fcmleme hissi e\u015flik eder ve kullan\u0131c\u0131lara \"hazineleri ke\u015ffetme\" psikolojik beklentisi verir. \u0130\u00e7 kutu ve d\u0131\u015f \u00e7er\u00e7eve, sars\u0131lmadan d\u00fczg\u00fcn bir \u015fekilde d\u0131\u015far\u0131 \u00e7ekilmesini sa\u011flamak i\u00e7in hassas bir \u015fekilde birbirine tutturulmu\u015ftur.\u00a0<strong>\u00fcst d\u00fczey duyu<\/strong>\u00a0kullan\u0131c\u0131 deneyimi.<\/li>\n<\/ol>\n<h2 id=\"-second-material-and-structure-taking-into-account-both-protection-and-uniqueness-\"><strong>2. Malzeme ve yap\u0131: hem koruma hem de benzersizlik dikkate al\u0131narak<\/strong><\/h2>\n<ol>\n<li><strong>Y\u00fcksek mukavemetli kompozit malzeme<\/strong><\/li>\n<li><strong>120g deri dolgulu \u00f6zel ka\u011f\u0131t<\/strong>: Y\u00fczey, deri kadar hassas bir his verir, a\u015f\u0131nmaya dayan\u0131kl\u0131 ve kirlenme \u00f6nleyici \u00f6zelliklere sahiptir, uzun s\u00fcreli depolama ve nakliye i\u00e7in uygundur.<\/li>\n<li><strong>1200GSM gri tahta<\/strong>: Y\u00fcksek yo\u011funluklu gri tahta \u015funlar\u0131 sa\u011flar\u00a0<strong>s\u00fcper g\u00fc\u00e7l\u00fc destek<\/strong>ve kutu g\u00f6vdesinin s\u0131k\u0131\u015ft\u0131rma direnci end\u00fcstri standard\u0131n\u0131n 2 kat\u0131ndan fazlad\u0131r, nakliye s\u0131ras\u0131nda \u00e7arp\u0131\u015fmaya ve ekstr\u00fczyona etkili bir \u015fekilde direnir.<\/li>\n<li><strong>Mod\u00fcler yap\u0131sal tasar\u0131m<\/strong>\u00a0Kutu g\u00f6vdesi, a\u015fa\u011f\u0131dakileri destekleyen b\u00f6l\u00fcnm\u00fc\u015f bir yap\u0131ya sahiptir\u00a0<strong>esnek boyut \u00f6zelle\u015fti\u0307rme<\/strong>\u00a0(minimum 10 cm\u00b3 ila maksimum 50 cm\u00b3'\u00fc destekler). Astar, EVA flanel oluklar\u0131 veya m\u00fccevherlerin \u015fekline g\u00f6re ayarlanabilir b\u00f6lmelerle \u00f6zelle\u015ftirilebilir ve y\u00fcz\u00fckler, kolyeler ve k\u00fcpeler gibi \u00e7e\u015fitli saklama ihtiya\u00e7lar\u0131 i\u00e7in uygundur.<\/li>\n<\/ol>\n<h2 id=\"-iii-craftsmanship-details-exquisite-touch-and-brand-enhancement-\"><strong>3. \u0130\u015f\u00e7ilik detaylar\u0131: zarif dokunu\u015f ve marka geli\u015ftirme<\/strong><\/h2>\n<ol>\n<li><strong>Kabartmal\u0131 i\u015f\u00e7ilik ve kurdele aksesuarlar\u0131<\/strong><\/li>\n<li><strong>\u00dc\u00e7 boyutlu kabartmal\u0131 LOGO\/desen<\/strong>: Hassas kal\u0131p presleme sayesinde, marka logosu veya \u00f6zelle\u015ftirilmi\u015f desen, \u00fc\u00e7 boyutlu bir dokunu\u015fa ve zengin g\u00f6rsel katmanlara sahip olan kutunun kapa\u011f\u0131nda veya yan\u0131nda sunulur.<\/li>\n<li><strong>Kurdele \u00e7ekme halkas\u0131 ve metal aksesuarlar<\/strong>: \u00c7ekmecenin \u00f6n ucu, kutuyu a\u00e7ma kolayl\u0131\u011f\u0131n\u0131 art\u0131rmak i\u00e7in ayn\u0131 renkte bir saten kurdele veya metal \u00e7ekme halkas\u0131 ile e\u015fle\u015ftirilir ve\u00a0<strong>g\u00f6rsel \u00e7ekicilik<\/strong>\u015eerit, marka tan\u0131n\u0131rl\u0131\u011f\u0131n\u0131 art\u0131rmak i\u00e7in s\u0131cak damgalama marka rengi veya metin ile \u00f6zelle\u015ftirilebilir.<\/li>\n<li><strong>\u00c7evre koruma ve dayan\u0131kl\u0131l\u0131k<\/strong>\u00a0Hem deri ka\u011f\u0131t hem de gri karton FSC sertifikal\u0131d\u0131r ve\u00a0<strong>\u00e7evre koruma standartlari<\/strong>Kutu, tahri\u015f edici kokusu olmayan ve m\u00fccevher saklama g\u00fcvenli\u011fini sa\u011flayan g\u0131da s\u0131n\u0131f\u0131 yap\u0131\u015ft\u0131r\u0131c\u0131 ile yap\u0131\u015ft\u0131r\u0131lm\u0131\u015ft\u0131r.<\/li>\n<\/ol>\n<h2 id=\"-iv-customized-service-full-process-personalized-solution-\"><strong>4. \u00d6zelle\u015ftirilmi\u015f hizmet: tam s\u00fcre\u00e7 ki\u015fiselle\u015ftirilmi\u015f \u00e7\u00f6z\u00fcm<\/strong><\/h2>\n<ol>\n<li><strong>Derinlemesine tasar\u0131m deste\u011fi<\/strong><\/li>\n<li>Sa\u011flamak\u00a0<strong>3D modelleme provas\u0131<\/strong>\u00a0hizmetiyle m\u00fc\u015fteriler, tasar\u0131m restorasyon derecesinin 99%'ye ula\u015fmas\u0131n\u0131 sa\u011flamak i\u00e7in kutu tipi, desen ve astar yap\u0131s\u0131n\u0131n ayr\u0131nt\u0131l\u0131 ayarlamas\u0131na kat\u0131labilir.<\/li>\n<li>Destekler\u00a0<strong>20'den fazla y\u00fczey i\u015flemi<\/strong>\u00a0Farkl\u0131 stil gereksinimlerini (a\u00e7\u0131k l\u00fcks koyu desenler, aurora lazer vb.) kar\u015f\u0131lamak i\u00e7in s\u0131cak damgalama, UV, lazer kaz\u0131ma vb.<\/li>\n<li><strong>Seri \u00fcretim ve lojistik garantisi<\/strong><\/li>\n<li>Minimum sipari\u015f miktar\u0131\u00a0<strong>500<\/strong>prova d\u00f6ng\u00fcs\u00fc 3-5 g\u00fcn, seri \u00fcretim d\u00f6ng\u00fcs\u00fc 7-14 g\u00fcn.<\/li>\n<li>SF Express\/Deppon Logistics'i \u00fclke \u00e7ap\u0131nda destekleyin, \u015funlar\u0131 sa\u011flay\u0131n\u00a0<strong>hasar tazmini<\/strong>\u00a0sorunsuz teslimat sa\u011flamak i\u00e7in hizmet.<\/li>\n<\/ol>\n<h2 id=\"-v-application-scenarios-and-brand-value-\"><strong>5. Uygulama senaryolar\u0131 ve marka de\u011feri<\/strong><\/h2>\n<ul>\n<li><strong>Uygulanabilir senaryolar<\/strong>: m\u00fccevher marka ma\u011fazalar\u0131, \u00fcst d\u00fczey hediye \u00f6zelle\u015ftirme, l\u00fcks ortak ambalaj, d\u00fc\u011f\u00fcn tak\u0131 setleri, vb.<\/li>\n<li><strong>Marka g\u00fc\u00e7lendirme<\/strong>: Arac\u0131l\u0131\u011f\u0131yla\u00a0<strong>g\u00f6rsel b\u00fct\u00fcnl\u00fck<\/strong>\u00a0ve\u00a0<strong>dokunsal bellek noktalar\u0131<\/strong> t\u00fcketicilerin markan\u0131n \"se\u00e7kin, profesyonel ve \u00e7evre dostu\" oldu\u011fu alg\u0131s\u0131n\u0131 g\u00fc\u00e7lendirmek ve yeniden sat\u0131n alma oran\u0131n\u0131 ve sosyal ileti\u015fim potansiyelini art\u0131rmak<\/li>\n<\/ul>\n<p>Bu ambalaj kutusu sadece bir kap de\u011fil, ayn\u0131 zamanda marka hikayelerinin ta\u015f\u0131y\u0131c\u0131s\u0131 ve kullan\u0131c\u0131lar\u0131n duygular\u0131 i\u00e7in bir temas noktas\u0131d\u0131r ve m\u00fccevher pazar\u0131nda \u00f6ne \u00e7\u0131kman\u0131za yard\u0131mc\u0131 olur.<\/p>","protected":false},"excerpt":{"rendered":"<p>Bu m\u00fccevher \u00e7ekmecesi ka\u011f\u0131t kutusu, geleneksel kutu a\u00e7ma y\u00f6nteminden daha fazla g\u00f6rsel etkiye ve rit\u00fcel hissine sahiptir. LOGO, g\u00f6rsel bir incelik hissi ve zengin bir dokunma deneyimi katan kabartmal\u0131 bir i\u015f\u00e7ili\u011fe sahiptir.<\/p>","protected":false},"featured_media":316,"template":"","meta":{"_kad_post_transparent":"default","_kad_post_title":"","_kad_post_layout":"default","_kad_post_sidebar_id":"","_kad_post_content_style":"default","_kad_post_vertical_padding":"default","_kad_post_feature":"","_kad_post_feature_position":"","_kad_post_header":false,"_kad_post_footer":false,"_kad_post_classname":""},"product_brand":[],"product_cat":[15,20,17],"product_tag":[101,100,99],"class_list":{"0":"post-314","1":"product","2":"type-product","3":"status-publish","4":"has-post-thumbnail","6":"product_cat-red-light-therapy","7":"product_cat-led-face-light-therapy","8":"product_cat-services","9":"product_tag-custom-boxes-wholesale","10":"product_tag-jewelry-packaging-boxes","11":"product_tag-jewelry-rigid-boxes","13":"first","14":"instock","15":"shipping-taxable","16":"product-type-simple","17":"entry","18":"content-bg","19":"loop-entry"},"_links":{"self":[{"href":"https:\/\/red-lighttherapy.com\/tr\/wp-json\/wp\/v2\/product\/314","targetHints":{"allow":["GET"]}}],"collection":[{"href":"https:\/\/red-lighttherapy.com\/tr\/wp-json\/wp\/v2\/product"}],"about":[{"href":"https:\/\/red-lighttherapy.com\/tr\/wp-json\/wp\/v2\/types\/product"}],"wp:featuredmedia":[{"embeddable":true,"href":"https:\/\/red-lighttherapy.com\/tr\/wp-json\/wp\/v2\/media\/316"}],"wp:attachment":[{"href":"https:\/\/red-lighttherapy.com\/tr\/wp-json\/wp\/v2\/media?parent=314"}],"wp:term":[{"taxonomy":"product_brand","embeddable":true,"href":"https:\/\/red-lighttherapy.com\/tr\/wp-json\/wp\/v2\/product_brand?post=314"},{"taxonomy":"product_cat","embeddable":true,"href":"https:\/\/red-lighttherapy.com\/tr\/wp-json\/wp\/v2\/product_cat?post=314"},{"taxonomy":"product_tag","embeddable":true,"href":"https:\/\/red-lighttherapy.com\/tr\/wp-json\/wp\/v2\/product_tag?post=314"}],"curies":[{"name":"wp","href":"https:\/\/api.w.org\/{rel}","templated":true}]}}