{"id":308,"date":"2025-04-11T01:44:45","date_gmt":"2025-04-11T01:44:45","guid":{"rendered":"https:\/\/red-lighttherapy.com\/?post_type=product&#038;p=308"},"modified":"2025-04-11T02:01:12","modified_gmt":"2025-04-11T02:01:12","slug":"premium-quality-custom-tea-packaging-pouches-boxes-wholesale","status":"publish","type":"product","link":"https:\/\/red-lighttherapy.com\/tr\/premium-quality-custom-tea-packaging-pouches-boxes-wholesale\/","title":{"rendered":"\u00dcst\u00fcn Kaliteli \u00d6zel \u00c7ay Paketleme Torbalar\u0131 Kutular\u0131 Toptan Sat\u0131\u015f"},"content":{"rendered":"<h2 id=\"-high-end-customized-tea-gift-box-a-packaging-solution-that-combines-traditional-aesthetics-with-modern-practicality-\"><strong>\u00dcst\u00fcn Kaliteli \u00d6zel \u00c7ay Ambalaj Torbalar\u0131 Kutular\u0131 Toptan Sat\u0131\u015f - Geleneksel Esteti\u011fi Modern Pratiklikle Birle\u015ftiren Bir Ambalaj \u00c7\u00f6z\u00fcm\u00fc<\/strong><\/h2>\n<h2 id=\"-1-core-material-a-perfect-balance-between-environmental-protection-and-pressure-resistance-\"><strong>1. \u00c7ekirdek malzeme: \u00e7evre koruma ve bas\u0131n\u00e7 direnci aras\u0131nda m\u00fckemmel bir denge<\/strong><\/h2>\n<p>Bu \u00e7ay paketleme kutusu bir\u00a0<strong>\u00e7ift katmanl\u0131 kompozit yap\u0131 tasar\u0131m\u0131\u00a0<\/strong>: d\u0131\u015f katman\u00a0<strong>FSC sertifikal\u0131 k\u0131rm\u0131z\u0131 karton\u00a0<\/strong>ve i\u00e7 katman a\u015fa\u011f\u0131dakilerle desteklenir\u00a0<strong>y\u00fcksek yo\u011funluklu gri tahta\u00a0<\/strong>B\u00f6ylece \u00e7evre koruma ve i\u015flevsellik alanlar\u0131nda \u00e7ifte at\u0131l\u0131m ger\u00e7ekle\u015ftirilmi\u015ftir.<\/p>\n<ul>\n<li><strong>\u00c7evre sertifikas\u0131\u00a0<\/strong>: \u00c7ay yapraklar\u0131 ile do\u011frudan temas sa\u011flamak i\u00e7in saf odun hamuru ve g\u0131da s\u0131n\u0131f\u0131 boyalar kullan\u0131larak SGS testinden ve EN71 g\u00fcvenlik standartlar\u0131ndan ge\u00e7mi\u015ftir.<\/li>\n<li><strong>S\u0131k\u0131\u015ft\u0131rma direnci\u00a0<\/strong>: Laboratuvar testlerine g\u00f6re, kutu deforme olmadan 15 kg ta\u015f\u0131yabilir ve anti-sismik performans\u0131 end\u00fcstri standard\u0131ndan 30% daha iyidir (Ambalaj End\u00fcstrisi Birli\u011fi'nin beyaz b\u00fclteninden al\u0131nan veriler).<\/li>\n<li><strong>Detay i\u015fleme\u00a0<\/strong>: Y\u00fczey, hassas bir dokunu\u015fa ve parmak izi b\u0131rakmayan kal\u0131nt\u0131ya sahip olan ve \u00fcst d\u00fczey dokuyu geli\u015ftiren mat film teknolojisi ile kaplanm\u0131\u015ft\u0131r.<\/li>\n<\/ul>\n<h2 id=\"-ii-humanized-design-innovative-experience-of-pull-out-opening-and-closing-\"><strong>2. \u0130nsanc\u0131lla\u015ft\u0131r\u0131lm\u0131\u015f tasar\u0131m: yenilik\u00e7i \u00e7ekerek a\u00e7ma ve kapama deneyimi<\/strong><\/h2>\n<p>Evlat Edinme\u00a0<strong>yer\u00e7ekimi \u00e7ekirdek \u00e7ekme sistemi<\/strong>\"tek kald\u0131rma ile a\u00e7ma ve tek itme ile kapatma\" i\u015flemini sorunsuz bir \u015fekilde ger\u00e7ekle\u015ftirir:<\/p>\n<ul>\n<li><strong>Geli\u015ftirilmi\u015f t\u00f6ren anlay\u0131\u015f\u0131<\/strong>: 3mm s\u00f6n\u00fcmleme tasar\u0131m\u0131, \u00e7ekip \u00e7\u0131karma i\u015flemini de\u011ferli bir kitab\u0131 a\u00e7ar gibi yaparak t\u00fcketicilerin interaktif deneyimini geli\u015ftirir.<\/li>\n<li><strong>\u0130stikrarl\u0131 yap\u0131<\/strong>: Ray, 45\u00b0 e\u011fimli g\u00fc\u00e7lendirme teknolojisini benimser ve 5000 a\u00e7ma ve kapama testinden sonra eskisi gibi p\u00fcr\u00fczs\u00fcz kal\u0131r (GB\/T 4857 standard\u0131na uygun olarak).<\/li>\n<li><strong>Alan optimizasyonu<\/strong>: Kutunun derinli\u011fi, s\u00fcpermarket te\u015fhiri ve depolama ve nakliye i\u00e7in daha uygun olan geleneksel kapakl\u0131 tipten 20% daha azd\u0131r.<\/li>\n<\/ul>\n<h2 id=\"-iii-visual-communication-modern-expression-of-oriental-aesthetics-\"><strong>3. G\u00f6rsel ileti\u015fim: do\u011fu esteti\u011finin modern ifadesi<\/strong><\/h2>\n<p><strong>Tasar\u0131m dili<\/strong>\u00a0\"az \u00e7oktur\" ilkesini temel kavram olarak al\u0131r:<\/p>\n<ul>\n<li><strong>Renk sistemi<\/strong>: Ana renk\u00a0<strong>Yasak \u015eehir K\u0131z\u0131l Duvar (Pantone 18-1663TPX)<\/strong>sayg\u0131nl\u0131\u011f\u0131 ve u\u011furlulu\u011fu sembolize eder. Renk psikolojisi taraf\u0131ndan hediye alma iste\u011fini 32% oran\u0131nda art\u0131rabildi\u011fi do\u011frulanm\u0131\u015ft\u0131r.<\/li>\n<li><strong>G\u00f6rsel odaklanma<\/strong>: 2 mm s\u0131cak damgal\u0131 mat alt\u0131n logo merkezli tasar\u0131m, 0,3 mm ultra ince i\u00e7b\u00fckey \u00e7er\u00e7eve ile birle\u015fti\u011finde marka tan\u0131n\u0131rl\u0131\u011f\u0131n\u0131 57% art\u0131r\u0131r (\u00c7in Ambalaj Tasar\u0131m Derne\u011fi anketinden elde edilen veriler).<\/li>\n<li><strong>K\u00fclt\u00fcrel semboller<\/strong>: K\u00fclt\u00fcrel nitelikleri derinle\u015ftirmek i\u00e7in iste\u011fe ba\u011fl\u0131 24 g\u00fcne\u015f terimi s\u0131cak damgalama desenleri veya \u00c7ay At\u0131 Antik Yol kabartma i\u015f\u00e7ili\u011fi.<\/li>\n<\/ul>\n<h2 id=\"-fourth-lining-protection-dual-upgrade-of-function-and-aesthetics-\"><strong>4. Astar korumas\u0131: i\u015flev ve esteti\u011fin ikili y\u00fckseltilmesi<\/strong><\/h2>\n<p>Yenilik\u00e7i\u00a0<strong>\u00fc\u00e7 a\u015famal\u0131 tampon sistemi<\/strong>\u00a0\u00e7ay g\u00fcvenli\u011fini sa\u011flar:<\/p>\n<ol>\n<li><strong>Birinci katman korumas\u0131<\/strong>: 2mm siyah EVA k\u00f6p\u00fck i\u00e7 destek, ISTA 3A ta\u015f\u0131ma testi standard\u0131n\u0131 ge\u00e7ti<\/li>\n<li><strong>Orta katman stabilitesi<\/strong>: dalgal\u0131 karton b\u00f6lme, d\u0131\u015f kuvvet etkisini etkili bir \u015fekilde da\u011f\u0131t\u0131r<\/li>\n<li><strong>Alt katman deste\u011fi<\/strong>: g\u0131da s\u0131n\u0131f\u0131 s\u00fclf\u00fcrik asit ka\u011f\u0131d\u0131 ba\u011f\u0131ms\u0131z olarak paketlenmi\u015ftir ve nem ge\u00e7irmezlik oran\u0131 98.7%'dir\u00a0<em>Not: Siyah karton astar LAB renk \u00f6l\u00e7er ile kalibre edilmi\u015ftir, bu da \u00e7ay\u0131n renk kontrast\u0131n\u0131 41% kadar art\u0131rabilir.<\/em><\/li>\n<\/ol>\n<h2 id=\"-five-flexible-customization-adapt-to-full-scene-needs-\"><strong>5. Esnek \u00f6zelle\u015ftirme: t\u00fcm sahne ihtiya\u00e7lar\u0131na uyum sa\u011flar<\/strong><\/h2>\n<p>Biz sa\u011fl\u0131yoruz\u00a0<strong>mod\u00fcler \u00f6zelle\u015fti\u0307rme hi\u0307zmetleri\u0307<\/strong>:<\/p>\n<ul>\n<li><strong>Boyut adaptasyonu<\/strong>: 50g-5kg tam spesifikasyon kapsam\u0131n\u0131 destekler, \u00f6zel kutu tipi 3D prova d\u00f6ng\u00fcs\u00fc sadece 24 saattir<\/li>\n<li><strong>\u0130\u015flev geni\u015fletme<\/strong>: iste\u011fe ba\u011fl\u0131 NFC sahtecili\u011fe kar\u015f\u0131 \u00e7ip depo\/AR tarama penceresi ve di\u011fer ak\u0131ll\u0131 mod\u00fcller<\/li>\n<li><strong>Katma de\u011ferli hizmet<\/strong>: \u00fccretsiz sahne pazarlama materyali paketi (kutu a\u00e7ma k\u0131sa video senaryosu, e-ticaret detay sayfas\u0131 \u015fablonu dahil)<\/li>\n<\/ul>\n<h2 id=\"-cooperation-process-\"><strong>\u0130\u015fbirli\u011fi s\u00fcreci<\/strong><\/h2>\n<ol>\n<li><strong>Gereksinim onay\u0131<\/strong>: \u00dcr\u00fcn boyutu\/sahne konumland\u0131rma\/k\u00fclt\u00fcrel unsur gereksinimlerini sa\u011flay\u0131n<\/li>\n<li><strong>\u00c7\u00f6z\u00fcm \u00e7\u0131kt\u0131s\u0131<\/strong>: 3 i\u015f g\u00fcn\u00fc i\u00e7inde 3 set tasar\u0131m \u00f6nerisi sunun<\/li>\n<li><strong>Prova onay\u0131<\/strong>: Fiziksel\/3D model ikili do\u011frulama deste\u011fi<\/li>\n<li><strong>Seri \u00fcretim<\/strong>: Minimum 1.000 adet sipari\u015f, Do\u011fu \u00c7in \/ G\u00fcney \u00c7in \/ G\u00fcneybat\u0131 \u00c7in'deki \u00fc\u00e7 depodan do\u011frudan sevkiyat\u0131 destekler<\/li>\n<\/ol>","protected":false},"excerpt":{"rendered":"<p>Bu kutu klasik bir \u00e7ekmeceli ka\u011f\u0131t a\u00e7ma ve kapama tasar\u0131m\u0131na sahiptir. Kutunun i\u00e7indeki \u00fcr\u00fcnleri koruyabilen s\u00fcrd\u00fcr\u00fclebilir ve \u00e7evre dostu malzemeler olan k\u0131rm\u0131z\u0131 sert karton ve gri sanat panosundan yap\u0131lm\u0131\u015ft\u0131r.<\/p>","protected":false},"featured_media":311,"template":"","meta":{"_kad_post_transparent":"default","_kad_post_title":"","_kad_post_layout":"default","_kad_post_sidebar_id":"","_kad_post_content_style":"default","_kad_post_vertical_padding":"default","_kad_post_feature":"","_kad_post_feature_position":"","_kad_post_header":false,"_kad_post_footer":false,"_kad_post_classname":""},"product_brand":[],"product_cat":[15,20,17],"product_tag":[98,96,97],"class_list":{"0":"post-308","1":"product","2":"type-product","3":"status-publish","4":"has-post-thumbnail","6":"product_cat-red-light-therapy","7":"product_cat-led-face-light-therapy","8":"product_cat-services","9":"product_tag-custom-tea-packaging-wholesale","10":"product_tag-tea-packaging-boxes","11":"product_tag-tea-pouches-boxes","13":"first","14":"instock","15":"shipping-taxable","16":"product-type-simple","17":"entry","18":"content-bg","19":"loop-entry"},"_links":{"self":[{"href":"https:\/\/red-lighttherapy.com\/tr\/wp-json\/wp\/v2\/product\/308","targetHints":{"allow":["GET"]}}],"collection":[{"href":"https:\/\/red-lighttherapy.com\/tr\/wp-json\/wp\/v2\/product"}],"about":[{"href":"https:\/\/red-lighttherapy.com\/tr\/wp-json\/wp\/v2\/types\/product"}],"wp:featuredmedia":[{"embeddable":true,"href":"https:\/\/red-lighttherapy.com\/tr\/wp-json\/wp\/v2\/media\/311"}],"wp:attachment":[{"href":"https:\/\/red-lighttherapy.com\/tr\/wp-json\/wp\/v2\/media?parent=308"}],"wp:term":[{"taxonomy":"product_brand","embeddable":true,"href":"https:\/\/red-lighttherapy.com\/tr\/wp-json\/wp\/v2\/product_brand?post=308"},{"taxonomy":"product_cat","embeddable":true,"href":"https:\/\/red-lighttherapy.com\/tr\/wp-json\/wp\/v2\/product_cat?post=308"},{"taxonomy":"product_tag","embeddable":true,"href":"https:\/\/red-lighttherapy.com\/tr\/wp-json\/wp\/v2\/product_tag?post=308"}],"curies":[{"name":"wp","href":"https:\/\/api.w.org\/{rel}","templated":true}]}}