{"id":302,"date":"2025-04-10T14:48:23","date_gmt":"2025-04-10T14:48:23","guid":{"rendered":"https:\/\/red-lighttherapy.com\/?post_type=product&#038;p=302"},"modified":"2025-04-11T01:44:37","modified_gmt":"2025-04-11T01:44:37","slug":"custom-triangular-packaging-rigid-boxes-wholesale-with-logo","status":"publish","type":"product","link":"https:\/\/red-lighttherapy.com\/tr\/custom-triangular-packaging-rigid-boxes-wholesale-with-logo\/","title":{"rendered":"Logo ile \u00d6zel \u00dc\u00e7gen Ambalaj Sert Kutular\u0131 Toptan Sat\u0131\u015f"},"content":{"rendered":"<h2 id=\"customized-triangular-packaging-hard-box-products\">Logo ile \u00d6zel \u00dc\u00e7gen Ambalaj Sert Kutular\u0131 Toptan Sat\u0131\u015f<\/h2>\n<h2 id=\"-1-unique-design-subverting-traditional-visual-experience-\"><strong>1. Geleneksel g\u00f6rsel deneyimi alt\u00fcst eden benzersiz tasar\u0131m<\/strong><\/h2>\n<p>Bu ambalaj kutusu, geleneksel kare kutular\u0131n s\u0131n\u0131rlamalar\u0131n\u0131 k\u0131ran ve marka tan\u0131n\u0131rl\u0131\u011f\u0131n\u0131 ve g\u00f6rsel etkiyi art\u0131rmak i\u00e7in geometrik esteti\u011fi kullanan yenilik\u00e7i bir \u00fc\u00e7gen \u00fc\u00e7 boyutlu yap\u0131ya sahiptir.<\/p>\n<h2 id=\"-2-minimalist-aesthetic-design-strengthening-brand-memory-\"><strong>2. Minimalist estetik tasar\u0131m, marka haf\u0131zas\u0131n\u0131 g\u00fc\u00e7lendirme<\/strong><\/h2>\n<p>Ambalaj klasik siyah ve beyaz renklere dayanmaktad\u0131r. T\u00fcm g\u00f6vde, 1200g tek tarafl\u0131 siyah ve gri tahta montajl\u0131 saf siyah kartondan yap\u0131lm\u0131\u015ft\u0131r. Hassas bir dokunu\u015fa ve kal\u0131n bir dokuya sahiptir ve \u00fc\u00e7gen sert kutunun \u00fc\u00e7 boyutlu \u015feklini m\u00fckemmel bir \u015fekilde korur. Kutu y\u00fczeyi beyaz marka metni veya grafikleriyle s\u00fcslenmi\u015f olup, markan\u0131n \u00fcst d\u00fczey tonunu aktar\u0131rken basit ve atmosferik olan g\u00fc\u00e7l\u00fc bir g\u00f6rsel kontrast olu\u015fturur. Logo k\u0131sm\u0131, metalik parlakl\u0131k yoluyla dokuyu geli\u015ftirmek i\u00e7in s\u0131cak damgalama teknolojisini benimser. Ayr\u0131ca, \u00e7e\u015fitli marka ifade ihtiya\u00e7lar\u0131n\u0131 kar\u015f\u0131lamak i\u00e7in yerel UV, kabartma, mat ve di\u011fer i\u015flemler i\u00e7in talep \u00fczerine \u00f6zelle\u015ftirilebilir.<\/p>\n<h2 id=\"-3-environmentally-friendly-materials-and-craftsmanship-taking-into-account-both-quality-and-sustainability-\"><strong>3. Hem kalite hem de s\u00fcrd\u00fcr\u00fclebilirli\u011fi dikkate alan \u00e7evre dostu malzemeler ve i\u015f\u00e7ilik<\/strong><\/h2>\n<ul>\n<li><strong>Ana malzeme<\/strong>: N\u00f6tr PH de\u011ferine sahip, 100% geri d\u00f6n\u00fc\u015ft\u00fcr\u00fclebilir ve uluslararas\u0131 \u00e7evre standartlar\u0131na uygun, tamamen odun hamuru n\u00f6tr \u00e7evre dostu siyah karton se\u00e7in; 1200g y\u00fcksek yo\u011funluklu gri tahta astar, kutunun sa\u011flam ve dayan\u0131kl\u0131 olmas\u0131n\u0131 sa\u011flar.<\/li>\n<li><strong>El Sanatlar\u0131<\/strong>: Y\u00fczey, su ge\u00e7irmezlik ve kirlenme \u00f6nleme performans\u0131n\u0131 art\u0131rmak i\u00e7in iste\u011fe ba\u011fl\u0131 olarak parlak film \/ alt film, kabartma vb. ile kaplanabilir; s\u0131cak damgalama, UV ve di\u011fer i\u015flemlerin t\u00fcm\u00fc toksik olmayan ve \u00e7evre dostu m\u00fcrekkepler kullan\u0131r ve SGS sertifikas\u0131n\u0131 ge\u00e7er.<\/li>\n<\/ul>\n<h2 id=\"-4-customized-inner-support-solution-precise-adaptation-to-product-protection-\"><strong>4. \u00d6zelle\u015ftirilmi\u015f i\u00e7 destek \u00e7\u00f6z\u00fcm\u00fc, \u00fcr\u00fcn korumas\u0131na hassas adaptasyon<\/strong><\/h2>\n<p>M\u00fc\u015fteri \u00fcr\u00fcnlerinin \u00f6zelliklerine g\u00f6re, s\u00fcnger, EVA, inci pamuk vb. gibi \u00e7e\u015fitli \u00e7evre dostu i\u00e7 destek malzemeleri sa\u011fl\u0131yoruz ve nakliye sars\u0131nt\u0131s\u0131n\u0131 \u00f6nlemek i\u00e7in hassas kal\u0131p a\u00e7\u0131kl\u0131\u011f\u0131 ile \u00fcr\u00fcn \u015fekline m\u00fckemmel bir uyum sa\u011fl\u0131yoruz. \u0130\u00e7 destek, m\u00fccevher, elektronik aksesuarlar ve hassas aletler gibi farkl\u0131 kategoriler i\u00e7in uygun olan kesit yap\u0131, blister tipi veya yumu\u015fak astar yap\u0131s\u0131 olarak tasarlanabilir.<\/p>\n<h2 id=\"-5-wide-application-fields-and-brand-empowerment-\"><strong>5. Geni\u015f uygulama alanlar\u0131 ve marka g\u00fc\u00e7lendirme<\/strong><\/h2>\n<p>Bu \u00fc\u00e7gen ambalaj kutusu, a\u015fa\u011f\u0131daki end\u00fcstrileri kapsayan y\u00fcksek katma de\u011ferli \u00fcr\u00fcnler i\u00e7in tasarlanm\u0131\u015ft\u0131r:<\/p>\n<ul>\n<li><strong>Moda aksesuarlar\u0131<\/strong>Sanatsal tonu vurgulayan hafif l\u00fcks m\u00fccevherler ve tasar\u0131mc\u0131 m\u00fccevherleri gibi.<\/li>\n<li><strong>Modaya uygun oyuncaklar<\/strong>k\u00f6r kutular ve fig\u00fcrler gibi benzersiz \u015fekillerle gen\u00e7 t\u00fcketici gruplar\u0131n\u0131n ilgisini \u00e7ekmektedir.<\/li>\n<li><strong>Y\u00fcksek kaliteli k\u0131rtasiye malzemeleri<\/strong>S\u0131n\u0131rl\u0131 say\u0131da \u00fcretilen kalemler ve sanat defterleri gibi hediye niteliklerini art\u0131ran \u00fcr\u00fcnler.<\/li>\n<li><strong>Yemek\/\u00e7ay<\/strong>: S\u0131cak damgalama teknolojisi ve nem ge\u00e7irmez astar ile e\u015fle\u015ftirilebilir, tatil hediye kutular\u0131 i\u00e7in uygundur.<\/li>\n<\/ul>\n<h2 id=\"-6-leading-enterprise-strength-guarantee-full-link-service-support-\"><strong>6. \u00d6nde gelen kurumsal g\u00fc\u00e7 garantisi, tam ba\u011flant\u0131 servis deste\u011fi<\/strong><\/h2>\n<p>Bask\u0131 ve ambalaj sekt\u00f6r\u00fcnde lider bir kurulu\u015f olarak, 2.500'den fazla yerli ve yabanc\u0131 markaya hizmet verdik ve a\u015fa\u011f\u0131daki temel avantajlar\u0131 sa\u011fl\u0131yoruz:<\/p>\n<ul>\n<li><strong>Esnek \u00fcretim<\/strong>Acil sipari\u015flerin ihtiya\u00e7lar\u0131n\u0131 kar\u015f\u0131lamak i\u00e7in 500 adet minimum sipari\u015f, g\u00fcnl\u00fck milyonlarca \u00fcretim kapasitesini destekler.<\/li>\n<li><strong>Tam s\u00fcre\u00e7 hizmeti<\/strong>: tasar\u0131m tasla\u011f\u0131 optimizasyonundan (AI\/CDR\/AI format\u0131n\u0131 destekler), prova onay\u0131ndan seri \u00fcretime kadar, 7-14 g\u00fcn i\u00e7inde son derece h\u0131zl\u0131 teslimat.<\/li>\n<li><strong>Sat\u0131\u015f sonras\u0131 garanti<\/strong>: Hasar tazminat\u0131, lojistik izleme ve depolama y\u00f6netimi hizmetleri sa\u011flay\u0131n ve sat\u0131\u015f sonras\u0131 yan\u0131t s\u00fcresi 24 saatten azd\u0131r.<\/li>\n<\/ul>\n<h2 id=\"-technical-parameters-\"><strong>Teknik parametreler<\/strong><\/h2>\n<table>\n<thead>\n<tr>\n<th>Proje<\/th>\n<th>Teknik \u00d6zellikler<\/th>\n<\/tr>\n<\/thead>\n<tbody>\n<tr>\n<td>Malzeme<\/td>\n<td>\u00c7evre dostu siyah karton + 1200g tek tarafl\u0131 siyah gri tahta<\/td>\n<\/tr>\n<tr>\n<td>S\u00fcre\u00e7<\/td>\n<td>S\u0131cak damgalama folyo \/ Spot UV \/ kabartma \/ laminasyon (iste\u011fe ba\u011fl\u0131)<\/td>\n<\/tr>\n<tr>\n<td>Boyut<\/td>\n<td>1-100cm \u00f6zelle\u015ftirme deste\u011fi<\/td>\n<\/tr>\n<tr>\n<td>Minimum sipari\u015f miktar\u0131<\/td>\n<td>500 adet<\/td>\n<\/tr>\n<tr>\n<td>Teslimat d\u00f6ng\u00fcs\u00fc<\/td>\n<td>7-14 g\u00fcn (s\u00fcrecin karma\u015f\u0131kl\u0131\u011f\u0131na ba\u011fl\u0131 olarak ayarlan\u0131r)<\/td>\n<\/tr>\n<\/tbody>\n<\/table>\n<h2 id=\"-cooperation-process-\"><strong>\u0130\u015fbirli\u011fi s\u00fcreci<\/strong><\/h2>\n<ol>\n<li><strong>Talep onay\u0131<\/strong>: \u00dcr\u00fcn boyutu, tasar\u0131m tasla\u011f\u0131 ve s\u00fcre\u00e7 gereksinimlerini sa\u011flay\u0131n.<\/li>\n<li><strong>Prova incelemesi<\/strong>: 3-5 i\u015f g\u00fcn\u00fc i\u00e7inde fiziksel numune kutular\u0131 sa\u011flay\u0131n.<\/li>\n<li><strong>Seri \u00fcretim<\/strong>: Avans \u00f6demesinden sonra \u00fcretime ba\u015flay\u0131n ve s\u00fcre\u00e7 boyunca kalite denetimini izleyin.<\/li>\n<li><strong>Lojistik teslimat<\/strong>: K\u00fcresel ta\u015f\u0131mac\u0131l\u0131\u011f\u0131 destekleyin ve darbeye dayan\u0131kl\u0131 ambalaj \u00e7\u00f6z\u00fcmleri sa\u011flay\u0131n.<\/li>\n<\/ol>","protected":false},"excerpt":{"rendered":"<p>Bu kutu, geleneksel kare kutu \u015feklini k\u0131rarak benzersiz bir \u00fc\u00e7gen \u015fekle sahiptir. \u00dcst ve alt kutunun a\u00e7\u0131l\u0131p kapanmas\u0131 kolayd\u0131r ve kutudan \u00e7\u0131karma deneyimini geli\u015ftirir<\/p>","protected":false},"featured_media":305,"template":"","meta":{"_kad_post_transparent":"default","_kad_post_title":"","_kad_post_layout":"default","_kad_post_sidebar_id":"","_kad_post_content_style":"default","_kad_post_vertical_padding":"default","_kad_post_feature":"","_kad_post_feature_position":"","_kad_post_header":false,"_kad_post_footer":false,"_kad_post_classname":""},"product_brand":[],"product_cat":[15,19,17],"product_tag":[95,93,94],"class_list":{"0":"post-302","1":"product","2":"type-product","3":"status-publish","4":"has-post-thumbnail","6":"product_cat-red-light-therapy","7":"product_cat-red-light-therapy-stand","8":"product_cat-services","9":"product_tag-triangular-boxes-wholesale","10":"product_tag-triangular-packaging-boxes","11":"product_tag-triangular-rigid-boxes","13":"first","14":"instock","15":"shipping-taxable","16":"product-type-simple","17":"entry","18":"content-bg","19":"loop-entry"},"_links":{"self":[{"href":"https:\/\/red-lighttherapy.com\/tr\/wp-json\/wp\/v2\/product\/302","targetHints":{"allow":["GET"]}}],"collection":[{"href":"https:\/\/red-lighttherapy.com\/tr\/wp-json\/wp\/v2\/product"}],"about":[{"href":"https:\/\/red-lighttherapy.com\/tr\/wp-json\/wp\/v2\/types\/product"}],"wp:featuredmedia":[{"embeddable":true,"href":"https:\/\/red-lighttherapy.com\/tr\/wp-json\/wp\/v2\/media\/305"}],"wp:attachment":[{"href":"https:\/\/red-lighttherapy.com\/tr\/wp-json\/wp\/v2\/media?parent=302"}],"wp:term":[{"taxonomy":"product_brand","embeddable":true,"href":"https:\/\/red-lighttherapy.com\/tr\/wp-json\/wp\/v2\/product_brand?post=302"},{"taxonomy":"product_cat","embeddable":true,"href":"https:\/\/red-lighttherapy.com\/tr\/wp-json\/wp\/v2\/product_cat?post=302"},{"taxonomy":"product_tag","embeddable":true,"href":"https:\/\/red-lighttherapy.com\/tr\/wp-json\/wp\/v2\/product_tag?post=302"}],"curies":[{"name":"wp","href":"https:\/\/api.w.org\/{rel}","templated":true}]}}