{"id":296,"date":"2025-04-10T14:37:20","date_gmt":"2025-04-10T14:37:20","guid":{"rendered":"https:\/\/red-lighttherapy.com\/?post_type=product&#038;p=296"},"modified":"2025-04-10T14:47:44","modified_gmt":"2025-04-10T14:47:44","slug":"wholesale-perfume-cosmetic-packaging-gift-boxes-supplier","status":"publish","type":"product","link":"https:\/\/red-lighttherapy.com\/tr\/wholesale-perfume-cosmetic-packaging-gift-boxes-supplier\/","title":{"rendered":"Toptan Parf\u00fcm Kozmetik Ambalaj Hediye Kutular\u0131 Tedarik\u00e7isi"},"content":{"rendered":"<h3 id=\"product-description-of-perfume-and-cosmetics-gift-box-with-top-and-bottom-cover\">Toptan Parf\u00fcm Kozmetik Ambalaj Hediye Kutular\u0131 Tedarik\u00e7isi<\/h3>\n<h2 id=\"-1-top-and-bottom-cover-box-design-combining-practicality-and-aesthetic-value-\"><strong>1. Pratiklik ve Estetik De\u011feri Birle\u015ftiren \u00dcst ve Alt Kutu Tasar\u0131m\u0131<\/strong><\/h2>\n<p>Bu hediye kutusu, basit ve istikrarl\u0131 bir yap\u0131ya sahip klasik \u00fcst ve alt kapak kutusu tipini benimser. \u00dcst kapak ve alt kutu, a\u00e7\u0131l\u0131p kapanmaya uygun ve rit\u00fcel duygusuyla dolu olan hassas ge\u00e7meli veya manyetik emi\u015f ile ba\u011flan\u0131r.<\/p>\n<h2 id=\"-2-high-standard-material-combination-taking-into-account-both-protection-and-texture-\"><strong>2. Hem koruma hem de dokuyu dikkate alan y\u00fcksek standartl\u0131 malzeme kombinasyonu<\/strong><\/h2>\n<ul>\n<li><strong>D\u0131\u015f kutu malzemesi<\/strong>: Y\u00fcksek sertli\u011fe ve g\u00fc\u00e7l\u00fc bas\u0131n\u00e7 direncine sahip, nakliye s\u0131ras\u0131nda \u00e7arp\u0131\u015fma ve ekstr\u00fczyona etkili bir \u015fekilde direnebilen ve i\u00e7 \u00fcr\u00fcnlerin g\u00fcvenli\u011fini sa\u011flayan 157g ku\u015fe ka\u011f\u0131t laminasyon + 1200G gri tahta se\u00e7ilmi\u015ftir.<\/li>\n<li><strong>\u0130\u00e7 kutu tasar\u0131m\u0131<\/strong>: \u0130\u00e7 kutunun y\u00fczeyi, serigrafi veya grav\u00fcr bask\u0131 teknolojisi ile birle\u015ftirilmi\u015f, metalik parlakl\u0131k ve hassas dokunu\u015f sunan ve genel ambalaj\u0131n l\u00fcks\u00fcn\u00fc art\u0131ran g\u00fcm\u00fc\u015f fla\u015f efekti s\u00fcrecini benimser.<\/li>\n<\/ul>\n<h2 id=\"-3-high-end-craft-details-creating-a-dual-visual-and-tactile-experience-\"><strong>3. \u0130kili bir g\u00f6rsel ve dokunsal deneyim yaratan \u00fcst d\u00fczey zanaat detaylar\u0131<\/strong><\/h2>\n<ul>\n<li><strong>Kabartmal\u0131 i\u015f\u00e7ilik<\/strong>: D\u0131\u015f kutunun y\u00fczeyi, g\u00f6rsel incelik ve dokunsal katmanlamay\u0131 geli\u015ftirmek i\u00e7in \u00fc\u00e7 boyutlu kabartma teknolojisi ile desenler veya marka logolar\u0131 ile \u015fekillendirilmi\u015ftir.<\/li>\n<li><strong>S\u0131cak g\u00fcm\u00fc\u015f ve k\u0131smi UV<\/strong>: Kutu y\u00fczeyindeki logo ve metin, k\u0131smi UV vernik kaplamal\u0131 s\u0131cak g\u00fcm\u00fc\u015ft\u00fcr, mat ve parlak bir kontrast olu\u015fturarak marka tonunu ve \u00fcr\u00fcn kalitesini daha da vurgular.<\/li>\n<\/ul>\n<h2 id=\"-4-customized-lining-structure-all-round-product-protection-\"><strong>4. \u00d6zelle\u015ftirilmi\u015f astar yap\u0131s\u0131, \u00e7ok y\u00f6nl\u00fc \u00fcr\u00fcn korumas\u0131<\/strong><\/h2>\n<p>\u0130\u00e7 tepsi, y\u00fczeyinde yumu\u015fak kadife bulunan siyah EVA malzemeden yap\u0131lm\u0131\u015ft\u0131r ve yaln\u0131zca parf\u00fcm \u015fi\u015felerini veya kozmetik \u00fcr\u00fcnlerini sabitlemekle kalmaz, ayn\u0131 zamanda titre\u015fimi tamponlar ve \u00e7izilmeleri \u00f6nler. Ki\u015fiselle\u015ftirilmi\u015f \u00f6zelle\u015ftirmeyi destekler ve farkl\u0131 \u00fcr\u00fcnlerin \u015fekline ve koruma ihtiya\u00e7lar\u0131na uyum sa\u011flamak i\u00e7in m\u00fc\u015fteri ihtiya\u00e7lar\u0131na g\u00f6re y\u00fcksek yo\u011funluklu k\u00f6p\u00fck, flok veya par\u00e7alanabilir malzemelerle de\u011fi\u015ftirilebilir.<\/p>\n<h2 id=\"-5-simple-aesthetic-design-conveying-the-high-end-image-of-the-brand-\"><strong>5. Markan\u0131n \u00fcst d\u00fczey imaj\u0131n\u0131 yans\u0131tan sade estetik tasar\u0131m<\/strong><\/h2>\n<p>Genel olarak siyah ve g\u00fcm\u00fc\u015ften olu\u015fan ambalaj, sade bir marka LOGOSU ve metin d\u00fczeni ile \u00fcst d\u00fczey, \u015f\u0131k ve profesyonel bir g\u00f6rsel stil yarat\u0131yor. Tasar\u0131m dili \"az \u00e7oktur\" ilkesini takip ediyor ve renk kontrast\u0131 ve bo\u015f i\u015fleme yoluyla marka tan\u0131n\u0131rl\u0131\u011f\u0131n\u0131 g\u00fc\u00e7lendiriyor.<\/p>\n<h2 id=\"-6-personalized-customization-service-to-meet-diverse-needs-\"><strong>6. Farkl\u0131 ihtiya\u00e7lar\u0131 kar\u015f\u0131lamak i\u00e7in ki\u015fiselle\u015ftirilmi\u015f \u00f6zelle\u015ftirme hizmeti<\/strong><\/h2>\n<p>Tasar\u0131mdan \u00fcretime kadar tek elden \u00f6zelle\u015ftirme hizmetleri sunuyoruz:<\/p>\n<ul>\n<li><strong>Yap\u0131sal yenilik<\/strong>: Bele a\u00e7\u0131k, e\u011fik a\u011f\u0131zl\u0131, akrilik \u015feffaf kapakl\u0131 ve di\u011fer \u00fcst ve alt kapak t\u00fcrevi kutu t\u00fcrlerini destekler ve etkile\u015fimi art\u0131rmak i\u00e7in d\u00f6nd\u00fcrme ve ayd\u0131nlatma gibi yarat\u0131c\u0131 yap\u0131larla birle\u015ftirilebilir.<\/li>\n<li><strong>Esnek s\u00fcre\u00e7<\/strong>: K\u00fc\u00e7\u00fck parti ki\u015fiselle\u015ftirilmi\u015f sipari\u015flerin ihtiya\u00e7lar\u0131n\u0131 kar\u015f\u0131lamak i\u00e7in ofset bask\u0131, grav\u00fcr bask\u0131, s\u0131cak damgalama, serigrafi ve di\u011fer i\u015flem kombinasyonlar\u0131n\u0131 destekler.<\/li>\n<li><strong>Marka adaptasyonu<\/strong>: Bask\u0131 efektinin marka standard\u0131yla son derece tutarl\u0131 olmas\u0131n\u0131 sa\u011flamak i\u00e7in m\u00fc\u015fterinin marka renk kart\u0131na g\u00f6re do\u011fru renk y\u00f6netimi ger\u00e7ekle\u015ftirilebilir.<\/li>\n<\/ul>\n<h2 id=\"-7-large-scale-production-capacity-to-ensure-quality-and-delivery-\"><strong>7. Kalite ve teslimat\u0131 sa\u011flamak i\u00e7in b\u00fcy\u00fck \u00f6l\u00e7ekli \u00fcretim kapasitesi<\/strong><\/h2>\n<p>Fabrika 5.320 metrekarelik bir alan\u0131 kaplamaktad\u0131r ve 16 y\u0131ll\u0131k profesyonel \u00fcretim deneyimine sahiptir. Otomatik \u00fcretim hatlar\u0131 ve geli\u015fmi\u015f bask\u0131 ekipmanlar\u0131 (ofset bask\u0131 makineleri ve UV bask\u0131 makineleri gibi) ile donat\u0131lm\u0131\u015ft\u0131r. Standartla\u015ft\u0131r\u0131lm\u0131\u015f s\u00fcre\u00e7ler ve s\u0131k\u0131 kalite kontrol sistemleri sayesinde, b\u00fcy\u00fck hacimli sipari\u015flerin istikrarl\u0131 teslimat\u0131n\u0131 ve kalite tutarl\u0131l\u0131\u011f\u0131n\u0131 sa\u011flamak i\u00e7in g\u00fcnl\u00fck 100.000 par\u00e7adan fazla \u00e7\u0131kt\u0131 elde edilmektedir.<\/p>\n<h2 id=\"-advantages-of-cooperation-\"><strong>\u0130\u015fbirli\u011finin avantajlar\u0131<\/strong>:<\/h2>\n<ul>\n<li><strong>Maliyet optimizasyonu<\/strong>: B\u00fcy\u00fck \u00f6l\u00e7ekli tedarik ve \u00fcretim s\u00fcreci optimizasyonu yoluyla m\u00fc\u015fterilere uygun maliyetli \u00e7\u00f6z\u00fcmler sunmak.<\/li>\n<li><strong>\u00c7evre koruma konsepti<\/strong>: S\u00fcrd\u00fcr\u00fclebilir kalk\u0131nma trendine yan\u0131t vermek i\u00e7in iste\u011fe ba\u011fl\u0131 \u00e7evre dostu malzemeler (geri d\u00f6n\u00fc\u015ft\u00fcr\u00fclm\u00fc\u015f karton, par\u00e7alanabilir EVA gibi).<\/li>\n<li><strong>Sat\u0131\u015f sonras\u0131 destek<\/strong>: Tasar\u0131m tasla\u011f\u0131 incelemesi, prova onay\u0131, lojistik takibi vb. gibi tam s\u00fcre\u00e7 hizmetleri sa\u011flay\u0131n ve kalite sorunlar\u0131 i\u00e7in iade ve de\u011fi\u015fim garantisi verin.<\/li>\n<\/ul>","protected":false},"excerpt":{"rendered":"<p>Bu kutu, sade ve zarif yap\u0131s\u0131, kolay a\u00e7\u0131l\u0131p kapanmas\u0131 ve kabartmal\u0131 i\u015f\u00e7ili\u011fiyle g\u00f6rsel bir incelik ve zengin bir dokunma deneyimi sunan bir \u00fcst ve alt kutudur.<\/p>","protected":false},"featured_media":298,"template":"","meta":{"_kad_post_transparent":"default","_kad_post_title":"","_kad_post_layout":"default","_kad_post_sidebar_id":"","_kad_post_content_style":"default","_kad_post_vertical_padding":"default","_kad_post_feature":"","_kad_post_feature_position":"","_kad_post_header":false,"_kad_post_footer":false,"_kad_post_classname":""},"product_brand":[],"product_cat":[15,28,19,17],"product_tag":[91,90,92],"class_list":{"0":"post-296","1":"product","2":"type-product","3":"status-publish","4":"has-post-thumbnail","6":"product_cat-red-light-therapy","7":"product_cat-customize","8":"product_cat-red-light-therapy-stand","9":"product_cat-services","10":"product_tag-cosmetic-packaging-supplier","11":"product_tag-perfume-boxes","12":"product_tag-perfume-cosmetic-gift-boxes","14":"first","15":"instock","16":"shipping-taxable","17":"product-type-simple","18":"entry","19":"content-bg","20":"loop-entry"},"_links":{"self":[{"href":"https:\/\/red-lighttherapy.com\/tr\/wp-json\/wp\/v2\/product\/296","targetHints":{"allow":["GET"]}}],"collection":[{"href":"https:\/\/red-lighttherapy.com\/tr\/wp-json\/wp\/v2\/product"}],"about":[{"href":"https:\/\/red-lighttherapy.com\/tr\/wp-json\/wp\/v2\/types\/product"}],"wp:featuredmedia":[{"embeddable":true,"href":"https:\/\/red-lighttherapy.com\/tr\/wp-json\/wp\/v2\/media\/298"}],"wp:attachment":[{"href":"https:\/\/red-lighttherapy.com\/tr\/wp-json\/wp\/v2\/media?parent=296"}],"wp:term":[{"taxonomy":"product_brand","embeddable":true,"href":"https:\/\/red-lighttherapy.com\/tr\/wp-json\/wp\/v2\/product_brand?post=296"},{"taxonomy":"product_cat","embeddable":true,"href":"https:\/\/red-lighttherapy.com\/tr\/wp-json\/wp\/v2\/product_cat?post=296"},{"taxonomy":"product_tag","embeddable":true,"href":"https:\/\/red-lighttherapy.com\/tr\/wp-json\/wp\/v2\/product_tag?post=296"}],"curies":[{"name":"wp","href":"https:\/\/api.w.org\/{rel}","templated":true}]}}