{"id":290,"date":"2025-04-10T14:24:46","date_gmt":"2025-04-10T14:24:46","guid":{"rendered":"https:\/\/red-lighttherapy.com\/?post_type=product&#038;p=290"},"modified":"2025-04-10T14:37:11","modified_gmt":"2025-04-10T14:37:11","slug":"custom-beauty-cosmetics-eyelash-serum-packaging-box-oem-odm","status":"publish","type":"product","link":"https:\/\/red-lighttherapy.com\/tr\/custom-beauty-cosmetics-eyelash-serum-packaging-box-oem-odm\/","title":{"rendered":"\u00d6zel G\u00fczellik Kozmetik Kirpik Serumu Ambalaj Kutusu OEM ODM"},"content":{"rendered":"<h2 id=\"obsidian-luxury-series-magnetic-book-shaped-eyelash-essence-gift-box-oem-odm-customized-version-\">\u00d6zel G\u00fczellik Kozmetik Kirpik Serumu Ambalaj Kutusu OEM ODM<\/h2>\n<h2 id=\"-core-parameters-and-technical-specifications-\"><strong>\u00c7ekirdek Parametreler ve Teknik \u00d6zellikler<\/strong><\/h2>\n<ol>\n<li><strong>Malzeme ve Yap\u0131<\/strong><\/li>\n<li><strong>Y\u00fczey Ka\u011f\u0131d\u0131<\/strong>: Se\u00e7ilmi\u015f 157G parlak ku\u015fe ka\u011f\u0131t, y\u00fczeyde mat film, hassas dokunu\u015f ve a\u015f\u0131nmaya dayan\u0131kl\u0131 ve kirlenme \u00f6nleyici.<\/li>\n<li><strong>Substrat<\/strong>: Kutu g\u00f6vdesinin d\u00fczl\u00fc\u011f\u00fcn\u00fc sa\u011flamak i\u00e7in depresyon i\u015flemi ile i\u015flenen 1200GSM y\u00fcksek yo\u011funluklu gri tahta benimseyin ve \u00fcr\u00fcn\u00fc m\u00fckemmel bir \u015fekilde destekleyen ve nakliye s\u0131ras\u0131nda deformasyonu \u00f6nleyen 30% ile bas\u0131n\u00e7 dayan\u0131m\u0131n\u0131 art\u0131r\u0131n.<\/li>\n<li><strong>Manyetik Emi\u015f Sistemi<\/strong>: Dahili NdFeB g\u00fc\u00e7l\u00fc m\u0131knat\u0131s, emme kuvveti 0.8-1.2N'ye kadar do\u011frudur, sorunsuz bir \u015fekilde a\u00e7\u0131l\u0131r ve kapan\u0131r ve s\u0131k\u0131ca kapan\u0131r, kutuyu a\u00e7arken rit\u00fcel hissi verir.<\/li>\n<li><strong>G\u00f6r\u00fcn\u00fcm tasar\u0131m\u0131 ve i\u015f\u00e7ilik<\/strong><\/li>\n<li><strong>Renk tonu<\/strong>: Saf siyah mat arka plan, spot renkli bask\u0131 teknolojisi ile elde edilen derin obsidyen doku, marka logosu s\u0131cak g\u00fcm\u00fc\u015f (Pantone 877C spot renk) ve s\u0131cak k\u0131rm\u0131z\u0131 alt\u0131n (Pantone 871C spot renk) teknolojisi ile e\u015fle\u015ftirildi, metalik parlakl\u0131k kontrast\u0131 keskin ve g\u00f6rsel etki g\u00fc\u00e7l\u00fc.<\/li>\n<li><strong>S\u0131cak damgalama hassasiyeti<\/strong>: \u22640.1mm hata, marka LOGO gibi \u00e7ok seviyeli \u00fc\u00e7 boyutlu s\u0131cak damgalama etkisini destekler, \u00fc\u00e7 boyutlu seviyeyi vurgulamak i\u00e7in kabartmal\u0131 s\u0131cak g\u00fcm\u00fc\u015f + d\u00fcz s\u0131cak k\u0131rm\u0131z\u0131 alt\u0131n s\u00fcperpozisyon i\u015flemini benimser.<\/li>\n<li><strong>Kutu tipi ve i\u015flevsel tasar\u0131m<\/strong><\/li>\n<li><strong>Kitap tipi yap\u0131<\/strong>: \u00dcst ve alt kapak flip-top tasar\u0131m\u0131, kutu kapa\u011f\u0131n\u0131n a\u00e7\u0131lma a\u00e7\u0131s\u0131 \u2265150 \u00b0 'dir ve ekran y\u00fczeyi maksimize edilmi\u015ftir; i\u00e7 kutu, esans \u015fi\u015fesinin sallanmas\u0131n\u0131 \u00f6nlemek i\u00e7in 5 mm derinli\u011fe g\u00f6m\u00fcl\u00fcd\u00fcr.<\/li>\n<li><strong>Bask\u0131 \u00f6zelle\u015ftirme<\/strong>: CMYK d\u00f6rt renkli bask\u0131, spot renk Pantone renk numaras\u0131 e\u015fle\u015ftirme ve UV yerel verni\u011fi destekler ve tatil s\u0131n\u0131rl\u0131 s\u00fcr\u00fcmleri, ortak modeller ve di\u011fer \u00e7oklu temalar i\u00e7in uygun olan marka hikayelerini, i\u00e7erik a\u00e7\u0131klamalar\u0131n\u0131 veya sanat ill\u00fcstrasyonlar\u0131n\u0131 esnek bir \u015fekilde yazd\u0131rabilir.<\/li>\n<li><strong>\u0130\u00e7 tepsi yap\u0131land\u0131rma plan\u0131<\/strong><\/li>\n<li><strong>Malzeme se\u00e7enekleri<\/strong>:<\/li>\n<li><strong>EVA floklama<\/strong>: 3mm kal\u0131nl\u0131k, y\u00fczeyde siyah k\u0131sa flok, l\u00fcks dokunu\u015fla kaymaz ve darbeye dayan\u0131kl\u0131.<\/li>\n<li><strong>\u0130pek kuma\u015f astar<\/strong>: 100% dut ipek kuma\u015f, iste\u011fe ba\u011fl\u0131 \u015farap k\u0131rm\u0131z\u0131s\u0131 \/ koyu ye\u015fil \/ \u015fampanya rengi, el pilili teknolojisi ile \u00fcst d\u00fczey konumland\u0131rmay\u0131 vurgular.<\/li>\n<li><strong>\u00c7evre dostu ka\u011f\u0131t tepsisi<\/strong>: Par\u00e7alanabilir gri kart kal\u0131p kesim, tek \u015fi\u015fe \/ \u00e7ift \u015fi\u015fe kart yuvas\u0131 tasar\u0131m\u0131n\u0131 destekler, 15-30ml esans \u015fi\u015fesinin \u00e7e\u015fitli \u00f6zellikleri i\u00e7in uygundur.<\/li>\n<li><strong>\u0130\u015flev geni\u015fletme<\/strong>: Talimatlar\u0131, maskara f\u0131r\u00e7alar\u0131n\u0131 ve di\u011fer aksesuarlar\u0131 yerle\u015ftirmek i\u00e7in g\u00f6r\u00fcnmez \u00e7ekmeceler ve katmanl\u0131 yap\u0131lar entegre edebilir.<\/li>\n<\/ol>\n<h2 id=\"-customized-service-advantages-\"><strong>\u00d6zelle\u015ftirilmi\u015f hizmet avantajlar\u0131<\/strong><\/h2>\n<ul>\n<li><strong>Tasar\u0131m uyarlamas\u0131<\/strong>: Kitap \u015feklindeki kutular, \u00fcst ve alt kapaklar, \u00e7ekmece tipi vb. gibi 8'den fazla temel kutu kitapl\u0131\u011f\u0131 sa\u011flay\u0131n, \u00f6zel \u015fekilli kal\u0131p kesimini (kavisli k\u00f6\u015feler, i\u00e7i bo\u015f pencereler gibi) ve y\u00fczey i\u015flemi kombinasyonlar\u0131n\u0131 (kabartma + s\u0131cak damgalama + serigrafi) destekleyin.<\/li>\n<li><strong>\u00dcretim d\u00f6ng\u00fcs\u00fc<\/strong>: Numune yap\u0131m\u0131 i\u00e7in 5-7 g\u00fcn, seri \u00fcretim teslimat\u0131 i\u00e7in 15-20 g\u00fcn (1000-5000 set minimum sipari\u015f), k\u00fc\u00e7\u00fck parti esnek \u00fcretimi destekler.<\/li>\n<li><strong>\u00c7evre sertifikas\u0131<\/strong>: FSC orman sertifikasyonundan ge\u00e7mi\u015ftir, i\u00e7 tepsi malzemesi REACH ve RoHS standartlar\u0131na uygundur ve bir karbon ayak izi raporu sa\u011flanabilir.<\/li>\n<\/ul>\n<h2 id=\"-application-scenarios-and-value-enhancement-\"><strong>Uygulama senaryolar\u0131 ve de\u011fer art\u0131r\u0131m\u0131<\/strong><\/h2>\n<ul>\n<li><strong>Marka imaj\u0131<\/strong>: Siyah ve alt\u0131n rengi esteti\u011fi ve manyetik a\u00e7ma ve kapama etkile\u015fimli tasar\u0131m\u0131 sayesinde \"profesyonel, \u00fcst d\u00fczey ve zarif\" marka tonunu g\u00fc\u00e7lendirir ve kutudan \u00e7\u0131karma deneyimini ve kullan\u0131c\u0131 bellek noktalar\u0131n\u0131 geli\u015ftirir.<\/li>\n<li><strong>Pazarlama g\u00fc\u00e7lendirme<\/strong>: QR kodu s\u0131cak damgalama, AR etkile\u015fimli katman bask\u0131s\u0131n\u0131 destekleyin, \u00e7evrimi\u00e7i dijital i\u00e7eri\u011fi ba\u011flay\u0131n ve \u00fcr\u00fcn ve efekt entegrasyonu sa\u011flay\u0131n.<\/li>\n<\/ul>\n<h2 id=\"-service-commitment-\"><strong>Hizmet taahh\u00fcd\u00fc<\/strong><\/h2>\n<p>Yap\u0131sal tasar\u0131mdan malzeme se\u00e7imine ve s\u00fcre\u00e7 uygulamas\u0131na kadar tam s\u00fcre\u00e7 ODM deste\u011fi sa\u011flayarak, her bir ba\u011flant\u0131n\u0131n marka DNA's\u0131yla derinlemesine uyumlu olmas\u0131n\u0131 sa\u011flamak ve \u00fcr\u00fcn\u00fcn \u00fcst d\u00fczey g\u00fczellik pazar\u0131nda \u00f6ne \u00e7\u0131kmas\u0131na yard\u0131mc\u0131 olmak.<\/p>","protected":false},"excerpt":{"rendered":"<p>Bu manyetik kapakl\u0131 kutu ciddi bir a\u00e7ma ve kapama y\u00f6ntemine sahiptir. Zarif g\u00fcm\u00fc\u015f ve k\u0131rm\u0131z\u0131 alt\u0131n s\u0131cak damgalama i\u015f\u00e7ili\u011fi benzersiz bir \u00e7ekicilik ve ola\u011fan\u00fcst\u00fc bir stil katar.<\/p>","protected":false},"featured_media":292,"template":"","meta":{"_kad_post_transparent":"default","_kad_post_title":"","_kad_post_layout":"default","_kad_post_sidebar_id":"","_kad_post_content_style":"default","_kad_post_vertical_padding":"default","_kad_post_feature":"","_kad_post_feature_position":"","_kad_post_header":false,"_kad_post_footer":false,"_kad_post_classname":""},"product_brand":[],"product_cat":[15,28,17],"product_tag":[87,89,88],"class_list":{"0":"post-290","1":"product","2":"type-product","3":"status-publish","4":"has-post-thumbnail","6":"product_cat-red-light-therapy","7":"product_cat-customize","8":"product_cat-services","9":"product_tag-custom-beauty-packaging","10":"product_tag-custom-cosmetics-packaging","11":"product_tag-eyelash-serum-packaging-box","13":"first","14":"instock","15":"shipping-taxable","16":"product-type-simple","17":"entry","18":"content-bg","19":"loop-entry"},"_links":{"self":[{"href":"https:\/\/red-lighttherapy.com\/tr\/wp-json\/wp\/v2\/product\/290","targetHints":{"allow":["GET"]}}],"collection":[{"href":"https:\/\/red-lighttherapy.com\/tr\/wp-json\/wp\/v2\/product"}],"about":[{"href":"https:\/\/red-lighttherapy.com\/tr\/wp-json\/wp\/v2\/types\/product"}],"wp:featuredmedia":[{"embeddable":true,"href":"https:\/\/red-lighttherapy.com\/tr\/wp-json\/wp\/v2\/media\/292"}],"wp:attachment":[{"href":"https:\/\/red-lighttherapy.com\/tr\/wp-json\/wp\/v2\/media?parent=290"}],"wp:term":[{"taxonomy":"product_brand","embeddable":true,"href":"https:\/\/red-lighttherapy.com\/tr\/wp-json\/wp\/v2\/product_brand?post=290"},{"taxonomy":"product_cat","embeddable":true,"href":"https:\/\/red-lighttherapy.com\/tr\/wp-json\/wp\/v2\/product_cat?post=290"},{"taxonomy":"product_tag","embeddable":true,"href":"https:\/\/red-lighttherapy.com\/tr\/wp-json\/wp\/v2\/product_tag?post=290"}],"curies":[{"name":"wp","href":"https:\/\/api.w.org\/{rel}","templated":true}]}}