{"id":284,"date":"2025-04-10T14:14:31","date_gmt":"2025-04-10T14:14:31","guid":{"rendered":"https:\/\/red-lighttherapy.com\/?post_type=product&#038;p=284"},"modified":"2025-04-10T14:24:36","modified_gmt":"2025-04-10T14:24:36","slug":"wholesale-custom-cosmetic-essential-oil-packaging-boxes","status":"publish","type":"product","link":"https:\/\/red-lighttherapy.com\/tr\/wholesale-custom-cosmetic-essential-oil-packaging-boxes\/","title":{"rendered":"Toptan \u00d6zel Kozmetik U\u00e7ucu Ya\u011f Ambalaj Kutular\u0131"},"content":{"rendered":"<h3 id=\"high-end-customized-cosmetic-essential-oil-packaging-box-a-comprehensive-solution-that-integrates-craft-aesthetics-and-functionality\">Toptan \u00d6zel Kozmetik U\u00e7ucu Ya\u011f Ambalaj Kutular\u0131 - El Sanatlar\u0131 Esteti\u011fini ve \u0130\u015flevselli\u011fini B\u00fct\u00fcnle\u015ftiren Kapsaml\u0131 Bir \u00c7\u00f6z\u00fcm<\/h3>\n<h2 id=\"-i-visual-core-the-ultimate-collision-of-single-black-printing-and-hot-stamping-technology-\"><strong>1. G\u00f6rsel \u00e7ekirdek: tek siyah bask\u0131 ve s\u0131cak damgalama teknolojisinin nihai \u00e7arp\u0131\u015fmas\u0131<\/strong><\/h2>\n<ol>\n<li><strong>Tek siyah bask\u0131<\/strong>: C0\/M0\/Y0\/K100 saf siyah m\u00fcrekkep teknolojisini kullanarak, hassas bask\u0131 do\u011frulu\u011fu ile derin bir arka plan rengi sunar, d\u00f6rt renkli \u00fcst bask\u0131 hatas\u0131 riskini \u00f6nler ve LOGO ve metnin kenarlar\u0131n\u0131n keskin ve net olmas\u0131n\u0131 sa\u011flar. Siyah arka plan gece kadar gizemlidir, markaya \u00fcst d\u00fczey ve istikrarl\u0131 bir g\u00f6rsel ton enjekte ederken, marka logosunun minimalist esteti\u011fini bo\u015f tasar\u0131mla g\u00fc\u00e7lendirir.<\/li>\n<li><strong>S\u0131cak damgalama teknolojisi<\/strong>: LOGO, y\u00fcksek s\u0131cakl\u0131kta kabartma yoluyla kutu y\u00fczeyine do\u011fru bir \u015fekilde tutturulan 24K alt\u0131n varak s\u0131cak damgalama teknolojisini kullan\u0131r ve metalik parlakl\u0131k siyah mat ile g\u00fc\u00e7l\u00fc bir kontrast olu\u015fturur. S\u0131cak damgalama katman\u0131 0,1 mm kal\u0131nl\u0131\u011f\u0131nda, a\u015f\u0131nmaya ve oksidasyona dayan\u0131kl\u0131d\u0131r ve \u0131\u015f\u0131k k\u0131r\u0131lmas\u0131 alt\u0131nda dinamik bir flama efekti sunarak markan\u0131n l\u00fcks dokusunu vurgular.<\/li>\n<\/ol>\n<h2 id=\"-second-structural-innovation-sky-and-earth-box-and-ritual-opening-and-closing-design-\"><strong>2. Yap\u0131sal yenilik: g\u00f6ky\u00fcz\u00fc ve yery\u00fcz\u00fc kutusu ve rit\u00fcel a\u00e7ma ve kapama tasar\u0131m\u0131<\/strong><\/h2>\n<ol>\n<li><strong>G\u00f6ky\u00fcz\u00fc ve yery\u00fcz\u00fc kutu yap\u0131s\u0131<\/strong>: \u00dcst kapak (g\u00f6ky\u00fcz\u00fc) ve alt kutu (zemin) ba\u011f\u0131ms\u0131z olarak olu\u015fturulur, yerden g\u00f6ky\u00fcz\u00fcne bir tasar\u0131m benimsenir, 1.2 mm kal\u0131nl\u0131\u011f\u0131nda 1200GSM gri tahta alt tabaka ile g\u00f6m\u00fcl\u00fcr, 50kg \/ \u33a1 bas\u0131n\u00e7 dayan\u0131m\u0131 ile nakliye s\u0131ras\u0131nda darbe direnci sa\u011flar. Kutu g\u00f6vdesinin kenar\u0131 5 mm'lik bir e\u011fim i\u015flemi ile i\u015flenir ve a\u00e7ma ve kapama p\u00fcr\u00fczs\u00fcz ve s\u0131k\u0131\u015fmas\u0131zd\u0131r.<\/li>\n<li><strong>Izgara dokusu ve rit\u00fcel duygusu<\/strong>: Kutu y\u00fczeyi, 0,3 mm derinli\u011fe sahip geometrik kabartma \u0131zgaralarla entegre edilmi\u015ftir ve kal\u0131p damgalama yoluyla \u00fc\u00e7 boyutlu bir dokunu\u015f elde edilmi\u015ftir; manyetik a\u00e7ma ve kapama yap\u0131s\u0131 (manyetik kuvvet \u22651,2N), pratiklik ve kutudan \u00e7\u0131karma rit\u00fcel duygusu dikkate al\u0131narak gizli bir \u015ferit \u00e7ekme halkas\u0131 ile e\u015fle\u015ftirilmi\u015ftir.<\/li>\n<\/ol>\n<h2 id=\"-third-material-and-adaptation-dual-guarantee-of-performance-and-aesthetics-\"><strong>3. Malzeme ve adaptasyon: performans ve esteti\u011fin ikili garantisi<\/strong><\/h2>\n<ol>\n<li><strong>D\u0131\u015f kutu malzemesi<\/strong>:<\/li>\n<li><strong>Y\u00fcz ka\u011f\u0131d\u0131<\/strong>: 157G \u00e7ift bak\u0131r ka\u011f\u0131t, y\u00fczey mat ya\u011fl\u0131, hassas dokunu\u015flu ve parmak izi b\u0131rakmaz.<\/li>\n<li><strong>\u0130\u00e7 astar<\/strong>: 1200GSM gri levha, yo\u011funluk 0.92g\/cm\u00b3, y\u00fck ta\u015f\u0131ma performans\u0131 s\u0131radan kartondan 30% daha iyidir.<\/li>\n<li><strong>\u00d6zelle\u015ftirilmi\u015f i\u00e7 tepsi \u00e7\u00f6z\u00fcm\u00fc<\/strong>:<\/li>\n<li><strong>Malzeme se\u00e7enekleri<\/strong>: Flok (0.5mm k\u0131sa t\u00fcyl\u00fc, iste\u011fe ba\u011fl\u0131 \u015farap k\u0131rm\u0131z\u0131s\u0131\/koyu ye\u015fil), karton (350G \u00e7ift beyaz kart), ipek kuma\u015f (ipek jakar).<\/li>\n<li><strong>Fonksiyonel tasar\u0131m<\/strong>: EVA k\u00f6p\u00fck i\u00e7 tepsi (yo\u011funluk 38D-60D) hassas bir \u015fekilde olukludur, 5-100ml u\u00e7ucu ya\u011f \u015fi\u015feleri i\u00e7in uygundur ve anti-sismik performans ISTA 3A sertifikas\u0131n\u0131 ge\u00e7mi\u015ftir.<\/li>\n<\/ol>\n<h2 id=\"-fourth-flexible-customization-various-box-types-and-printing-adaptation-\"><strong>4. Esnek \u00f6zelle\u015ftirme: \u00e7e\u015fitli kutu tipleri ve bask\u0131 adaptasyonu<\/strong><\/h2>\n<ol>\n<li><strong>Kutu tipi k\u00fct\u00fcphane<\/strong>: \u00dcst ve alt kapaklar, \u00e7ekmece tipi, kitap \u015feklindeki kutular vb. gibi 8 temel kutu t\u00fcr\u00fc sa\u011flar, \u00f6zel \u015fekilli kesimi destekler (alt\u0131gen ve kavisli pencere a\u00e7\u0131kl\u0131klar\u0131 gibi) ve i\u015f hediyeleri, perakende te\u015fhirler ve di\u011fer senaryolar i\u00e7in uygundur.<\/li>\n<li><strong>Bask\u0131 d\u00fczeni<\/strong>: Parti ba\u015f\u0131na minimum 500 adet sipari\u015f miktar\u0131 ve 3-5 g\u00fcnl\u00fck prova d\u00f6ng\u00fcs\u00fc ile spot renk Pantone rengi, k\u0131smi UV, kabartma vb. gibi \u00e7oklu i\u015flem kombinasyonlar\u0131n\u0131 destekler, tatil s\u0131n\u0131rl\u0131 s\u00fcr\u00fcmleri ve ortak markal\u0131 \u00fcr\u00fcnler gibi h\u0131zl\u0131 yineleme ihtiya\u00e7lar\u0131n\u0131 kar\u015f\u0131lar.<\/li>\n<\/ol>\n<h2 id=\"-v-quality-commitment-and-value-added-services-\"><strong>5. Kalite Taahh\u00fcd\u00fc ve Katma De\u011ferli Hizmetler<\/strong><\/h2>\n<ul>\n<li><strong>Kalite Kontrol Standard\u0131<\/strong>: SGS \u00e7evre sertifikas\u0131n\u0131 ge\u00e7mi\u015ftir (a\u011f\u0131r metal ve migrasyon tespiti), 48 saatlik s\u0131cakl\u0131k ve nem direnci testini destekler (-20 \u2103 ~ 60 \u2103 d\u00f6ng\u00fc).<\/li>\n<li><strong>Hizmet Ba\u011flant\u0131s\u0131<\/strong>: Minimum 500 adet sipari\u015f miktar\u0131 ve 7-14 g\u00fcnl\u00fck teslimat d\u00f6ng\u00fcs\u00fc ile 3D modelleme provas\u0131, depolama ve da\u011f\u0131t\u0131m ve s\u0131n\u0131r \u00f6tesi lojistik (DDP\/DDU) i\u00e7in tek elden bir \u00e7\u00f6z\u00fcm sunar.<\/li>\n<\/ul>","protected":false},"excerpt":{"rendered":"<p>Kapak ve taban kutusunun benzersiz \u0131zgara tasar\u0131m\u0131, hem ay\u0131rt edici hem de kullan\u0131m\u0131 kolay olan t\u00f6rensel bir a\u00e7ma ve kapama y\u00f6ntemiyle birle\u015ftirilmi\u015ftir.<\/p>","protected":false},"featured_media":289,"template":"","meta":{"_kad_post_transparent":"default","_kad_post_title":"","_kad_post_layout":"default","_kad_post_sidebar_id":"","_kad_post_content_style":"default","_kad_post_vertical_padding":"default","_kad_post_feature":"","_kad_post_feature_position":"","_kad_post_header":false,"_kad_post_footer":false,"_kad_post_classname":""},"product_brand":[],"product_cat":[15,28,19,17],"product_tag":[85,86,80],"class_list":{"0":"post-284","1":"product","2":"type-product","3":"status-publish","4":"has-post-thumbnail","6":"product_cat-red-light-therapy","7":"product_cat-customize","8":"product_cat-red-light-therapy-stand","9":"product_cat-services","10":"product_tag-cosmetic-packaging","11":"product_tag-custom-cosmetic-essential-oil-packaging","12":"product_tag-essential-oil-packaging","14":"first","15":"instock","16":"shipping-taxable","17":"product-type-simple","18":"entry","19":"content-bg","20":"loop-entry"},"_links":{"self":[{"href":"https:\/\/red-lighttherapy.com\/tr\/wp-json\/wp\/v2\/product\/284","targetHints":{"allow":["GET"]}}],"collection":[{"href":"https:\/\/red-lighttherapy.com\/tr\/wp-json\/wp\/v2\/product"}],"about":[{"href":"https:\/\/red-lighttherapy.com\/tr\/wp-json\/wp\/v2\/types\/product"}],"wp:featuredmedia":[{"embeddable":true,"href":"https:\/\/red-lighttherapy.com\/tr\/wp-json\/wp\/v2\/media\/289"}],"wp:attachment":[{"href":"https:\/\/red-lighttherapy.com\/tr\/wp-json\/wp\/v2\/media?parent=284"}],"wp:term":[{"taxonomy":"product_brand","embeddable":true,"href":"https:\/\/red-lighttherapy.com\/tr\/wp-json\/wp\/v2\/product_brand?post=284"},{"taxonomy":"product_cat","embeddable":true,"href":"https:\/\/red-lighttherapy.com\/tr\/wp-json\/wp\/v2\/product_cat?post=284"},{"taxonomy":"product_tag","embeddable":true,"href":"https:\/\/red-lighttherapy.com\/tr\/wp-json\/wp\/v2\/product_tag?post=284"}],"curies":[{"name":"wp","href":"https:\/\/api.w.org\/{rel}","templated":true}]}}