{"id":278,"date":"2025-04-10T14:03:32","date_gmt":"2025-04-10T14:03:32","guid":{"rendered":"https:\/\/red-lighttherapy.com\/?post_type=product&#038;p=278"},"modified":"2025-04-10T14:14:16","modified_gmt":"2025-04-10T14:14:16","slug":"custom-printed-logo-essential-oil-box-packaging-wholesale","status":"publish","type":"product","link":"https:\/\/red-lighttherapy.com\/tr\/custom-printed-logo-essential-oil-box-packaging-wholesale\/","title":{"rendered":"\u00d6zel Bask\u0131l\u0131 Logo U\u00e7ucu Ya\u011f Kutusu Ambalaj Toptan Sat\u0131\u015f"},"content":{"rendered":"<h2 id=\"-customized-printed-logo-essential-oil-box-packaging-wholesale-product-description-\">\u00d6zel Bask\u0131l\u0131 Logo U\u00e7ucu Ya\u011f Kutusu Ambalaj Toptan Sat\u0131\u015f<\/h2>\n<h2 id=\"-i-visual-aesthetics-and-craft-design-\"><strong>1. G\u00f6rsel estetik ve zanaat tasar\u0131m\u0131<\/strong><\/h2>\n<ol>\n<li><strong>Geli\u015fmi\u015f siyah ton esteti\u011fi<\/strong>\u00a0Ana renk olarak koyu siyah\u0131n kullan\u0131lmas\u0131, mat ve yerel \u0131\u015f\u0131k i\u015fleme ile birle\u015ftirildi\u011finde, \u0131\u015f\u0131k ve g\u00f6lge k\u0131r\u0131lmas\u0131 yoluyla d\u00fc\u015f\u00fck anahtar ve l\u00fcks g\u00f6rsel etki sunulur. Tam s\u00fcr\u00fcm UV i\u015flemi, y\u00fczey a\u015f\u0131nma direncini ve parlakl\u0131\u011f\u0131n\u0131 art\u0131rmak i\u00e7in kutu g\u00f6vdesini kaplar. Siyah sakin tonu korurken, ambalaja dinamik \u0131\u015f\u0131k ve g\u00f6lge seviyeleri kazand\u0131rarak marka tan\u0131n\u0131rl\u0131\u011f\u0131n\u0131 \u00f6nemli \u00f6l\u00e7\u00fcde art\u0131r\u0131r.<\/li>\n<li><strong>Kabartmal\u0131 s\u0131cak damgalama i\u015flemi LOGO<\/strong>\u00a0LOGO, kabartmal\u0131 s\u0131cak damgalama i\u015flemini benimser ve y\u00fcksek hassasiyetli kal\u0131p s\u0131cak presleme yoluyla \u00fc\u00e7 boyutlu bir i\u00e7b\u00fckey ve d\u0131\u015fb\u00fckey doku olu\u015fturur, metal folyo (iste\u011fe ba\u011fl\u0131 alt\u0131n, g\u00fcl alt\u0131n veya lazer renkli alt\u0131n) ile \u00fcst \u00fcste bindirilir, bu da dokunuldu\u011funda hassas ve g\u00f6rsel olarak parlar. Bu i\u015flem sadece marka tonunu g\u00fc\u00e7lendirmekle kalmaz, ayn\u0131 zamanda \u00fcr\u00fcn prim alan\u0131n\u0131 art\u0131rmak i\u00e7in sahtecili\u011fe kar\u015f\u0131 bir i\u015faret olarak da kullan\u0131labilir.<\/li>\n<\/ol>\n<h2 id=\"-second-structural-design-and-material-guarantee-\"><strong>2. Yap\u0131sal tasar\u0131m ve malzeme garantisi<\/strong><\/h2>\n<ol>\n<li><strong>\u00dc\u00e7\u00fc bir arada g\u00f6k ve yer kapak kutu tipi<\/strong><\/li>\n<li><strong>Atmosferik a\u00e7\u0131l\u0131p kapanabilen d\u0131\u015f kutu<\/strong>: Cennet ve yery\u00fcz\u00fc \u00f6rt\u00fc yap\u0131s\u0131 \"yery\u00fcz\u00fcn\u00fc kaplayan cennet\" \u015feklinde tasarlanm\u0131\u015ft\u0131r. D\u0131\u015f kutu, 1,3 mm kal\u0131nl\u0131\u011f\u0131nda, y\u00fcksek sertlikte ve g\u00fc\u00e7l\u00fc bas\u0131n\u00e7 direncine sahip 1200GSM y\u00fcksek yo\u011funluklu gri tahta kullan\u0131r. A\u00e7\u0131l\u0131rken ve kapan\u0131rken do\u011fal olarak p\u00fcr\u00fczs\u00fczd\u00fcr ve kapa\u011f\u0131 a\u00e7man\u0131n rit\u00fcel hissi tamd\u0131r.<\/li>\n<li><strong>\u0130\u00e7 kutu te\u015fhire odaklan\u0131r<\/strong>: \u0130\u00e7 destek, y\u00fczeyinde mat film bulunan 157G kaplamal\u0131 ka\u011f\u0131t monte edilmi\u015f gri tahta kullan\u0131r. \u00dcr\u00fcn ortalan\u0131r ve u\u00e7ucu ya\u011f \u015fi\u015fesinin sabit olmas\u0131n\u0131 ve g\u00f6rsel oda\u011f\u0131n yo\u011funla\u015fmas\u0131n\u0131 sa\u011flamak i\u00e7in \u00f6zelle\u015ftirilmi\u015f astar (iste\u011fe ba\u011fl\u0131 EVA, flanel veya \u015feffaf akrilik braket) ile e\u015fle\u015ftirilir.<\/li>\n<li><strong>Bilimsel malzeme e\u015fle\u015ftirme<\/strong><\/li>\n<li><strong>157G ku\u015fe ka\u011f\u0131t<\/strong>: Y\u00fcksek renk \u00fcretimi, d\u00f6rt renkli bask\u0131 ve spot renk \u00f6zelle\u015ftirme i\u00e7in uygundur, Pantone renk numaras\u0131 marka vizyonuyla do\u011fru bir \u015fekilde e\u015fle\u015fir.<\/li>\n<li><strong>1200GSM gri tahta<\/strong>: M\u00fckemmel y\u00fck ta\u015f\u0131ma performans\u0131, uzun mesafeli nakliye darbelerine dayanabilir, g\u00fcnl\u00fck \u00e7\u0131kt\u0131 100.000 par\u00e7aya ula\u015f\u0131r ve b\u00fcy\u00fck \u00f6l\u00e7ekli \u00f6zelle\u015ftirmeyi destekler.<\/li>\n<\/ol>\n<h2 id=\"-three-diversified-adaptation-solutions-\"><strong>3. \u00c7e\u015fitlendirilmi\u015f adaptasyon \u00e7\u00f6z\u00fcmleri<\/strong><\/h2>\n<ol>\n<li><strong>Kutu tipi ve stilinin esnek \u015fekilde \u00f6zelle\u015ftirilmesi<\/strong><\/li>\n<li><strong>Kutu tipi se\u00e7imi<\/strong>: \u00dcst ve alt kapaklara ek olarak, farkl\u0131 senaryolar\u0131n (e-ticaret ta\u015f\u0131mac\u0131l\u0131\u011f\u0131, \u00e7evrimd\u0131\u015f\u0131 te\u015fhir gibi) ihtiya\u00e7lar\u0131n\u0131 kar\u015f\u0131lamak i\u00e7in \u00e7ekmece kutular\u0131, kitap \u015feklinde kutular, \u00f6zel \u015fekilli kutular ve di\u011fer yap\u0131lar sa\u011flanabilir.<\/li>\n<li><strong>Tasar\u0131m geni\u015fletme<\/strong>: Minimalizm, ulusal tarz, soyut sanat vb. gibi \u00e7e\u015fitli stilleri destekler. Kutu y\u00fczeyi, t\u00fcketici deneyimini geli\u015ftirmek i\u00e7in pencere tasar\u0131m\u0131 (\u015feffaf PVC pencere), s\u0131cak g\u00fcm\u00fc\u015f kabartmal\u0131 doku veya \u00fcst \u00fcste bindirilmi\u015f AR etkile\u015fimli \u00f6\u011felerle birle\u015ftirilebilir.<\/li>\n<li><strong>\u0130\u00e7 astar i\u015flevsel y\u00fckseltme<\/strong><\/li>\n<li><strong>Katmanl\u0131 depolama<\/strong>: \u00c7ok \u015fi\u015feli u\u00e7ucu ya\u011f setleri i\u00e7in i\u00e7 kutu, pratikli\u011fi ve rit\u00fcel duygusunu art\u0131rmak i\u00e7in kurdeleler ve manyetik tokalar gibi aksesuarlarla birlikte \u00e7ekilebilir katmanl\u0131 bir yap\u0131 ile tasarlanabilir.<\/li>\n<li><strong>\u00c7evre dostu adaptasyon<\/strong>: Bozunabilir gri levha ve su bazl\u0131 UV kaplama se\u00e7enekleri sunar, AB \u00e7evre standartlar\u0131n\u0131 kar\u015f\u0131lar ve s\u0131n\u0131r \u00f6tesi ihracata yard\u0131mc\u0131 olur.<\/li>\n<\/ol>\n<h2 id=\"-fourth-service-and-value-empowerment-\"><strong>4. Hizmet ve De\u011fer G\u00fc\u00e7lendirme<\/strong><\/h2>\n<ol>\n<li><strong>Tek Noktadan \u00c7\u00f6z\u00fcm<\/strong><\/li>\n<li><strong>Prova Deste\u011fi<\/strong>: \u00dccretsiz 3D modelleme ve fiziksel numuneler sa\u011flan\u0131r ve do\u011fru tasar\u0131m uygulamas\u0131n\u0131 sa\u011flamak i\u00e7in \u00f6zelle\u015ftirilmi\u015f taslaklar veya tasar\u0131mc\u0131 i\u015fbirli\u011fi desteklenir.<\/li>\n<li><strong>Toplu \u0130\u015f Avantaj\u0131<\/strong>: 500 adet minimum sipari\u015f, 15 g\u00fcnl\u00fck teslimat d\u00f6ng\u00fcs\u00fc, LOGO bask\u0131, s\u0131cak damgalama, UV ve di\u011fer kar\u0131\u015f\u0131k parti \u00fcretimini destekler, maliyet kontrol edilebilir.<\/li>\n<li><strong>Marka De\u011ferinin Art\u0131r\u0131lmas\u0131<\/strong>\u00a0Ambalaj yoluyla marka hikayeleri sunun, \u00f6rne\u011fin: siyah UV arka plan marka IP ill\u00fcstrasyonlar\u0131na entegre edilebilir, s\u0131cak damgalama LOGO ve kabartmal\u0131 doku g\u00f6rsel haf\u0131za noktalar\u0131 olu\u015fturur, \u00fcr\u00fcn\u00fcn raf te\u015fhirinde \u00f6ne \u00e7\u0131kmas\u0131n\u0131 sa\u011flar ve t\u00fcketiciler ambalaj\u0131 a\u00e7t\u0131ktan sonra kendili\u011finden yay\u0131l\u0131r.<\/li>\n<\/ol>","protected":false},"excerpt":{"rendered":"<p>\u00dcstl\u00fc ve altl\u0131 kutu tipi, a\u00e7\u0131lmas\u0131 ve kapat\u0131lmas\u0131 kolay olan ve kapa\u011f\u0131 a\u00e7ma hissi veren \u00fcst ve alt kapak yap\u0131s\u0131n\u0131 benimser. T\u00fcm kutu g\u00f6vdesi, marka tan\u0131n\u0131rl\u0131\u011f\u0131n\u0131 g\u00f6stermek i\u00e7in tam plaka UV teknolojisi ile \u00f6zenle i\u015flenmi\u015ftir. Ayn\u0131 zamanda LOGO, marka tonunu g\u00fc\u00e7lendirmek i\u00e7in kabartmal\u0131 s\u0131cak damgalama teknolojisi ile eklenmi\u015ftir.<\/p>","protected":false},"featured_media":281,"template":"","meta":{"_kad_post_transparent":"default","_kad_post_title":"","_kad_post_layout":"default","_kad_post_sidebar_id":"","_kad_post_content_style":"default","_kad_post_vertical_padding":"default","_kad_post_feature":"","_kad_post_feature_position":"","_kad_post_header":false,"_kad_post_footer":false,"_kad_post_classname":""},"product_brand":[],"product_cat":[15,28,19,17],"product_tag":[83,80,84],"class_list":{"0":"post-278","1":"product","2":"type-product","3":"status-publish","4":"has-post-thumbnail","6":"product_cat-red-light-therapy","7":"product_cat-customize","8":"product_cat-red-light-therapy-stand","9":"product_cat-services","10":"product_tag-custom-essential-oil-box","11":"product_tag-essential-oil-packaging","12":"product_tag-essential-oil-packaging-wholesale","14":"first","15":"instock","16":"shipping-taxable","17":"product-type-simple","18":"entry","19":"content-bg","20":"loop-entry"},"_links":{"self":[{"href":"https:\/\/red-lighttherapy.com\/tr\/wp-json\/wp\/v2\/product\/278","targetHints":{"allow":["GET"]}}],"collection":[{"href":"https:\/\/red-lighttherapy.com\/tr\/wp-json\/wp\/v2\/product"}],"about":[{"href":"https:\/\/red-lighttherapy.com\/tr\/wp-json\/wp\/v2\/types\/product"}],"wp:featuredmedia":[{"embeddable":true,"href":"https:\/\/red-lighttherapy.com\/tr\/wp-json\/wp\/v2\/media\/281"}],"wp:attachment":[{"href":"https:\/\/red-lighttherapy.com\/tr\/wp-json\/wp\/v2\/media?parent=278"}],"wp:term":[{"taxonomy":"product_brand","embeddable":true,"href":"https:\/\/red-lighttherapy.com\/tr\/wp-json\/wp\/v2\/product_brand?post=278"},{"taxonomy":"product_cat","embeddable":true,"href":"https:\/\/red-lighttherapy.com\/tr\/wp-json\/wp\/v2\/product_cat?post=278"},{"taxonomy":"product_tag","embeddable":true,"href":"https:\/\/red-lighttherapy.com\/tr\/wp-json\/wp\/v2\/product_tag?post=278"}],"curies":[{"name":"wp","href":"https:\/\/api.w.org\/{rel}","templated":true}]}}