{"id":271,"date":"2025-04-10T13:51:25","date_gmt":"2025-04-10T13:51:25","guid":{"rendered":"https:\/\/red-lighttherapy.com\/?post_type=product&#038;p=271"},"modified":"2025-04-10T14:03:24","modified_gmt":"2025-04-10T14:03:24","slug":"custom-essential-oil-aromatherapy-gift-sets-boxes-packaging","status":"publish","type":"product","link":"https:\/\/red-lighttherapy.com\/tr\/custom-essential-oil-aromatherapy-gift-sets-boxes-packaging\/","title":{"rendered":"\u00d6zel U\u00e7ucu Ya\u011f Aromaterapi Hediye Setleri Kutular\u0131 Ambalajlar\u0131"},"content":{"rendered":"<h2 id=\"-customized-essential-oil-aromatherapy-gift-set-box-packaging-product-description-\">\u00d6zel U\u00e7ucu Ya\u011f Aromaterapi Hediye Setleri Kutular\u0131 Ambalajlar\u0131<\/h2>\n<h2 id=\"-1-single-black-printing-design-the-fusion-of-simple-aesthetics-and-brand-personality-\"><strong>1. Tek siyah bask\u0131 tasar\u0131m\u0131: sade esteti\u011fin ve marka ki\u015fili\u011finin birle\u015fimi<\/strong><\/h2>\n<p>Tek siyah (single black) bask\u0131 teknolojisinin kullan\u0131ld\u0131\u011f\u0131 minimalist estetik, l\u00fcks ve gizem duygusunu yorumluyor. A\u00e7\u0131k ve koyu gradyanlar ile mat dokunun birle\u015fimi sayesinde, kutunun y\u00fczeyinde gecenin y\u0131ld\u0131zlar\u0131 gibi derin bir g\u00f6rsel katman olu\u015fuyor ve l\u00fcks\u00fc g\u00f6steri\u015fsiz bir \u015fekilde ortaya \u00e7\u0131kar\u0131yor. Marka LOGOSU y\u00fcksek hassasiyetli bir s\u0131cak damgalama i\u015flemiyle sunulur ve \u00fc\u00e7 boyut hissi yerel UV veya i\u00e7b\u00fckey ve d\u0131\u015fb\u00fckey kabartma ile geli\u015ftirilir; bu sadece marka tan\u0131n\u0131rl\u0131\u011f\u0131n\u0131 vurgulamakla kalmaz, ayn\u0131 zamanda tek siyah arka planla keskin bir kontrast olu\u015fturarak \u00f6l\u00e7\u00fcl\u00fc ve derin bir marka tonu iletir.<\/p>\n<h2 id=\"-2-elegant-hot-stamping-motto-the-finishing-touch-of-the-brand-spirit-\"><strong>2. Zarif s\u0131cak damgalama slogan\u0131: marka ruhunun son dokunu\u015fu<\/strong><\/h2>\n<p>Marka slogan\u0131, ta\u015f\u0131y\u0131c\u0131 olarak 24K alt\u0131n folyo veya g\u00fcl alt\u0131n folyo ile s\u0131cak damgalama teknolojisini benimser, metin sat\u0131rlar\u0131 p\u00fcr\u00fczs\u00fcz ve hassast\u0131r ve alt\u0131n parlakl\u0131k ve tek siyah arka plan, t\u0131pk\u0131 karanl\u0131k gecedeki parlak bir galaksi gibi birbirini tamamlar. S\u0131cak damgalama konumu kutu kapa\u011f\u0131n\u0131n ortas\u0131nda veya yan\u0131nda \u00f6zelle\u015ftirilebilir ve mikro kabartma i\u015flemi ile parmak ucu dokunu\u015fu \u00fc\u00e7 boyutlu ve rit\u00fcel duygusuyla doludur ve markan\u0131n temel de\u011feri olan \"sade ve s\u0131ra d\u0131\u015f\u0131\" de\u011ferini aktar\u0131r.<\/p>\n<h2 id=\"-3-book-magnetic-box-structure-opening-and-closing-with-a-sense-of-ritual-both-innovative-and-practical-\"><strong>3. Kitap manyetik kutu yap\u0131s\u0131: hem yenilik\u00e7i hem de pratik bir rit\u00fcel duygusuyla a\u00e7ma ve kapama<\/strong><\/h2>\n<p>Manyetik kitap \u015feklindeki kutu tasar\u0131m\u0131n\u0131 benimseyen kutu kapa\u011f\u0131 ve alt kutu, g\u00f6m\u00fcl\u00fc m\u0131knat\u0131slar taraf\u0131ndan do\u011fru bir \u015fekilde adsorbe edilir ve a\u00e7ma ve kapamaya net bir \"t\u0131k\" sesi e\u015flik ederek kullan\u0131c\u0131lara hediye kutusunu a\u00e7ma konusunda asil bir deneyim sunar. Kutu \u015fekli d\u00fczg\u00fcn hatlara ve yuvarlak kenarlara sahiptir, bu da ergonomiktir ve ta\u015f\u0131ma s\u0131ras\u0131nda a\u015f\u0131nma ve y\u0131pranmay\u0131 \u00f6nler. Manyetik emi\u015f g\u00fcc\u00fc, farkl\u0131 boyut gereksinimlerini kar\u015f\u0131layacak \u015fekilde ayarlanabilir ve kapatma stabilitesi ile a\u00e7ma kolayl\u0131\u011f\u0131 sa\u011flar.<\/p>\n<h2 id=\"-4-material-combination-dual-guarantee-of-stability-and-texture-\"><strong>4. Malzeme kombinasyonu: stabilite ve dokunun ikili garantisi<\/strong><\/h2>\n<ul>\n<li><strong>D\u0131\u015f kutu malzemesi<\/strong>:<\/li>\n<li><strong>Y\u00fczey<\/strong>: 157G ku\u015fe ka\u011f\u0131t, yakla\u015f\u0131k 0,16 mm kal\u0131nl\u0131\u011f\u0131nda, ka\u011f\u0131t hassas ve p\u00fcr\u00fczs\u00fcz, renk dolu ve tek siyah bask\u0131n\u0131n katmanl\u0131 ifadesi i\u00e7in uygundur.<\/li>\n<li><strong>\u0130\u00e7 astar yap\u0131s\u0131<\/strong>: 1200GSM gri tahta, y\u00fcksek yo\u011funluk, g\u00fc\u00e7l\u00fc bas\u0131n\u00e7 direnci, u\u00e7ucu ya\u011f \u015fi\u015feleri gibi k\u0131r\u0131lgan \u00f6\u011feleri ta\u015f\u0131yabilir ve nakliye s\u0131ras\u0131nda deformasyon olmamas\u0131n\u0131 sa\u011flar.<\/li>\n<li><strong>S\u00fcre\u00e7 ayr\u0131nt\u0131lar\u0131<\/strong>: Gri tahta ve ku\u015fe ka\u011f\u0131t \u00e7evre dostu su bazl\u0131 tutkalla yap\u0131\u015ft\u0131r\u0131lm\u0131\u015ft\u0131r ve kenarlar\u0131 k\u0131vr\u0131ml\u0131, \u00e7apaks\u0131z ve a\u015f\u0131nmaya dayan\u0131kl\u0131d\u0131r.<\/li>\n<\/ul>\n<h2 id=\"-5-diversified-box-types-adapt-to-different-scenes-and-design-styles-\"><strong>5. \u00c7e\u015fitlendirilmi\u015f kutu tipleri: Farkl\u0131 sahnelere ve tasar\u0131m stillerine uyum sa\u011flar<\/strong><\/h2>\n<p>A\u015fa\u011f\u0131dakiler de dahil olmak \u00fczere \u00e7e\u015fitli kutu t\u00fcrleri sa\u011flay\u0131n:<\/p>\n<ul>\n<li><strong>Ba\u015f ve alt kapak kutusu<\/strong>: Klasik ve atmosferik, i\u015f hediyesi sahneleri i\u00e7in uygun.<\/li>\n<li><strong>\u00c7ekmece tipi kutu<\/strong>: S\u0131n\u0131rl\u0131 say\u0131da \u00fcretilen aromaterapi setleri i\u00e7in uygun gizem ve e\u011flence kombinasyonu.<\/li>\n<li><strong>\u00d6zel \u015fekilli kesme kutusu<\/strong>: Sanatsal tasar\u0131m ihtiya\u00e7lar\u0131n\u0131 kar\u015f\u0131lamak i\u00e7in alt\u0131gen, yay vb. Kutu tipi, m\u00fcrekkep boyama, geometrik desenler veya minimalist \u00e7izgilerle e\u015fle\u015ftirilebilen ve markan\u0131n g\u00f6rsel dilini esnek bir \u015fekilde yans\u0131tan tam sayfa bask\u0131y\u0131 destekler.<\/li>\n<\/ul>\n<h2 id=\"-6-inner-tray-adaptation-solution-balance-between-ritual-and-functionality-\"><strong>6. \u0130\u00e7 tepsi adaptasyon \u00e7\u00f6z\u00fcm\u00fc: rit\u00fcel ve i\u015flevsellik aras\u0131nda denge<\/strong><\/h2>\n<ul>\n<li><strong>Malzeme se\u00e7imi<\/strong>:<\/li>\n<li><strong>Floklu i\u00e7 tepsi<\/strong>: yumu\u015fak ve hassas dokunu\u015f, \u015fok emilimi ve kaymaz, cam \u015fi\u015fe u\u00e7ucu ya\u011flar i\u00e7in uygundur.<\/li>\n<li><strong>\u0130pek kuma\u015f astar<\/strong>: koyu desen i\u015flemeli mat ipek y\u00fczey, kutuyu a\u00e7arken g\u00f6rsel etkiyi art\u0131r\u0131r.<\/li>\n<li><strong>Karton katmanlama<\/strong>: \u00f6zelle\u015ftirilebilir petek yap\u0131s\u0131 veya yuva tipi b\u00f6lme, hassas \u00fcr\u00fcn sabitleme.<\/li>\n<li><strong>Renk ve doku<\/strong>: siyah, gri, \u015farap k\u0131rm\u0131z\u0131s\u0131 ve di\u011fer renkleri sa\u011flar, floklama ve s\u0131cak damgalama teknolojisi kombinasyonunu destekler, genel l\u00fcks duygusunu geli\u015ftirir.<\/li>\n<\/ul>\n<h2 id=\"-7-customized-service-full-process-support-from-design-to-implementation-\"><strong>7. \u00d6zelle\u015ftirilmi\u015f hizmet: tasar\u0131mdan uygulamaya kadar tam s\u00fcre\u00e7 deste\u011fi<\/strong><\/h2>\n<ul>\n<li><strong>Tasar\u0131m uyarlamas\u0131<\/strong>\u00dcr\u00fcn boyutuna, stiline ve b\u00fct\u00e7esine g\u00f6re, ambalaj\u0131n \u00fcr\u00fcn mizac\u0131yla son derece tutarl\u0131 olmas\u0131n\u0131 sa\u011flamak i\u00e7in 1'e 1 kutu tipi \u00e7\u00f6z\u00fcm optimizasyonu sa\u011flay\u0131n.<\/li>\n<li><strong>\u00c7evre sertifikas\u0131<\/strong>: malzeme FSC sertifikas\u0131 ve RoHS standartlar\u0131yla uyumludur ve par\u00e7alanabilir se\u00e7enekleri destekler.<\/li>\n<li><strong>Prova garantisi<\/strong>: 3-5 i\u015f g\u00fcn\u00fc i\u00e7inde fiziksel numune kutular\u0131 sa\u011flay\u0131n, m\u00fc\u015fteriler memnun olana kadar ayr\u0131nt\u0131lar\u0131n ince ayar\u0131n\u0131 destekleyin.<\/li>\n<\/ul>\n<h2 id=\"-conclusion-\"><strong>Sonu\u00e7<\/strong><\/h2>\n<p>Bu \u00f6zelle\u015ftirilmi\u015f esansiyel ya\u011f aromaterapi hediye seti kutusu, tek bir siyah esteti\u011fi temel alarak, malzeme, i\u015f\u00e7ilik ve yap\u0131n\u0131n yenilik\u00e7i bir kombinasyonu arac\u0131l\u0131\u011f\u0131yla \"gizem, \u00fcst d\u00fczey ve rit\u00fcel duygusu\" temel tasar\u0131m konseptini yorumlamaktad\u0131r. Manyetik a\u00e7ma ve kapaman\u0131n dokunsal deneyiminden s\u0131cak damgalama metninin g\u00f6rsel etkisine kadar her ayr\u0131nt\u0131 dikkatle d\u00fc\u015f\u00fcn\u00fclm\u00fc\u015f, marka i\u00e7in benzersiz bir ambalaj haf\u0131za noktas\u0131 olu\u015fturmay\u0131 ama\u00e7larken, t\u00fcketiciler i\u00e7in kutudan \u00e7\u0131karma a\u015famas\u0131ndan kullan\u0131ma kadar tam boyutlu ho\u015f bir deneyim yarat\u0131lm\u0131\u015ft\u0131r.<\/p>","protected":false},"excerpt":{"rendered":"<p>Kitap manyetik kapatma kutusu t\u00f6rensel bir a\u00e7ma ve kapama y\u00f6ntemine sahiptir ve tek siyah bask\u0131 efekti, markan\u0131n ki\u015fiselle\u015ftirilmi\u015f LOGO'sunu vurgularken \u00fcst d\u00fczey ve gizemli g\u00f6sterir<\/p>","protected":false},"featured_media":274,"template":"","meta":{"_kad_post_transparent":"default","_kad_post_title":"","_kad_post_layout":"default","_kad_post_sidebar_id":"","_kad_post_content_style":"default","_kad_post_vertical_padding":"default","_kad_post_feature":"","_kad_post_feature_position":"","_kad_post_header":false,"_kad_post_footer":false,"_kad_post_classname":""},"product_brand":[],"product_cat":[15,28,17],"product_tag":[81,82,80],"class_list":{"0":"post-271","1":"product","2":"type-product","3":"status-publish","4":"has-post-thumbnail","6":"product_cat-red-light-therapy","7":"product_cat-customize","8":"product_cat-services","9":"product_tag-aromatherapy-gift-sets-boxes","10":"product_tag-custom-gift-sets-boxes-packaging","11":"product_tag-essential-oil-packaging","13":"first","14":"instock","15":"shipping-taxable","16":"product-type-simple","17":"entry","18":"content-bg","19":"loop-entry"},"_links":{"self":[{"href":"https:\/\/red-lighttherapy.com\/tr\/wp-json\/wp\/v2\/product\/271","targetHints":{"allow":["GET"]}}],"collection":[{"href":"https:\/\/red-lighttherapy.com\/tr\/wp-json\/wp\/v2\/product"}],"about":[{"href":"https:\/\/red-lighttherapy.com\/tr\/wp-json\/wp\/v2\/types\/product"}],"wp:featuredmedia":[{"embeddable":true,"href":"https:\/\/red-lighttherapy.com\/tr\/wp-json\/wp\/v2\/media\/274"}],"wp:attachment":[{"href":"https:\/\/red-lighttherapy.com\/tr\/wp-json\/wp\/v2\/media?parent=271"}],"wp:term":[{"taxonomy":"product_brand","embeddable":true,"href":"https:\/\/red-lighttherapy.com\/tr\/wp-json\/wp\/v2\/product_brand?post=271"},{"taxonomy":"product_cat","embeddable":true,"href":"https:\/\/red-lighttherapy.com\/tr\/wp-json\/wp\/v2\/product_cat?post=271"},{"taxonomy":"product_tag","embeddable":true,"href":"https:\/\/red-lighttherapy.com\/tr\/wp-json\/wp\/v2\/product_tag?post=271"}],"curies":[{"name":"wp","href":"https:\/\/api.w.org\/{rel}","templated":true}]}}