{"id":260,"date":"2025-04-10T13:18:48","date_gmt":"2025-04-10T13:18:48","guid":{"rendered":"https:\/\/red-lighttherapy.com\/?post_type=product&#038;p=260"},"modified":"2025-04-10T13:51:14","modified_gmt":"2025-04-10T13:51:14","slug":"luxury-customized-weed-cbd-oil-packaging-gift-box-wholesale","status":"publish","type":"product","link":"https:\/\/red-lighttherapy.com\/tr\/luxury-customized-weed-cbd-oil-packaging-gift-box-wholesale\/","title":{"rendered":"L\u00fcks \u00d6zelle\u015ftirilmi\u015f Ot CBD Ya\u011f\u0131 Ambalaj Hediye Kutusu Toptan Sat\u0131\u015f"},"content":{"rendered":"<h3 id=\"luxury-customized-hemp-cbd-oil-packaging-gift-box-wholesale\">L\u00fcks \u00d6zelle\u015ftirilmi\u015f Kenevir Otu CBD Ya\u011f\u0131 Ambalaj Hediye Kutusu Toptan Sat\u0131\u015f<\/h3>\n<h2 id=\"-1-high-end-visual-design-single-black-printing-and-stylized-patterns-\"><strong>1. \u00dcst d\u00fczey g\u00f6rsel tasar\u0131m: tek siyah bask\u0131 ve stilize desenler<\/strong><\/h2>\n<ul>\n<li><strong>Tek siyah bask\u0131 i\u015flemi<\/strong>: Tek renkli siyah (Pantone Black) bask\u0131 teknolojisi kullan\u0131larak, a\u00e7\u0131k ve koyu kontrast ve hassas \u00e7izgiler, sadelik ve l\u00fcks duygusunu \u00f6n plana \u00e7\u0131kararak derin ve \u00fcst d\u00fczey bir g\u00f6rsel etki yarat\u0131r.<\/li>\n<li><strong>Siyah ve beyaz esteti\u011fi<\/strong>: Ana ton olarak klasik siyah ve beyaz, geometrik dokular, soyut sanat veya minimalist marka logolar\u0131 gibi \u00e7e\u015fitli desen tasar\u0131mlar\u0131yla birle\u015ftirildi\u011finde, yaln\u0131zca marka dokusunu yans\u0131tmakla kalmaz, ayn\u0131 zamanda her hediye kutusuna farkl\u0131 t\u00fcketici senaryolar\u0131n\u0131n (t\u0131bbi, hediyelik e\u015fya ve \u00fcst d\u00fczey perakende gibi) ihtiya\u00e7lar\u0131n\u0131 kar\u015f\u0131lamak i\u00e7in benzersiz bir stil verir.<\/li>\n<\/ul>\n<h2 id=\"-2-innovative-magnetic-box-structure-function-and-experience-upgrade-\"><strong>2. Yenilik\u00e7i manyetik kutu yap\u0131s\u0131: i\u015flev ve deneyim y\u00fckseltme<\/strong><\/h2>\n<ul>\n<li><strong>Yan manyetik toka tasar\u0131m\u0131<\/strong>: Kutunun yan taraf\u0131, geleneksel ambalajlardan farkl\u0131 bir a\u00e7ma ve kapama deneyimi sa\u011flayan manyetik bir toka konumu ile donat\u0131lm\u0131\u015ft\u0131r. Kapat\u0131ld\u0131\u011f\u0131nda sa\u011flam ve g\u00fcvenilir, a\u00e7\u0131ld\u0131\u011f\u0131nda ise zarif ve p\u00fcr\u00fczs\u00fczd\u00fcr, bu da kullan\u0131c\u0131n\u0131n etkile\u015fimdeki rit\u00fcel duygusunu art\u0131r\u0131r.<\/li>\n<li><strong>Yap\u0131sal g\u00fc\u00e7lendirme tasar\u0131m\u0131<\/strong>: 1200GSM y\u00fcksek mukavemetli gri tahta taban ile birle\u015fti\u011finde, kutu g\u00f6vdesinin s\u0131k\u0131\u015ft\u0131rma direncini ve dayan\u0131kl\u0131l\u0131\u011f\u0131n\u0131 sa\u011flar ve dahili CBD ya\u011f \u015fi\u015fesini nakliye veya depolama s\u0131ras\u0131nda d\u0131\u015f darbelerden korur.<\/li>\n<\/ul>\n<h2 id=\"-3-customized-materials-and-craftsmanship-\"><strong>3. \u00d6zelle\u015ftirilmi\u015f malzemeler ve i\u015f\u00e7ilik<\/strong><\/h2>\n<ul>\n<li><strong>Y\u00fcksek kaliteli malzeme kombinasyonu<\/strong>: D\u0131\u015f katmanda 157G ku\u015fe ka\u011f\u0131t kullan\u0131l\u0131r ve y\u00fczey, dokunma ve kirlenme \u00f6nleyici \u00f6zellikleri geli\u015ftirmek i\u00e7in mat film veya k\u0131smi UV i\u015flemi ile kaplan\u0131r; i\u00e7 katman, sertlik ve \u00e7evre koruma \u00f6zellikleri (geri d\u00f6n\u00fc\u015ft\u00fcr\u00fclebilir) dikkate al\u0131narak 1200GSM gri tahta ile e\u015fle\u015ftirilir.<\/li>\n<li><strong>El i\u015fi detaylar\u0131<\/strong>: Marka logolar\u0131n\u0131n veya desenlerinin \u00fc\u00e7 boyutlu ve l\u00fcks hissini daha da vurgulamak i\u00e7in kabartma, s\u0131cak damgalama ve serigrafi bask\u0131 gibi ek i\u015flemleri destekler.<\/li>\n<\/ul>\n<h2 id=\"-4-flexible-box-type-and-differentiated-design-\"><strong>4. Esnek kutu tipi ve farkl\u0131la\u015ft\u0131r\u0131lm\u0131\u015f tasar\u0131m<\/strong><\/h2>\n<ul>\n<li><strong>Kutu tipi \u00f6zelle\u015ftirme hizmeti<\/strong>: \u00dcst ve alt kapaklar, kitap \u015feklindeki kutular, \u00e7ekmece kutular\u0131 gibi \u00e7e\u015fitli kutu tipleri sunar. Boyut ve a\u00e7ma kapama y\u00f6ntemleri, ta\u015f\u0131nabilir k\u00fc\u00e7\u00fck kapasiteden l\u00fcks hediyelere kadar farkl\u0131 konumland\u0131rmalar\u0131 kar\u015f\u0131lamak i\u00e7in ihtiya\u00e7lara g\u00f6re ayarlanabilir.<\/li>\n<li><strong>Farkl\u0131la\u015ft\u0131rma \u00e7\u00f6z\u00fcm\u00fc<\/strong>: Mod\u00fcler tasar\u0131m sayesinde m\u00fc\u015fteriler, \u00fcr\u00fcn tan\u0131n\u0131rl\u0131\u011f\u0131n\u0131 ve t\u00fcketici deneyimini art\u0131rmak i\u00e7in farkl\u0131la\u015ft\u0131r\u0131lm\u0131\u015f yap\u0131larla (katmanl\u0131 i\u00e7 tepsi, \u015feffaf pencere gibi) birlikte marka VI \u00f6\u011felerini (LOGO, slogan gibi) entegre edebilir.<\/li>\n<\/ul>\n<h2 id=\"-5-multifunctional-inner-tray-adaptation-solution-\"><strong>5. \u00c7ok i\u015flevli i\u00e7 tepsi adaptasyon \u00e7\u00f6z\u00fcm\u00fc<\/strong><\/h2>\n<ul>\n<li><strong>\u00c7e\u015fitlendirilmi\u015f i\u00e7 tepsi malzemeleri<\/strong>:<\/li>\n<li><strong>EVA astar<\/strong>: Y\u00fcksek de\u011ferli CBD cam \u015fi\u015feler i\u00e7in uygundur, \u015fi\u015fe g\u00f6vdesi \u00f6zelle\u015ftirilmi\u015f oluklarla sabitlenmi\u015ftir, darbeye dayan\u0131kl\u0131d\u0131r ve d\u00fc\u015fmeyi \u00f6nler.<\/li>\n<li><strong>Floklu i\u00e7 tepsi<\/strong>: \u00dcst d\u00fczey hediye sahneleri i\u00e7in uygun, dokunma l\u00fcks\u00fcn\u00fc art\u0131r\u0131n.<\/li>\n<li><strong>Par\u00e7alanabilir ka\u011f\u0131t hamuru kal\u0131plama<\/strong>: S\u00fcrd\u00fcr\u00fclebilir marka konseptine uygun, \u00e7evre dostu se\u00e7enek.<\/li>\n<li><strong>Fonksiyonel imar tasar\u0131m\u0131<\/strong>: CBD ya\u011f \u015fi\u015feleri, damlal\u0131klar, k\u0131lavuzlar ve di\u011fer aksesuar depolama ihtiya\u00e7lar\u0131 ile uyumlu, hem g\u00fczelli\u011fi hem de pratikli\u011fi dikkate alarak katmanl\u0131 ve \u0131zgara d\u00fczenini destekler.<\/li>\n<\/ul>\n<h2 id=\"-6-one-stop-customization-service-and-quality-assurance-\"><strong>6. Tek elden \u00f6zelle\u015ftirme hizmeti ve kalite g\u00fcvencesi<\/strong><\/h2>\n<ul>\n<li><strong>Tasar\u0131mdan \u00fcretime kadar tam s\u00fcre\u00e7 deste\u011fi<\/strong>: Tasar\u0131m etkisinin ger\u00e7ek \u00fcr\u00fcnle tutarl\u0131 olmas\u0131n\u0131 sa\u011flamak i\u00e7in 3D modelleme ve prova hizmetleri sa\u011flay\u0131n ve numuneler 3-5 g\u00fcn gibi k\u0131sa bir s\u00fcrede teslim edilebilir.<\/li>\n<li><strong>Seri \u00fcretim ve lojistik<\/strong>: Ayl\u0131k milyonlarca \u00fcretim kapasitesini destekler ve paketleme, ihracat i\u00e7in Ningbo ve \u015eangay gibi birden fazla liman\u0131 kapsayan g\u00fc\u00e7lendirilmi\u015f nakliye i\u00e7in \u00f6zelle\u015ftirilmi\u015f ana kutular kullan\u0131r.<\/li>\n<\/ul>\n<h2 id=\"-summary-of-product-advantages-\"><strong>\u00dcr\u00fcn avantajlar\u0131n\u0131n \u00f6zeti<\/strong>:<\/h2>\n<ul>\n<li><strong>\u00dcst d\u00fczey konumland\u0131rma<\/strong>: Tek siyah bask\u0131 ve manyetik emi\u015f yap\u0131s\u0131 sayesinde l\u00fcks seviyede bir ambalaj dokusu olu\u015fturur.<\/li>\n<li><strong>G\u00fcvenlik ve uyumluluk<\/strong>: Malzeme uluslararas\u0131 \u00e7evre standartlar\u0131n\u0131 kar\u015f\u0131lar (geri d\u00f6n\u00fc\u015ft\u00fcr\u00fclebilir gri tahta gibi) ve etiket bilgileri y\u00f6netmeliklere g\u00f6re \u00f6zelle\u015ftirilebilir.<\/li>\n<li><strong>Esnek \u00f6zelle\u015ftirme<\/strong>: Kutu \u015feklinden i\u00e7 tepsiye kadar, marka farkl\u0131la\u015ft\u0131rma ihtiya\u00e7lar\u0131n\u0131 tam olarak kar\u015f\u0131lar ve pazar rekabet g\u00fcc\u00fcn\u00fc art\u0131rmaya yard\u0131mc\u0131 olur.<\/li>\n<\/ul>","protected":false},"excerpt":{"rendered":"<p>Bu manyetik kapatma kutusunun yan taraf\u0131nda bir toka vard\u0131r ve anahtar y\u00f6ntemi yeni ve benzersizdir, bu da kutunun genel dokusunu ve s\u0131k\u0131l\u0131\u011f\u0131n\u0131 daha iyi hale getirir.<\/p>","protected":false},"featured_media":265,"template":"","meta":{"_kad_post_transparent":"default","_kad_post_title":"","_kad_post_layout":"default","_kad_post_sidebar_id":"","_kad_post_content_style":"default","_kad_post_vertical_padding":"default","_kad_post_feature":"","_kad_post_feature_position":"","_kad_post_header":false,"_kad_post_footer":false,"_kad_post_classname":""},"product_brand":[],"product_cat":[15,17],"product_tag":[78,77,79],"class_list":{"0":"post-260","1":"product","2":"type-product","3":"status-publish","4":"has-post-thumbnail","6":"product_cat-red-light-therapy","7":"product_cat-services","8":"product_tag-cbd-oil-packaging-box","9":"product_tag-customized-weed-packaging","10":"product_tag-weed-cbd-oil-packaging-wholesale","12":"first","13":"instock","14":"shipping-taxable","15":"product-type-simple","16":"entry","17":"content-bg","18":"loop-entry"},"_links":{"self":[{"href":"https:\/\/red-lighttherapy.com\/tr\/wp-json\/wp\/v2\/product\/260","targetHints":{"allow":["GET"]}}],"collection":[{"href":"https:\/\/red-lighttherapy.com\/tr\/wp-json\/wp\/v2\/product"}],"about":[{"href":"https:\/\/red-lighttherapy.com\/tr\/wp-json\/wp\/v2\/types\/product"}],"wp:featuredmedia":[{"embeddable":true,"href":"https:\/\/red-lighttherapy.com\/tr\/wp-json\/wp\/v2\/media\/265"}],"wp:attachment":[{"href":"https:\/\/red-lighttherapy.com\/tr\/wp-json\/wp\/v2\/media?parent=260"}],"wp:term":[{"taxonomy":"product_brand","embeddable":true,"href":"https:\/\/red-lighttherapy.com\/tr\/wp-json\/wp\/v2\/product_brand?post=260"},{"taxonomy":"product_cat","embeddable":true,"href":"https:\/\/red-lighttherapy.com\/tr\/wp-json\/wp\/v2\/product_cat?post=260"},{"taxonomy":"product_tag","embeddable":true,"href":"https:\/\/red-lighttherapy.com\/tr\/wp-json\/wp\/v2\/product_tag?post=260"}],"curies":[{"name":"wp","href":"https:\/\/api.w.org\/{rel}","templated":true}]}}