{"id":254,"date":"2025-04-10T13:05:03","date_gmt":"2025-04-10T13:05:03","guid":{"rendered":"https:\/\/red-lighttherapy.com\/?post_type=product&#038;p=254"},"modified":"2025-04-10T13:36:07","modified_gmt":"2025-04-10T13:36:07","slug":"magnetic-closure-saw-blade-rigid-gift-packaging-box-factory","status":"publish","type":"product","link":"https:\/\/red-lighttherapy.com\/tr\/magnetic-closure-saw-blade-rigid-gift-packaging-box-factory\/","title":{"rendered":"Manyetik Kapatma Testere B\u0131\u00e7a\u011f\u0131 Sert Hediye Paketleme Kutusu Fabrikas\u0131"},"content":{"rendered":"<h3 id=\"magnetic-sealed-saw-blade-hard-gift-packaging-box\">Manyetik M\u00fch\u00fcrl\u00fc Testere B\u0131\u00e7a\u011f\u0131 Sert Hediye Paketleme Kutusu<\/h3>\n<h2 id=\"-i-core-materials-and-crafts-\"><strong>1. Temel Malzemeler ve El Sanatlar\u0131<\/strong><\/h2>\n<ol>\n<li><strong>\u00dcst D\u00fczey Malzeme Se\u00e7imi<\/strong>: \u00dcr\u00fcn \u015funlar\u0131 kullan\u0131r\u00a0<strong>157g ku\u015fe ka\u011f\u0131t<\/strong>\u00a0ile birlikte y\u00fczey montaj ka\u011f\u0131d\u0131 olarak\u00a0<strong>1200g y\u00fcksek yo\u011funluklu gri tahta<\/strong>\u00a0astar alt tabakas\u0131 olarak kullan\u0131l\u0131r. Kaplanm\u0131\u015f ka\u011f\u0131d\u0131n y\u00fczeyi \u015fu \u015fekilde i\u015flenir\u00a0<strong>d\u00f6rt renkli bask\u0131 s\u00fcreci<\/strong>Y\u00fcksek renk \u00fcretimi, doygunluk ve parlakl\u0131k ile a\u015f\u0131nma ve \u00e7izilme direncini art\u0131rmak i\u00e7in mat film ile kaplanm\u0131\u015ft\u0131r; gri tahta m\u00fckemmel s\u0131k\u0131\u015ft\u0131rma direncine ve d\u00fczl\u00fc\u011fe sahiptir, nakliye \u015fokuna dayanabilir ve kutu g\u00f6vdesinin uzun s\u00fcre deforme olmamas\u0131n\u0131 sa\u011flar.<\/li>\n<li><strong>End\u00fcstriyel s\u0131n\u0131f yap\u0131sal tasar\u0131m<\/strong>: The\u00a0<strong>flip-top kutu yap\u0131s\u0131<\/strong>\u00a0benimsenmi\u015ftir ve kutu kapa\u011f\u0131 manyetik bir s\u0131zd\u0131rmazl\u0131k cihaz\u0131 arac\u0131l\u0131\u011f\u0131yla rahat\u00e7a a\u00e7\u0131l\u0131p kapat\u0131l\u0131r. Kapat\u0131ld\u0131\u011f\u0131nda s\u0131k\u0131 ve sabittir ve\u00a0<strong>\u00f6zelle\u015ftirilmi\u015f kontur modeli<\/strong>\u00a0\u0130\u00e7 gri levhan\u0131n \u00fcst \u00fcste binmesiyle olu\u015fan testere b\u0131\u00e7a\u011f\u0131, sars\u0131nt\u0131y\u0131 \u00f6nlemek i\u00e7in do\u011fru bir \u015fekilde sabitlenir. Genel yap\u0131 hem sergileme hem de korumay\u0131 dikkate al\u0131r, raflarda sergilemeye veya hediye paketi olarak kullan\u0131ma uygundur.<\/li>\n<\/ol>\n<h2 id=\"-ii-visual-design-and-functional-features-\"><strong>2. G\u00f6rsel tasar\u0131m ve i\u015flevsel \u00f6zellikler<\/strong><\/h2>\n<ol>\n<li><strong>Tematik g\u00f6r\u00fcn\u00fcm<\/strong>:<\/li>\n<li>Ana renk\u00a0<strong>mat siyah<\/strong>ile\u00a0<strong>beyaz testere di\u015fi deseni<\/strong>\u00a0ve\u00a0<strong>floresan ye\u015fili marka logosu<\/strong>g\u00fc\u00e7l\u00fc bir end\u00fcstriyel stil g\u00f6rsel etki olu\u015fturmaktad\u0131r. Kapak deseni, testere b\u0131\u00e7a\u011f\u0131n\u0131n kesme dinamiklerini vekt\u00f6r \u00e7izgileriyle geri y\u00fckleyerek \u00fcr\u00fcn\u00fcn amac\u0131n\u0131 sezgisel olarak aktar\u0131r.<\/li>\n<li>Tasar\u0131m \u015funlar\u0131 i\u00e7erir\u00a0<strong>minimalizm<\/strong>\u00a0konsepti, gereksiz dekoratif unsurlar olmadan, profesyonel ara\u00e7lar\u0131n \u00f6zelliklerini vurgularken marka tan\u0131n\u0131rl\u0131\u011f\u0131n\u0131 da art\u0131r\u0131yor.<\/li>\n<li><strong>Astar optimizasyonu<\/strong>: \u0130\u00e7 bo\u015fluk \u015funlar\u0131 kullan\u0131r\u00a0<strong>3-4 kat gri tahta \u00fcst \u00fcste bindirilmi\u015f kesim<\/strong>ve \u00e7ok y\u00f6nl\u00fc tampon korumas\u0131 sa\u011flamak \u00fczere testere b\u0131\u00e7a\u011f\u0131n\u0131n \u015fekline uyan olu\u011fu \u015fekillendirmek i\u00e7in CNC kal\u0131p kesim teknolojisini kullan\u0131r. Beyaz astar, siyah kutu g\u00f6vdesiyle kontrast olu\u015fturarak \u00fcr\u00fcn \u00e7\u0131kar\u0131ld\u0131\u011f\u0131nda t\u00f6ren hissini art\u0131r\u0131r.<\/li>\n<\/ol>\n<h2 id=\"-three-customized-services-and-production-guarantee-\"><strong>3. \u00d6zelle\u015ftirilmi\u015f hizmetler ve \u00fcretim garantisi<\/strong><\/h2>\n<ol>\n<li><strong>Esnek \u00f6zelle\u015ftirme \u015femas\u0131<\/strong>:<\/li>\n<li>Destek\u00a0<strong>boyut ayari<\/strong>\u00a0(farkl\u0131 \u00f6zellikteki testere b\u0131\u00e7aklar\u0131na uyum sa\u011flar),\u00a0<strong>desen yeniden tasar\u0131m\u0131<\/strong>\u00a0(de\u011fi\u015ftirilebilir LOGO, metin ve grafik \u00f6\u011feler),\u00a0<strong>malzeme y\u00fckseltme<\/strong>\u00a0(\u00f6zel ka\u011f\u0131tla de\u011fi\u015ftirmek veya s\u0131cak damgalama i\u015flemi eklemek gibi).<\/li>\n<li>Sa\u011flamak\u00a0<strong>EPE inci pamuk<\/strong>\u00a0veya\u00a0<strong>blister tepsi<\/strong>\u00a0ve \u00fcst d\u00fczey hediye paketleme ihtiya\u00e7lar\u0131n\u0131 kar\u015f\u0131lamak i\u00e7in di\u011fer tampon aksesuarlar\u0131.<\/li>\n<li><strong>Tam ba\u011flant\u0131 kalite kontrol ve teslimat<\/strong>:<\/li>\n<li>Evlat edinmek\u00a0<strong>tam otomati\u0307k kalip kesme maki\u0307nesi\u0307<\/strong>\u00a0ve\u00a0<strong>y\u00fcksek h\u0131zl\u0131 d\u00f6rt renkli bask\u0131 makinesi<\/strong>G\u00fcnl\u00fck ortalama 10.000 adet \u00fcretim kapasitesi ile acil sipari\u015flerin 7-10 g\u00fcn i\u00e7inde teslim edilmesini desteklemektedir.<\/li>\n<li>Uygulamak\u00a0<strong>\u00fc\u00e7 seviyeli kalite denetim sistemi<\/strong>: hammadde depolama denetimi (gri tahta nem i\u00e7eri\u011fi \u22648%), yar\u0131 mamul \u00fcr\u00fcn d\u00fczl\u00fck testi, bitmi\u015f \u00fcr\u00fcn s\u0131k\u0131\u015ft\u0131rma ve d\u00fc\u015f\u00fcrme testi.<\/li>\n<\/ol>\n<h2 id=\"-fourth-application-scenarios-and-competitive-advantages-\"><strong>4. Uygulama senaryolar\u0131 ve rekabet avantajlar\u0131<\/strong><\/h2>\n<ol>\n<li><strong>Uygulanabilir alanlar<\/strong>: \u00d6zellikle a\u015fa\u011f\u0131dakiler i\u00e7in tasarlanm\u0131\u015ft\u0131r\u00a0<strong>end\u00fcstriyel s\u0131n\u0131f testere b\u0131\u00e7a\u011f\u0131 markalar\u0131<\/strong>,\u00a0<strong>h\u0131rdavat aleti hediye setleri<\/strong>\u00a0ve\u00a0<strong>\u00fcst d\u00fczey mekanik ekipman aksesuarlar\u0131<\/strong>S\u00fcpermarket te\u015fhiri, e-ticaret ta\u015f\u0131mac\u0131l\u0131\u011f\u0131, sergi hediyeleri ve di\u011fer senaryolar i\u00e7in uygundur.<\/li>\n<li><strong>Temel avantajlar<\/strong>:<\/li>\n<li><strong>Farkl\u0131la\u015ft\u0131r\u0131lm\u0131\u015f tasar\u0131m<\/strong>: \u0130\u015flevsellik ve esteti\u011fi birle\u015ftirerek geleneksel alet ambalaj\u0131 kli\u015fesini k\u0131r\u0131yor.<\/li>\n<li><strong>\u00c7evresel uyumluluk<\/strong>: Hem gri karton hem de ku\u015fe ka\u011f\u0131t FSC sertifikas\u0131na uygundur ve geri d\u00f6n\u00fc\u015f\u00fcm\u00fc destekler.<\/li>\n<li><strong>Tek noktadan hizmet<\/strong>: Tasar\u0131m tasla\u011f\u0131ndan bitmi\u015f \u00fcr\u00fcn ambalaj\u0131na kadar, prova, \u00fcretim ve lojistik i\u00e7in tam s\u00fcre\u00e7 deste\u011fi sa\u011fl\u0131yoruz.<\/li>\n<\/ol>\n<h2 id=\"-technical-parameters-example-\"><strong>Teknik parametreler<\/strong>\u00a0(\u00f6rnek)<\/h2>\n<table>\n<thead>\n<tr>\n<th>\u00d6\u011fe<\/th>\n<th>Standart de\u011fer<\/th>\n<\/tr>\n<\/thead>\n<tbody>\n<tr>\n<td>Gri tahta a\u011f\u0131rl\u0131\u011f\u0131<\/td>\n<td>1200g (\u00b15%)<\/td>\n<\/tr>\n<tr>\n<td>Y\u00fczey bask\u0131s\u0131<\/td>\n<td>CMYK + mat laminasyon<\/td>\n<\/tr>\n<tr>\n<td>Y\u00fck ta\u015f\u0131ma kapasitesi<\/td>\n<td>Statik s\u0131k\u0131\u015ft\u0131rma direnci \u226550kg<\/td>\n<\/tr>\n<tr>\n<td>Teslimat d\u00f6ng\u00fcs\u00fc<\/td>\n<td>Normal sipari\u015fler 7-14 g\u00fcn<\/td>\n<\/tr>\n<\/tbody>\n<\/table>","protected":false},"excerpt":{"rendered":"<p>Bu testere b\u0131\u00e7a\u011f\u0131 kutusunun kutu tasar\u0131m\u0131 manyetik kapakl\u0131 bir kutu tasar\u0131m\u0131d\u0131r. G\u00f6r\u00fcn\u00fcm, \u00e7ekirdek i\u00e7erik olarak testere b\u0131\u00e7a\u011f\u0131 unsuruna dayanmaktad\u0131r. Kapak, \u00fcr\u00fcn amac\u0131n\u0131 daha sezgisel bir \u015fekilde ileten bir testere b\u0131\u00e7a\u011f\u0131 deseniyle bas\u0131lm\u0131\u015ft\u0131r.<\/p>","protected":false},"featured_media":255,"template":"","meta":{"_kad_post_transparent":"default","_kad_post_title":"","_kad_post_layout":"default","_kad_post_sidebar_id":"","_kad_post_content_style":"default","_kad_post_vertical_padding":"default","_kad_post_feature":"","_kad_post_feature_position":"","_kad_post_header":false,"_kad_post_footer":false,"_kad_post_classname":""},"product_brand":[],"product_cat":[15,17],"product_tag":[76,75,74],"class_list":{"0":"post-254","1":"product","2":"type-product","3":"status-publish","4":"has-post-thumbnail","6":"product_cat-red-light-therapy","7":"product_cat-services","8":"product_tag-magnetic-closure-saw-blade-box","9":"product_tag-saw-blade-packaging-box-factory","10":"product_tag-saw-blade-rigid-box","12":"first","13":"instock","14":"shipping-taxable","15":"product-type-simple","16":"entry","17":"content-bg","18":"loop-entry"},"_links":{"self":[{"href":"https:\/\/red-lighttherapy.com\/tr\/wp-json\/wp\/v2\/product\/254","targetHints":{"allow":["GET"]}}],"collection":[{"href":"https:\/\/red-lighttherapy.com\/tr\/wp-json\/wp\/v2\/product"}],"about":[{"href":"https:\/\/red-lighttherapy.com\/tr\/wp-json\/wp\/v2\/types\/product"}],"wp:featuredmedia":[{"embeddable":true,"href":"https:\/\/red-lighttherapy.com\/tr\/wp-json\/wp\/v2\/media\/255"}],"wp:attachment":[{"href":"https:\/\/red-lighttherapy.com\/tr\/wp-json\/wp\/v2\/media?parent=254"}],"wp:term":[{"taxonomy":"product_brand","embeddable":true,"href":"https:\/\/red-lighttherapy.com\/tr\/wp-json\/wp\/v2\/product_brand?post=254"},{"taxonomy":"product_cat","embeddable":true,"href":"https:\/\/red-lighttherapy.com\/tr\/wp-json\/wp\/v2\/product_cat?post=254"},{"taxonomy":"product_tag","embeddable":true,"href":"https:\/\/red-lighttherapy.com\/tr\/wp-json\/wp\/v2\/product_tag?post=254"}],"curies":[{"name":"wp","href":"https:\/\/api.w.org\/{rel}","templated":true}]}}