{"id":248,"date":"2025-04-10T12:46:08","date_gmt":"2025-04-10T12:46:08","guid":{"rendered":"https:\/\/red-lighttherapy.com\/?post_type=product&#038;p=248"},"modified":"2025-04-10T13:04:37","modified_gmt":"2025-04-10T13:04:37","slug":"luxury-food-tea-irregular-shaped-gift-packaging-box-suppliers","status":"publish","type":"product","link":"https:\/\/red-lighttherapy.com\/tr\/luxury-food-tea-irregular-shaped-gift-packaging-box-suppliers\/","title":{"rendered":"L\u00fcks G\u0131da \u00c7ay D\u00fczensiz \u015eekilli Hediye Paketleme Kutusu Tedarik\u00e7iler"},"content":{"rendered":"<h2 id=\"luxury-food-tea-shaped-gift-box\">L\u00fcks G\u0131da \u00c7ay D\u00fczensiz \u015eekilli Hediye Paketleme Kutusu Tedarik\u00e7iler<\/h2>\n<p>\u00dcst d\u00fczey hediye paketleme alan\u0131nda yenilik\u00e7i bir lider olarak, sanatsal esteti\u011fi pratik i\u015flevlerle b\u00fct\u00fcnle\u015ftirmeye kararl\u0131y\u0131z ve\u00a0<strong>Sekizgen \u015eekilli \u00c7ay Hediye Kutusu Serisi<\/strong>\u00dcst d\u00fczey g\u0131da ve \u00e7ay markalar\u0131 i\u00e7in \u00f6zel olarak tasarlanm\u0131\u015f olan bu \u00fcr\u00fcn, hem tan\u0131n\u0131rl\u0131k hem de kaliteye sahip ambalaj \u00e7\u00f6z\u00fcmleri yarat\u0131r. A\u015fa\u011f\u0131da \u00fcr\u00fcn\u00fcn temel avantajlar\u0131 ve teknik detaylar\u0131 yer almaktad\u0131r:<\/p>\n<h2 id=\"-1-material-and-structure-scientific-protection-stable-and-durable-\"><strong>1. Malzeme ve yap\u0131: bilimsel koruma, sa\u011flam ve dayan\u0131kl\u0131<\/strong><\/h2>\n<ul>\n<li><strong>Y\u00fcksek mukavemetli gri tahta iskelet<\/strong>: \u0130\u00e7 destek yap\u0131s\u0131 olarak y\u00fcksek yo\u011funluklu gri tahta kullan\u0131l\u0131r, 300g kaplamal\u0131 ka\u011f\u0131t kaplama i\u015flemi ile birle\u015ftirilir, sekizgen \u00fc\u00e7 boyutlu bir kutu \u015fekli olu\u015fturmak i\u00e7in hassas kal\u0131p kesme ve girinti teknolojisi ile bas\u0131n\u00e7 dayan\u0131m\u0131 40% art\u0131r\u0131larak kutu g\u00f6vdesinin nakliye s\u0131ras\u0131nda deforme olmamas\u0131 veya \u00e7atlamamas\u0131 sa\u011flan\u0131r.<\/li>\n<li><strong>Tampon kaplama tasar\u0131m\u0131<\/strong>: \u0130\u00e7 konfig\u00fcrasyon, b\u00f6l\u00fcmlenmi\u015f kart yuvas\u0131 arac\u0131l\u0131\u011f\u0131yla ba\u011f\u0131ms\u0131z k\u00fc\u00e7\u00fck paket \u00e7aya (5 g \/ 8 g po\u015fet \u00e7ay gibi) do\u011fru bir \u015fekilde uyarlanm\u0131\u015f beyaz EVA tek par\u00e7a kal\u0131planm\u0131\u015f i\u00e7 tepsidir, dalgal\u0131 tampon yap\u0131s\u0131 ile birlikte nakliye titre\u015fimini etkili bir \u015fekilde emer ve \u00fcr\u00fcn\u00fcn yer de\u011fi\u015ftirmesini veya \u00e7arp\u0131\u015fma hasar\u0131n\u0131 \u00f6nler.<\/li>\n<\/ul>\n<h2 id=\"-ii-innovative-design-fusion-of-geometric-aesthetics-and-cultural-symbols-\"><strong>2. Yenilik\u00e7i tasar\u0131m: geometrik estetik ve k\u00fclt\u00fcrel sembollerin birle\u015fimi<\/strong><\/h2>\n<ul>\n<li><strong>Sekizgen \u00f6zel \u015fekilli kutu<\/strong>: Temel tasar\u0131m dili olarak sekizgen geometrik yap\u0131 ile geleneksel kare kutu \u015feklini k\u0131ran a\u00e7\u0131sal \u00e7izgiler hem sert hem de yumu\u015fakt\u0131r, bu sadece geleneksel k\u00fclt\u00fcrdeki \"her y\u00f6nden zenginlik\" in u\u011furlu anlam\u0131n\u0131 yans\u0131tmakla kalmaz, ayn\u0131 zamanda modern minimalist estetik \u00f6zellikler verir ve raf te\u015fhirinin tan\u0131n\u0131rl\u0131\u011f\u0131 60% ile artar.<\/li>\n<li><strong>Renkli g\u00f6rsel sistem<\/strong>: Ana renk, \u00e7ay\u0131n do\u011fal safl\u0131\u011f\u0131n\u0131 simgeleyen saf mat beyazd\u0131r; konturlar\u0131 \u00e7izmek i\u00e7in mat k\u0131rm\u0131z\u0131 \u00e7izgiler kullan\u0131l\u0131r ve bulut desenleri ve chevron desenleri gibi geleneksel desenleri sunmak i\u00e7in yerel s\u0131cak damgalama i\u015flemi kullan\u0131l\u0131r, k\u0131rm\u0131z\u0131-alt\u0131n-beyaz \u00fc\u00e7 renkli bir kontrast olu\u015fturarak oryantal zarafeti ve uluslararas\u0131 moda anlay\u0131\u015f\u0131n\u0131 birle\u015ftirir.<\/li>\n<\/ul>\n<h2 id=\"-iii-process-details-seiko-quality-sensory-upgrade-\"><strong>3. S\u00fcre\u00e7 detaylar\u0131: Seiko kalitesi, duyusal y\u00fckseltme<\/strong><\/h2>\n<ul>\n<li><strong>Y\u00fcksek \u00e7\u00f6z\u00fcn\u00fcrl\u00fckl\u00fc bask\u0131 teknolojisi<\/strong>: Desenin 98% renk reprod\u00fcksiyonunu elde etmek i\u00e7in yerel UV teknolojisi ile birle\u015ftirilmi\u015f be\u015f renkli ofset bask\u0131 kullan\u0131l\u0131r. Alt\u0131n elementler, so\u011fuk damgalama veya yedi renkli toz teknolojisi ile \u00fc\u00e7 boyutlu bir parlakl\u0131kla sunulur. Kenar do\u011frulu\u011fu hatas\u0131 \u22640,1 mm'dir ve ta\u015fma ve \u00e7apak gibi kusurlar\u0131 ortadan kald\u0131r\u0131r.<\/li>\n<li><strong>Y\u00fczey dokusu i\u015fleme<\/strong>: A\u015f\u0131nma direncini art\u0131rmak i\u00e7in mat film veya dokunsal kadife film uygulan\u0131r ve marka LOGO'sunun \u00fc\u00e7 boyutlu hissini art\u0131rmak i\u00e7in kabartma i\u015flemi kullan\u0131l\u0131r. Parmak u\u00e7lar\u0131 dokundu\u011funda, hassas bir mat veya kadife doku sunar ve g\u00f6r\u00fc\u015ften dokunu\u015fa kadar \u00fcst d\u00fczey bir deneyim sunar.<\/li>\n<\/ul>\n<h2 id=\"-fourth-customized-service-in-depth-adaptation-to-brand-needs-\"><strong>4. \u00d6zelle\u015ftirilmi\u015f hizmet: marka ihtiya\u00e7lar\u0131na derinlemesine adaptasyon<\/strong><\/h2>\n<ul>\n<li><strong>Esnek \u00f6zelle\u015ftirme boyutlar\u0131<\/strong>:<\/li>\n<li><strong>Kutu tipi ayar\u0131<\/strong>: Sekizgen a\u00e7\u0131 ince ayar\u0131n\u0131 (60 \u00b0 dar a\u00e7\u0131 veya 120 \u00b0 geni\u015f a\u00e7\u0131 gibi), boyut geni\u015fletmeyi (y\u00fckseklik 50-300 mm \u00f6zelle\u015ftirilebilir) destekler ve farkl\u0131 \u00f6zelliklere sahip \u00e7ay kutular\u0131 veya g\u0131da ambalajlar\u0131 i\u00e7in uygundur.<\/li>\n<li><strong>G\u00f6rsel tasar\u0131m<\/strong>: Marka LOGO s\u0131cak damgalama \/ serigrafi bask\u0131, grafik d\u00fczeni optimizasyonu, k\u00fclt\u00fcrel unsur implantasyonu (kaligrafi yaz\u0131 tipleri, b\u00f6lgesel semboller gibi) sa\u011flay\u0131n ve 20 temel d\u00fczen k\u00fct\u00fcphanesi ihtiya\u00e7lara h\u0131zla uyum sa\u011flayabilir.<\/li>\n<li><strong>Tek noktadan hizmet s\u00fcreci<\/strong>: 3D modelleme provas\u0131ndan, malzeme se\u00e7iminden seri \u00fcretime kadar, ilk numune onay\u0131 15 g\u00fcnde tamamlan\u0131r ve minimum 3.000 adetlik sipari\u015f miktar\u0131, k\u00fcresel lojistik takibini destekleyerek 30 g\u00fcnde teslim edilir.<\/li>\n<\/ul>\n<h2 id=\"-v-quality-control-and-environmental-protection-strict-standards-sustainable-concept-\"><strong>5. Kalite Kontrol ve \u00c7evre Koruma: S\u0131k\u0131 Standartlar, S\u00fcrd\u00fcr\u00fclebilir Konsept<\/strong><\/h2>\n<ul>\n<li><strong>Tam Zincir Kalite Denetimi<\/strong>: ISO9001 kalite sistem sertifikas\u0131n\u0131 ge\u00e7mi\u015ftir, gri tahta yo\u011funlu\u011fu (\u2265800g \/ m\u00b3) ve kaplamal\u0131 ka\u011f\u0131t patlama mukavemeti (\u2265400kPa) gibi 12 g\u00f6sterge, g\u0131da s\u0131n\u0131f\u0131 g\u00fcvenlik standartlar\u0131na uygunlu\u011fu sa\u011flamak i\u00e7in parti parti test edilir.<\/li>\n<li><strong>Ye\u015fil \u00dcretim Sistemi<\/strong>: FSC sertifikal\u0131 \u00e7evre dostu ka\u011f\u0131t ve su bazl\u0131 m\u00fcrekkebi benimseyen \u00fcretim s\u00fcreci s\u0131f\u0131r at\u0131k su de\u015farj\u0131 sa\u011flar ve hediye kutusu 90%'nin \u00fczerinde bir oranda geri d\u00f6n\u00fc\u015ft\u00fcr\u00fclebilir ve bozunabilir, bu da markan\u0131n ESG stratejisini uygulamas\u0131na yard\u0131mc\u0131 olur.<\/li>\n<\/ul>\n<h2 id=\"application-scenarios-and-value-empowerment\">Uygulama Senaryolar\u0131 ve De\u011fer G\u00fc\u00e7lendirme<\/h2>\n<p>Bu hediye kutusu serisi, \u00f6zellikle Pu'er \u00e7ay\u0131, kaya \u00e7ay\u0131 ve de\u011ferli yiyecekler gibi \u00fcst d\u00fczey hediye senaryolar\u0131 i\u00e7in uygundur.\u00a0<strong>i\u015f hediyeleri, marka ortak isimleri, tatil s\u0131n\u0131rl\u0131 s\u00fcr\u00fcmleri<\/strong>\u00a0ve di\u011fer pazarlama ihtiya\u00e7lar\u0131. Farkl\u0131la\u015ft\u0131r\u0131lm\u0131\u015f sekizgen tasar\u0131m, k\u00fclt\u00fcrel sembol yerle\u015ftirme ve \u00f6zelle\u015ftirilmi\u015f hizmetler arac\u0131l\u0131\u011f\u0131yla markalar\u0131n\u00a0<strong>\"tek bak\u0131\u015fta tan\u0131ma\"<\/strong>\u00a0benzer rakip \u00fcr\u00fcnler aras\u0131nda g\u00f6rsel haf\u0131za ve \u00fcr\u00fcn prim alan\u0131n\u0131 30%'den daha fazla art\u0131r\u0131r.<\/p>","protected":false},"excerpt":{"rendered":"<p>Bu hediye kutusunun \u015fekli, i\u00e7inde beyaz bir astar ve k\u00fc\u00e7\u00fck \u00e7ay paketini i\u00e7ine do\u011fru bir \u015fekilde s\u0131\u011fd\u0131rabilen ve \u00fcr\u00fcn konumunu sabitleyebilen, pratikli\u011fi ve g\u00fczelli\u011fi birle\u015ftiren bir b\u00f6lme yap\u0131s\u0131 tasar\u0131m\u0131na sahip sekizgen bir tasar\u0131md\u0131r.<\/p>","protected":false},"featured_media":250,"template":"","meta":{"_kad_post_transparent":"default","_kad_post_title":"","_kad_post_layout":"default","_kad_post_sidebar_id":"","_kad_post_content_style":"default","_kad_post_vertical_padding":"default","_kad_post_feature":"","_kad_post_feature_position":"","_kad_post_header":false,"_kad_post_footer":false,"_kad_post_classname":""},"product_brand":[],"product_cat":[15,17],"product_tag":[73,71,72],"class_list":{"0":"post-248","1":"product","2":"type-product","3":"status-publish","4":"has-post-thumbnail","6":"product_cat-red-light-therapy","7":"product_cat-services","8":"product_tag-food-tea-box-suppliers","9":"product_tag-food-tea-gift-packaging","10":"product_tag-luxury-food-gift-box","12":"first","13":"instock","14":"shipping-taxable","15":"product-type-simple","16":"entry","17":"content-bg","18":"loop-entry"},"_links":{"self":[{"href":"https:\/\/red-lighttherapy.com\/tr\/wp-json\/wp\/v2\/product\/248","targetHints":{"allow":["GET"]}}],"collection":[{"href":"https:\/\/red-lighttherapy.com\/tr\/wp-json\/wp\/v2\/product"}],"about":[{"href":"https:\/\/red-lighttherapy.com\/tr\/wp-json\/wp\/v2\/types\/product"}],"wp:featuredmedia":[{"embeddable":true,"href":"https:\/\/red-lighttherapy.com\/tr\/wp-json\/wp\/v2\/media\/250"}],"wp:attachment":[{"href":"https:\/\/red-lighttherapy.com\/tr\/wp-json\/wp\/v2\/media?parent=248"}],"wp:term":[{"taxonomy":"product_brand","embeddable":true,"href":"https:\/\/red-lighttherapy.com\/tr\/wp-json\/wp\/v2\/product_brand?post=248"},{"taxonomy":"product_cat","embeddable":true,"href":"https:\/\/red-lighttherapy.com\/tr\/wp-json\/wp\/v2\/product_cat?post=248"},{"taxonomy":"product_tag","embeddable":true,"href":"https:\/\/red-lighttherapy.com\/tr\/wp-json\/wp\/v2\/product_tag?post=248"}],"curies":[{"name":"wp","href":"https:\/\/api.w.org\/{rel}","templated":true}]}}