{"id":242,"date":"2025-04-10T12:32:25","date_gmt":"2025-04-10T12:32:25","guid":{"rendered":"https:\/\/red-lighttherapy.com\/?post_type=product&#038;p=242"},"modified":"2025-04-10T12:46:01","modified_gmt":"2025-04-10T12:46:01","slug":"china-double-door-open-gourmet-food-gift-box-suppliers","status":"publish","type":"product","link":"https:\/\/red-lighttherapy.com\/tr\/china-double-door-open-gourmet-food-gift-box-suppliers\/","title":{"rendered":"\u00c7in \u00c7ift Kap\u0131l\u0131 A\u00e7\u0131k Gurme G\u0131da Hediye Kutusu Tedarik\u00e7iler"},"content":{"rendered":"<h2 id=\"-double-door-open-liftable-food-gift-box\">\u00c7in \u00c7ift Kap\u0131l\u0131 A\u00e7\u0131k Gurme G\u0131da Hediye Kutusu Tedarik\u00e7iler<\/h2>\n<h2 id=\"-i-core-material-high-pressure-resistant-and-environmentally-friendly-substrate-\"><strong>1. \u00c7ekirdek malzeme: y\u00fcksek bas\u0131nca dayan\u0131kl\u0131 ve \u00e7evre dostu substrat<\/strong><\/h2>\n<ol>\n<li><strong>Ku\u015fe ka\u011f\u0131t + \u00e7ift gri karton kombinasyon yap\u0131s\u0131<\/strong><\/li>\n<li>D\u0131\u015f kutu, p\u00fcr\u00fczs\u00fcz ve hassas bir y\u00fczeye ve y\u00fcksek renk \u00fcretimine sahip mat film teknolojisine sahip 300g y\u00fcksek a\u011f\u0131rl\u0131kl\u0131 ku\u015fe ka\u011f\u0131t kullan\u0131r ve floklama \/ s\u0131cak damgalama i\u015flemi dokunma ve g\u00f6rsel kaliteyi art\u0131r\u0131r.<\/li>\n<li>\u0130\u00e7 katman, 80MPa'dan daha fazla sertli\u011fe sahip 2,5 mm ithal \u00e7ift gri levha kullan\u0131r ve bas\u0131n\u00e7 dayan\u0131m\u0131, deformasyon olmadan nakliye s\u0131ras\u0131nda 50 kg dikey bas\u0131nca dayanabilen 30% ile end\u00fcstri standard\u0131n\u0131 a\u015far.<\/li>\n<li>FSC \u00e7evre sertifikas\u0131n\u0131 ge\u00e7en malzeme geri d\u00f6n\u00fc\u015ft\u00fcr\u00fclebilir ve par\u00e7alanabilir ve g\u0131da s\u0131n\u0131f\u0131 ambalaj g\u00fcvenli\u011fi standartlar\u0131n\u0131 kar\u015f\u0131lar.<\/li>\n<\/ol>\n<h2 id=\"-ii-innovative-structure-double-door-flip-lift-design-\"><strong>2. Yenilik\u00e7i yap\u0131: \u00e7ift kap\u0131l\u0131 a\u00e7\u0131l\u0131r kapan\u0131r asans\u00f6r tasar\u0131m\u0131<\/strong><\/h2>\n<ol>\n<li><strong>Manyetik \u00e7ift kap\u0131l\u0131 a\u00e7ma ve kapama<\/strong><\/li>\n<li>Yerle\u015fik g\u00f6r\u00fcnmez manyetik toka ile 180 \u00b0 \u00e7ift kap\u0131l\u0131 bir yap\u0131 benimseyen a\u00e7ma ve kapama p\u00fcr\u00fczs\u00fcz ve g\u00fcr\u00fclt\u00fcs\u00fczd\u00fcr ve kapand\u0131ktan sonra s\u0131zd\u0131rmazl\u0131k IP54 toz ge\u00e7irmezlik seviyesine ula\u015f\u0131r.<\/li>\n<li><strong>Otomatik kald\u0131rmal\u0131 i\u00e7 kutu<\/strong><\/li>\n<li>Dahili yayl\u0131\/di\u015fli yava\u015f kald\u0131rma cihaz\u0131, i\u00e7 tepsi a\u00e7\u0131ld\u0131\u011f\u0131nda 0,5 m\/s'lik e\u015fit bir h\u0131zda y\u00fckselir ve a\u00e7\u0131k renkli EVA astar ile \"stand tarz\u0131\" bir g\u00f6rsel odak olu\u015fturarak ambalaj\u0131 a\u00e7arken t\u00f6ren hissini art\u0131r\u0131r.<\/li>\n<li>\u0130\u00e7 tepsi, kek, kuru g\u0131da ve \u015farap gibi \u00e7ok kategorili kombinasyon ambalajlar\u0131n\u0131n ihtiya\u00e7lar\u0131n\u0131 kar\u015f\u0131lamak i\u00e7in katmanl\u0131 mod\u00fcllerle \u00f6zelle\u015ftirilebilir.<\/li>\n<\/ol>\n<h2 id=\"-three-visual-design-black-and-gold-aesthetics-and-information-communication-\"><strong>3. G\u00f6rsel tasar\u0131m: siyah ve alt\u0131n esteti\u011fi ve bilgi ileti\u015fimi<\/strong><\/h2>\n<ol>\n<li><strong>Ana g\u00f6rsel \u00e7\u00f6z\u00fcm<\/strong><\/li>\n<li>Y\u00fcksek doygunluklu g\u0131da ger\u00e7ek \u00e7ekim desenleri (turuncu-k\u0131rm\u0131z\u0131 biber, alt\u0131n kurabiye gibi) ile siyah mat arka plan, CMYK renk gam\u0131 kapsama oran\u0131 98%'ye ula\u015farak \"koyu renk sakin + parlak renk g\u00f6z al\u0131c\u0131\" kontrast etkisi elde eder.<\/li>\n<li>LOGO, \u00fc\u00e7 boyutlu s\u0131cak g\u00fcm\u00fc\u015f teknolojisini benimser ve metin bilgileri Pantone 872C metal spot rengini kullan\u0131r ve g\u00fc\u00e7l\u00fc \u0131\u015f\u0131k alt\u0131nda k\u0131r\u0131lma indisi 200% artar.<\/li>\n<li><strong>G\u00fcven onay\u0131 sunumu<\/strong><\/li>\n<li>ISO22000, HACCP ve di\u011fer sertifikasyon logolar\u0131 \u00f6n tarafta belirgin bir konumda bas\u0131lm\u0131\u015ft\u0131r ve yan tarafa sahtecili\u011fe kar\u015f\u0131 izlenebilirlik QR kodu eklenmi\u015ftir. \u00dcretim partisini ve kalite kontrol raporunu g\u00f6r\u00fcnt\u00fclemek i\u00e7in kodu taray\u0131n.<\/li>\n<\/ol>\n<h2 id=\"-iv-lining-protection-intelligent-buffer-system-\"><strong>4. Astar korumas\u0131: ak\u0131ll\u0131 tampon sistemi<\/strong><\/h2>\n<ol>\n<li><strong>Mod\u00fcler kaplama \u00e7\u00f6z\u00fcm\u00fc<\/strong><\/li>\n<li>Temel versiyon: 1,5 mm inci pamuk a\u00e7\u0131k gri astar, FDA g\u0131da ile temas sertifikas\u0131, y\u0131kanabilir ve tekrar kullan\u0131labilir.<\/li>\n<li>Y\u00fckseltilmi\u015f versiyon: 3D lazer kesim haf\u0131zal\u0131 k\u00f6p\u00fck, \u00fcr\u00fcn\u00fcn \u015fekline g\u00f6re \u00f6nceden preslenmi\u015f oluklar ve sismik diren\u00e7 MIL-STD-810G askeri standard\u0131na ula\u015f\u0131r.<\/li>\n<li><strong>Koku kontrol teknolojisi<\/strong><\/li>\n<li>Bambu k\u00f6m\u00fcr\u00fc adsorpsiyon tabakas\u0131 ile mikro g\u00f6zenekli oksijen ge\u00e7irgen yap\u0131y\u0131 benimseyen 72 saatlik kapal\u0131 test, TVOC sal\u0131n\u0131m\u0131n\u0131n \u22640.05mg \/ m\u00b3 oldu\u011funu g\u00f6stermektedir.<\/li>\n<\/ol>\n<h2 id=\"-v-customized-service-full-link-flexible-production-\"><strong>5. \u00d6zelle\u015ftirilmi\u015f hizmet: tam ba\u011flant\u0131l\u0131 esnek \u00fcretim<\/strong><\/h2>\n<ol>\n<li><strong>Ki\u015fiselle\u015ftirilmi\u015f tasar\u0131m deste\u011fi<\/strong><\/li>\n<li>Boyut aral\u0131\u011f\u0131 80\u00d780mm ila 600\u00d7400mm'yi kapsar ve \u00f6zel \u015fekilli kutular ve kitap \u015feklindeki kutular gibi 20'den fazla kutu kitapl\u0131\u011f\u0131 se\u00e7imini destekler.<\/li>\n<li>M\u00fc\u015fteriler malzemeleri y\u00fckledikten sonra otomatik olarak 3D renderlar olu\u015fturabilen ve 48 saat i\u00e7inde prova sunabilen AI ak\u0131ll\u0131 tasar\u0131m sistemi sa\u011flay\u0131n.<\/li>\n<li><strong>\u00d6l\u00e7eklendirilmi\u015f teslimat kapasitesi<\/strong><\/li>\n<li>16 y\u0131ll\u0131k bask\u0131 deneyimi, kendi 10.000\u33a1 ak\u0131ll\u0131 fabrikas\u0131, g\u00fcnl\u00fck 100.000 adet \u00fcretim kapasitesi ve 500.000-500.000 esnek sipari\u015f deste\u011fi ile.<\/li>\n<li>Tam s\u00fcre\u00e7 kalite kontrol\u00fc: fabrikaya giren hammaddelerden sevk edilen bitmi\u015f \u00fcr\u00fcnlere kadar 12 denetim d\u00fc\u011f\u00fcm\u00fc vard\u0131r ve renk fark\u0131 kontrol\u00fc \u0394E\u22641.5'tir.<\/li>\n<\/ol>\n<h2 id=\"-vi-value-added-service-brand-empowerment-solution-\"><strong>6. Katma de\u011ferli hizmet: Marka g\u00fc\u00e7lendirme \u00e7\u00f6z\u00fcm\u00fc<\/strong><\/h2>\n<ul>\n<li><strong>Tek noktadan \u00e7\u00f6z\u00fcm<\/strong>: Yap\u0131sal tasar\u0131mdan grafik tasar\u0131ma, malzeme se\u00e7iminden lojistik da\u011f\u0131t\u0131ma ve 7\u00d724 saat \u00f6zel m\u00fc\u015fteri hizmetleri takibine kadar tam s\u00fcre\u00e7 hizmetleri sa\u011flay\u0131n.<\/li>\n<li><strong>Pazarlama g\u00fc\u00e7lendirme<\/strong>: 1.000 adet \u00f6zelle\u015ftirilmi\u015f \u00fcr\u00fcn hikayesi kart\u0131 hediye edilecektir. \u00d6zel alan trafi\u011fini d\u00f6n\u00fc\u015ft\u00fcrmeye yard\u0131mc\u0131 olacak marka mikro al\u0131\u015fveri\u015f merkezine atlamak i\u00e7in QR kodunu taray\u0131n.<\/li>\n<\/ul>","protected":false},"excerpt":{"rendered":"<p>Bu al\u0131\u015f\u0131lmad\u0131k \u015fekilli kutu, g\u00fc\u00e7l\u00fc bir g\u00f6rsel etkiye sahip parlak g\u0131da resimleri ile esas olarak siyaht\u0131r. \u00d6n y\u00fcz, \u00fcr\u00fcn \u00f6zelliklerini ve kalitesini vurgulamak i\u00e7in LOGO gibi g\u00f6z al\u0131c\u0131 kelimelerle bas\u0131lm\u0131\u015ft\u0131r ve ayr\u0131ca g\u00fcvenilirli\u011fi art\u0131rmak i\u00e7in sertifika i\u015faretleriyle i\u015faretlenmi\u015ftir.<\/p>","protected":false},"featured_media":246,"template":"","meta":{"_kad_post_transparent":"default","_kad_post_title":"","_kad_post_layout":"default","_kad_post_sidebar_id":"","_kad_post_content_style":"default","_kad_post_vertical_padding":"default","_kad_post_feature":"","_kad_post_feature_position":"","_kad_post_header":false,"_kad_post_footer":false,"_kad_post_classname":""},"product_brand":[],"product_cat":[15,17],"product_tag":[70,69,68],"class_list":{"0":"post-242","1":"product","2":"type-product","3":"status-publish","4":"has-post-thumbnail","6":"product_cat-red-light-therapy","7":"product_cat-services","8":"product_tag-double-door-open-food-box","9":"product_tag-food-gift-box-suppliers","10":"product_tag-gourmet-food-gift-box","12":"first","13":"instock","14":"shipping-taxable","15":"product-type-simple","16":"entry","17":"content-bg","18":"loop-entry"},"_links":{"self":[{"href":"https:\/\/red-lighttherapy.com\/tr\/wp-json\/wp\/v2\/product\/242","targetHints":{"allow":["GET"]}}],"collection":[{"href":"https:\/\/red-lighttherapy.com\/tr\/wp-json\/wp\/v2\/product"}],"about":[{"href":"https:\/\/red-lighttherapy.com\/tr\/wp-json\/wp\/v2\/types\/product"}],"wp:featuredmedia":[{"embeddable":true,"href":"https:\/\/red-lighttherapy.com\/tr\/wp-json\/wp\/v2\/media\/246"}],"wp:attachment":[{"href":"https:\/\/red-lighttherapy.com\/tr\/wp-json\/wp\/v2\/media?parent=242"}],"wp:term":[{"taxonomy":"product_brand","embeddable":true,"href":"https:\/\/red-lighttherapy.com\/tr\/wp-json\/wp\/v2\/product_brand?post=242"},{"taxonomy":"product_cat","embeddable":true,"href":"https:\/\/red-lighttherapy.com\/tr\/wp-json\/wp\/v2\/product_cat?post=242"},{"taxonomy":"product_tag","embeddable":true,"href":"https:\/\/red-lighttherapy.com\/tr\/wp-json\/wp\/v2\/product_tag?post=242"}],"curies":[{"name":"wp","href":"https:\/\/api.w.org\/{rel}","templated":true}]}}