{"id":236,"date":"2025-04-10T12:21:10","date_gmt":"2025-04-10T12:21:10","guid":{"rendered":"https:\/\/red-lighttherapy.com\/?post_type=product&#038;p=236"},"modified":"2025-04-10T12:32:14","modified_gmt":"2025-04-10T12:32:14","slug":"custom-wine-spirit-liquor-paper-tube-packaging-box-wholesale","status":"publish","type":"product","link":"https:\/\/red-lighttherapy.com\/tr\/custom-wine-spirit-liquor-paper-tube-packaging-box-wholesale\/","title":{"rendered":"\u00d6zel \u015earap Ruhu Lik\u00f6r\u00fc Ka\u011f\u0131t T\u00fcp Ambalaj Kutusu Toptan Sat\u0131\u015f"},"content":{"rendered":"<h2 id=\"-customized-red-and-gold-curled-cylinder-packaging-box-for-wine-and-spirits-\"><strong>\u015earap ve Alkoll\u00fc \u0130\u00e7kiler i\u00e7in \u00d6zelle\u015ftirilmi\u015f K\u0131rm\u0131z\u0131 ve Alt\u0131n K\u0131vr\u0131ml\u0131 Silindir Ambalaj Kutusu<\/strong><\/h2>\n<h2 id=\"-core-product-design-\"><strong>Temel \u00dcr\u00fcn Tasar\u0131m\u0131<\/strong><\/h2>\n<ol>\n<li><strong>Malzeme ve Yap\u0131<\/strong><\/li>\n<li><strong>\u00c7evre dostu ku\u015fe ka\u011f\u0131t y\u00fczey malzemesi<\/strong>: Y\u00fczey malzemesi olarak gram a\u011f\u0131rl\u0131\u011f\u0131 200 g\/m\u00b2'den fazla olan ku\u015fe ka\u011f\u0131t se\u00e7ilmi\u015ftir, y\u00fczey p\u00fcr\u00fczs\u00fcz ve hassast\u0131r, m\u00fckemmel bask\u0131 uygunlu\u011funa sahiptir ve s\u0131cak damgalama ve renkli bask\u0131 gibi i\u015flem ayr\u0131nt\u0131lar\u0131n\u0131 do\u011fru bir \u015fekilde sunabilir. Silindir g\u00f6vdesi spiral bir k\u0131v\u0131rma i\u015flemini benimser ve sertlik, \u00e7evre koruma ve dayan\u0131kl\u0131l\u0131k dikkate al\u0131narak silindir kutusunun a\u011f\u0131rl\u0131k ta\u015f\u0131rken (tek k\u0131rm\u0131z\u0131 \u015farap \/ ispirto \u015fi\u015fesi) deforme olmamas\u0131n\u0131 sa\u011flamak i\u00e7in \u00e7ok katmanl\u0131 bir montaj i\u015flemi ile art\u0131r\u0131l\u0131r.<\/li>\n<li><strong>K\u0131vr\u0131lm\u0131\u015f Silindir Kutu Tipi<\/strong>: Silindirik ka\u011f\u0131t t\u00fcp yap\u0131s\u0131 tasar\u0131m\u0131, kenarlar\u0131 ve k\u00f6\u015feleri olmayan d\u00fczg\u00fcn \u00e7izgiler, yukar\u0131 ve a\u015fa\u011f\u0131 rahat a\u00e7ma ve kapama ve iyi s\u0131zd\u0131rmazl\u0131k. Silindir g\u00f6vdesinin \u00e7ap\u0131 ve y\u00fcksekli\u011fi, 750ml standart \u015farap \u015fi\u015felerinin ve \u00f6zel \u015fekilli \u015fi\u015felerin ihtiya\u00e7lar\u0131n\u0131 kar\u015f\u0131lamak i\u00e7in \u00f6zelle\u015ftirilebilir.<\/li>\n<li><strong>Dekorasyon teknolojisi ve g\u00f6rsel tasar\u0131m<\/strong><\/li>\n<li><strong>S\u0131cak damgalama teknolojisi<\/strong>: Yerel UV s\u0131cak damgalama teknolojisi kullan\u0131larak, varilin ana g\u00f6vdesi \u00fczerinde radyal \u00e7izgiler veya asma desenleri tasarlan\u0131r, marka logosu veya u\u011furlu desenlerle e\u015fle\u015ftirilir, tatil hediyeleri, d\u00fc\u011f\u00fcn ziyafetleri ve di\u011fer sahneler i\u00e7in uygun, \u015fenlikli ve l\u00fcks bir atmosfer sunar.<\/li>\n<li><strong>K\u0131rm\u0131z\u0131 ve alt\u0131n klasik renk uyumu<\/strong>: Ana renk, s\u0131cak damgalama unsurlar\u0131yla e\u015fle\u015ftirilen olduk\u00e7a doygun \u00c7in k\u0131rm\u0131z\u0131s\u0131d\u0131r ve g\u00f6rsel etki, renk kontrast\u0131 yoluyla art\u0131r\u0131larak \u00fcr\u00fcn\u00fcn \u00fcst d\u00fczey dokusu ve k\u00fclt\u00fcrel \u00e7a\u011fr\u0131\u015f\u0131m\u0131 vurgulan\u0131r.<\/li>\n<li><strong>\u0130\u00e7 koruma yap\u0131s\u0131<\/strong><\/li>\n<li><strong>Alt\u0131n \u00e7er\u00e7eve astar\u0131<\/strong>: Dahili 0,5 mm kal\u0131nl\u0131\u011f\u0131nda alt\u0131n EVA tampon \u00e7er\u00e7eve, ta\u015f\u0131ma s\u0131ras\u0131nda \u00e7izilmeleri \u00f6nlemek i\u00e7in \u015fi\u015fe g\u00f6vdesine s\u0131k\u0131ca oturur; \u00e7er\u00e7evenin y\u00fczeyi, \u015farap \u015fi\u015fesinin dokusunu sade bir \u015fekilde ortaya \u00e7\u0131karan mat film ile kaplanm\u0131\u015ft\u0131r. \u00c7oklu \u015fi\u015fe kombinasyonlu ambalaj ihtiya\u00e7lar\u0131n\u0131 kar\u015f\u0131lamak i\u00e7in flok astar veya \u00f6zelle\u015ftirilmi\u015f b\u00f6lme yap\u0131s\u0131na y\u00fckseltmeyi destekler.<\/li>\n<\/ol>\n<h2 id=\"-advantages-of-customized-services-\"><strong>\u00d6zelle\u015ftirilmi\u015f hizmetlerin avantajlar\u0131<\/strong><\/h2>\n<ol>\n<li><strong>Esnek \u00f6zelle\u015ftirme se\u00e7enekleri<\/strong><\/li>\n<li><strong>Desen ve boyut<\/strong>: Marka VI, tatil temalar\u0131 veya sanatsal ill\u00fcstrasyonlara entegre edilebilen tam renkli bask\u0131, k\u0131smi s\u0131cak damgalama, kabartma ve di\u011fer i\u015flemleri destekler; namlunun y\u00fckseklik ve \u00e7ap hatalar\u0131, m\u00fc\u015fteri ihtiya\u00e7lar\u0131n\u0131 do\u011fru bir \u015fekilde kar\u015f\u0131layan \u00b1 0,5 mm i\u00e7inde kontrol edilir.<\/li>\n<li><strong>Malzeme y\u00fckseltme<\/strong>: Dokuyu geli\u015ftirmek i\u00e7in iste\u011fe ba\u011fl\u0131 alt\u0131n ve g\u00fcm\u00fc\u015f karton, \u00f6zel ka\u011f\u0131t (suni deri tah\u0131l, dokunmatik film gibi) kullan\u0131labilir veya pratikli\u011fi art\u0131rmak i\u00e7in su ge\u00e7irmez kaplama eklenebilir.<\/li>\n<li><strong>\u00dcretim ve teslimat garantisi<\/strong><\/li>\n<li><strong>Verimli \u00fcretim kapasitesi<\/strong>: Tam otomatik rulo \u015fekillendirme makinesi ve s\u0131cak damgalama \u00fcretim hatt\u0131 ile donat\u0131lm\u0131\u015f olan g\u00fcnl\u00fck \u00fcretim kapasitesi 10.000.000 PCS'den fazlas\u0131na ula\u015f\u0131r, 500 PCS minimum sipari\u015fi destekler ve b\u00fcy\u00fck sipari\u015flerin teslimat d\u00f6ng\u00fcs\u00fc 7-10 i\u015f g\u00fcn\u00fcne k\u0131salt\u0131l\u0131r.<\/li>\n<li><strong>Tek noktadan hizmet<\/strong>: 3D modelleme tasar\u0131m\u0131ndan, prova onay\u0131ndan seri \u00fcretime kadar, s\u00fcre\u00e7 boyunca takip, malzeme numune kitaplar\u0131, proses testi ve lojistik paketleme \u00e7\u00f6z\u00fcmleri sunarak hem kaliteyi hem de zamanl\u0131l\u0131\u011f\u0131 sa\u011flar.<\/li>\n<\/ol>\n<h2 id=\"-application-scenarios-and-competitiveness-\"><strong>Uygulama senaryolar\u0131 ve rekabet g\u00fcc\u00fc<\/strong><\/h2>\n<ul>\n<li><strong>Senaryo uyarlamas\u0131<\/strong>: S\u00fcpermarket te\u015fhiri, e-ticaret ta\u015f\u0131mac\u0131l\u0131\u011f\u0131, marka fla\u015f etkinlikleri vb. gibi birden fazla senaryo dikkate al\u0131narak k\u0131rm\u0131z\u0131 \u015farap, alkoll\u00fc i\u00e7kiler, y\u00fcksek kaliteli \u00e7ay, kokular vb. hediye ambalajlar\u0131na uygulanabilir.<\/li>\n<li><strong>\u00c7evre sertifikas\u0131<\/strong>: Ana malzeme FSC orman sertifikasyonundan ge\u00e7mi\u015ftir, ihracat i\u00e7in AB REACH \u00e7evre koruma standartlar\u0131n\u0131 kar\u015f\u0131lar ve s\u0131n\u0131r \u00f6tesi tedariki destekler.<\/li>\n<\/ul>","protected":false},"excerpt":{"rendered":"<p>Bu kutu, festivaller veya hediye sahneleri i\u00e7in uygun olan, p\u00fcr\u00fczs\u00fcz \u00e7izgilere, a\u00e7\u0131lmas\u0131 ve kapat\u0131lmas\u0131 kolay, alt\u0131n s\u0131cak damgalama folyo teknolojisine ve radyal \u00e7izgi dekorasyonuna sahip k\u0131vr\u0131lm\u0131\u015f bir ka\u011f\u0131t t\u00fcp kutusudur.<\/p>","protected":false},"featured_media":240,"template":"","meta":{"_kad_post_transparent":"default","_kad_post_title":"","_kad_post_layout":"default","_kad_post_sidebar_id":"","_kad_post_content_style":"default","_kad_post_vertical_padding":"default","_kad_post_feature":"","_kad_post_feature_position":"","_kad_post_header":false,"_kad_post_footer":false,"_kad_post_classname":""},"product_brand":[],"product_cat":[15,17],"product_tag":[67,66,65],"class_list":{"0":"post-236","1":"product","2":"type-product","3":"status-publish","4":"has-post-thumbnail","6":"product_cat-red-light-therapy","7":"product_cat-services","8":"product_tag-custom-wine-box-wholesale","9":"product_tag-spirit-liquor-paper-tube","10":"product_tag-wine-paper-tube-packaging","12":"first","13":"instock","14":"shipping-taxable","15":"product-type-simple","16":"entry","17":"content-bg","18":"loop-entry"},"_links":{"self":[{"href":"https:\/\/red-lighttherapy.com\/tr\/wp-json\/wp\/v2\/product\/236","targetHints":{"allow":["GET"]}}],"collection":[{"href":"https:\/\/red-lighttherapy.com\/tr\/wp-json\/wp\/v2\/product"}],"about":[{"href":"https:\/\/red-lighttherapy.com\/tr\/wp-json\/wp\/v2\/types\/product"}],"wp:featuredmedia":[{"embeddable":true,"href":"https:\/\/red-lighttherapy.com\/tr\/wp-json\/wp\/v2\/media\/240"}],"wp:attachment":[{"href":"https:\/\/red-lighttherapy.com\/tr\/wp-json\/wp\/v2\/media?parent=236"}],"wp:term":[{"taxonomy":"product_brand","embeddable":true,"href":"https:\/\/red-lighttherapy.com\/tr\/wp-json\/wp\/v2\/product_brand?post=236"},{"taxonomy":"product_cat","embeddable":true,"href":"https:\/\/red-lighttherapy.com\/tr\/wp-json\/wp\/v2\/product_cat?post=236"},{"taxonomy":"product_tag","embeddable":true,"href":"https:\/\/red-lighttherapy.com\/tr\/wp-json\/wp\/v2\/product_tag?post=236"}],"curies":[{"name":"wp","href":"https:\/\/api.w.org\/{rel}","templated":true}]}}