{"id":230,"date":"2025-04-10T12:08:58","date_gmt":"2025-04-10T12:08:58","guid":{"rendered":"https:\/\/red-lighttherapy.com\/?post_type=product&#038;p=230"},"modified":"2025-04-10T12:20:59","modified_gmt":"2025-04-10T12:20:59","slug":"custom-advent-calendar-skincare-beauty-gift-box-wholesale","status":"publish","type":"product","link":"https:\/\/red-lighttherapy.com\/tr\/custom-advent-calendar-skincare-beauty-gift-box-wholesale\/","title":{"rendered":"\u00d6zel Advent Takvimi Cilt Bak\u0131m\u0131 G\u00fczellik Hediye Kutusu Toptan Sat\u0131\u015f"},"content":{"rendered":"<h2 id=\"customized-christmas-countdown-calendar-skin-care-beauty-gift-box-product-description\">\u00d6zel Advent Takvimi Cilt Bak\u0131m\u0131 G\u00fczellik Hediye Kutusu Toptan \u00dcr\u00fcn A\u00e7\u0131klamas\u0131<\/h2>\n<h2 id=\"-i-product-design-concept-\"><strong>1. \u00dcr\u00fcn Tasar\u0131m Konsepti<\/strong><\/h2>\n<p>Bu Noel Geri Say\u0131m Takvimi Cilt Bak\u0131m\u0131 G\u00fczellik Hediye Kutusu, \"parlayan rit\u00fcel duygusunu\" temel al\u0131r, festival atmosferini ve cilt bak\u0131m\u0131 deneyimini birle\u015ftirir ve hem estetik hem de i\u015flevselli\u011fe sahip yarat\u0131c\u0131 bir hediye kutusu olu\u015fturur. Hediye kutusunda g\u00fcm\u00fc\u015f grisi \u00f6zel bir ka\u011f\u0131t kabuk kullan\u0131l\u0131yor ve y\u00fczey par\u0131lt\u0131 teknolojisiyle b\u00fct\u00fcnle\u015ftiriliyor. I\u015f\u0131\u011f\u0131n k\u0131r\u0131lmas\u0131yla parlak bir y\u0131ld\u0131z efekti ortaya \u00e7\u0131k\u0131yor. \u00c7ift yaprakl\u0131 kutu kapa\u011f\u0131 tasar\u0131m\u0131yla, a\u00e7ma ve kapama, g\u00fc\u00e7l\u00fc bir g\u00f6rsel etkiye ve y\u00fcksek kaliteli dokuya sahip olan ve gen\u00e7 gruplar\u0131n ki\u015fiselle\u015ftirme ve zariflik ihtiya\u00e7lar\u0131n\u0131 kar\u015f\u0131layan i\u00e7indeki d\u00fczenli \u0131zgara d\u00fczenini g\u00f6sterir.<\/p>\n<h2 id=\"-ii-core-functions-and-design-highlights-\"><strong>2. Temel i\u015flevler ve tasar\u0131mda \u00f6ne \u00e7\u0131kan noktalar<\/strong><\/h2>\n<ol>\n<li><strong>G\u00f6r\u00fcn\u00fcm ve malzeme<\/strong><\/li>\n<li><strong>\u00d6zel ka\u011f\u0131t kabuk<\/strong>: Sedefli \u00f6zel ka\u011f\u0131t veya par\u0131lt\u0131l\u0131 ka\u011f\u0131t se\u00e7ilir, g\u00fcm\u00fc\u015f-gri taban, hassas bir dokunu\u015fa sahip olan ve a\u015f\u0131nmaya ve katlanmaya kar\u015f\u0131 dayan\u0131kl\u0131 olan, hediye kutusunun l\u00fcks\u00fcn\u00fc ve \u00e7evre korumas\u0131n\u0131 art\u0131ran par\u0131lt\u0131l\u0131 kaplama ile e\u015fle\u015ftirilir.<\/li>\n<li><strong>\u00c7ift yaprakl\u0131 yap\u0131<\/strong>: Kutu kapa\u011f\u0131 manyetik bir a\u00e7ma ve kapama tasar\u0131m\u0131na sahiptir. A\u00e7\u0131ld\u0131ktan sonra, i\u00e7indeki 18 k\u00fc\u00e7\u00fck kare bir bak\u0131\u015fta g\u00f6r\u00fclebilir, bu da rit\u00fcel \u00fcr\u00fcn sergileme anlay\u0131\u015f\u0131n\u0131 sergilemek i\u00e7in uygundur.<\/li>\n<li><strong>Etkile\u015fimli i\u00e7 yap\u0131<\/strong><\/li>\n<li><strong>Dijital k\u00fcp kutu<\/strong>: Her karede, ki\u015fiselle\u015ftirilmi\u015f tarih i\u015faretlemesini (Noel geri say\u0131m\u0131, y\u0131ld\u00f6n\u00fcm\u00fc d\u00f6ng\u00fcs\u00fc gibi) destekleyen, y\u00fczeyinde siyah kabartmal\u0131 say\u0131lar (1-18) bas\u0131l\u0131 beyaz akrilik veya \u00e7evre dostu ka\u011f\u0131t k\u00fcp bulunur.<\/li>\n<li><strong>Esnek eri\u015fim tasar\u0131m\u0131<\/strong>: K\u00fcpler ayr\u0131 ayr\u0131 \u00e7\u0131kar\u0131labilir, bu da t\u00fcketicilerin tarihe g\u00f6re a\u00e7mas\u0131 ve kullan\u0131m e\u011flencesini art\u0131rmas\u0131 i\u00e7in uygundur; k\u00fc\u00e7\u00fck kutu, cilt bak\u0131m \u00f6rneklerinin veya mini makyaj\u0131n (5ml esans, 3g krem gibi) farkl\u0131 \u00f6zelliklerine uyarlanabilir.<\/li>\n<li><strong>\u00c7oklu sahne uygulanabilirli\u011fi<\/strong><\/li>\n<li><strong>Tatil \u00f6zelle\u015ftirme<\/strong>: Say\u0131 aral\u0131\u011f\u0131n\u0131 ayarlamay\u0131 (1-24 gibi) veya Noel, do\u011fum g\u00fcnleri, y\u0131ld\u00f6n\u00fcmleri ve di\u011fer sahneler i\u00e7in uygun tatil tema desenlerini (Noel kar taneleri, Sevgililer G\u00fcn\u00fc kalpleri) de\u011fi\u015ftirmeyi destekler.<\/li>\n<li><strong>Marka ortak markala\u015fmas\u0131<\/strong>: Marka logosu kabuk \u00fczerine s\u0131cak damgalanabilir veya m\u00fc\u015fterinin belirledi\u011fi kategoriler (parf\u00fcm numuneleri, el kremi gibi) markan\u0131n ayr\u0131cal\u0131kl\u0131 hissini art\u0131rmak i\u00e7in yerle\u015fik \u00fcr\u00fcn kombinasyonuna entegre edilebilir.<\/li>\n<\/ol>\n<h2 id=\"-three-customized-service-solutions-\"><strong>3. \u00d6zelle\u015ftirilmi\u015f hizmet \u00e7\u00f6z\u00fcmleri<\/strong><\/h2>\n<ol>\n<li><strong>Ambalaj tasar\u0131m\u0131<\/strong><\/li>\n<li><strong>Malzeme se\u00e7imi<\/strong>: Sedefli ka\u011f\u0131t, dokunsal ka\u011f\u0131t, deri dolgulu ka\u011f\u0131t ve di\u011fer \u00f6zel ka\u011f\u0131t se\u00e7enekleri sa\u011flay\u0131n, s\u0131cak damgalama, UV bask\u0131, kabartma ve di\u011fer i\u015flemleri destekleyin.<\/li>\n<li><strong>Renk ve desen<\/strong>: G\u00fcm\u00fc\u015f-gri par\u0131lt\u0131ya ek olarak, koyu mavi yald\u0131z, g\u00fcl alt\u0131n ve di\u011fer renkleri \u00f6zelle\u015ftirebilir veya tatil s\u0131n\u0131rl\u0131 resimler (k\u0131\u015f y\u0131ld\u0131zl\u0131 gece, aurora temas\u0131 gibi) ekleyebilirsiniz.<\/li>\n<li><strong>\u0130\u00e7erik yap\u0131land\u0131rmas\u0131<\/strong><\/li>\n<li><strong>\u00dcr\u00fcn kombinasyonu<\/strong>: Cilt bak\u0131m \u00fcr\u00fcnlerini, makyaj malzemelerini, koku \u00f6rneklerini m\u00fc\u015fteri ihtiya\u00e7lar\u0131na g\u00f6re e\u015fle\u015ftirin veya interaktif kartlar, kuponlar ve di\u011fer katma de\u011ferli i\u00e7erikler ekleyin.<\/li>\n<li><strong>Spesifikasyon uyarlamas\u0131<\/strong>: Farkl\u0131 kapasitelerdeki \u00fcr\u00fcnlerle uyumlu k\u00fcp boyutu ayar\u0131n\u0131 destekler.<\/li>\n<li><strong>Toplu sat\u0131n alma avantajlar\u0131<\/strong><\/li>\n<li><strong>Esnek minimum sipari\u015f miktar\u0131<\/strong>: Marka promosyonlar\u0131, kurumsal hediyeler vb. ihtiya\u00e7lar\u0131 kar\u015f\u0131lamak i\u00e7in k\u00fc\u00e7\u00fck parti deneme sipari\u015flerinden b\u00fcy\u00fck \u00f6l\u00e7ekli \u00fcretim hizmetlerine kadar hizmet verin.<\/li>\n<li><strong>\u00c7evre sertifikas\u0131<\/strong>: S\u00fcrd\u00fcr\u00fclebilir ambalaj trendini kar\u015f\u0131lamak i\u00e7in FSC sertifikal\u0131 ka\u011f\u0131t ve bozunabilir malzemeler kullan\u0131n.<\/li>\n<\/ol>\n<h2 id=\"-fourth-applicable-scenarios-and-marketing-value-\"><strong>4. Uygulanabilir senaryolar ve pazarlama de\u011feri<\/strong><\/h2>\n<ul>\n<li><strong>Tatil pazarlamas\u0131<\/strong>: S\u0131n\u0131rl\u0131 say\u0131da \u00fcretilen bir Noel hediye kutusu olarak, \"g\u00fcnde bir s\u00fcrpriz\" konseptiyle t\u00fcketicilerin ilgisini \u00e7ekmekte ve marka sadakatini art\u0131rmaktad\u0131r.<\/li>\n<li><strong>\u00dcye hediyesi<\/strong>: \u00dcst d\u00fczey cilt bak\u0131m \u00fcr\u00fcnleri veya \u00f6zel yeni \u00fcr\u00fcnlerle e\u015fle\u015ftirildi\u011finde, VIP m\u00fc\u015fteri bak\u0131m\u0131 veya puan kazanma faaliyetleri i\u00e7in kullan\u0131l\u0131r.<\/li>\n<li><strong>Sosyal medya ileti\u015fimi<\/strong>: Y\u00fcksek de\u011ferli tasar\u0131m ve etkile\u015fimli oyun ile kullan\u0131c\u0131lara kutudan \u00e7\u0131karma ve payla\u015fma konusunda ilham verir ve marka g\u00f6r\u00fcn\u00fcrl\u00fc\u011f\u00fcn\u00fc art\u0131r\u0131r.<\/li>\n<\/ul>\n<h2 id=\"-five-technical-parameters-and-delivery-\"><strong>5. Teknik parametreler ve teslimat<\/strong><\/h2>\n<ul>\n<li><strong>Boyut<\/strong>: \u0130htiya\u00e7lar\u0131n\u0131za g\u00f6re \u00f6zelle\u015ftirilebilir.<\/li>\n<li><strong>\u00dcretim d\u00f6ng\u00fcs\u00fc<\/strong>: 7-14 i\u015f g\u00fcn\u00fc (\u00f6zelle\u015ftirmenin karma\u015f\u0131kl\u0131\u011f\u0131na ba\u011fl\u0131 olarak).<\/li>\n<li><strong>Paketleme<\/strong>: Her hediye kutusu bir toz torbas\u0131 ve hediye kurdelesi ile donat\u0131lm\u0131\u015ft\u0131r ve hediye kutusu d\u0131\u015f kutusunun \u00f6zelle\u015ftirilmi\u015f bask\u0131s\u0131n\u0131 destekler.<\/li>\n<\/ul>","protected":false},"excerpt":{"rendered":"<p>Bu advent takvimi kutusu kare \u015feklindedir, g\u00fcm\u00fc\u015f grisi d\u0131\u015f kabu\u011fu ve y\u00fczeyinde parlak simleri vard\u0131r. \u00d6zel ka\u011f\u0131ttan yap\u0131lm\u0131\u015ft\u0131r, bu da t\u00fcm kutunun g\u00f6rsel olarak g\u00f6z kama\u015ft\u0131r\u0131c\u0131 ve zarif bir dokuya sahip olmas\u0131n\u0131 sa\u011flar.<\/p>","protected":false},"featured_media":232,"template":"","meta":{"_kad_post_transparent":"default","_kad_post_title":"","_kad_post_layout":"default","_kad_post_sidebar_id":"","_kad_post_content_style":"default","_kad_post_vertical_padding":"default","_kad_post_feature":"","_kad_post_feature_position":"","_kad_post_header":false,"_kad_post_footer":false,"_kad_post_classname":""},"product_brand":[],"product_cat":[15,28,17],"product_tag":[62,63,64],"class_list":{"0":"post-230","1":"product","2":"type-product","3":"status-publish","4":"has-post-thumbnail","6":"product_cat-red-light-therapy","7":"product_cat-customize","8":"product_cat-services","9":"product_tag-advent-calendar-skincare-box","10":"product_tag-beauty-gift-box-wholesale","11":"product_tag-skincare-gift-box","13":"first","14":"instock","15":"shipping-taxable","16":"product-type-simple","17":"entry","18":"content-bg","19":"loop-entry"},"_links":{"self":[{"href":"https:\/\/red-lighttherapy.com\/tr\/wp-json\/wp\/v2\/product\/230","targetHints":{"allow":["GET"]}}],"collection":[{"href":"https:\/\/red-lighttherapy.com\/tr\/wp-json\/wp\/v2\/product"}],"about":[{"href":"https:\/\/red-lighttherapy.com\/tr\/wp-json\/wp\/v2\/types\/product"}],"wp:featuredmedia":[{"embeddable":true,"href":"https:\/\/red-lighttherapy.com\/tr\/wp-json\/wp\/v2\/media\/232"}],"wp:attachment":[{"href":"https:\/\/red-lighttherapy.com\/tr\/wp-json\/wp\/v2\/media?parent=230"}],"wp:term":[{"taxonomy":"product_brand","embeddable":true,"href":"https:\/\/red-lighttherapy.com\/tr\/wp-json\/wp\/v2\/product_brand?post=230"},{"taxonomy":"product_cat","embeddable":true,"href":"https:\/\/red-lighttherapy.com\/tr\/wp-json\/wp\/v2\/product_cat?post=230"},{"taxonomy":"product_tag","embeddable":true,"href":"https:\/\/red-lighttherapy.com\/tr\/wp-json\/wp\/v2\/product_tag?post=230"}],"curies":[{"name":"wp","href":"https:\/\/api.w.org\/{rel}","templated":true}]}}