{"id":224,"date":"2025-04-10T11:54:03","date_gmt":"2025-04-10T11:54:03","guid":{"rendered":"https:\/\/red-lighttherapy.com\/?post_type=product&#038;p=224"},"modified":"2025-04-10T12:08:39","modified_gmt":"2025-04-10T12:08:39","slug":"high-quality-customized-jewelry-drawer-gift-box-wholesale","status":"publish","type":"product","link":"https:\/\/red-lighttherapy.com\/tr\/high-quality-customized-jewelry-drawer-gift-box-wholesale\/","title":{"rendered":"Y\u00fcksek Kaliteli \u00d6zelle\u015ftirilmi\u015f M\u00fccevher \u00c7ekmecesi Hediye Kutusu Toptan Sat\u0131\u015f"},"content":{"rendered":"<h2 id=\"-high-quality-custom-jewelry-drawer-gift-box-product-description-\"><strong>Y\u00fcksek kaliteli \u00f6zel m\u00fccevher \u00e7ekmecesi hediye kutusu \u00fcr\u00fcn a\u00e7\u0131klamas\u0131<\/strong><\/h2>\n<h2 id=\"-1-environmentally-friendly-materials-ingenious-choice-\"><strong>1. \u00c7evre dostu malzemeler, ustaca se\u00e7im<\/strong><\/h2>\n<p>Bu m\u00fccevher \u00e7ekmecesi hediye kutusu\u00a0<strong>ku\u015fe ka\u011f\u0131t ve tekli siyah gri karton<\/strong>\u00a0Hem \u00e7evre koruma hem de dayan\u0131kl\u0131l\u0131k g\u00f6z \u00f6n\u00fcnde bulundurularak ana malzemeler olarak.<\/p>\n<ul>\n<li><strong>Ku\u015fe ka\u011f\u0131t<\/strong>: Y\u00fczey p\u00fcr\u00fczs\u00fcz ve hassast\u0131r ve y\u00fcksek parlakl\u0131k bask\u0131 renginin tam olmas\u0131n\u0131 sa\u011flar. Ayn\u0131 zamanda, m\u00fckemmel y\u0131rt\u0131lma direnci ve bas\u0131n\u00e7 direncine sahiptir ve m\u00fccevherler i\u00e7in sa\u011flam koruma sa\u011flar.<\/li>\n<li><strong>Tek siyah gri tahta<\/strong>: \u00c7evre dostu teknoloji ile i\u015flenir, tahri\u015f edici kokusu yoktur, uluslararas\u0131 \u00e7evre standartlar\u0131na (RoHS gibi) uygundur, hem sertlik hem de deformasyon direncine sahiptir ve uzun mesafeli nakliye ve uzun s\u00fcreli depolama i\u00e7in uygundur.<\/li>\n<li><strong>\u00c7evre sertifikas\u0131<\/strong>: T\u00fcm malzemeler FSC orman sertifikasyonundan ve bozunabilirlik testinden ge\u00e7erek markan\u0131n s\u00fcrd\u00fcr\u00fclebilir kalk\u0131nma kavram\u0131n\u0131 uygulamas\u0131na yard\u0131mc\u0131 olmu\u015ftur.<\/li>\n<\/ul>\n<h2 id=\"-two-and-four-color-printing-technology-artistic-brand-expression-\"><strong>2. Ve d\u00f6rt renkli bask\u0131 teknolojisi, sanatsal marka ifadesi<\/strong><\/h2>\n<p>\u0130\u00e7inden\u00a0<strong>d\u00f6rt renkli bask\u0131 teknolojisi (CMYK)<\/strong>marka LOGOSU ve g\u00f6rsel unsurlar do\u011fru bir \u015fekilde restore edilerek hediye kutusuna sanatsal bir sunum kazand\u0131r\u0131lm\u0131\u015ft\u0131r:<\/p>\n<ul>\n<li><strong>Y\u00fcksek \u00e7\u00f6z\u00fcn\u00fcrl\u00fckl\u00fc bask\u0131<\/strong>: 300 sat\u0131r\/in\u00e7 y\u00fcksek hassasiyetli noktalar kullan\u0131larak LOGO yaz\u0131 tiplerinin kenarlar\u0131n\u0131n keskin ve net olmas\u0131, detaylar\u0131n belirgin olmas\u0131, renk farkl\u0131l\u0131\u011f\u0131 ve leke problemlerinin \u00f6nlenmesi sa\u011flan\u0131r.<\/li>\n<li><strong>Renk performans\u0131<\/strong>: Camg\u00f6be\u011fi, macenta, sar\u0131 ve siyah\u0131n s\u00fcperpozisyonu yoluyla,\u00a0<strong>99% Pantone renk gam\u0131 kapsam\u0131<\/strong>\u00a0marka VI sistemiyle do\u011fru bir \u015fekilde e\u015fle\u015ferek ve g\u00f6rsel b\u00fct\u00fcnl\u00fc\u011f\u00fc g\u00fc\u00e7lendirerek elde edilir.<\/li>\n<li><strong>Mat alt\u0131n yaz\u0131 tipi teknolojisi<\/strong>: Ana siyah renk a\u015fa\u011f\u0131dakilerle e\u015fle\u015ftirilmi\u015ftir\u00a0<strong>k\u0131smi mat alt\u0131n s\u0131cak damgalama<\/strong>ve yaz\u0131 tipi, kutu g\u00f6vdesiyle a\u00e7\u0131k ve koyu bir kontrast olu\u015fturan buzlu metal bir doku sunarak, sade bir \u015fekilde l\u00fcks bir stil sergiliyor.<\/li>\n<\/ul>\n<h2 id=\"-three-black-and-gold-aesthetic-design-creating-visual-memory-points-\"><strong>3. G\u00f6rsel haf\u0131za noktalar\u0131 yaratan siyah ve alt\u0131n rengi estetik tasar\u0131m<\/strong><\/h2>\n<p>Kullanma\u00a0<strong>minimalist siyah ve alt\u0131n rengi stil<\/strong>\u00a0temel tasar\u0131m dili olarak, markaya \u00f6zel estetik semboller in\u015fa ediyoruz:<\/p>\n<ul>\n<li><strong>Ana renk e\u015fle\u015ftirme<\/strong>: Klasik siyah taban istikrar\u0131 ve gizemi simgelerken, mat alt\u0131n LOGO s\u00fcslemesi g\u00f6rsel oda\u011f\u0131 g\u00fc\u00e7lendirir. Renk kontrast\u0131 g\u00fc\u00e7l\u00fc ve katmanl\u0131d\u0131r.<\/li>\n<li><strong>Marka logosu entegrasyonu<\/strong>: LOGO, kutu g\u00f6vdesine sorunsuz bir \u015fekilde ba\u011flanan, dokunsal ve g\u00f6rsel tan\u0131n\u0131rl\u0131\u011f\u0131 art\u0131ran ve marka bilinirli\u011fini g\u00fc\u00e7lendiren g\u00f6m\u00fcl\u00fc kabartma teknolojisini veya UV \u00fc\u00e7 boyutlu bask\u0131y\u0131 benimser.<\/li>\n<li><strong>D\u0131\u015far\u0131ya \u00e7ekilebilir interaktif deneyim<\/strong>: Alt\u0131n \u015ferit sorunsuz ve engelsiz bir \u015fekilde \u00e7ekilir ve \u00e7ekmece tarz\u0131 a\u00e7ma tasar\u0131m\u0131\u00a0<strong>kutuyu a\u00e7mak i\u00e7in bir rit\u00fcel duygusu<\/strong>\"koleksiyon yapman\u0131n\" ve \u00fcst d\u00fczey m\u00fccevherleri \"ortaya \u00e7\u0131karman\u0131n\" duygusal ihtiya\u00e7lar\u0131n\u0131 kar\u015f\u0131l\u0131yor.<\/li>\n<\/ul>\n<h2 id=\"-four-multi-functional-lining-customization-all-round-protection-\"><strong>4. \u00c7ok fonksiyonlu astar \u00f6zelle\u015ftirme, \u00e7ok y\u00f6nl\u00fc koruma<\/strong><\/h2>\n<p>Farkl\u0131 m\u00fccevher kategorilerinin koruma ihtiya\u00e7lar\u0131n\u0131 kar\u015f\u0131lamak i\u00e7in \u00e7e\u015fitlendirilmi\u015f astar \u00e7\u00f6z\u00fcmleri sa\u011flay\u0131n:<\/p>\n<ul>\n<li><strong>\u0130nci pamuk<\/strong>: Yumu\u015fak ve darbeye dayan\u0131kl\u0131, nakliye titre\u015fim hasar\u0131n\u0131 azaltmak i\u00e7in k\u0131r\u0131lgan m\u00fccevherler, ye\u015fim vb. i\u00e7in uygundur.<\/li>\n<li><strong>EVA malzeme<\/strong>: y\u00fcksek yo\u011funluklu yap\u0131, a\u015f\u0131nmaya dayan\u0131kl\u0131 ve darbeye dayan\u0131kl\u0131, metal tak\u0131lar\u0131 ve kakma tak\u0131lar\u0131 sabitlemek i\u00e7in uygundur.<\/li>\n<li><strong>S\u00fcnger floklama<\/strong>: Kadife veya saten kuma\u015fla kapl\u0131 y\u00fczey, hassas dokunu\u015f, ekran esteti\u011fini art\u0131r\u0131r ve \u00e7izilmeleri \u00f6nler.<\/li>\n<li><strong>\u00d6zelle\u015ftirilmi\u015f b\u00f6lmeler<\/strong>: B\u00f6lmeler, yuvalar ve i\u00e7 i\u00e7e kutular gibi yap\u0131sal tasar\u0131mlar\u0131 destekler, kolyeleri, y\u00fcz\u00fckleri, k\u00fcpeleri vb. esnek bir \u015fekilde ay\u0131r\u0131r ve alan kullan\u0131m\u0131n\u0131 optimize eder.<\/li>\n<\/ul>\n<h2 id=\"-v-large-scale-production-strength-one-stop-customization-service-\"><strong>5. B\u00fcy\u00fck \u00f6l\u00e7ekli \u00fcretim g\u00fcc\u00fc, tek elden \u00f6zelle\u015ftirme hizmeti<\/strong><\/h2>\n<p>G\u00fcvenmek\u00a0<strong>5.320 metrekarelik ak\u0131ll\u0131 at\u00f6lye<\/strong>\u00a0verimli ve do\u011fru \u00f6zelle\u015ftirme \u00e7\u00f6z\u00fcmleri sunar:<\/p>\n<ul>\n<li><strong>Esnek \u00fcretim zinciri<\/strong>: 5 tonluk y\u00fck asans\u00f6rleri ve tam otomatik kesim ekipmanlar\u0131 ile donat\u0131lm\u0131\u015f olan bu tesis, 100 ila 100.000 adetlik sipari\u015flerin esnek bir \u015fekilde kabul edilmesini desteklemekte ve teslimat d\u00f6ng\u00fcs\u00fcn\u00fc 30% kadar k\u0131saltmaktad\u0131r.<\/li>\n<li><strong>3D efekt \u00f6n incelemesi<\/strong>: Sanal modelleme teknolojisi sayesinde, tasar\u0131mda s\u0131f\u0131r hata sa\u011flamak i\u00e7in kutu yap\u0131s\u0131, malzeme dokusu ve bask\u0131 efekti \u00f6nceden sunulur.<\/li>\n<li><strong>Kalite Kontrol<\/strong>: ISO 9001 kalite y\u00f6netim sistemini uygulay\u0131n, her \u00fcr\u00fcn grubu 12 s\u0131k\u0131 testten ge\u00e7er (y\u00fck ta\u015f\u0131ma testi, nem tolerans\u0131 vb. dahil) ve nitelikli oran 99.8%'ye ula\u015f\u0131r.<\/li>\n<\/ul>\n<h2 id=\"-advantages-of-cooperation-\"><strong>\u0130\u015fbirli\u011finin Avantajlar\u0131<\/strong>:<\/h2>\n<ul>\n<li><strong>\u00d6zel Tasar\u0131m Ekibi<\/strong>: Konsept tasla\u011f\u0131ndan seri \u00fcretime kadar tek elden yarat\u0131c\u0131 destek sa\u011flay\u0131n ve markan\u0131n k\u00fclt\u00fcrel unsurlar\u0131n\u0131 derinlemesine ke\u015ffedin.<\/li>\n<li><strong>Maliyet Optimizasyonu<\/strong>: B\u00fcy\u00fck \u00f6l\u00e7ekli tedarik birim maliyetini d\u00fc\u015f\u00fcr\u00fcr ve tam sipari\u015fler \u00f6zel indirimlerden ve lojistik s\u00fcbvansiyonlardan yararlan\u0131r.<\/li>\n<li><strong>\u00c7evre Belgelendirme Deste\u011fi<\/strong>: M\u00fc\u015fterilerin ye\u015fil ambalaj logosuna ba\u015fvurmalar\u0131na yard\u0131mc\u0131 olmak ve markan\u0131n sosyal sorumluluk imaj\u0131n\u0131 geli\u015ftirmek.<\/li>\n<\/ul>","protected":false},"excerpt":{"rendered":"<p>Bu \u00e7ekmece ka\u011f\u0131t kutusu, birbirini tamamlayan mat alt\u0131n s\u0131cak damgalama folyo yaz\u0131 tipleri ile esas olarak siyaht\u0131r. Renk kombinasyonu uyumlu ve katmanl\u0131d\u0131r, t\u00fcketiciler i\u00e7in l\u00fcks ve zarif bir g\u00f6rsel etki yarat\u0131r.<\/p>","protected":false},"featured_media":228,"template":"","meta":{"_kad_post_transparent":"default","_kad_post_title":"","_kad_post_layout":"default","_kad_post_sidebar_id":"","_kad_post_content_style":"default","_kad_post_vertical_padding":"default","_kad_post_feature":"","_kad_post_feature_position":"","_kad_post_header":false,"_kad_post_footer":false,"_kad_post_classname":""},"product_brand":[],"product_cat":[15,20,17],"product_tag":[60,59,61],"class_list":{"0":"post-224","1":"product","2":"type-product","3":"status-publish","4":"has-post-thumbnail","6":"product_cat-red-light-therapy","7":"product_cat-led-face-light-therapy","8":"product_cat-services","9":"product_tag-customized-jewelry-gift-box","10":"product_tag-jewelry-drawer-box","11":"product_tag-jewelry-gift-box-wholesale","13":"first","14":"instock","15":"shipping-taxable","16":"product-type-simple","17":"entry","18":"content-bg","19":"loop-entry"},"_links":{"self":[{"href":"https:\/\/red-lighttherapy.com\/tr\/wp-json\/wp\/v2\/product\/224","targetHints":{"allow":["GET"]}}],"collection":[{"href":"https:\/\/red-lighttherapy.com\/tr\/wp-json\/wp\/v2\/product"}],"about":[{"href":"https:\/\/red-lighttherapy.com\/tr\/wp-json\/wp\/v2\/types\/product"}],"wp:featuredmedia":[{"embeddable":true,"href":"https:\/\/red-lighttherapy.com\/tr\/wp-json\/wp\/v2\/media\/228"}],"wp:attachment":[{"href":"https:\/\/red-lighttherapy.com\/tr\/wp-json\/wp\/v2\/media?parent=224"}],"wp:term":[{"taxonomy":"product_brand","embeddable":true,"href":"https:\/\/red-lighttherapy.com\/tr\/wp-json\/wp\/v2\/product_brand?post=224"},{"taxonomy":"product_cat","embeddable":true,"href":"https:\/\/red-lighttherapy.com\/tr\/wp-json\/wp\/v2\/product_cat?post=224"},{"taxonomy":"product_tag","embeddable":true,"href":"https:\/\/red-lighttherapy.com\/tr\/wp-json\/wp\/v2\/product_tag?post=224"}],"curies":[{"name":"wp","href":"https:\/\/api.w.org\/{rel}","templated":true}]}}