{"id":218,"date":"2025-04-10T11:34:05","date_gmt":"2025-04-10T11:34:05","guid":{"rendered":"https:\/\/red-lighttherapy.com\/?post_type=product&#038;p=218"},"modified":"2025-04-12T08:10:32","modified_gmt":"2025-04-12T08:10:32","slug":"custom-design-knife-circular-saw-blade-packaging-box-factory","status":"publish","type":"product","link":"https:\/\/red-lighttherapy.com\/tr\/custom-design-knife-circular-saw-blade-packaging-box-factory\/","title":{"rendered":"\u00d6zel Tasar\u0131m B\u0131\u00e7ak Dairesel Testere B\u0131\u00e7a\u011f\u0131 Ambalaj Kutusu Fabrikas\u0131"},"content":{"rendered":"<h2 id=\"-customized-circular-saw-blade-packaging-box-product-description-\"><strong>\u00d6zelle\u015ftirilmi\u015f daire testere b\u0131\u00e7a\u011f\u0131 ambalaj kutusu \u00fcr\u00fcn a\u00e7\u0131klamas\u0131<\/strong><\/h2>\n<h2 id=\"-1-material-and-structural-design-\"><strong>1. Malzeme ve yap\u0131sal tasar\u0131m<\/strong><\/h2>\n<p>183g y\u00fcksek a\u011f\u0131rl\u0131kl\u0131 lazer sert karton ve 1200g kal\u0131nla\u015ft\u0131r\u0131lm\u0131\u015f gri sanat panosu kompozit yap\u0131s\u0131n\u0131 benimseyerek, hem bas\u0131n\u00e7 direncine, hem darbe direncine hem de sertli\u011fe sahiptir. Gri karton, ta\u015f\u0131ma s\u0131ras\u0131nda ekstr\u00fczyon deformasyonunu etkili bir \u015fekilde \u00f6nleyen g\u00fc\u00e7l\u00fc bir deste\u011fe sahiptir ve lazer kartonun y\u00fczeyi a\u015f\u0131nmaya ve \u00e7izilmeye kar\u015f\u0131 dayan\u0131kl\u0131d\u0131r.<\/p>\n<h2 id=\"-2-functional-box-design-\"><strong>2. Fonksiyonel kutu tasar\u0131m\u0131<\/strong><\/h2>\n<p>Flip-top kutu, a\u00e7\u0131lmas\u0131 ve kapat\u0131lmas\u0131 kolay ve m\u00fckemmel s\u0131zd\u0131rmazl\u0131\u011fa sahip manyetik veya ge\u00e7meli bir kapak tasar\u0131m\u0131 ile birle\u015ftirilmi\u015ftir. Kutu kapa\u011f\u0131 \u00fcr\u00fcn te\u015fhiri i\u00e7in tamamen d\u00fczle\u015ftirilebilir; kapand\u0131ktan sonra s\u0131k\u0131ca oturur, toz ve nem ge\u00e7irmezdir ve perakende te\u015fhir ve end\u00fcstriyel depolama senaryolar\u0131n\u0131n ihtiya\u00e7lar\u0131n\u0131 dikkate al\u0131r.<\/p>\n<h2 id=\"-3-innovative-appearance-design-\"><strong>3. Yenilik\u00e7i g\u00f6r\u00fcn\u00fcm tasar\u0131m\u0131<\/strong><\/h2>\n<ul>\n<li><strong>Temel unsurlar<\/strong>: Di\u015fli makinelerin esteti\u011finden esinlenen bu \u00fcr\u00fcn, 3D lazer kabartma teknolojisi sayesinde dinamik bir degrade renk efekti sunar ve \u0131\u015f\u0131k k\u0131r\u0131lmas\u0131 alt\u0131nda \u00e7ok seviyeli metalik parlakl\u0131k sergileyerek teknoloji hissini ve markan\u0131n g\u00f6rsel haf\u0131za noktalar\u0131n\u0131 g\u00fc\u00e7lendirir.<\/li>\n<li><strong>Renk e\u015fle\u015ftirme<\/strong>: Ana renk, profesyonelli\u011fi ve g\u00fcvenilirli\u011fi simgeleyen, lazer i\u015fleminin yanard\u00f6ner yans\u0131mas\u0131yla desteklenen, dinamik ve statik bir g\u00f6rsel hiyerar\u015fi olu\u015fturan ve raf tan\u0131n\u0131rl\u0131\u011f\u0131n\u0131 art\u0131ran derin deniz mavisidir.<\/li>\n<li><strong>Marka logosu<\/strong>: LOGO ve \u00fcr\u00fcn parametrelerini yazd\u0131rmak i\u00e7in y\u00fcksek hassasiyetli s\u0131cak damgalama \/ UV i\u015flemini destekler ve marka bilgilerinin net ve g\u00f6z al\u0131c\u0131 olmas\u0131n\u0131 sa\u011flamak i\u00e7in metin kenarlar\u0131 keskin ve \u00e7apaks\u0131zd\u0131r.<\/li>\n<\/ul>\n<h2 id=\"-4-refined-lining-system-\"><strong>4. Rafine astar sistemi<\/strong><\/h2>\n<p>Astar, EVA beyaz \u00e7evre dostu k\u00f6p\u00fck veya blister tepsi kullan\u0131r ve kal\u0131p, 360 \u00b0 \u00f6l\u00fc a\u00e7\u0131s\u0131z sabitleme elde etmek i\u00e7in dairesel testere b\u0131\u00e7a\u011f\u0131n\u0131n kavisine uyum sa\u011flamak i\u00e7in hassas bir \u015fekilde a\u00e7\u0131l\u0131r. Astar\u0131n y\u00fczeyi, testere b\u0131\u00e7a\u011f\u0131n\u0131n y\u00fczeyinde \u00e7izilmeleri \u00f6nlemek i\u00e7in ince kadife ile kaplanm\u0131\u015ft\u0131r ve ambalaj\u0131 a\u00e7arken kalite hissini art\u0131r\u0131r.<\/p>\n<h2 id=\"-5-full-link-customization-service-\"><strong>5. Tam ba\u011flant\u0131 \u00f6zelle\u015ftirme hizmeti<\/strong><\/h2>\n<ul>\n<li><strong>Ki\u015fiselle\u015ftirilmi\u015f uyarlama<\/strong>: 80-500 mm \u00e7ap\u0131ndaki testere b\u0131\u00e7a\u011f\u0131 boyutlar\u0131n\u0131n \u00f6zelle\u015ftirilmesini destekler ve kutu g\u00f6vdesi gerekti\u011finde ara katmanlar, aksesuar yuvalar\u0131 veya manuel cepler ekleyebilir.<\/li>\n<li><strong>Marka derin implantasyonu<\/strong>: S\u0131n\u0131r \u00f6tesi ticaret, promosyon hediye kutular\u0131 ve di\u011fer senaryolar\u0131n ihtiya\u00e7lar\u0131n\u0131 kar\u015f\u0131lamak i\u00e7in grafik dizgi, QR kod implantasyonu, \u00e7ok dilli bilgi bask\u0131s\u0131 ve di\u011fer hizmetleri sa\u011flay\u0131n.<\/li>\n<li><strong>S\u00fcre\u00e7 y\u00fckseltme<\/strong>: Sahtecili\u011fe kar\u015f\u0131 etiketler, kaymaz dokular ve di\u011fer \u00f6zel i\u015flevler elde etmek i\u00e7in iste\u011fe ba\u011fl\u0131 yerel UV, kabartma, serigrafi ve di\u011fer 20'den fazla son i\u015flem.<\/li>\n<\/ul>\n<h2 id=\"-6-intelligent-manufacturing-and-quality-control-system-\"><strong>6. Ak\u0131ll\u0131 \u00fcretim ve kalite kontrol sistemi<\/strong><\/h2>\n<p>Fabrika, tam otomatik kal\u0131p kesme makineleri, dijital bask\u0131 makineleri ve lazer \u0131zgara \u00fcretim hatlar\u0131 ile donat\u0131lm\u0131\u015ft\u0131r ve 72 saatlik h\u0131zl\u0131 prova ve 15 g\u00fcnl\u00fck toplu teslimat elde etmek i\u00e7in tasar\u0131m tasla\u011f\u0131ndan bitmi\u015f \u00fcr\u00fcne kadar ISO9001 kalite y\u00f6netim sistemini benimser. Her \u00fcr\u00fcn grubu, ambalaj d\u00fc\u015fme mukavemetinin \u22651,5 metre olmas\u0131n\u0131 sa\u011flamak i\u00e7in sim\u00fcle edilmi\u015f nakliye titre\u015fim testinden ve y\u00fck ta\u015f\u0131ma testinden ge\u00e7er.<\/p>\n<h2 id=\"-7-application-scenarios-and-added-value-\"><strong>7. Uygulama senaryolar\u0131 ve katma de\u011fer<\/strong><\/h2>\n<p>End\u00fcstriyel s\u0131n\u0131f daire testere b\u0131\u00e7aklar\u0131, elmas kesme b\u0131\u00e7aklar\u0131, elektronik panel testere aksesuarlar\u0131 ve \u00fcst d\u00fczey alet seti hediye kutular\u0131na veya bayi te\u015fhir kutular\u0131na geni\u015fletilebilen di\u011fer hassas alet ambalajlar\u0131 i\u00e7in uygundur. Ambalajlama yoluyla markan\u0131n profesyonel imaj\u0131n\u0131 g\u00fc\u00e7lendirin ve terminal sat\u0131\u015f primine yard\u0131mc\u0131 olun.<\/p>\n<h2 id=\"-technical-parameters-\"><strong>Teknik Parametreler<\/strong><\/h2>\n<table>\n<thead>\n<tr>\n<th>Proje<\/th>\n<th>Teknik \u00d6zellikler<\/th>\n<\/tr>\n<\/thead>\n<tbody>\n<tr>\n<td>Malzeme<\/td>\n<td>183g lazer karton + 1200g gri tahta<\/td>\n<\/tr>\n<tr>\n<td>Bask\u0131 renkleri<\/td>\n<td>4-8 renk y\u00fcksek kaliteli bask\u0131 (Pantone renk kalibrasyonu)<\/td>\n<\/tr>\n<tr>\n<td>Kutu boyutu<\/td>\n<td>80-500 mm \u00e7ap\u0131n \u00f6zelle\u015ftirilmesini destekler<\/td>\n<\/tr>\n<tr>\n<td>Minimum sipari\u015f miktar\u0131<\/td>\n<td>500 (k\u00fc\u00e7\u00fck parti esnek \u00fcretimi destekler)<\/td>\n<\/tr>\n<tr>\n<td>\u00c7evre sertifikas\u0131<\/td>\n<td>FSC orman sertifikas\u0131\/bozunabilir malzemeler iste\u011fe ba\u011fl\u0131<\/td>\n<\/tr>\n<\/tbody>\n<\/table>","protected":false},"excerpt":{"rendered":"<p>A\u00e7\u0131lmas\u0131 ve kapat\u0131lmas\u0131 kolay, hem pratik hem de sergilenebilir manyetik kapakl\u0131 kutu tasar\u0131m\u0131. G\u00fc\u00e7l\u00fc bir g\u00f6rsel etkiye sahip olan degrade renkli bir efekt sunmak i\u00e7in lazer teknolojisini kullan\u0131r.<\/p>","protected":false},"featured_media":219,"template":"","meta":{"_kad_post_transparent":"default","_kad_post_title":"","_kad_post_layout":"default","_kad_post_sidebar_id":"","_kad_post_content_style":"default","_kad_post_vertical_padding":"default","_kad_post_feature":"","_kad_post_feature_position":"","_kad_post_header":false,"_kad_post_footer":false,"_kad_post_classname":""},"product_brand":[],"product_cat":[15,17],"product_tag":[57,56,58],"class_list":{"0":"post-218","1":"product","2":"type-product","3":"status-publish","4":"has-post-thumbnail","6":"product_cat-red-light-therapy","7":"product_cat-services","8":"product_tag-custom-saw-blade-packaging","9":"product_tag-saw-blade-packaging-box","10":"product_tag-saw-blade-packaging-factory","12":"first","13":"instock","14":"shipping-taxable","15":"product-type-simple","16":"entry","17":"content-bg","18":"loop-entry"},"_links":{"self":[{"href":"https:\/\/red-lighttherapy.com\/tr\/wp-json\/wp\/v2\/product\/218","targetHints":{"allow":["GET"]}}],"collection":[{"href":"https:\/\/red-lighttherapy.com\/tr\/wp-json\/wp\/v2\/product"}],"about":[{"href":"https:\/\/red-lighttherapy.com\/tr\/wp-json\/wp\/v2\/types\/product"}],"wp:featuredmedia":[{"embeddable":true,"href":"https:\/\/red-lighttherapy.com\/tr\/wp-json\/wp\/v2\/media\/219"}],"wp:attachment":[{"href":"https:\/\/red-lighttherapy.com\/tr\/wp-json\/wp\/v2\/media?parent=218"}],"wp:term":[{"taxonomy":"product_brand","embeddable":true,"href":"https:\/\/red-lighttherapy.com\/tr\/wp-json\/wp\/v2\/product_brand?post=218"},{"taxonomy":"product_cat","embeddable":true,"href":"https:\/\/red-lighttherapy.com\/tr\/wp-json\/wp\/v2\/product_cat?post=218"},{"taxonomy":"product_tag","embeddable":true,"href":"https:\/\/red-lighttherapy.com\/tr\/wp-json\/wp\/v2\/product_tag?post=218"}],"curies":[{"name":"wp","href":"https:\/\/api.w.org\/{rel}","templated":true}]}}