{"id":211,"date":"2025-04-10T11:03:57","date_gmt":"2025-04-10T11:03:57","guid":{"rendered":"https:\/\/red-lighttherapy.com\/?post_type=product&#038;p=211"},"modified":"2025-04-10T11:17:27","modified_gmt":"2025-04-10T11:17:27","slug":"personalized-perfume-bottle-paper-box-packaging-wholesale","status":"publish","type":"product","link":"https:\/\/red-lighttherapy.com\/tr\/personalized-perfume-bottle-paper-box-packaging-wholesale\/","title":{"rendered":"Ki\u015fiselle\u015ftirilmi\u015f Parf\u00fcm \u015ei\u015fesi Ka\u011f\u0131t Kutu Ambalaj Toptan Sat\u0131\u015f"},"content":{"rendered":"<h2 id=\"customized-perfume-paper-box-packaging-an-environmental-and-luxurious-feast-from-design-to-experience\">\u00d6zelle\u015ftirilmi\u015f parf\u00fcm ka\u011f\u0131t kutu ambalaj\u0131: tasar\u0131mdan deneyime \u00e7evresel ve l\u00fcks bir \u015f\u00f6len<\/h2>\n<p>Parf\u00fcm pazar\u0131nda rekabetin yo\u011fun oldu\u011fu bir d\u00f6nemde ambalaj, \u00fcr\u00fcn i\u00e7in sadece koruyucu bir kabuk de\u011fil, ayn\u0131 zamanda markalar\u0131n t\u00fcketicilerle ileti\u015fim kurdu\u011fu ilk ara\u00e7t\u0131r. Hem pratik hem de sanatsal olan \u00f6zelle\u015ftirilmi\u015f bir ka\u011f\u0131t parf\u00fcm kutusu, yenilik\u00e7i bir malzeme, i\u015f\u00e7ilik ve yap\u0131 kombinasyonuyla marka de\u011ferini dokunulabilir bir duyusal deneyime d\u00f6n\u00fc\u015ft\u00fcrebilir. A\u015fa\u011f\u0131da, ki\u015fiselle\u015ftirilmi\u015f parf\u00fcm ambalaj kutular\u0131n\u0131n yenilik\u00e7i tasar\u0131m\u0131 yedi temel boyutta analiz edilmektedir.<\/p>\n<p><img fetchpriority=\"high\" decoding=\"async\" class=\"wp-image-212 size-full\" src=\"https:\/\/red-lighttherapy.com\/wp-content\/uploads\/2025\/04\/Perfume-Bottle-Paper-Box-001.jpg\" alt=\"Parf\u00fcm \u015ei\u015fesi Ka\u011f\u0131t Kutusu\" width=\"1000\" height=\"1000\" srcset=\"https:\/\/red-lighttherapy.com\/wp-content\/uploads\/2025\/04\/Perfume-Bottle-Paper-Box-001.jpg 1000w, https:\/\/red-lighttherapy.com\/wp-content\/uploads\/2025\/04\/Perfume-Bottle-Paper-Box-001-300x300.jpg 300w, https:\/\/red-lighttherapy.com\/wp-content\/uploads\/2025\/04\/Perfume-Bottle-Paper-Box-001-150x150.jpg 150w, https:\/\/red-lighttherapy.com\/wp-content\/uploads\/2025\/04\/Perfume-Bottle-Paper-Box-001-768x768.jpg 768w, https:\/\/red-lighttherapy.com\/wp-content\/uploads\/2025\/04\/Perfume-Bottle-Paper-Box-001-12x12.jpg 12w, https:\/\/red-lighttherapy.com\/wp-content\/uploads\/2025\/04\/Perfume-Bottle-Paper-Box-001-600x600.jpg 600w, https:\/\/red-lighttherapy.com\/wp-content\/uploads\/2025\/04\/Perfume-Bottle-Paper-Box-001-100x100.jpg 100w\" sizes=\"(max-width: 1000px) 100vw, 1000px\" \/><\/p>\n<h2 id=\"1-drawer-box-type-a-perfect-balance-between-ritual-sense-and-convenience-\">1.\u00a0<strong>\u00c7ekmece kutusu tipi: rit\u00fcel duygusu ve rahatl\u0131k aras\u0131nda m\u00fckemmel bir denge<\/strong><\/h2>\n<p>\u00c7ekmeceli kutu tipi, y\u00fcksek kaliteli parf\u00fcm ambalajlar\u0131 i\u00e7in ilk tercih haline gelmi\u015ftir.\u00a0<strong>\u00e7ift katmanl\u0131 kutu yap\u0131s\u0131<\/strong>\u00a0ve\u00a0<strong>\u00e7ekerek a\u00e7\u0131lan tasar\u0131m<\/strong>. Kutu g\u00f6vdesi \u015funlar\u0131 benimser\u00a0<strong>15\u00b0 e\u011fimli kesim teknolojisi<\/strong>\u00a0S\u0131k\u0131\u015fma olmadan sorunsuz a\u00e7\u0131lma ve kapanma sa\u011flamak i\u00e7in ve\u00a0<strong>manyetik s\u00f6n\u00fcmleme<\/strong>\u00a0veya\u00a0<strong>g\u00f6r\u00fcnmez k\u0131lavuz ray<\/strong>Kullan\u0131c\u0131lara \"ipeksi \u00e7ekip \u00e7\u0131karma\" rit\u00fceli hissi verir. Bu tasar\u0131m sadece son m\u00fc\u015fterilerin tekrar tekrar kullanmas\u0131 i\u00e7in uygun olmakla kalmaz, ayn\u0131 zamanda marka haf\u0131za noktalar\u0131n\u0131 da g\u00fc\u00e7lendirir.\u00a0<strong>dinamik interaktif deneyim<\/strong>. \u00d6rne\u011fin, uluslararas\u0131 LANVIN markas\u0131 bir zamanlar \u00e7ekmece kutusunun dahili ayna dekorasyonu arac\u0131l\u0131\u011f\u0131yla a\u00e7ma i\u015flemini g\u00f6rsel bir oyuna d\u00f6n\u00fc\u015ft\u00fcrm\u00fc\u015ft\u00fcr.<\/p>\n<h2 id=\"2-environmentally-friendly-materials-a-dual-commitment-to-sustainability-and-quality-\">2.\u00a0<strong>\u00c7evre dostu malzemeler: s\u00fcrd\u00fcr\u00fclebilirlik ve kalite i\u00e7in ikili bir taahh\u00fct<\/strong><\/h2>\n<p>Kutu g\u00f6vdesi \u015funlardan yap\u0131lm\u0131\u015ft\u0131r\u00a0<strong>1000g geri d\u00f6n\u00fc\u015ft\u00fcr\u00fclebilir gri tahta<\/strong>\u00a0iskelet olarak, y\u00fczey ise\u00a0<strong>FSC sertifikal\u0131 ku\u015fe ka\u011f\u0131t<\/strong>su bazl\u0131 \u00e7evre dostu yap\u0131\u015ft\u0131r\u0131c\u0131 ile birle\u015ftirilmi\u015ftir. Gri karton hammaddesine 30% saman lifi eklenerek karbon ayak izi geleneksel malzemelere k\u0131yasla 63% azalt\u0131lm\u0131\u015ft\u0131r; kaplamal\u0131 ka\u011f\u0131t\u00a0<strong>su bazl\u0131 m\u00fcrekkep<\/strong>\u00a0ve\u00a0<strong>UV mat kaplama<\/strong>\u00a0VOC emisyonlar\u0131n\u0131 \u00f6nlemek i\u00e7in. Bu kombinasyon sadece AB RoHS standard\u0131n\u0131 kar\u015f\u0131lamakla kalmaz, ayn\u0131 zamanda\u00a0<strong>GRS k\u00fcresel geri d\u00f6n\u00fc\u015f\u00fcm sertifikas\u0131<\/strong>Z Ku\u015fa\u011f\u0131 t\u00fcketicileri taraf\u0131ndan tercih edilen bir \"ye\u015fil ge\u00e7i\u015f\" haline geliyor.<\/p>\n<h2 id=\"3-visual-impact-the-golden-rule-of-color-and-craftsmanship-\">3.\u00a0<strong>G\u00f6rsel etki: renk ve i\u015f\u00e7ili\u011fin alt\u0131n kural\u0131<\/strong><\/h2>\n<p>Ana renk\u00a0<strong>koyu lacivert<\/strong>\u00a0(Pantone 19-4052 Klasik Mavi) ve 90%'den fazla renk gam\u0131 kapsam\u0131 ile elde edilir.\u00a0<strong>nano d\u00fczeyde serigrafi<\/strong>. G\u00fcm\u00fc\u015f s\u0131cak damgalama benimser\u00a0<strong>so\u011fuk damgalama teknoloji\u0307si\u0307<\/strong>ve kutu y\u00fczeyinde marka LOGOSUNU veya soyut desenleri ana hatlar\u0131yla belirtmek i\u00e7in 0,1 mm hassasiyetli \u00fc\u00e7 boyutlu kabartma teknolojisini kullan\u0131r. \u00d6rne\u011fin, \u00f6zelle\u015ftirilmi\u015f bir kutu tak\u0131my\u0131ld\u0131z\u0131 desenlerini g\u00fcm\u00fc\u015f damgal\u0131 meteorlarla birle\u015ftirerek \u0131\u015f\u0131\u011f\u0131n k\u0131r\u0131lmas\u0131 alt\u0131nda dinamik bir \"akan y\u0131ld\u0131zl\u0131 g\u00f6ky\u00fcz\u00fc\" etkisi sunar ve kutuyu a\u00e7ma d\u00f6n\u00fc\u015f\u00fcm oran\u0131 27% artar.<\/p>\n<h2 id=\"4-protection-system-scientific-buffering-and-precise-adaptation-\">4.\u00a0<strong>Koruma sistemi: bilimsel tamponlama ve hassas adaptasyon<\/strong><\/h2>\n<p>\u0130\u00e7 tepsi \u015fu \u00f6zelliklere sahiptir\u00a0<strong>EVA ve \u00e7evre dostu s\u00fcnger kompozit kal\u0131p kesim i\u015flemi<\/strong>45kg\/m\u00b3 yo\u011funlu\u011fa sahiptir. \u0130\u00e7inden\u00a0<strong>3D lazer tarama<\/strong>Parf\u00fcm \u015fi\u015fesinin \u015fekil verileri elde edilir ve 98%'ye uygun \u00f6zel \u015fekilli bir oluk \u00f6zelle\u015ftirilir. Astar\u0131n y\u00fczeyi a\u015fa\u011f\u0131dakilerle kapl\u0131d\u0131r\u00a0<strong>PETG geri d\u00f6n\u00fc\u015ft\u00fcr\u00fclebilir flok<\/strong>ve kadife elyaf\u0131n yo\u011funlu\u011fu 12.000 tel\/cm\u00b2 olup hem kaymay\u0131 \u00f6nleyici hem de \u015fok emici i\u015flevlere sahiptir. Test verileri, yap\u0131n\u0131n s\u0131radan inci pamu\u011funa g\u00f6re 3 kat daha koruyucu olan 1,2 metrelik d\u00fc\u015fme etkisine dayanabildi\u011fini g\u00f6stermektedir.<\/p>\n<h2 id=\"5-tactile-upgrade-delicate-expression-of-matte-film-technology-\">5.\u00a0<strong>Dokunsal y\u00fckseltme: mat film teknolojisinin hassas ifadesi<\/strong><\/h2>\n<p>Bask\u0131dan sonra kutu y\u00fczeyi\u00a0<strong>12\u03bcm mat film<\/strong>ve s\u0131cak presleme teknolojisi ile cilt benzeri bir dokunu\u015f olu\u015fturulur. Benzersiz\u00a0<strong>da\u011f\u0131n\u0131k yans\u0131ma \u00f6zelli\u011fi<\/strong>\u00a0Mat filmin 90% parmak izi kal\u0131nt\u0131lar\u0131n\u0131 ortadan kald\u0131r\u0131rken, renk doygunlu\u011funu ve \u00e7izilme direncini art\u0131r\u0131r. Kar\u015f\u0131la\u015ft\u0131rmal\u0131 deneyler, nemli bir ortamda mat film ambalaj\u0131n solma \u00f6nleme yetene\u011finin parlak filmden 40% daha y\u00fcksek oldu\u011funu ve mat dokunun \u00fcst d\u00fczey parf\u00fcmlerin d\u00fc\u015f\u00fck anahtar l\u00fcks konumland\u0131rmas\u0131yla daha uyumlu oldu\u011funu g\u00f6stermektedir.<\/p>\n<h2 id=\"6-interactive-details-sensory-economics-of-ribbon-handles-\">6.\u00a0<strong>\u0130nteraktif detaylar: \u015ferit kulplar\u0131n duyusal ekonomisi<\/strong><\/h2>\n<p>Kutunun \u00fcst k\u0131sm\u0131nda bir\u00a0<strong>ipek jakarl\u0131 kurdele<\/strong>geni\u015flik ergonomi ile 28 mm'ye optimize edilmi\u015ftir ve son kullan\u0131mlar\u00a0<strong>s\u0131cak presleme kenar s\u0131zd\u0131rmazl\u0131k teknolojisi<\/strong>\u00a0raydan \u00e7\u0131kmay\u0131 \u00f6nlemek i\u00e7in. \u015eerit, marka tema renkleri ile \u00f6zelle\u015ftirilebilir ve a\u015fa\u011f\u0131dakilerle implante edilebilir\u00a0<strong>NFC \u00e7ipleri<\/strong>\u00a0veya\u00a0<strong>s\u0131cakl\u0131\u011fa duyarl\u0131 m\u00fcrekkep<\/strong>. Marka hikayesi sayfas\u0131na ge\u00e7mek i\u00e7in kodu taray\u0131n. Ni\u015f bir parf\u00fcm markas\u0131, kurdeleyi lavanta kokusuyla boyayarak kutu a\u00e7ma s\u00fcrecini \u00e7ok duyulu ve s\u00fcr\u00fckleyici bir deneyime d\u00f6n\u00fc\u015ft\u00fcrd\u00fc ve yeniden sat\u0131n alma oran\u0131 34% artt\u0131.<\/p>\n<h2 id=\"7-full-dimensional-customization-unlimited-possibilities-for-flexible-production-\">7.\u00a0<strong>Tam boyutlu \u00f6zelle\u015ftirme: esnek \u00fcretim i\u00e7in s\u0131n\u0131rs\u0131z olanaklar<\/strong><\/h2>\n<p>Tasar\u0131mdan teslimata kadar be\u015f seviyede \u00f6zelle\u015ftirme:<\/p>\n<ol>\n<li><strong>Kutu tipi<\/strong>\u00c7ekmece kutusu, \u00fcst ve alt kapak gibi 6 temel yap\u0131 sa\u011flar ve \u00f6zel \u015fekilli kutular\u0131n geli\u015ftirilmesini destekler;<\/li>\n<li><strong>Malzeme<\/strong>: 12 kombinasyonda iste\u011fe ba\u011fl\u0131 gri kartona monte ku\u015fe ka\u011f\u0131t, deri kabartma, metal kompozit vb;<\/li>\n<li><strong>S\u00fcre\u00e7<\/strong>Yerel UV, kabartma, lazer vb. gibi 8 i\u015flem s\u00fcperpozisyonunu destekler;<\/li>\n<li><strong>Ak\u0131ll\u0131 bile\u015fenler<\/strong>LED \u0131\u015f\u0131k \u015feritleri ve AR tan\u0131mlama kodlar\u0131 gibi etkile\u015fimli mod\u00fcllerle implante edilebilir;<\/li>\n<li><strong>Toplu i\u015f esnekli\u011fi<\/strong>Minimum sipari\u015f miktar\u0131 500, 48 saatlik numune teslimat\u0131 ve 72 saatlik h\u0131zland\u0131r\u0131lm\u0131\u015f seri \u00fcretim deste\u011fi.<\/li>\n<\/ol>\n<h2 id=\"conclusion-redefine-the-value-chain-of-perfume-packaging\">Sonu\u00e7: Parf\u00fcm ambalaj\u0131n\u0131n de\u011fer zincirini yeniden tan\u0131mlay\u0131n<\/h2>\n<p>Bu \u00f6zelle\u015ftirilmi\u015f parf\u00fcm ka\u011f\u0131t kutusu, \u00fcretimden t\u00fcketime kadar kapal\u0131 d\u00f6ng\u00fc bir de\u011fer sistemi olu\u015fturur.\u00a0<strong>\u00e7evre teknoloji\u0307si\u0307<\/strong>\u00a0ve\u00a0<strong>l\u00fcks i\u0307\u015f\u00e7i\u0307li\u0307k<\/strong>. T\u00fcketicilerin parmak u\u00e7lar\u0131 mat film y\u00fczey \u00fczerinde kayd\u0131\u011f\u0131nda, \u00e7ekmecelerin \u00e7ekilirken \u00e7\u0131kard\u0131\u011f\u0131 hafif s\u00fcrt\u00fcnmeyi duydu\u011funda ve g\u00fcm\u00fc\u015f ve maviyle i\u00e7 i\u00e7e ge\u00e7mi\u015f marka totemlerini g\u00f6rd\u00fc\u011f\u00fcnde, bu \u00e7ok boyutlu deneyimler sonunda marka sadakatine d\u00f6n\u00fc\u015fecektir. S\u00fcrd\u00fcr\u00fclebilir kalk\u0131nma ve ki\u015fiselle\u015ftirilmi\u015f t\u00fcketimin el ele gitti\u011fi bir \u00e7a\u011fda, bu t\u00fcr bir tasar\u0131m yaln\u0131zca i\u015f ihtiya\u00e7lar\u0131n\u0131 kar\u015f\u0131lamakla kalmaz, ayn\u0131 zamanda \u015firketlerin ESG konseptini uygulamalar\u0131 i\u00e7in somut bir ta\u015f\u0131y\u0131c\u0131 haline gelir.<\/p>","protected":false},"excerpt":{"rendered":"<p>A\u00e7\u0131lmas\u0131 ve kapat\u0131lmas\u0131 kullan\u0131c\u0131 dostu olan \u00e7ekmece tarz\u0131nda l\u00fcks bir parf\u00fcm kutusu. Markan\u0131z\u0131 \u00f6ne \u00e7\u0131karacak g\u00fcm\u00fc\u015f s\u0131cak folyo bask\u0131l\u0131 desen ve metinler.<\/p>","protected":false},"featured_media":212,"template":"","meta":{"_kad_post_transparent":"default","_kad_post_title":"","_kad_post_layout":"default","_kad_post_sidebar_id":"","_kad_post_content_style":"default","_kad_post_vertical_padding":"default","_kad_post_feature":"","_kad_post_feature_position":"","_kad_post_header":false,"_kad_post_footer":false,"_kad_post_classname":""},"product_brand":[],"product_cat":[15,20,17],"product_tag":[53,54,55],"class_list":{"0":"post-211","1":"product","2":"type-product","3":"status-publish","4":"has-post-thumbnail","6":"product_cat-red-light-therapy","7":"product_cat-led-face-light-therapy","8":"product_cat-services","9":"product_tag-perfume-bottle-paper-box","10":"product_tag-perfume-box-packaging","11":"product_tag-personalized-perfume-packaging","13":"first","14":"instock","15":"shipping-taxable","16":"product-type-simple","17":"entry","18":"content-bg","19":"loop-entry"},"_links":{"self":[{"href":"https:\/\/red-lighttherapy.com\/tr\/wp-json\/wp\/v2\/product\/211","targetHints":{"allow":["GET"]}}],"collection":[{"href":"https:\/\/red-lighttherapy.com\/tr\/wp-json\/wp\/v2\/product"}],"about":[{"href":"https:\/\/red-lighttherapy.com\/tr\/wp-json\/wp\/v2\/types\/product"}],"wp:featuredmedia":[{"embeddable":true,"href":"https:\/\/red-lighttherapy.com\/tr\/wp-json\/wp\/v2\/media\/212"}],"wp:attachment":[{"href":"https:\/\/red-lighttherapy.com\/tr\/wp-json\/wp\/v2\/media?parent=211"}],"wp:term":[{"taxonomy":"product_brand","embeddable":true,"href":"https:\/\/red-lighttherapy.com\/tr\/wp-json\/wp\/v2\/product_brand?post=211"},{"taxonomy":"product_cat","embeddable":true,"href":"https:\/\/red-lighttherapy.com\/tr\/wp-json\/wp\/v2\/product_cat?post=211"},{"taxonomy":"product_tag","embeddable":true,"href":"https:\/\/red-lighttherapy.com\/tr\/wp-json\/wp\/v2\/product_tag?post=211"}],"curies":[{"name":"wp","href":"https:\/\/api.w.org\/{rel}","templated":true}]}}